{"id":213,"date":"2020-05-01T13:27:56","date_gmt":"2020-05-01T17:27:56","guid":{"rendered":"https:\/\/dan.devhammer.com\/?page_id=213"},"modified":"2020-08-19T16:18:41","modified_gmt":"2020-08-19T20:18:41","slug":"terms-conditions","status":"publish","type":"page","link":"https:\/\/world.dan.org\/fr\/terms-conditions\/","title":{"rendered":"Termes et conditions"},"content":{"rendered":"<p><strong>Droit d'auteur<\/strong><\/p>\n\n\n\n<p>Tout le contenu de ce site, comme les textes, les graphiques, les logos, les ic\u00f4nes, les images, les clips audio et les logiciels, est la propri\u00e9t\u00e9 de Divers Alert Network, Inc. (DAN) ou de ses fournisseurs de contenu et est prot\u00e9g\u00e9 par les lois am\u00e9ricaines et internationales sur les droits d'auteur. La compilation (c'est-\u00e0-dire la collecte, l'arrangement et l'assemblage) de tout le contenu de ce site est la propri\u00e9t\u00e9 exclusive de Divers Alert Network, Inc. et est prot\u00e9g\u00e9e par les lois am\u00e9ricaines et internationales sur les droits d'auteur. Tous les logiciels utilis\u00e9s sur ce site sont la propri\u00e9t\u00e9 de Divers Alert Network, Inc. ou de ses fournisseurs de logiciels et sont prot\u00e9g\u00e9s par les lois am\u00e9ricaines et internationales sur les droits d'auteur. Le contenu et les logiciels de ce site peuvent \u00eatre utilis\u00e9s comme ressource. Toute autre utilisation, y compris la reproduction, la modification, la distribution, la transmission, la republication, l'affichage ou la performance du contenu de ce site est strictement interdite. En outre, la collecte d'adresses \u00e9lectroniques dans le but d'envoyer des courriers \u00e9lectroniques non sollicit\u00e9s est \u00e9galement strictement interdite.<\/p>\n\n\n\n<p><strong>Marques d\u00e9pos\u00e9es<\/strong><\/p>\n\n\n\n<p>DAN et le logo DAN sont des marques d\u00e9pos\u00e9es de Divers Alert Network, Inc. aux \u00c9tats-Unis et dans d'autres pays. Les marques DAN ne peuvent \u00eatre utilis\u00e9es en relation avec un produit ou un service qui n'est pas un produit DAN sans autorisation \u00e9crite pr\u00e9alable, d'une mani\u00e8re susceptible de cr\u00e9er une confusion dans le public, ou d'une mani\u00e8re qui d\u00e9nigre ou discr\u00e9dite Divers Alert Network.<\/p>\n\n\n\n<p><strong>Clause de non-responsabilit\u00e9<\/strong><\/p>\n\n\n\n<p>CE SITE EST FOURNI PAR DIVERS ALERT NETWORK EN L'\u00c9TAT. DIVERS ALERT NETWORK NE FAIT AUCUNE D\u00c9CLARATION ET NE DONNE AUCUNE GARANTIE, EXPRESSE OU IMPLICITE, QUANT AU FONCTIONNEMENT DU SITE, AUX INFORMATIONS, AU CONTENU, AU MAT\u00c9RIEL OU AUX PRODUITS INCLUS SUR CE SITE. DANS TOUTE LA MESURE PERMISE PAR LA LOI APPLICABLE, DIVERS ALERT NETWORK REJETTE TOUTE GARANTIE, EXPRESSE OU IMPLICITE, Y COMPRIS, MAIS SANS S'Y LIMITER, LES GARANTIES IMPLICITES DE QUALIT\u00c9 MARCHANDE ET D'AD\u00c9QUATION \u00c0 UN USAGE PARTICULIER. DIVERS ALERT NETWORK NE SERA PAS RESPONSABLE DES DOMMAGES DE TOUTE NATURE R\u00c9SULTANT DE L'UTILISATION DE CE SITE, Y COMPRIS, MAIS SANS S'Y LIMITER, LES DOMMAGES DIRECTS, INDIRECTS, ACCESSOIRES, PUNITIFS ET CONS\u00c9CUTIFS.<\/p>\n\n\n\n<p><strong>Droit applicable<\/strong><\/p>\n\n\n\n<p>Ce site est cr\u00e9\u00e9 et contr\u00f4l\u00e9 par Divers Alert Network, Inc. dans l'\u00c9tat de Caroline du Nord, aux \u00c9tats-Unis. En tant que tel, les lois de l'\u00c9tat de Caroline du Nord r\u00e9giront les pr\u00e9sentes clauses de non-responsabilit\u00e9 et conditions, sans donner effet \u00e0 aucun principe de conflit de lois. Nous nous r\u00e9servons le droit de modifier notre site et les pr\u00e9sentes clauses de non-responsabilit\u00e9 et conditions \u00e0 tout moment.<\/p>\n\n\n\n<p><strong>Notre adresse<\/strong><\/p>\n\n\n\n<p>Divers Alert Network<br>6 West Colony Place<br>Durham, NC 27705<\/p>\n\n\n\n<p><\/p>","protected":false},"excerpt":{"rendered":"<p>Copyright All content included on this site, such as text, graphics, logos, button icons, images, audio clips and software, is the property of Divers Alert Network, Inc. (DAN) or its [&hellip;]<\/p>\n","protected":false},"author":1,"featured_media":0,"parent":0,"menu_order":194,"comment_status":"closed","ping_status":"closed","template":"","meta":{"_acf_changed":false,"_ef_editorial_meta_date_first-draft-date":"","_ef_editorial_meta_paragraph_assignment":"","_ef_editorial_meta_checkbox_needs-photo":"","_ef_editorial_meta_number_word-count":"","footnotes":""},"class_list":["post-213","page","type-page","status-publish","hentry"],"acf":[],"yoast_head":"<!-- This site is optimized with the Yoast SEO Premium plugin v27.4 (Yoast SEO v27.4) - https:\/\/yoast.com\/product\/yoast-seo-premium-wordpress\/ -->\n<title>Terms &amp; Conditions - DAN World<\/title>\n<meta name=\"robots\" content=\"index, follow, max-snippet:-1, max-image-preview:large, max-video-preview:-1\" \/>\n<link rel=\"canonical\" href=\"https:\/\/world.dan.org\/fr\/terms-conditions\/\" \/>\n<meta property=\"og:locale\" content=\"fr_CA\" \/>\n<meta property=\"og:type\" content=\"article\" \/>\n<meta property=\"og:title\" content=\"Terms &amp; Conditions\" \/>\n<meta property=\"og:description\" content=\"Copyright All content included on this site, such as text, graphics, logos, button icons, images, audio clips and software, is the property of Divers Alert Network, Inc. (DAN) or its [&hellip;]\" \/>\n<meta property=\"og:url\" content=\"https:\/\/world.dan.org\/fr\/terms-conditions\/\" \/>\n<meta property=\"og:site_name\" content=\"DAN World\" \/>\n<meta property=\"article:modified_time\" content=\"2020-08-19T20:18:41+00:00\" \/>\n<meta name=\"twitter:card\" content=\"summary_large_image\" \/>\n<meta name=\"twitter:label1\" content=\"Est. reading time\" \/>\n\t<meta name=\"twitter:data1\" content=\"2 minutes\" \/>\n<script type=\"application\/ld+json\" class=\"yoast-schema-graph\">{\"@context\":\"https:\\\/\\\/schema.org\",\"@graph\":[{\"@type\":\"WebPage\",\"@id\":\"https:\\\/\\\/world.dan.org\\\/terms-conditions\\\/\",\"url\":\"https:\\\/\\\/world.dan.org\\\/terms-conditions\\\/\",\"name\":\"Terms & Conditions - DAN World\",\"isPartOf\":{\"@id\":\"https:\\\/\\\/world.dan.org\\\/es\\\/#website\"},\"datePublished\":\"2020-05-01T17:27:56+00:00\",\"dateModified\":\"2020-08-19T20:18:41+00:00\",\"breadcrumb\":{\"@id\":\"https:\\\/\\\/world.dan.org\\\/terms-conditions\\\/#breadcrumb\"},\"inLanguage\":\"fr-CA\",\"potentialAction\":[{\"@type\":\"ReadAction\",\"target\":[\"https:\\\/\\\/world.dan.org\\\/terms-conditions\\\/\"]}]},{\"@type\":\"BreadcrumbList\",\"@id\":\"https:\\\/\\\/world.dan.org\\\/terms-conditions\\\/#breadcrumb\",\"itemListElement\":[{\"@type\":\"ListItem\",\"position\":1,\"name\":\"Home\",\"item\":\"https:\\\/\\\/world.dan.org\\\/\"},{\"@type\":\"ListItem\",\"position\":2,\"name\":\"Terms &#038; Conditions\"}]},{\"@type\":\"WebSite\",\"@id\":\"https:\\\/\\\/world.dan.org\\\/es\\\/#website\",\"url\":\"https:\\\/\\\/world.dan.org\\\/es\\\/\",\"name\":\"DAN World\",\"description\":\"\",\"publisher\":{\"@id\":\"https:\\\/\\\/world.dan.org\\\/es\\\/#organization\"},\"potentialAction\":[{\"@type\":\"SearchAction\",\"target\":{\"@type\":\"EntryPoint\",\"urlTemplate\":\"https:\\\/\\\/world.dan.org\\\/es\\\/?s={search_term_string}\"},\"query-input\":{\"@type\":\"PropertyValueSpecification\",\"valueRequired\":true,\"valueName\":\"search_term_string\"}}],\"inLanguage\":\"fr-CA\"},{\"@type\":\"Organization\",\"@id\":\"https:\\\/\\\/world.dan.org\\\/es\\\/#organization\",\"name\":\"DAN World\",\"url\":\"https:\\\/\\\/world.dan.org\\\/es\\\/\",\"logo\":{\"@type\":\"ImageObject\",\"inLanguage\":\"fr-CA\",\"@id\":\"https:\\\/\\\/world.dan.org\\\/es\\\/#\\\/schema\\\/logo\\\/image\\\/\",\"url\":\"https:\\\/\\\/world.dan.org\\\/wp-content\\\/uploads\\\/2022\\\/04\\\/DAN-World-logo-sm-52px.svg\",\"contentUrl\":\"https:\\\/\\\/world.dan.org\\\/wp-content\\\/uploads\\\/2022\\\/04\\\/DAN-World-logo-sm-52px.svg\",\"width\":175,\"height\":52,\"caption\":\"DAN World\"},\"image\":{\"@id\":\"https:\\\/\\\/world.dan.org\\\/es\\\/#\\\/schema\\\/logo\\\/image\\\/\"}}]}<\/script>\n<!-- \/ Yoast SEO Premium plugin. -->","yoast_head_json":{"title":"Conditions d'utilisation - DAN World","robots":{"index":"index","follow":"follow","max-snippet":"max-snippet:-1","max-image-preview":"max-image-preview:large","max-video-preview":"max-video-preview:-1"},"canonical":"https:\/\/world.dan.org\/fr\/terms-conditions\/","og_locale":"fr_CA","og_type":"article","og_title":"Terms & Conditions","og_description":"Copyright All content included on this site, such as text, graphics, logos, button icons, images, audio clips and software, is the property of Divers Alert Network, Inc. (DAN) or its [&hellip;]","og_url":"https:\/\/world.dan.org\/fr\/terms-conditions\/","og_site_name":"DAN World","article_modified_time":"2020-08-19T20:18:41+00:00","twitter_card":"summary_large_image","twitter_misc":{"Est. reading time":"2 minutes"},"schema":{"@context":"https:\/\/schema.org","@graph":[{"@type":"WebPage","@id":"https:\/\/world.dan.org\/terms-conditions\/","url":"https:\/\/world.dan.org\/terms-conditions\/","name":"Conditions d'utilisation - DAN World","isPartOf":{"@id":"https:\/\/world.dan.org\/es\/#website"},"datePublished":"2020-05-01T17:27:56+00:00","dateModified":"2020-08-19T20:18:41+00:00","breadcrumb":{"@id":"https:\/\/world.dan.org\/terms-conditions\/#breadcrumb"},"inLanguage":"fr-CA","potentialAction":[{"@type":"ReadAction","target":["https:\/\/world.dan.org\/terms-conditions\/"]}]},{"@type":"BreadcrumbList","@id":"https:\/\/world.dan.org\/terms-conditions\/#breadcrumb","itemListElement":[{"@type":"ListItem","position":1,"name":"Home","item":"https:\/\/world.dan.org\/"},{"@type":"ListItem","position":2,"name":"Terms &#038; Conditions"}]},{"@type":"WebSite","@id":"https:\/\/world.dan.org\/es\/#website","url":"https:\/\/world.dan.org\/es\/","name":"DAN World","description":"","publisher":{"@id":"https:\/\/world.dan.org\/es\/#organization"},"potentialAction":[{"@type":"SearchAction","target":{"@type":"EntryPoint","urlTemplate":"https:\/\/world.dan.org\/es\/?s={search_term_string}"},"query-input":{"@type":"PropertyValueSpecification","valueRequired":true,"valueName":"search_term_string"}}],"inLanguage":"fr-CA"},{"@type":"Organization","@id":"https:\/\/world.dan.org\/es\/#organization","name":"DAN World","url":"https:\/\/world.dan.org\/es\/","logo":{"@type":"ImageObject","inLanguage":"fr-CA","@id":"https:\/\/world.dan.org\/es\/#\/schema\/logo\/image\/","url":"https:\/\/world.dan.org\/wp-content\/uploads\/2022\/04\/DAN-World-logo-sm-52px.svg","contentUrl":"https:\/\/world.dan.org\/wp-content\/uploads\/2022\/04\/DAN-World-logo-sm-52px.svg","width":175,"height":52,"caption":"DAN World"},"image":{"@id":"https:\/\/world.dan.org\/es\/#\/schema\/logo\/image\/"}}]}},"_links":{"self":[{"href":"https:\/\/world.dan.org\/fr\/wp-json\/wp\/v2\/pages\/213","targetHints":{"allow":["GET"]}}],"collection":[{"href":"https:\/\/world.dan.org\/fr\/wp-json\/wp\/v2\/pages"}],"about":[{"href":"https:\/\/world.dan.org\/fr\/wp-json\/wp\/v2\/types\/page"}],"author":[{"embeddable":true,"href":"https:\/\/world.dan.org\/fr\/wp-json\/wp\/v2\/users\/1"}],"replies":[{"embeddable":true,"href":"https:\/\/world.dan.org\/fr\/wp-json\/wp\/v2\/comments?post=213"}],"version-history":[{"count":0,"href":"https:\/\/world.dan.org\/fr\/wp-json\/wp\/v2\/pages\/213\/revisions"}],"wp:attachment":[{"href":"https:\/\/world.dan.org\/fr\/wp-json\/wp\/v2\/media?parent=213"}],"curies":[{"name":"wp","href":"https:\/\/api.w.org\/{rel}","templated":true}]}}