{"id":21587,"date":"2022-05-10T09:42:36","date_gmt":"2022-05-10T13:42:36","guid":{"rendered":"https:\/\/world.dan.org\/?page_id=21587&#038;preview_id=21587"},"modified":"2023-11-28T22:21:57","modified_gmt":"2023-11-29T03:21:57","slug":"australia-insurance-plans","status":"publish","type":"page","link":"https:\/\/world.dan.org\/fr\/membership-coverage\/australia\/australia-insurance-plans\/","title":{"rendered":"Plans d'assurance DAN pour les accidents de plong\u00e9e (traitement)"},"content":{"rendered":"<h2 class=\"wp-block-heading\" id=\"h-for-residents-of-australia\"><strong><span style=\"color: #111111;\" class=\"stk-highlight\">Pour les r\u00e9sidents d'Australie<\/span><\/strong><\/h2>\n\n\n\n<hr class=\"wp-block-separator has-css-opacity\"\/>\n\n\n\n<p class=\"has-text-align-center\">Les plans d'assurance pour les accidents de plong\u00e9e s'ajoutent \u00e0 votre adh\u00e9sion \u00e0 DAN (82.50 $ AUD pour un individu, 110 $ AUD pour une famille).<br>Les prestations ci-dessous s'appliquent aux accidents de plong\u00e9e couverts survenus en dehors de l'Australie.<\/p>\n\n\n\n<figure class=\"wp-block-table is-style-stripes\"><table class=\"has-fixed-layout\"><thead><tr><th class=\"translation-block\"><strong><span style=\"color: #00406e\" class=\"ugb-highlight\">AVANTAGE\/COUVERTURE<br>CONDITIONS<\/span><\/strong><\/th><th class=\"has-text-align-center translation-block\" data-align=\"center\"><span style=\"color: #cd0d34\" class=\"ugb-highlight\">MASTER<br>88 $ AU*<\/span><\/th><th class=\"has-text-align-center translation-block\" data-align=\"center\"><span style=\"color:#00406e\" class=\"color\"><span style=\"color: #cd0d34\" class=\"ugb-highlight\">PREFERRED<br>143 $ AU*<\/span><\/span><\/th><\/tr><\/thead><tbody><tr><td class=\"translation-block\">Couverture pour la maladie de d\u00e9compression, comprenant l\u2019embolie gazeuse art\u00e9rielle (EGA) et la maladie de d\u00e9compression (DCS en anglais) PLUS toutes les blessures couvertes li\u00e9es \u00e0 la plong\u00e9e avec tuba et \u00e0 la plong\u00e9e sous-marine subies lors d\u2019<em>une plong\u00e9e couverte<\/em>\u00a0ou lors <em>d\u2019une s\u00e9rie de plong\u00e9es r\u00e9p\u00e9t\u00e9es<\/em>.<\/td><td class=\"has-text-align-center translation-block\" data-align=\"center\">Jusqu\u2019\u00e0 150 000 $ AU  <br>                                                                Cette somme couvre les frais de traitement hyperbare et des honoraires des m\u00e9decins, et les fournitures m\u00e9dicales utilis\u00e9es lors du traitement.<\/td><td class=\"has-text-align-center translation-block\" data-align=\"center\">Jusqu\u2019\u00e0 300 000 $ AU <br>                                                                   Cette somme couvre les frais de traitement hyperbare et des honoraires des m\u00e9decins, et les fournitures m\u00e9dicales utilis\u00e9es lors du traitement.<\/td><\/tr><tr><td class=\"translation-block\">Indemnit\u00e9 de d\u00e9c\u00e8s et de mutilation accidentelle r\u00e9sultant d\u2019un <em>accident de plong\u00e9e<\/em> couvert.<\/td><td class=\"has-text-align-center\" data-align=\"center\">Jusqu\u2019\u00e0 10 000 $ AU&nbsp;<\/td><td class=\"has-text-align-center\" data-align=\"center\">Jusqu\u2019\u00e0 10 000 $ AU<\/td><\/tr><tr><td class=\"translation-block\">Indemnit\u00e9 d\u2019invalidit\u00e9 permanente totale r\u00e9sultant \u00a0<em>Accident de plong\u00e9e<\/em> couvert\u00a0(jusqu\u2019\u00e0 65 ans).<\/td><td class=\"has-text-align-center\" data-align=\"center\">Jusqu\u2019\u00e0 15 000 $ AU<\/td><td class=\"has-text-align-center\" data-align=\"center\">Jusqu\u2019\u00e0 15 000 $ AU<\/td><\/tr><tr><td>Profondeur maximale de plong\u00e9e pour le niveau de couverture.<\/td><td class=\"has-text-align-center\" data-align=\"center\">50m<\/td><td class=\"has-text-align-center\" data-align=\"center\">Sans limite<\/td><\/tr><tr><td>Conditions de profondeur<\/td><td class=\"has-text-align-center\" data-align=\"center\">Plongeurs certifi\u00e9s<\/td><td class=\"has-text-align-center translation-block\" data-align=\"center\">En cas de demande d\u2019indemnisation au titre du traitement des blessures en plong\u00e9e pour une profondeur sup\u00e9rieure \u00e0 50 m, un membre devra d\u00e9montrer qu\u2019il poss\u00e9dait une certification et une exp\u00e9rience appropri\u00e9e pour la plong\u00e9e et qu\u2019il utilisait les m\u00e9langes de gaz respiratoires et l\u2019\u00e9quipement appropri\u00e9s durant la <em>plong\u00e9e couverte<\/em>\u00a0 ou de <em>S\u00e9ries de plong\u00e9es r\u00e9p\u00e9titives<\/em>.<\/td><\/tr><\/tbody><\/table><figcaption class=\"wp-element-caption\">* Les co\u00fbts de l\u2019assurance accidents de plong\u00e9e ci-dessus incluent les taxes, les droits et les frais administratifs applicables.<\/figcaption><\/figure>\n\n\n\n<div style=\"height:15px\" aria-hidden=\"true\" class=\"wp-block-spacer\"><\/div>\n\n\n\n<p>Veuillez prendre note que tous les mots en italique sont d\u00e9finis dans le libell\u00e9 de la police et que vous devez vous y r\u00e9f\u00e9rer avant de d\u00e9cider si ce produit est adapt\u00e9 \u00e0 vos besoins.<\/p>\n\n\n\n<p>Honan Insurance Group Pty Ltd (ABN 67 005 372 396 AFSL246749) (\u00ab\u00a0HIG\u00a0\u00bb) a d\u00e9sign\u00e9 DAN World Ltd (ABN 55 324 165 878) (\u00ab\u00a0DAN\u00a0\u00bb) comme son repr\u00e9sentant autoris\u00e9 (AR No. 269 340) pour organiser les plans d\u2019assurance contre les accidents de plong\u00e9e. Les r\u00e9gimes d\u2019assurances contre les accidents de plong\u00e9e sont \u00e9mis par AIG Australie Limites (\u00ab\u00a0AIG\u00a0\u00bb) (ABN 93 004 727 753 AFSL 381686) en consultation avec HIG et sont soumis a des conditions et exclusions.<\/p>\n\n\n\n<p>This website contains information of a general nature only and does not take into account your individual objectives, financial situation or needs and may not suit your personal circumstances.&nbsp; It is important for you to consider these matters and read the Product Disclosure Statement (\u201cPDS\u201d) and policy before you make a decision about an insurance product. You can obtain a copy of the PDS by calling 03 9886 9166 or&nbsp;<a href=\"https:\/\/world.dan.org\/wp-content\/uploads\/2022\/05\/aig_pds_2021.pdf\">CLICKING HERE<\/a>.<\/p>\n\n\n\n<p>DAN organise les prestations de Travel Assist ind\u00e9pendamment de HIG. Les services de DAN TravelAssist sont fournis dans le cadre d'un contrat de service avec Travel Guard de Stevens Point, WI, USA. Les frais de service et\/ou les primes pour DAN TravelAssist sont pay\u00e9s par les cotisations des membres de DAN.<\/p>\n\n\n\n<div class=\"wp-block-columns is-layout-flex wp-container-core-columns-is-layout-9d6595d7 wp-block-columns-is-layout-flex\">\n<div class=\"wp-block-column has-background is-layout-flow wp-block-column-is-layout-flow\" style=\"background-color:#ebebeb\">\n<h3 class=\"wp-block-heading has-text-align-center\" id=\"h-financial-services-guide-fsg\"><span style=\"color: #111111;\" class=\"ugb-highlight\">Guide des services financiers (GSF)<\/span><\/h3>\n\n\n\n<div class=\"wp-block-buttons is-horizontal is-content-justification-center is-layout-flex wp-container-core-buttons-is-layout-499968f5 wp-block-buttons-is-layout-flex\">\n<div class=\"wp-block-button\"><a class=\"wp-block-button__link has-dan-red-400-background-color has-background wp-element-button\" href=\"https:\/\/world.dan.org\/wp-content\/uploads\/2022\/05\/FSG_V12.2020_ARC_DAN.pdf\" style=\"border-radius:5px\" target=\"_blank\" rel=\"noreferrer noopener\">En savoir plus<\/a><\/div>\n<\/div>\n<\/div>\n\n\n\n<div class=\"wp-block-column has-background is-layout-flow wp-block-column-is-layout-flow\" style=\"background-color:#ebebeb\">\n<h3 class=\"wp-block-heading has-text-align-center\" id=\"h-product-disclosure-statement-and-cover-terms\"><span style=\"color: #111111;\" class=\"ugb-highlight\">D\u00e9claration de divulgation des produits et libell\u00e9 de la politique<\/span><\/h3>\n\n\n\n<div class=\"wp-block-buttons is-horizontal is-content-justification-center is-layout-flex wp-container-core-buttons-is-layout-499968f5 wp-block-buttons-is-layout-flex\">\n<div class=\"wp-block-button\"><a class=\"wp-block-button__link has-dan-red-400-background-color has-background wp-element-button\" href=\"https:\/\/world.dan.org\/wp-content\/uploads\/2022\/05\/AIG_PDS_2021.pdf\" style=\"border-radius:5px\" target=\"_blank\" rel=\"noreferrer noopener\">En savoir plus<\/a><\/div>\n<\/div>\n<\/div>\n\n\n\n<div class=\"wp-block-column has-background is-layout-flow wp-block-column-is-layout-flow\" style=\"background-color:#ebebeb\">\n<h3 class=\"wp-block-heading has-text-align-center\" id=\"h-target-market-determination\"><span style=\"color: #111111;\" class=\"ugb-highlight\">D\u00e9termination du march\u00e9 cible<\/span><\/h3>\n\n\n\n<div class=\"wp-block-buttons is-horizontal is-content-justification-center is-layout-flex wp-container-core-buttons-is-layout-499968f5 wp-block-buttons-is-layout-flex\">\n<div class=\"wp-block-button\"><a class=\"wp-block-button__link has-dan-red-400-background-color has-background wp-element-button\" href=\"https:\/\/www.aig.com.au\/content\/dam\/aig\/apac\/australia\/documents-new\/tmd\/tmd--individual\/dan\/dan-world-diving-insurance-plan-24-november-2023.pdf\" style=\"border-radius:5px\" target=\"_blank\" rel=\"noreferrer noopener\">En savoir plus<\/a><\/div>\n<\/div>\n<\/div>\n<\/div>\n\n\n\n<div style=\"height:65px\" aria-hidden=\"true\" class=\"wp-block-spacer\"><\/div>\n\n\n\n<hr class=\"wp-block-separator has-css-opacity\"\/>\n\n\n\n<div class=\"wp-block-columns is-layout-flex wp-container-core-columns-is-layout-9d6595d7 wp-block-columns-is-layout-flex\">\n<div class=\"wp-block-column is-layout-flow wp-block-column-is-layout-flow\">\n<p class=\"has-dan-black-color has-text-color\" style=\"font-size:21px\"><strong>Service \u00e0 la client\u00e8le<\/strong><\/p>\n\n\n\n<p><br><strong>Australie \/ Asie-Pacifique<\/strong><\/p>\n\n\n\n<p>T\u00e9l\u00e9phone : 03-9886 9166 03-9886 9166<\/p>\n\n\n\n<p>Courriel : <a href=\"mailto:infoap@dan.org\">infoap@dan.org<\/a><\/p>\n\n\n\n<p>Du lundi au vendredi <br>9 h - 17 h AEST<\/p>\n\n\n\n<p>Suivez-nous sur <a href=\"http:\/\/www.facebook.com\/DiversAlertNetworkAP\">Facebook<\/a><\/p>\n<\/div>\n\n\n\n<div class=\"wp-block-column is-layout-flow wp-block-column-is-layout-flow\">\n<p style=\"font-size:21px\" class=\"translation-block\"><strong>Ligne d\u2019appels d\u2019urgence,<br> 24heures\/24, 7jours\/7<\/p>\n\n\n\n<p class=\"has-dan-red-400-color has-text-color\">+1-919-684-9111<\/p>\n\n\n\n<p class=\"has-dan-red-400-color has-text-color\">1800-088-200 <br>en Australie<\/p>\n\n\n\n<p class=\"has-dan-red-400-color has-text-color\">021-5085-8719 <br>en Indon\u00e9sie<\/p>\n\n\n\n<p><strong>DAN medics (les professionnels de sant\u00e9) sont disponibles 24 heures sur 24, 7 jours sur 7 et 365 jours par an. <\/strong><br><strong>24 \/ 7 \/ 365<\/strong>.<\/p>\n\n\n\n<p>Les appels internationaux \u00e0 frais vir\u00e9s sont accept\u00e9s.<\/p>\n<\/div>\n\n\n\n<div class=\"wp-block-column is-layout-flow wp-block-column-is-layout-flow\">\n<p style=\"font-size:21px\"><strong>Ligne d\u2019information m\u00e9dicale<\/strong><\/p>\n\n\n\n<p>Obtenez des r\u00e9ponses \u00e0 vos questions non urgentes relatives \u00e0 la sant\u00e9 et \u00e0 la plong\u00e9e.<\/p>\n\n\n\n<p>Du lundi au vendredi, <br>8h30-17h ET<\/p>\n\n\n\n<p>+1 (919) 684-2948<\/p>\n\n\n\n<p>En ligne <a href=\"https:\/\/apps.dan.org\/ask-a-medic\">Demander \u00e0 un medic (professionel de sant\u00e9)<\/a><\/p>\n\n\n\n<p>Comptez 24 \u00e0 48 heures pour obtenir une r\u00e9ponse.<\/p>\n<\/div>\n\n\n\n<div class=\"wp-block-column is-layout-flow wp-block-column-is-layout-flow\">\n<p style=\"font-size:21px\"><strong>Ressources sur la s\u00e9curit\u00e9 en plong\u00e9e<\/strong><\/p>\n\n\n\n<p><a href=\"https:\/\/world.dan.org\/fr\/health-medicine\/\">Sant\u00e9 et m\u00e9decine<\/a><\/p>\n\n\n\n<p><a href=\"https:\/\/world.dan.org\/fr\/safety-prevention\/diver-safety\/\">S\u00e9curit\u00e9 des plongeurs<\/a><\/p>\n\n\n\n<p><a href=\"https:\/\/world.dan.org\/fr\/safety-prevention\/operation-safety\/\">S\u00e9curit\u00e9 des op\u00e9rations de plong\u00e9e<\/a><\/p>\n\n\n\n<p><a href=\"https:\/\/world.dan.org\/fr\/safety-prevention\/chamber-operation-safety\/\">S\u00e9curit\u00e9 des Caissons<\/a><\/p>\n<\/div>\n<\/div>\n\n\n\n<p><\/p>","protected":false},"excerpt":{"rendered":"<p>For Residents of Australia The Dive Injury Insurance Plans are in addition to your DAN Membership (Individual AUD$82.50, Family AUD$110).The below treatment benefits apply for covered dive accidents that occur [&hellip;]<\/p>\n","protected":false},"author":19,"featured_media":0,"parent":18214,"menu_order":39,"comment_status":"closed","ping_status":"closed","template":"templates\/page-landing-2a.php","meta":{"_acf_changed":false,"_ef_editorial_meta_date_first-draft-date":"","_ef_editorial_meta_paragraph_assignment":"","_ef_editorial_meta_checkbox_needs-photo":"","_ef_editorial_meta_number_word-count":"","footnotes":""},"class_list":["post-21587","page","type-page","status-publish","hentry"],"acf":[],"yoast_head":"<!-- This site is optimized with the Yoast SEO Premium plugin v27.4 (Yoast SEO v27.4) - https:\/\/yoast.com\/product\/yoast-seo-premium-wordpress\/ -->\n<title>DAN Dive Injury (Treatment) Insurance Plans - DAN World<\/title>\n<meta name=\"robots\" content=\"index, follow, max-snippet:-1, max-image-preview:large, max-video-preview:-1\" \/>\n<link rel=\"canonical\" href=\"https:\/\/world.dan.org\/fr\/membership-coverage\/australia\/australia-insurance-plans\/\" \/>\n<meta property=\"og:locale\" content=\"fr_CA\" \/>\n<meta property=\"og:type\" content=\"article\" \/>\n<meta property=\"og:title\" content=\"DAN Dive Injury (Treatment) Insurance Plans\" \/>\n<meta property=\"og:description\" content=\"For Residents of Australia The Dive Injury Insurance Plans are in addition to your DAN Membership (Individual AUD$82.50, Family AUD$110).The below treatment benefits apply for covered dive accidents that occur [&hellip;]\" \/>\n<meta property=\"og:url\" content=\"https:\/\/world.dan.org\/fr\/membership-coverage\/australia\/australia-insurance-plans\/\" \/>\n<meta property=\"og:site_name\" content=\"DAN World\" \/>\n<meta property=\"article:modified_time\" content=\"2023-11-29T03:21:57+00:00\" \/>\n<meta name=\"twitter:card\" content=\"summary_large_image\" \/>\n<meta name=\"twitter:label1\" content=\"Est. reading time\" \/>\n\t<meta name=\"twitter:data1\" content=\"3 minutes\" \/>\n<script type=\"application\/ld+json\" class=\"yoast-schema-graph\">{\"@context\":\"https:\\\/\\\/schema.org\",\"@graph\":[{\"@type\":\"WebPage\",\"@id\":\"https:\\\/\\\/world.dan.org\\\/membership-coverage\\\/australia\\\/australia-insurance-plans\\\/\",\"url\":\"https:\\\/\\\/world.dan.org\\\/membership-coverage\\\/australia\\\/australia-insurance-plans\\\/\",\"name\":\"DAN Dive Injury (Treatment) Insurance Plans - DAN World\",\"isPartOf\":{\"@id\":\"https:\\\/\\\/world.dan.org\\\/es\\\/#website\"},\"datePublished\":\"2022-05-10T13:42:36+00:00\",\"dateModified\":\"2023-11-29T03:21:57+00:00\",\"breadcrumb\":{\"@id\":\"https:\\\/\\\/world.dan.org\\\/membership-coverage\\\/australia\\\/australia-insurance-plans\\\/#breadcrumb\"},\"inLanguage\":\"fr-CA\",\"potentialAction\":[{\"@type\":\"ReadAction\",\"target\":[\"https:\\\/\\\/world.dan.org\\\/membership-coverage\\\/australia\\\/australia-insurance-plans\\\/\"]}]},{\"@type\":\"BreadcrumbList\",\"@id\":\"https:\\\/\\\/world.dan.org\\\/membership-coverage\\\/australia\\\/australia-insurance-plans\\\/#breadcrumb\",\"itemListElement\":[{\"@type\":\"ListItem\",\"position\":1,\"name\":\"Home\",\"item\":\"https:\\\/\\\/world.dan.org\\\/\"},{\"@type\":\"ListItem\",\"position\":2,\"name\":\"Membership &#038; Coverage\",\"item\":\"https:\\\/\\\/world.dan.org\\\/membership-coverage\\\/\"},{\"@type\":\"ListItem\",\"position\":3,\"name\":\"Australia\",\"item\":\"https:\\\/\\\/world.dan.org\\\/membership-coverage\\\/australia\\\/\"},{\"@type\":\"ListItem\",\"position\":4,\"name\":\"DAN Dive Injury (Treatment) Insurance Plans\"}]},{\"@type\":\"WebSite\",\"@id\":\"https:\\\/\\\/world.dan.org\\\/es\\\/#website\",\"url\":\"https:\\\/\\\/world.dan.org\\\/es\\\/\",\"name\":\"DAN World\",\"description\":\"\",\"publisher\":{\"@id\":\"https:\\\/\\\/world.dan.org\\\/es\\\/#organization\"},\"potentialAction\":[{\"@type\":\"SearchAction\",\"target\":{\"@type\":\"EntryPoint\",\"urlTemplate\":\"https:\\\/\\\/world.dan.org\\\/es\\\/?s={search_term_string}\"},\"query-input\":{\"@type\":\"PropertyValueSpecification\",\"valueRequired\":true,\"valueName\":\"search_term_string\"}}],\"inLanguage\":\"fr-CA\"},{\"@type\":\"Organization\",\"@id\":\"https:\\\/\\\/world.dan.org\\\/es\\\/#organization\",\"name\":\"DAN World\",\"url\":\"https:\\\/\\\/world.dan.org\\\/es\\\/\",\"logo\":{\"@type\":\"ImageObject\",\"inLanguage\":\"fr-CA\",\"@id\":\"https:\\\/\\\/world.dan.org\\\/es\\\/#\\\/schema\\\/logo\\\/image\\\/\",\"url\":\"https:\\\/\\\/world.dan.org\\\/wp-content\\\/uploads\\\/2022\\\/04\\\/DAN-World-logo-sm-52px.svg\",\"contentUrl\":\"https:\\\/\\\/world.dan.org\\\/wp-content\\\/uploads\\\/2022\\\/04\\\/DAN-World-logo-sm-52px.svg\",\"width\":175,\"height\":52,\"caption\":\"DAN World\"},\"image\":{\"@id\":\"https:\\\/\\\/world.dan.org\\\/es\\\/#\\\/schema\\\/logo\\\/image\\\/\"}}]}<\/script>\n<!-- \/ Yoast SEO Premium plugin. -->","yoast_head_json":{"title":"DAN Dive Injury (Treatment) Insurance Plans - DAN World","robots":{"index":"index","follow":"follow","max-snippet":"max-snippet:-1","max-image-preview":"max-image-preview:large","max-video-preview":"max-video-preview:-1"},"canonical":"https:\/\/world.dan.org\/fr\/membership-coverage\/australia\/australia-insurance-plans\/","og_locale":"fr_CA","og_type":"article","og_title":"DAN Dive Injury (Treatment) Insurance Plans","og_description":"For Residents of Australia The Dive Injury Insurance Plans are in addition to your DAN Membership (Individual AUD$82.50, Family AUD$110).The below treatment benefits apply for covered dive accidents that occur [&hellip;]","og_url":"https:\/\/world.dan.org\/fr\/membership-coverage\/australia\/australia-insurance-plans\/","og_site_name":"DAN World","article_modified_time":"2023-11-29T03:21:57+00:00","twitter_card":"summary_large_image","twitter_misc":{"Est. reading time":"3 minutes"},"schema":{"@context":"https:\/\/schema.org","@graph":[{"@type":"WebPage","@id":"https:\/\/world.dan.org\/membership-coverage\/australia\/australia-insurance-plans\/","url":"https:\/\/world.dan.org\/membership-coverage\/australia\/australia-insurance-plans\/","name":"DAN Dive Injury (Treatment) Insurance Plans - DAN World","isPartOf":{"@id":"https:\/\/world.dan.org\/es\/#website"},"datePublished":"2022-05-10T13:42:36+00:00","dateModified":"2023-11-29T03:21:57+00:00","breadcrumb":{"@id":"https:\/\/world.dan.org\/membership-coverage\/australia\/australia-insurance-plans\/#breadcrumb"},"inLanguage":"fr-CA","potentialAction":[{"@type":"ReadAction","target":["https:\/\/world.dan.org\/membership-coverage\/australia\/australia-insurance-plans\/"]}]},{"@type":"BreadcrumbList","@id":"https:\/\/world.dan.org\/membership-coverage\/australia\/australia-insurance-plans\/#breadcrumb","itemListElement":[{"@type":"ListItem","position":1,"name":"Home","item":"https:\/\/world.dan.org\/"},{"@type":"ListItem","position":2,"name":"Membership &#038; Coverage","item":"https:\/\/world.dan.org\/membership-coverage\/"},{"@type":"ListItem","position":3,"name":"Australia","item":"https:\/\/world.dan.org\/membership-coverage\/australia\/"},{"@type":"ListItem","position":4,"name":"DAN Dive Injury (Treatment) Insurance Plans"}]},{"@type":"WebSite","@id":"https:\/\/world.dan.org\/es\/#website","url":"https:\/\/world.dan.org\/es\/","name":"DAN World","description":"","publisher":{"@id":"https:\/\/world.dan.org\/es\/#organization"},"potentialAction":[{"@type":"SearchAction","target":{"@type":"EntryPoint","urlTemplate":"https:\/\/world.dan.org\/es\/?s={search_term_string}"},"query-input":{"@type":"PropertyValueSpecification","valueRequired":true,"valueName":"search_term_string"}}],"inLanguage":"fr-CA"},{"@type":"Organization","@id":"https:\/\/world.dan.org\/es\/#organization","name":"DAN World","url":"https:\/\/world.dan.org\/es\/","logo":{"@type":"ImageObject","inLanguage":"fr-CA","@id":"https:\/\/world.dan.org\/es\/#\/schema\/logo\/image\/","url":"https:\/\/world.dan.org\/wp-content\/uploads\/2022\/04\/DAN-World-logo-sm-52px.svg","contentUrl":"https:\/\/world.dan.org\/wp-content\/uploads\/2022\/04\/DAN-World-logo-sm-52px.svg","width":175,"height":52,"caption":"DAN World"},"image":{"@id":"https:\/\/world.dan.org\/es\/#\/schema\/logo\/image\/"}}]}},"_links":{"self":[{"href":"https:\/\/world.dan.org\/fr\/wp-json\/wp\/v2\/pages\/21587","targetHints":{"allow":["GET"]}}],"collection":[{"href":"https:\/\/world.dan.org\/fr\/wp-json\/wp\/v2\/pages"}],"about":[{"href":"https:\/\/world.dan.org\/fr\/wp-json\/wp\/v2\/types\/page"}],"author":[{"embeddable":true,"href":"https:\/\/world.dan.org\/fr\/wp-json\/wp\/v2\/users\/19"}],"replies":[{"embeddable":true,"href":"https:\/\/world.dan.org\/fr\/wp-json\/wp\/v2\/comments?post=21587"}],"version-history":[{"count":0,"href":"https:\/\/world.dan.org\/fr\/wp-json\/wp\/v2\/pages\/21587\/revisions"}],"up":[{"embeddable":true,"href":"https:\/\/world.dan.org\/fr\/wp-json\/wp\/v2\/pages\/18214"}],"wp:attachment":[{"href":"https:\/\/world.dan.org\/fr\/wp-json\/wp\/v2\/media?parent=21587"}],"curies":[{"name":"wp","href":"https:\/\/api.w.org\/{rel}","templated":true}]}}