{"id":23,"date":"2020-03-27T17:55:08","date_gmt":"2020-03-27T21:55:08","guid":{"rendered":"https:\/\/dan.devhammer.com\/?page_id=23"},"modified":"2025-02-24T16:40:31","modified_gmt":"2025-02-24T21:40:31","slug":"safety-prevention","status":"publish","type":"page","link":"https:\/\/world.dan.org\/fr\/safety-prevention\/","title":{"rendered":"S\u00e9curit\u00e9 &amp; Pr\u00e9vention"},"content":{"rendered":"<div class=\"n2_clear\"><ss3-force-full-width data-overflow-x=\"body\" data-horizontal-selector=\"\"><div class=\"n2-section-smartslider fitvidsignore  n2_clear\" data-ssid=\"15\" tabindex=\"0\" role=\"region\" aria-label=\"Slider\"><div id=\"n2-ss-15-align\" class=\"n2-ss-align\"><div class=\"n2-padding\"><div id=\"n2-ss-15\" data-creator=\"Smart Slider 3\" data-responsive=\"fullwidth\" class=\"n2-ss-slider n2-ow n2-has-hover n2notransition\">\n        <div class=\"n2-ss-slider-1 n2_ss__touch_element n2-ow\">\n            <div class=\"n2-ss-slider-2 n2-ow\">\n                                                <div class=\"n2-ss-slider-3 n2-ow\">\n\n                    <div class=\"n2-ss-slide-backgrounds n2-ow-all\"><div class=\"n2-ss-slide-background\" data-public-id=\"1\" data-mode=\"fill\"><div data-gradient=\"horizontal\" data-color-start=\"RGBA(0,64,110,0.51)\" data-color-end=\"RGBA(255,255,255,0)\" style=\"background:linear-gradient(to right, RGBA(0,64,110,0.51) 0%,RGBA(255,255,255,0) 100%);\" class=\"n2-ss-slide-background-color\"><\/div><\/div><\/div>                    <div class=\"n2-ss-slider-4 n2-ow\">\n                        <svg xmlns=\"http:\/\/www.w3.org\/2000\/svg\" viewbox=\"0 0 1600 600\" data-related-device=\"desktopPortrait\" class=\"n2-ow n2-ss-preserve-size n2-ss-preserve-size--slider n2-ss-slide-limiter\"><\/svg><div data-first=\"1\" data-slide-duration=\"0\" data-id=\"17\" data-slide-public-id=\"1\" data-title=\"Safety &amp; Prevention\" class=\"n2-ss-slide n2-ow  n2-ss-slide-17\"><div role=\"note\" class=\"n2-ss-slide--focus\" tabindex=\"-1\">S\u00e9curit\u00e9 &amp; Pr\u00e9vention<\/div><div class=\"n2-ss-layers-container n2-ss-slide-limiter n2-ow\"><div class=\"n2-ss-layer n2-ow n-uc-UJndvBHe6TRt\" data-sstype=\"slide\" data-pm=\"default\"><div class=\"n2-ss-layer n2-ow n-uc-AoRq8fMnNgGW\" data-pm=\"default\" data-sstype=\"content\" data-hasbackground=\"0\"><div class=\"n2-ss-section-main-content n2-ss-layer-with-background n2-ss-layer-content n2-ow n-uc-AoRq8fMnNgGW-inner\"><div class=\"n2-ss-layer n2-ow n2-ss-layer--block n2-ss-has-self-align n-uc-R4gTumhULHU7\" data-pm=\"normal\" data-sstype=\"row\"><div class=\"n2-ss-layer-row n2-ss-layer-with-background n-uc-R4gTumhULHU7-inner\"><div class=\"n2-ss-layer-row-inner\"><div class=\"n2-ss-layer n2-ow n-uc-9pcO7MEvfb6F\" data-pm=\"default\" data-sstype=\"col\"><div class=\"n2-ss-layer-col n2-ss-layer-with-background n2-ss-layer-content n-uc-9pcO7MEvfb6F-inner\"><div class=\"n2-ss-layer n2-ow n-uc-qy4M90bQHoQJ n2-ss-layer--auto\" data-pm=\"normal\" data-sstype=\"layer\"><div class=\"n2-ss-button-container n2-ss-item-content n2-ow n2-font-a3b57aec3250d1cd7b703e552c1cb98d-link  n2-ss-nowrap n2-ss-button-container--non-full-width\"><a class=\"n2-style-05ba4352b746b78a53d300ba52f2d0e2-heading  n2-ow\" onclick=\"return false;\" href=\"#\"><div><div>S\u00c9CURIT\u00c9<\/div><\/div><\/a><\/div><\/div><div class=\"n2-ss-layer n2-ow n-uc-56w6CMVjLOGB\" data-pm=\"normal\" data-sstype=\"layer\"><h2 id=\"n2-ss-15item2\" class=\"n2-font-0e90d147ce6e7cb4798c11b222234271-hover n2-style-fea5f7007ea60cd0f94b58717a9ba1ac-heading   n2-ss-item-content n2-ss-text n2-ow\" style=\"display:block;\">S\u00c9CURIT\u00c9 ET PR\u00c9VENTION<\/h2><\/div><div class=\"n2-ss-layer n2-ow n-uc-uibRBhuKtDfP\" data-pm=\"normal\" data-sstype=\"layer\"><div class=\"n2-ss-item-content n2-ss-text n2-ow-all\"><div data-hide-desktoplandscape=\"1\" data-hide-desktopportrait=\"1\" data-hide-tabletlandscape=\"1\" data-hide-tabletportrait=\"1\"><\/div><div class=\"\" data-hide-mobilelandscape=\"1\" data-hide-mobileportrait=\"1\"><p class=\"n2-font-3bb99d1f4c6c6f425005dde180c1a679-paragraph  n2-style-39612b538396e2fceb18e53ec82d9001-heading\">DAN a pour mission d\u2019aider les plongeurs r\u00e9cr\u00e9atifs bless\u00e9s <br \/>et de pr\u00e9venir les accidents de plong\u00e9e<\/p>\n<\/div><\/div><\/div><div class=\"n2-ss-layer n2-ow n2-ss-layer--block n2-ss-has-self-align n-uc-pjd733emTeKS\" data-pm=\"normal\" data-sstype=\"row\"><div class=\"n2-ss-layer-row n2-ss-layer-with-background n-uc-pjd733emTeKS-inner\"><div class=\"n2-ss-layer-row-inner\"><div class=\"n2-ss-layer n2-ow n-uc-U9f2Dw1AzH9m\" data-pm=\"default\" data-sstype=\"col\"><div class=\"n2-ss-layer-col n2-ss-layer-with-background n2-ss-layer-content n-uc-U9f2Dw1AzH9m-inner\"><div class=\"n2-ss-layer n2-ow n-uc-QbzuHrl20xut n2-ss-layer--auto\" data-pm=\"normal\" data-hidedesktopportrait=\"1\" data-hidetabletportrait=\"1\" data-hidemobileportrait=\"1\" data-sstype=\"layer\"><div class=\"n2-ss-button-container n2-ss-item-content n2-ow n2-font-efb749624a85eff02533b8cc5c19c88c-link  n2-ss-nowrap n2-ss-button-container--non-full-width\"><a class=\"n2-style-cd7796faf722e88fc7c6131f998fde7c-heading  n2-ow\" target=\"_blank\" href=\"https:\/\/apps.dan.org\/donations\"><div><div>FAITES UN DON AUJOURD'HUI<\/div><\/div><\/a><\/div><\/div><\/div><\/div><\/div><\/div><\/div><\/div><\/div><\/div><\/div><\/div><\/div><\/div><\/div><\/div><\/div>                    <\/div>\n\n                                    <\/div>\n            <\/div>\n        <\/div>\n        <\/div><ss3-loader><\/ss3-loader><\/div><\/div><div class=\"n2_clear\"><\/div><\/div><\/ss3-force-full-width><\/div>\n\n\n<div style=\"height:50px\" aria-hidden=\"true\" class=\"wp-block-spacer\"><\/div>\n\n\n\n<h2 class=\"wp-block-heading has-text-align-left has-dan-black-color has-text-color has-medium-font-size\" id=\"h-as-part-of-a-global-campaign-to-reduce-dive-injuries-and-fatalities-dan-strives-to-fulfill-its-vision-of-making-every-dive-accident-and-injury-free-by-identifying-and-mitigating-risks-associated-with-diving-operations\">Dans le cadre d'une campagne mondiale visant \u00e0 r\u00e9duire le nombre de blessures et de d\u00e9c\u00e8s en plong\u00e9e, DAN s'efforce de r\u00e9aliser sa vision, qui est de faire en sorte que chaque plong\u00e9e soit exempte d'accidents et de blessures, en identifiant et en att\u00e9nuant les risques associ\u00e9s aux op\u00e9rations de plong\u00e9e.<\/h2>\n\n\n\n<div style=\"height:10px\" aria-hidden=\"true\" class=\"wp-block-spacer\"><\/div>\n\n\n\n<p class=\"has-text-align-left\">Notre programme d'identification des dangers et d'\u00e9valuation des risques contribue \u00e0 pr\u00e9venir les blessures et les pertes en emp\u00eachant les accidents de se produire. Cela n\u00e9cessite une culture qui favorise la prise de conscience, le contr\u00f4le et l'att\u00e9nuation des risques en mati\u00e8re de sant\u00e9 et de s\u00e9curit\u00e9. Les installations de traitement des plongeurs, en particulier celles situ\u00e9es dans des zones recul\u00e9es, manquent souvent de personnel, de formation, de financement et d'entretien. Cela affecte directement leur disponibilit\u00e9, leur fiabilit\u00e9 et surtout la s\u00e9curit\u00e9 des services qu'ils offrent. DAN a mis en place un r\u00e9seau international de chambres de recompression et propose un programme d'assistance pour fournir des formations, des conseils techniques et de s\u00e9curit\u00e9, et d'autres formes de soutien essentiel aux chambres ayant de tels besoins.<\/p>\n\n\n\n<div style=\"height:48px\" aria-hidden=\"true\" class=\"wp-block-spacer\"><\/div>\n\n\n\n<hr class=\"wp-block-separator has-text-color has-dan-light-gray-color has-css-opacity has-dan-light-gray-background-color has-background\"\/>\n\n\n\n<div style=\"height:48px\" aria-hidden=\"true\" class=\"wp-block-spacer\"><\/div>\n\n\n\n<div class=\"wp-block-columns is-layout-flex wp-container-core-columns-is-layout-9d6595d7 wp-block-columns-is-layout-flex\">\n<div class=\"wp-block-column is-layout-flow wp-block-column-is-layout-flow\">\n<figure class=\"wp-block-image size-full\"><img loading=\"lazy\" decoding=\"async\" width=\"1200\" height=\"600\" src=\"https:\/\/world.dan.org\/wp-content\/uploads\/2021\/07\/return-to-diving-3Q3A8782-DAN-1200x600-1.jpg\" alt=\"\" class=\"wp-image-18039\" srcset=\"https:\/\/world.dan.org\/wp-content\/uploads\/2021\/07\/return-to-diving-3Q3A8782-DAN-1200x600-1.jpg 1200w, https:\/\/world.dan.org\/wp-content\/uploads\/2021\/07\/return-to-diving-3Q3A8782-DAN-1200x600-1-360x180.jpg 360w, https:\/\/world.dan.org\/wp-content\/uploads\/2021\/07\/return-to-diving-3Q3A8782-DAN-1200x600-1-1024x512.jpg 1024w, https:\/\/world.dan.org\/wp-content\/uploads\/2021\/07\/return-to-diving-3Q3A8782-DAN-1200x600-1-768x384.jpg 768w, https:\/\/world.dan.org\/wp-content\/uploads\/2021\/07\/return-to-diving-3Q3A8782-DAN-1200x600-1-18x9.jpg 18w\" sizes=\"auto, (max-width: 1200px) 100vw, 1200px\" \/><\/figure>\n\n\n\n<h2 class=\"wp-block-heading\" id=\"h-return-to-diving-safely\"><span style=\"color: #111111;\" class=\"stk-highlight\">Retour \u00e0 la rubrique \"Plonger en toute s\u00e9curit\u00e9<\/span><\/h2>\n\n\n\n<p>Votre guide pour vous remettre \u00e0 l'eau<\/p>\n\n\n\n<p><a href=\"https:\/\/world.dan.org\/fr\/safety-prevention\/return-to-diving-safely\/\">En savoir plus<\/a><\/p>\n<\/div>\n\n\n\n<div class=\"wp-block-column is-layout-flow wp-block-column-is-layout-flow\">\n<figure class=\"wp-block-image size-full\"><img loading=\"lazy\" decoding=\"async\" width=\"800\" height=\"400\" src=\"https:\/\/world.dan.org\/wp-content\/uploads\/2022\/02\/dema-new-products-page-safety-tips-800x400-1.jpg\" alt=\"\" class=\"wp-image-19925\" srcset=\"https:\/\/world.dan.org\/wp-content\/uploads\/2022\/02\/dema-new-products-page-safety-tips-800x400-1.jpg 800w, https:\/\/world.dan.org\/wp-content\/uploads\/2022\/02\/dema-new-products-page-safety-tips-800x400-1-360x180.jpg 360w, https:\/\/world.dan.org\/wp-content\/uploads\/2022\/02\/dema-new-products-page-safety-tips-800x400-1-768x384.jpg 768w, https:\/\/world.dan.org\/wp-content\/uploads\/2022\/02\/dema-new-products-page-safety-tips-800x400-1-18x9.jpg 18w\" sizes=\"auto, (max-width: 800px) 100vw, 800px\" \/><\/figure>\n\n\n\n<h2 class=\"wp-block-heading\" id=\"h-dan-safety-tips-for-dive-operators-guide\"><span style=\"color: #111111;\" class=\"stk-highlight\">Guide DAN des conseils de s\u00e9curit\u00e9 pour les op\u00e9rateurs de plong\u00e9e<\/span><\/h2>\n\n\n\n<p>Un guide pour aider les op\u00e9rateurs et les professionnels de la plong\u00e9e \u00e0 mieux comprendre les risques inh\u00e9rents \u00e0 leurs activit\u00e9s.<\/p>\n\n\n\n<p><a href=\"https:\/\/world.dan.org\/fr\/safety-prevention\/dan-safety-tips-for-dive-operators-guide\/\">En savoir plus<\/a><\/p>\n<\/div>\n<\/div>\n\n\n\n<div class=\"wp-block-group\"><div class=\"wp-block-group__inner-container is-layout-flow wp-block-group-is-layout-flow\"><\/div><\/div>\n\n\n\n<div class=\"wp-block-columns is-layout-flex wp-container-core-columns-is-layout-9d6595d7 wp-block-columns-is-layout-flex\">\n<div class=\"wp-block-column is-layout-flow wp-block-column-is-layout-flow\">\n<figure class=\"wp-block-image size-large\"><img loading=\"lazy\" decoding=\"async\" width=\"600\" height=\"300\" src=\"https:\/\/world.dan.org\/wp-content\/uploads\/2021\/07\/diver-safety-3Q3A6937-DAN-600x300-1.jpg\" alt=\"\" class=\"wp-image-17947\" srcset=\"https:\/\/world.dan.org\/wp-content\/uploads\/2021\/07\/diver-safety-3Q3A6937-DAN-600x300-1.jpg 600w, https:\/\/world.dan.org\/wp-content\/uploads\/2021\/07\/diver-safety-3Q3A6937-DAN-600x300-1-360x180.jpg 360w, https:\/\/world.dan.org\/wp-content\/uploads\/2021\/07\/diver-safety-3Q3A6937-DAN-600x300-1-18x9.jpg 18w\" sizes=\"auto, (max-width: 600px) 100vw, 600px\" \/><\/figure>\n\n\n\n<h2 class=\"wp-block-heading\" id=\"h-diver-safety\" style=\"font-size:24px\"><span style=\"color: #111111;\" class=\"stk-highlight\">S\u00e9curit\u00e9 des plongeurs<\/span><\/h2>\n\n\n\n<p>La s\u00e9curit\u00e9 des plongeurs \u00e9tant au premier plan, DAN propose des ressources sur un large \u00e9ventail de sujets. Ces ressources fournissent les informations dont les plongeurs ont besoin pour prendre des d\u00e9cisions \u00e9clair\u00e9es et rester en s\u00e9curit\u00e9 avant, pendant et apr\u00e8s les plong\u00e9es.<\/p>\n\n\n\n<p><a href=\"https:\/\/world.dan.org\/fr\/safety-prevention\/diver-safety\/\">En savoir plus<\/a><\/p>\n<\/div>\n\n\n\n<div class=\"wp-block-column is-layout-flow wp-block-column-is-layout-flow\">\n<figure class=\"wp-block-image size-large\"><a href=\"https:\/\/world.dan.org\/fr\/safety-prevention\/operation-safety\/\"><img loading=\"lazy\" decoding=\"async\" width=\"600\" height=\"300\" src=\"https:\/\/world.dan.org\/wp-content\/uploads\/2021\/07\/dive-operation-safety-IMG_7669-600x300-2.jpg\" alt=\"\" class=\"wp-image-17946\" srcset=\"https:\/\/world.dan.org\/wp-content\/uploads\/2021\/07\/dive-operation-safety-IMG_7669-600x300-2.jpg 600w, https:\/\/world.dan.org\/wp-content\/uploads\/2021\/07\/dive-operation-safety-IMG_7669-600x300-2-360x180.jpg 360w, https:\/\/world.dan.org\/wp-content\/uploads\/2021\/07\/dive-operation-safety-IMG_7669-600x300-2-18x9.jpg 18w\" sizes=\"auto, (max-width: 600px) 100vw, 600px\" \/><\/a><\/figure>\n\n\n\n<h2 class=\"wp-block-heading\" id=\"h-dive-operation-safety\" style=\"font-size:24px\"><span style=\"color: #111111;\" class=\"stk-highlight\">S\u00e9curit\u00e9 des op\u00e9rations de plong\u00e9e<\/span><\/h2>\n\n\n\n<p>DAN propose une s\u00e9rie d'initiatives d\u00e9di\u00e9es \u00e0 la s\u00e9curit\u00e9 des op\u00e9rations de plong\u00e9e dans le monde entier. Nos programmes de recherche, de suivi des incidents, de pr\u00e9vention et d'\u00e9valuation des accidents ont largement contribu\u00e9 \u00e0 rendre la plong\u00e9e plus s\u00fbre que jamais.<\/p>\n\n\n\n<p><a href=\"https:\/\/world.dan.org\/fr\/safety-prevention\/operation-safety\/\">En savoir plus<\/a><\/p>\n<\/div>\n\n\n\n<div class=\"wp-block-column is-layout-flow wp-block-column-is-layout-flow\">\n<figure class=\"wp-block-image size-large\"><a href=\"https:\/\/world.dan.org\/fr\/safety-prevention\/chamber-operation-safety\/\"><img loading=\"lazy\" decoding=\"async\" width=\"600\" height=\"300\" src=\"https:\/\/world.dan.org\/wp-content\/uploads\/2021\/07\/pressure-chamber-1094477228-600x300-1.jpg\" alt=\"\" class=\"wp-image-17948\" srcset=\"https:\/\/world.dan.org\/wp-content\/uploads\/2021\/07\/pressure-chamber-1094477228-600x300-1.jpg 600w, https:\/\/world.dan.org\/wp-content\/uploads\/2021\/07\/pressure-chamber-1094477228-600x300-1-360x180.jpg 360w, https:\/\/world.dan.org\/wp-content\/uploads\/2021\/07\/pressure-chamber-1094477228-600x300-1-18x9.jpg 18w\" sizes=\"auto, (max-width: 600px) 100vw, 600px\" \/><\/a><\/figure>\n\n\n\n<h2 class=\"wp-block-heading\" id=\"h-chamber-safety\" style=\"font-size:24px\"><span style=\"color: #111111;\" class=\"stk-highlight\">S\u00e9curit\u00e9 des Caissons<\/span><\/h2>\n\n\n\n<p>La r\u00e9ponse initiale du DAN \u00e0 toute blessure ou maladie li\u00e9e \u00e0 la plong\u00e9e consiste \u00e0 s'assurer que le plongeur re\u00e7oit les premiers soins appropri\u00e9s et qu'il est \u00e9valu\u00e9 par un professionnel de la sant\u00e9, puis \u00e0 mettre en place tout traitement n\u00e9cessaire, qui peut inclure un caisson hyperbare.<\/p>\n\n\n\n<p><a href=\"https:\/\/world.dan.org\/fr\/safety-prevention\/chamber-operation-safety\/\">En savoir plus<\/a><\/p>\n<\/div>\n<\/div>","protected":false},"excerpt":{"rendered":"<p>La mission premi\u00e8re du DAN est d'aider les plongeurs r\u00e9cr\u00e9atifs bless\u00e9s. Une mission secondaire importante est de pr\u00e9venir les accidents de plong\u00e9e. Dans le cadre d'une campagne mondiale visant \u00e0 r\u00e9duire le nombre de blessures et de d\u00e9c\u00e8s en plong\u00e9e, DAN s'efforce de r\u00e9aliser sa vision, \u00e0 savoir faire en sorte que chaque plong\u00e9e soit exempte d'accidents et de blessures, en identifiant et en att\u00e9nuant les risques associ\u00e9s aux op\u00e9rations de plong\u00e9e.<\/p>","protected":false},"author":1,"featured_media":0,"parent":0,"menu_order":182,"comment_status":"closed","ping_status":"closed","template":"templates\/page-landing-2.php","meta":{"_acf_changed":false,"_ef_editorial_meta_date_first-draft-date":"","_ef_editorial_meta_paragraph_assignment":"","_ef_editorial_meta_checkbox_needs-photo":"","_ef_editorial_meta_number_word-count":"","footnotes":""},"class_list":["post-23","page","type-page","status-publish","hentry"],"acf":[],"yoast_head":"<!-- This site is optimized with the Yoast SEO Premium plugin v27.4 (Yoast SEO v27.4) - https:\/\/yoast.com\/product\/yoast-seo-premium-wordpress\/ -->\n<title>Safety &amp; Prevention - DAN World<\/title>\n<meta name=\"description\" content=\"As part of a global campaign to reduce dive injuries and fatalities, DAN strives to fulfill its vision of making every dive accident and injury free.\" \/>\n<meta name=\"robots\" content=\"index, follow, max-snippet:-1, max-image-preview:large, max-video-preview:-1\" \/>\n<link rel=\"canonical\" href=\"https:\/\/world.dan.org\/fr\/safety-prevention\/\" \/>\n<meta property=\"og:locale\" content=\"fr_CA\" \/>\n<meta property=\"og:type\" content=\"article\" \/>\n<meta property=\"og:title\" content=\"Safety &amp; Prevention\" \/>\n<meta property=\"og:description\" content=\"As part of a global campaign to reduce dive injuries and fatalities, DAN strives to fulfill its vision of making every dive accident and injury free by identifying and mitigating risks associated with diving operations.\" \/>\n<meta property=\"og:url\" content=\"https:\/\/world.dan.org\/fr\/safety-prevention\/\" \/>\n<meta property=\"og:site_name\" content=\"DAN World\" \/>\n<meta property=\"article:modified_time\" content=\"2025-02-24T21:40:31+00:00\" \/>\n<meta property=\"og:image\" content=\"https:\/\/world.dan.org\/wp-content\/uploads\/2021\/06\/safety-prevention-IMG_8886-DAN-slider-e1738623475741.jpg\" \/>\n\t<meta property=\"og:image:width\" content=\"1920\" \/>\n\t<meta property=\"og:image:height\" content=\"1080\" \/>\n\t<meta property=\"og:image:type\" content=\"image\/jpeg\" \/>\n<meta name=\"twitter:card\" content=\"summary_large_image\" \/>\n<meta name=\"twitter:title\" content=\"Safety &amp; Prevention\" \/>\n<meta name=\"twitter:description\" content=\"As part of a global campaign to reduce dive injuries and fatalities, DAN strives to fulfill its vision of making every dive accident and injury free by identifying and mitigating risks associated with diving operations.\" \/>\n<meta name=\"twitter:image\" content=\"https:\/\/world.dan.org\/wp-content\/uploads\/2021\/06\/safety-prevention-IMG_8886-DAN-slider-e1738623475741.jpg\" \/>\n<meta name=\"twitter:label1\" content=\"Est. reading time\" \/>\n\t<meta name=\"twitter:data1\" content=\"3 minutes\" \/>\n<script type=\"application\/ld+json\" class=\"yoast-schema-graph\">{\"@context\":\"https:\\\/\\\/schema.org\",\"@graph\":[{\"@type\":\"WebPage\",\"@id\":\"https:\\\/\\\/world.dan.org\\\/safety-prevention\\\/\",\"url\":\"https:\\\/\\\/world.dan.org\\\/safety-prevention\\\/\",\"name\":\"Safety & Prevention - DAN World\",\"isPartOf\":{\"@id\":\"https:\\\/\\\/world.dan.org\\\/es\\\/#website\"},\"primaryImageOfPage\":{\"@id\":\"https:\\\/\\\/world.dan.org\\\/safety-prevention\\\/#primaryimage\"},\"image\":{\"@id\":\"https:\\\/\\\/world.dan.org\\\/safety-prevention\\\/#primaryimage\"},\"thumbnailUrl\":\"https:\\\/\\\/world.dan.org\\\/wp-content\\\/uploads\\\/2021\\\/07\\\/return-to-diving-3Q3A8782-DAN-1200x600-1.jpg\",\"datePublished\":\"2020-03-27T21:55:08+00:00\",\"dateModified\":\"2025-02-24T21:40:31+00:00\",\"description\":\"As part of a global campaign to reduce dive injuries and fatalities, DAN strives to fulfill its vision of making every dive accident and injury free.\",\"breadcrumb\":{\"@id\":\"https:\\\/\\\/world.dan.org\\\/safety-prevention\\\/#breadcrumb\"},\"inLanguage\":\"fr-CA\",\"potentialAction\":[{\"@type\":\"ReadAction\",\"target\":[\"https:\\\/\\\/world.dan.org\\\/safety-prevention\\\/\"]}]},{\"@type\":\"ImageObject\",\"inLanguage\":\"fr-CA\",\"@id\":\"https:\\\/\\\/world.dan.org\\\/safety-prevention\\\/#primaryimage\",\"url\":\"https:\\\/\\\/world.dan.org\\\/wp-content\\\/uploads\\\/2021\\\/07\\\/return-to-diving-3Q3A8782-DAN-1200x600-1.jpg\",\"contentUrl\":\"https:\\\/\\\/world.dan.org\\\/wp-content\\\/uploads\\\/2021\\\/07\\\/return-to-diving-3Q3A8782-DAN-1200x600-1.jpg\"},{\"@type\":\"BreadcrumbList\",\"@id\":\"https:\\\/\\\/world.dan.org\\\/safety-prevention\\\/#breadcrumb\",\"itemListElement\":[{\"@type\":\"ListItem\",\"position\":1,\"name\":\"Home\",\"item\":\"https:\\\/\\\/world.dan.org\\\/\"},{\"@type\":\"ListItem\",\"position\":2,\"name\":\"Safety &#038; Prevention\"}]},{\"@type\":\"WebSite\",\"@id\":\"https:\\\/\\\/world.dan.org\\\/es\\\/#website\",\"url\":\"https:\\\/\\\/world.dan.org\\\/es\\\/\",\"name\":\"DAN World\",\"description\":\"\",\"publisher\":{\"@id\":\"https:\\\/\\\/world.dan.org\\\/es\\\/#organization\"},\"potentialAction\":[{\"@type\":\"SearchAction\",\"target\":{\"@type\":\"EntryPoint\",\"urlTemplate\":\"https:\\\/\\\/world.dan.org\\\/es\\\/?s={search_term_string}\"},\"query-input\":{\"@type\":\"PropertyValueSpecification\",\"valueRequired\":true,\"valueName\":\"search_term_string\"}}],\"inLanguage\":\"fr-CA\"},{\"@type\":\"Organization\",\"@id\":\"https:\\\/\\\/world.dan.org\\\/es\\\/#organization\",\"name\":\"DAN World\",\"url\":\"https:\\\/\\\/world.dan.org\\\/es\\\/\",\"logo\":{\"@type\":\"ImageObject\",\"inLanguage\":\"fr-CA\",\"@id\":\"https:\\\/\\\/world.dan.org\\\/es\\\/#\\\/schema\\\/logo\\\/image\\\/\",\"url\":\"https:\\\/\\\/world.dan.org\\\/wp-content\\\/uploads\\\/2022\\\/04\\\/DAN-World-logo-sm-52px.svg\",\"contentUrl\":\"https:\\\/\\\/world.dan.org\\\/wp-content\\\/uploads\\\/2022\\\/04\\\/DAN-World-logo-sm-52px.svg\",\"width\":175,\"height\":52,\"caption\":\"DAN World\"},\"image\":{\"@id\":\"https:\\\/\\\/world.dan.org\\\/es\\\/#\\\/schema\\\/logo\\\/image\\\/\"}}]}<\/script>\n<!-- \/ Yoast SEO Premium plugin. -->","yoast_head_json":{"title":"S\u00e9curit\u00e9 et pr\u00e9vention - DAN World","description":"Dans le cadre d'une campagne mondiale visant \u00e0 r\u00e9duire le nombre de blessures et d'accidents mortels en plong\u00e9e, DAN s'efforce de concr\u00e9tiser sa vision : faire en sorte que chaque plong\u00e9e soit exempte d'accidents et de blessures.","robots":{"index":"index","follow":"follow","max-snippet":"max-snippet:-1","max-image-preview":"max-image-preview:large","max-video-preview":"max-video-preview:-1"},"canonical":"https:\/\/world.dan.org\/fr\/safety-prevention\/","og_locale":"fr_CA","og_type":"article","og_title":"Safety & Prevention","og_description":"As part of a global campaign to reduce dive injuries and fatalities, DAN strives to fulfill its vision of making every dive accident and injury free by identifying and mitigating risks associated with diving operations.","og_url":"https:\/\/world.dan.org\/fr\/safety-prevention\/","og_site_name":"DAN World","article_modified_time":"2025-02-24T21:40:31+00:00","og_image":[{"width":1920,"height":1080,"url":"https:\/\/world.dan.org\/wp-content\/uploads\/2021\/06\/safety-prevention-IMG_8886-DAN-slider-e1738623475741.jpg","type":"image\/jpeg"}],"twitter_card":"summary_large_image","twitter_title":"Safety & Prevention","twitter_description":"As part of a global campaign to reduce dive injuries and fatalities, DAN strives to fulfill its vision of making every dive accident and injury free by identifying and mitigating risks associated with diving operations.","twitter_image":"https:\/\/world.dan.org\/wp-content\/uploads\/2021\/06\/safety-prevention-IMG_8886-DAN-slider-e1738623475741.jpg","twitter_misc":{"Est. reading time":"3 minutes"},"schema":{"@context":"https:\/\/schema.org","@graph":[{"@type":"WebPage","@id":"https:\/\/world.dan.org\/safety-prevention\/","url":"https:\/\/world.dan.org\/safety-prevention\/","name":"S\u00e9curit\u00e9 et pr\u00e9vention - DAN World","isPartOf":{"@id":"https:\/\/world.dan.org\/es\/#website"},"primaryImageOfPage":{"@id":"https:\/\/world.dan.org\/safety-prevention\/#primaryimage"},"image":{"@id":"https:\/\/world.dan.org\/safety-prevention\/#primaryimage"},"thumbnailUrl":"https:\/\/world.dan.org\/wp-content\/uploads\/2021\/07\/return-to-diving-3Q3A8782-DAN-1200x600-1.jpg","datePublished":"2020-03-27T21:55:08+00:00","dateModified":"2025-02-24T21:40:31+00:00","description":"Dans le cadre d'une campagne mondiale visant \u00e0 r\u00e9duire le nombre de blessures et d'accidents mortels en plong\u00e9e, DAN s'efforce de concr\u00e9tiser sa vision : faire en sorte que chaque plong\u00e9e soit exempte d'accidents et de blessures.","breadcrumb":{"@id":"https:\/\/world.dan.org\/safety-prevention\/#breadcrumb"},"inLanguage":"fr-CA","potentialAction":[{"@type":"ReadAction","target":["https:\/\/world.dan.org\/safety-prevention\/"]}]},{"@type":"ImageObject","inLanguage":"fr-CA","@id":"https:\/\/world.dan.org\/safety-prevention\/#primaryimage","url":"https:\/\/world.dan.org\/wp-content\/uploads\/2021\/07\/return-to-diving-3Q3A8782-DAN-1200x600-1.jpg","contentUrl":"https:\/\/world.dan.org\/wp-content\/uploads\/2021\/07\/return-to-diving-3Q3A8782-DAN-1200x600-1.jpg"},{"@type":"BreadcrumbList","@id":"https:\/\/world.dan.org\/safety-prevention\/#breadcrumb","itemListElement":[{"@type":"ListItem","position":1,"name":"Home","item":"https:\/\/world.dan.org\/"},{"@type":"ListItem","position":2,"name":"Safety &#038; Prevention"}]},{"@type":"WebSite","@id":"https:\/\/world.dan.org\/es\/#website","url":"https:\/\/world.dan.org\/es\/","name":"DAN World","description":"","publisher":{"@id":"https:\/\/world.dan.org\/es\/#organization"},"potentialAction":[{"@type":"SearchAction","target":{"@type":"EntryPoint","urlTemplate":"https:\/\/world.dan.org\/es\/?s={search_term_string}"},"query-input":{"@type":"PropertyValueSpecification","valueRequired":true,"valueName":"search_term_string"}}],"inLanguage":"fr-CA"},{"@type":"Organization","@id":"https:\/\/world.dan.org\/es\/#organization","name":"DAN World","url":"https:\/\/world.dan.org\/es\/","logo":{"@type":"ImageObject","inLanguage":"fr-CA","@id":"https:\/\/world.dan.org\/es\/#\/schema\/logo\/image\/","url":"https:\/\/world.dan.org\/wp-content\/uploads\/2022\/04\/DAN-World-logo-sm-52px.svg","contentUrl":"https:\/\/world.dan.org\/wp-content\/uploads\/2022\/04\/DAN-World-logo-sm-52px.svg","width":175,"height":52,"caption":"DAN World"},"image":{"@id":"https:\/\/world.dan.org\/es\/#\/schema\/logo\/image\/"}}]}},"_links":{"self":[{"href":"https:\/\/world.dan.org\/fr\/wp-json\/wp\/v2\/pages\/23","targetHints":{"allow":["GET"]}}],"collection":[{"href":"https:\/\/world.dan.org\/fr\/wp-json\/wp\/v2\/pages"}],"about":[{"href":"https:\/\/world.dan.org\/fr\/wp-json\/wp\/v2\/types\/page"}],"author":[{"embeddable":true,"href":"https:\/\/world.dan.org\/fr\/wp-json\/wp\/v2\/users\/1"}],"replies":[{"embeddable":true,"href":"https:\/\/world.dan.org\/fr\/wp-json\/wp\/v2\/comments?post=23"}],"version-history":[{"count":0,"href":"https:\/\/world.dan.org\/fr\/wp-json\/wp\/v2\/pages\/23\/revisions"}],"wp:attachment":[{"href":"https:\/\/world.dan.org\/fr\/wp-json\/wp\/v2\/media?parent=23"}],"curies":[{"name":"wp","href":"https:\/\/api.w.org\/{rel}","templated":true}]}}