{"id":2380,"date":"2020-07-16T11:45:11","date_gmt":"2020-07-16T15:45:11","guid":{"rendered":"http:\/\/wordpress.world.dan.org\/?page_id=2380"},"modified":"2023-07-22T11:03:02","modified_gmt":"2023-07-22T15:03:02","slug":"hazard-identification-and-risk-assessment-hira-faqs","status":"publish","type":"page","link":"https:\/\/world.dan.org\/fr\/safety-prevention\/operation-safety\/safety-assessments\/hazard-identification-and-risk-assessment-hira-faqs\/","title":{"rendered":"FAQ du Programme d'Identification des Dangers et d'Evaluation des Risques (HIRA)"},"content":{"rendered":"<h3 class=\"wp-block-heading\" id=\"h-q-what-is-hira\">Q : Qu\u2019est-ce que le HIRA<\/h3>\n\n\n\n<p>Le programme d'identification des dangers et d'\u00e9valuation des risques (HIRA) de DAN est une adaptation directe des programmes de s\u00e9curit\u00e9 institutionnels utilis\u00e9s dans les secteurs de la sant\u00e9 et de l'a\u00e9rospatiale Il est con\u00e7u pour vous apprendre \u00e0 identifier les risques et les dangers qui vous affectent, vous, votre personnel, vos clients et votre entreprise, avant qu'ils ne causent des accidents ou des d\u00e9c\u00e8s. L'objectif du programme est de vous apprendre \u00e0 vous \u00e9valuer, que vous soyez en activit\u00e9 depuis trois ans ou trois d\u00e9cennies. Le programme vous donne les moyens d'\u00e9valuer votre entreprise et d'aborder les nouveaux dangers ou risques que vous avez peut-\u00eatre n\u00e9glig\u00e9s et de r\u00e9soudre les probl\u00e8mes courants qui peuvent vous mettre en danger.<\/p>\n\n\n\n<h3 class=\"wp-block-heading\" id=\"h-q-is-hira-just-for-dive-shops\">Q : HIRA est-il r\u00e9serv\u00e9 juste aux magasins de plong\u00e9e?<\/h3>\n\n\n\n<p>Le programme HIRA de DAN est destin\u00e9 \u00e0 tous les professionnels de la plong\u00e9e. Que vous soyez divemaster, instructeur, op\u00e9rateur de charter, propri\u00e9taire d'un magasin ou que vous g\u00e9riez une entreprise qui propose des sports nautiques comme source secondaire de revenus, le programme HIRA peut s'appliquer \u00e0 votre activit\u00e9. En raison de la large base d'utilisateurs du programme, toutes les facettes ne seront pas applicables \u00e0 toutes les op\u00e9rations, c'est \u00e0 vous de d\u00e9terminer les parties du programme dont vous pouvez b\u00e9n\u00e9ficier. Il s'agit d'un outil con\u00e7u pour vous aider \u00e0 g\u00e9rer vos propres risques, et non d'un programme d'audit ou de conformit\u00e9. L'objectif est d'aider les op\u00e9rateurs comp\u00e9tents et motiv\u00e9s \u00e0 am\u00e9liorer leurs activit\u00e9s et \u00e0 r\u00e9duire leur responsabilit\u00e9.<\/p>\n\n\n\n<h3 class=\"wp-block-heading\" id=\"h-q-what-do-i-stand-to-gain-from-the-hira-program\">Q : Quels sont les avantages du programme HIRA pour moi en particulier?<\/h3>\n\n\n\n<p>M\u00eame les professionnels de la plong\u00e9e qui n'ont pas d'installations fixes \u00e0 g\u00e9rer sont confront\u00e9s \u00e0 de nombreux dangers, dans l'eau et hors de l'eau. La capacit\u00e9 \u00e0 identifier les probl\u00e8mes li\u00e9s aux op\u00e9rations, \u00e0 la gestion des responsabilit\u00e9s et m\u00eame aux clients est cruciale pour que les professionnels puissent se prot\u00e9ger et prot\u00e9ger leurs \u00e9l\u00e8ves et travailler avec succ\u00e8s. Les professionnels de la plong\u00e9e sont toujours confront\u00e9s \u00e0 des risques lorsqu'ils enseignent, transportent du mat\u00e9riel et des \u00e9l\u00e8ves, g\u00e8rent ou organisent des charters et bien d'autres aspects n\u00e9cessaires d'une entreprise de plong\u00e9e. Ces probl\u00e8mes sont souvent n\u00e9glig\u00e9s et mettent en danger les professionnels de la plong\u00e9e. Le programme HIRA de DAN a \u00e9t\u00e9 con\u00e7u pour rem\u00e9dier \u00e0 cette situation et vous permettre d'enseigner en toute s\u00e9curit\u00e9 et de prot\u00e9ger vos \u00e9l\u00e8ves.<\/p>\n\n\n\n<p>En tant qu'op\u00e9rateur de plong\u00e9e, le programme HIRA vous fera d\u00e9couvrir des domaines enti\u00e8rement nouveaux de la gestion des risques et des responsabilit\u00e9s. La gestion organis\u00e9e des risques, telle qu'elle est pratiqu\u00e9e dans les secteurs de l'a\u00e9rospatiale et de la sant\u00e9, n'a pas \u00e9t\u00e9 adopt\u00e9e dans le secteur de la plong\u00e9e, bien que les m\u00eames types de poursuites et de d\u00e9c\u00e8s se produisent. Les risques sont omnipr\u00e9sents dans le secteur de la plong\u00e9e, et il est facile de les prendre pour acquis ou de les n\u00e9gliger. En tant qu'op\u00e9rateurs et responsables de la s\u00e9curit\u00e9 de nos employ\u00e9s et de nos clients, nous ne pouvons pas nous le permettre. Le programme HIRA de DAN est un moyen pour nous de nous contr\u00f4ler et de nous assurer que nous ne consid\u00e9rons pas la s\u00e9curit\u00e9 comme acquise. L'absence d'accidents n'est pas n\u00e9cessairement synonyme de s\u00e9curit\u00e9.<\/p>\n\n\n\n<h3 class=\"wp-block-heading\" id=\"h-q-why-is-hira-level-iii-not-available-for-instructors\">Q : Pourquoi le niveau III de HIRA n'est-il pas disponible pour les instructeurs?<\/h3>\n\n\n\n<p>Le niveau 3 de HIRA est le niveau le plus important et le plus approfondi du programme. Il est con\u00e7u pour englober toutes les facettes des op\u00e9rations commerciales et de plong\u00e9e, y compris la gestion des ressources humaines, le droit du travail et la s\u00e9curit\u00e9 au travail des employ\u00e9s, ainsi qu'une s\u00e9rie de pr\u00e9occupations sp\u00e9cifiques aux entreprises. HIRA 3 ne peut \u00eatre pleinement utilis\u00e9 que par les personnes qui poss\u00e8dent ou sont responsables d'une entreprise classique.<\/p>\n\n\n\n<h3 class=\"wp-block-heading\" id=\"h-q-does-the-hira-program-cost-anything\">Q : Le programme HIRA est-il payant?<\/h3>\n\n\n\n<p>Le programme HIRA de DAN a \u00e9t\u00e9 con\u00e7u pour aider l'industrie de la plong\u00e9e \u00e0 prosp\u00e9rer, \u00e0 r\u00e9duire les pertes des entreprises et \u00e0 pr\u00e9venir les accidents. L'industrie de la plong\u00e9e ne peut survivre sans ses professionnels, et l'am\u00e9lioration de la s\u00e9curit\u00e9 des plong\u00e9es ne peut se limiter aux seuls plongeurs de loisir. Il est fourni gratuitement aux membres DAN Pro et aux membres d\u2019entreprises en tant que moyen proactif de promouvoir la s\u00e9curit\u00e9 dans nos communaut\u00e9s et d'assurer la prosp\u00e9rit\u00e9 de notre industrie.<\/p>\n\n\n\n<h3 class=\"wp-block-heading\" id=\"h-q-what-does-dan-do-with-information-from-hira-surveys\">Q : Que fait DAN avec les informations provenant des enqu\u00eates de HIRA?<\/h3>\n\n\n\n<p>Toutes les informations fournies dans le cadre des enqu\u00eates de HIRA sont confidentielles \u00e0 100 %. Les informations que vous fournissez sont rendues anonymes avant d'\u00eatre utilis\u00e9es pour l'analyse des donn\u00e9es en vue d'am\u00e9liorations futures du programme. Vous \u00eates la seule personne \u00e0 pouvoir acc\u00e9der aux r\u00e9sultats de votre enqu\u00eate, \u00e0 moins que vous ne demandiez une consultation \u00e0 l'\u00e9quipe de gestion des risques de DAN.<\/p>\n\n\n\n<h3 class=\"wp-block-heading\" id=\"h-q-i-ve-been-in-business-for-decades-without-issues-why-should-i-consider-risk-mitigation-now\">Q : Je suis en activit\u00e9 depuis des dizaines d'ann\u00e9es sans avoir eu de probl\u00e8me; pourquoi devrais-je envisager de r\u00e9duire les risques aujourd'hui?<\/h3>\n\n\n\n<p>Un historique de fonctionnement s\u00e9curitaire et r\u00e9ussi est une bonne indication que votre entreprise est saine et bien g\u00e9r\u00e9e, mais cela ne signifie pas que vous ne courez aucun risque. Les risques existeront toujours, malgr\u00e9 tous les efforts d\u00e9ploy\u00e9s. Le programme HIRA de DAN vous permet de jeter un second regard sur votre exploitation avec un \u0153il critique et un ensemble de crit\u00e8res exhaustifs. Il est trop facile, m\u00eame pour les plus exp\u00e9riment\u00e9s d'entre nous, de se reposer sur ses lauriers et de n\u00e9gliger d'anciens dangers ou de nouveaux risques qui sont apparus. Le fait de passer par le programme peut renforcer le fait que vos risques sont bien g\u00e9r\u00e9s, mais le processus a au moins autant de valeur que son r\u00e9sultat, et vous serez en mesure d'\u00e9tablir une base de r\u00e9f\u00e9rence qui vous permettra de mesurer les risques et les op\u00e9rations futurs.<\/p>\n\n\n\n<h3 class=\"wp-block-heading\" id=\"h-q-will-hira-affect-my-insurance-rates\">Q : L'HIRA aura-t-il une incidence sur mes tarifs d'assurance?<\/h3>\n\n\n\n<p>La question de savoir si les programmes formalis\u00e9s de gestion des risques tels que le programme HIRA de DAN auront une incidence directe sur vos tarifs d'assurance d\u00e9pend de votre assureur, mais la r\u00e9duction des demandes d'indemnisation \u00e0 titre individuel et en tant qu'industrie entra\u00eenera une tendance \u00e0 la baisse des tarifs d'assurance et pourra donc \u00eatre b\u00e9n\u00e9fique \u00e0 la fois pour vous et pour l'ensemble de l'industrie. De plus, le programme peut contribuer \u00e0 r\u00e9duire le risque de litige ou la responsabilit\u00e9 dans le cadre d'un \u00e9ventuel proc\u00e8s.<\/p>\n\n\n\n<h3 class=\"wp-block-heading\" id=\"h-q-what-are-the-top-risks-for-most-shops\">Q : Quels sont les principaux risques pour la plupart des magasins?<\/h3>\n\n\n\n<p>Chaque op\u00e9ration est unique, mais les donn\u00e9es relatives aux incidents et aux pertes dans l'ensemble du secteur montrent qu'un petit nombre de dangers sont syst\u00e9matiquement \u00e0 l'origine des probl\u00e8mes. Vous trouverez ci-dessous les risques les plus courants dans les op\u00e9rations de tous types :<\/p>\n\n\n\n<ol class=\"wp-block-list\" type=\"1\">\n<li>La contamination par le monoxyde de carbone<\/li>\n\n\n\n<li>Proc\u00e9dures de remplissage des bouteilles dangereuses<\/li>\n\n\n\n<li>Absence de plans d'action d'urgence \u00e9crits et mis en pratique<\/li>\n\n\n\n<li>Crainte ou manque de formation pour identifier les clients qui repr\u00e9sentent un danger pour eux-m\u00eames et refuser le service.<\/li>\n<\/ol>\n\n\n\n<h3 class=\"wp-block-heading\" id=\"h-q-what-do-the-air-quality-test-results-mean-and-can-i-perform-the-test-myself\">Q : Que signifient les r\u00e9sultats des tests de qualit\u00e9 de l'air et puis-je les effectuer moi-m\u00eame?<\/h3>\n\n\n\n<p class=\"translation-block\">Les tests de qualit\u00e9 de l'air d\u00e9terminent le niveau des contaminants test\u00e9s dans une alimentation en gaz au moment du test. Ils ne garantissent pas la qualit\u00e9 de l'air pendant un certain temps et ne sont pas des indications d\u00e9finitives du bon fonctionnement d'un compresseur. L'ex\u00e9cution du test n'est pas difficile, mais elle demande de l'attention et de la pr\u00e9cision.\u00a0<span style=\"color:#111111\" class=\"color\">Pour plus d'informations sur les contaminants \u00e0 rechercher et sur la mani\u00e8re de le faire, t\u00e9l\u00e9chargez le guide  <strong><a href=\"https:\/\/apps.world.dan.org\/publication-library?&amp;token=na\" target=\"_self\">HIRA Guide, 2\u00e8me \u00e9dition 2019<\/a><\/strong>.<\/span>.<\/p>\n\n\n\n<h3 class=\"wp-block-heading\" id=\"h-q-what-eaps-are-most-important-for-my-business-and-how-should-i-present-them-in-my-shop\">Q : Quels sont les EAP les plus importants pour mon entreprise et comment dois-je les pr\u00e9senter dans mon magasin?<\/h3>\n\n\n\n<p class=\"translation-block\">Les EAP sont propres \u00e0 chaque entreprise et \u00e0 chaque activit\u00e9. Il existe tr\u00e8s peu de EAP qui s'appliquent \u00e0 toutes les activit\u00e9s, et les plans individuels doivent \u00eatre cr\u00e9\u00e9s en fonction de l'entreprise. Une fois qu\u2019un niveau de l\u2019HIRA est compl\u00e9t\u00e9, vous aurez une meilleure id\u00e9e des risques auxquels votre entreprise est confront\u00e9e et serez mieux \u00e0 m\u00eame de cr\u00e9er les EAP dont elle a besoin.<span style=\"color:#111111\" class=\"color\">Pour des exemples de EAP ou des outils pour cr\u00e9er le v\u00f4tre, <\/span><span style=\"color:#f11743\" class=\"color\"> <\/span>t\u00e9l\u00e9chargez le guide <strong><a href=\"https:\/\/apps.world.dan.org\/publication-library?&amp;token=na\" target=\"_self\">HIRA Guide, 2\u00e8me \u00e9dition 2019 <\/a><\/strong>.<\/p>\n\n\n\n<h3 class=\"wp-block-heading\" id=\"h-q-do-i-have-the-right-to-refuse-a-customer-and-if-so-how-do-i-do-it\">Q : Ai-je le droit de refuser un client et, si c\u2019est la cas, comment puis-je le faire?<\/h3>\n\n\n\n<p class=\"translation-block\">Le droit de refus est un \u00e9l\u00e9ment essentiel de toute entreprise et un \u00e9l\u00e9ment que de nombreux acteurs du secteur de la plong\u00e9e ont mal interpr\u00e9t\u00e9 ou sur lequel ils n'ont jamais \u00e9t\u00e9 form\u00e9s. Il est important de comprendre que tant que vous avez une politique \u00e9crite et accessible au public, vous avez le droit absolu de refuser un client pour tout probl\u00e8me raisonnable de s\u00e9curit\u00e9 ou de sant\u00e9. De plus, si un client pr\u00e9sente un risque pour sa propre s\u00e9curit\u00e9 ou pour la v\u00f4tre ou celle de votre personnel, vous avez l'obligation de refuser le service de mani\u00e8re polie et appropri\u00e9e, pour la s\u00e9curit\u00e9 de toutes les personnes concern\u00e9es.\u00a0<span style=\"color:#111111\" class=\"color\">Pour plus d'informations sur le droit de refus et les politiques de refus public, veuillez consulter  <em><a href=\"https:\/\/world.dan.org\/fr\/alert-diver\/article\/right-of-refusal\/\" target=\"_self\"><strong>Droit de refus<\/strong><\/a><\/em><\/span>.<\/p>\n\n\n\n<p><\/p>","protected":false},"excerpt":{"rendered":"<p>Q: What is HIRA? The DAN Hazard Identification and Risk Assessment (HIRA) program is a direct adaption of the institutional safety programs used in healthcare and aerospace. It is designed [&hellip;]<\/p>\n","protected":false},"author":1,"featured_media":0,"parent":2017,"menu_order":126,"comment_status":"closed","ping_status":"closed","template":"","meta":{"_acf_changed":false,"_ef_editorial_meta_date_first-draft-date":"","_ef_editorial_meta_paragraph_assignment":"","_ef_editorial_meta_checkbox_needs-photo":"","_ef_editorial_meta_number_word-count":"","footnotes":""},"class_list":["post-2380","page","type-page","status-publish","hentry"],"acf":[],"yoast_head":"<!-- This site is optimized with the Yoast SEO Premium plugin v27.0 (Yoast SEO v27.3) - https:\/\/yoast.com\/product\/yoast-seo-premium-wordpress\/ -->\n<title>Hazard Identification and Risk Assessment (HIRA) FAQs - DAN World<\/title>\n<meta name=\"robots\" content=\"index, follow, max-snippet:-1, max-image-preview:large, max-video-preview:-1\" \/>\n<link rel=\"canonical\" href=\"https:\/\/world.dan.org\/fr\/safety-prevention\/operation-safety\/safety-assessments\/hazard-identification-and-risk-assessment-hira-faqs\/\" \/>\n<meta property=\"og:locale\" content=\"fr_CA\" \/>\n<meta property=\"og:type\" content=\"article\" \/>\n<meta property=\"og:title\" content=\"Hazard Identification and Risk Assessment (HIRA) FAQs\" \/>\n<meta property=\"og:description\" content=\"Q: What is HIRA? The DAN Hazard Identification and Risk Assessment (HIRA) program is a direct adaption of the institutional safety programs used in healthcare and aerospace. It is designed [&hellip;]\" \/>\n<meta property=\"og:url\" content=\"https:\/\/world.dan.org\/fr\/safety-prevention\/operation-safety\/safety-assessments\/hazard-identification-and-risk-assessment-hira-faqs\/\" \/>\n<meta property=\"og:site_name\" content=\"DAN World\" \/>\n<meta property=\"article:modified_time\" content=\"2023-07-22T15:03:02+00:00\" \/>\n<meta name=\"twitter:card\" content=\"summary_large_image\" \/>\n<meta name=\"twitter:label1\" content=\"Est. reading time\" \/>\n\t<meta name=\"twitter:data1\" content=\"6 minutes\" \/>\n<script type=\"application\/ld+json\" class=\"yoast-schema-graph\">{\"@context\":\"https:\\\/\\\/schema.org\",\"@graph\":[{\"@type\":\"WebPage\",\"@id\":\"https:\\\/\\\/world.dan.org\\\/safety-prevention\\\/operation-safety\\\/safety-assessments\\\/hazard-identification-and-risk-assessment-hira-faqs\\\/\",\"url\":\"https:\\\/\\\/world.dan.org\\\/safety-prevention\\\/operation-safety\\\/safety-assessments\\\/hazard-identification-and-risk-assessment-hira-faqs\\\/\",\"name\":\"Hazard Identification and Risk Assessment (HIRA) FAQs - DAN World\",\"isPartOf\":{\"@id\":\"https:\\\/\\\/world.dan.org\\\/es\\\/#website\"},\"datePublished\":\"2020-07-16T15:45:11+00:00\",\"dateModified\":\"2023-07-22T15:03:02+00:00\",\"breadcrumb\":{\"@id\":\"https:\\\/\\\/world.dan.org\\\/safety-prevention\\\/operation-safety\\\/safety-assessments\\\/hazard-identification-and-risk-assessment-hira-faqs\\\/#breadcrumb\"},\"inLanguage\":\"fr-CA\",\"potentialAction\":[{\"@type\":\"ReadAction\",\"target\":[\"https:\\\/\\\/world.dan.org\\\/safety-prevention\\\/operation-safety\\\/safety-assessments\\\/hazard-identification-and-risk-assessment-hira-faqs\\\/\"]}]},{\"@type\":\"BreadcrumbList\",\"@id\":\"https:\\\/\\\/world.dan.org\\\/safety-prevention\\\/operation-safety\\\/safety-assessments\\\/hazard-identification-and-risk-assessment-hira-faqs\\\/#breadcrumb\",\"itemListElement\":[{\"@type\":\"ListItem\",\"position\":1,\"name\":\"Home\",\"item\":\"https:\\\/\\\/world.dan.org\\\/\"},{\"@type\":\"ListItem\",\"position\":2,\"name\":\"Safety &#038; Prevention\",\"item\":\"https:\\\/\\\/world.dan.org\\\/safety-prevention\\\/\"},{\"@type\":\"ListItem\",\"position\":3,\"name\":\"Dive Operation Safety\",\"item\":\"https:\\\/\\\/world.dan.org\\\/ko\\\/safety-prevention\\\/operation-safety\\\/\"},{\"@type\":\"ListItem\",\"position\":4,\"name\":\"Safety Assessments: Dive Professionals\",\"item\":\"https:\\\/\\\/world.dan.org\\\/safety-prevention\\\/operation-safety\\\/safety-assessments\\\/\"},{\"@type\":\"ListItem\",\"position\":5,\"name\":\"Hazard Identification and Risk Assessment (HIRA) FAQs\"}]},{\"@type\":\"WebSite\",\"@id\":\"https:\\\/\\\/world.dan.org\\\/es\\\/#website\",\"url\":\"https:\\\/\\\/world.dan.org\\\/es\\\/\",\"name\":\"DAN World\",\"description\":\"\",\"publisher\":{\"@id\":\"https:\\\/\\\/world.dan.org\\\/es\\\/#organization\"},\"potentialAction\":[{\"@type\":\"SearchAction\",\"target\":{\"@type\":\"EntryPoint\",\"urlTemplate\":\"https:\\\/\\\/world.dan.org\\\/es\\\/?s={search_term_string}\"},\"query-input\":{\"@type\":\"PropertyValueSpecification\",\"valueRequired\":true,\"valueName\":\"search_term_string\"}}],\"inLanguage\":\"fr-CA\"},{\"@type\":\"Organization\",\"@id\":\"https:\\\/\\\/world.dan.org\\\/es\\\/#organization\",\"name\":\"DAN World\",\"url\":\"https:\\\/\\\/world.dan.org\\\/es\\\/\",\"logo\":{\"@type\":\"ImageObject\",\"inLanguage\":\"fr-CA\",\"@id\":\"https:\\\/\\\/world.dan.org\\\/es\\\/#\\\/schema\\\/logo\\\/image\\\/\",\"url\":\"https:\\\/\\\/world.dan.org\\\/wp-content\\\/uploads\\\/2022\\\/04\\\/DAN-World-logo-sm-52px.svg\",\"contentUrl\":\"https:\\\/\\\/world.dan.org\\\/wp-content\\\/uploads\\\/2022\\\/04\\\/DAN-World-logo-sm-52px.svg\",\"width\":175,\"height\":52,\"caption\":\"DAN World\"},\"image\":{\"@id\":\"https:\\\/\\\/world.dan.org\\\/es\\\/#\\\/schema\\\/logo\\\/image\\\/\"}}]}<\/script>\n<!-- \/ Yoast SEO Premium plugin. -->","yoast_head_json":{"title":"FAQ sur l'identification des dangers et l'\u00e9valuation des risques (HIRA) - DAN World","robots":{"index":"index","follow":"follow","max-snippet":"max-snippet:-1","max-image-preview":"max-image-preview:large","max-video-preview":"max-video-preview:-1"},"canonical":"https:\/\/world.dan.org\/fr\/safety-prevention\/operation-safety\/safety-assessments\/hazard-identification-and-risk-assessment-hira-faqs\/","og_locale":"fr_CA","og_type":"article","og_title":"Hazard Identification and Risk Assessment (HIRA) FAQs","og_description":"Q: What is HIRA? The DAN Hazard Identification and Risk Assessment (HIRA) program is a direct adaption of the institutional safety programs used in healthcare and aerospace. It is designed [&hellip;]","og_url":"https:\/\/world.dan.org\/fr\/safety-prevention\/operation-safety\/safety-assessments\/hazard-identification-and-risk-assessment-hira-faqs\/","og_site_name":"DAN World","article_modified_time":"2023-07-22T15:03:02+00:00","twitter_card":"summary_large_image","twitter_misc":{"Est. reading time":"6 minutes"},"schema":{"@context":"https:\/\/schema.org","@graph":[{"@type":"WebPage","@id":"https:\/\/world.dan.org\/safety-prevention\/operation-safety\/safety-assessments\/hazard-identification-and-risk-assessment-hira-faqs\/","url":"https:\/\/world.dan.org\/safety-prevention\/operation-safety\/safety-assessments\/hazard-identification-and-risk-assessment-hira-faqs\/","name":"FAQ sur l'identification des dangers et l'\u00e9valuation des risques (HIRA) - DAN World","isPartOf":{"@id":"https:\/\/world.dan.org\/es\/#website"},"datePublished":"2020-07-16T15:45:11+00:00","dateModified":"2023-07-22T15:03:02+00:00","breadcrumb":{"@id":"https:\/\/world.dan.org\/safety-prevention\/operation-safety\/safety-assessments\/hazard-identification-and-risk-assessment-hira-faqs\/#breadcrumb"},"inLanguage":"fr-CA","potentialAction":[{"@type":"ReadAction","target":["https:\/\/world.dan.org\/safety-prevention\/operation-safety\/safety-assessments\/hazard-identification-and-risk-assessment-hira-faqs\/"]}]},{"@type":"BreadcrumbList","@id":"https:\/\/world.dan.org\/safety-prevention\/operation-safety\/safety-assessments\/hazard-identification-and-risk-assessment-hira-faqs\/#breadcrumb","itemListElement":[{"@type":"ListItem","position":1,"name":"Home","item":"https:\/\/world.dan.org\/"},{"@type":"ListItem","position":2,"name":"Safety &#038; Prevention","item":"https:\/\/world.dan.org\/safety-prevention\/"},{"@type":"ListItem","position":3,"name":"Dive Operation Safety","item":"https:\/\/world.dan.org\/ko\/safety-prevention\/operation-safety\/"},{"@type":"ListItem","position":4,"name":"Safety Assessments: Dive Professionals","item":"https:\/\/world.dan.org\/safety-prevention\/operation-safety\/safety-assessments\/"},{"@type":"ListItem","position":5,"name":"Hazard Identification and Risk Assessment (HIRA) FAQs"}]},{"@type":"WebSite","@id":"https:\/\/world.dan.org\/es\/#website","url":"https:\/\/world.dan.org\/es\/","name":"DAN World","description":"","publisher":{"@id":"https:\/\/world.dan.org\/es\/#organization"},"potentialAction":[{"@type":"SearchAction","target":{"@type":"EntryPoint","urlTemplate":"https:\/\/world.dan.org\/es\/?s={search_term_string}"},"query-input":{"@type":"PropertyValueSpecification","valueRequired":true,"valueName":"search_term_string"}}],"inLanguage":"fr-CA"},{"@type":"Organization","@id":"https:\/\/world.dan.org\/es\/#organization","name":"DAN World","url":"https:\/\/world.dan.org\/es\/","logo":{"@type":"ImageObject","inLanguage":"fr-CA","@id":"https:\/\/world.dan.org\/es\/#\/schema\/logo\/image\/","url":"https:\/\/world.dan.org\/wp-content\/uploads\/2022\/04\/DAN-World-logo-sm-52px.svg","contentUrl":"https:\/\/world.dan.org\/wp-content\/uploads\/2022\/04\/DAN-World-logo-sm-52px.svg","width":175,"height":52,"caption":"DAN World"},"image":{"@id":"https:\/\/world.dan.org\/es\/#\/schema\/logo\/image\/"}}]}},"_links":{"self":[{"href":"https:\/\/world.dan.org\/fr\/wp-json\/wp\/v2\/pages\/2380","targetHints":{"allow":["GET"]}}],"collection":[{"href":"https:\/\/world.dan.org\/fr\/wp-json\/wp\/v2\/pages"}],"about":[{"href":"https:\/\/world.dan.org\/fr\/wp-json\/wp\/v2\/types\/page"}],"author":[{"embeddable":true,"href":"https:\/\/world.dan.org\/fr\/wp-json\/wp\/v2\/users\/1"}],"replies":[{"embeddable":true,"href":"https:\/\/world.dan.org\/fr\/wp-json\/wp\/v2\/comments?post=2380"}],"version-history":[{"count":0,"href":"https:\/\/world.dan.org\/fr\/wp-json\/wp\/v2\/pages\/2380\/revisions"}],"up":[{"embeddable":true,"href":"https:\/\/world.dan.org\/fr\/wp-json\/wp\/v2\/pages\/2017"}],"wp:attachment":[{"href":"https:\/\/world.dan.org\/fr\/wp-json\/wp\/v2\/media?parent=2380"}],"curies":[{"name":"wp","href":"https:\/\/api.w.org\/{rel}","templated":true}]}}