{"id":2387,"date":"2020-07-16T12:12:35","date_gmt":"2020-07-16T16:12:35","guid":{"rendered":"http:\/\/wordpress.world.dan.org\/?page_id=2387"},"modified":"2023-08-25T14:52:23","modified_gmt":"2023-08-25T18:52:23","slug":"operational-safety-resources","status":"publish","type":"page","link":"https:\/\/world.dan.org\/fr\/safety-prevention\/operation-safety\/operational-safety-resources\/","title":{"rendered":"Ressources de s\u00e9curit\u00e9 : Op\u00e9rateurs de plong\u00e9e"},"content":{"rendered":"\n<div style=\"height:30px\" aria-hidden=\"true\" class=\"wp-block-spacer\"><\/div>\n\n\n\n<p><strong>Our safety resources, free to all, include a range of downloadable publications, advisories, checklists and other useful documents.<\/strong><\/p>\n\n\n\n<div style=\"height:30px\" aria-hidden=\"true\" class=\"wp-block-spacer\"><\/div>\n\n\n\n<div class=\"wp-block-columns is-layout-flex wp-container-core-columns-is-layout-9d6595d7 wp-block-columns-is-layout-flex\">\n<div class=\"wp-block-column is-layout-flow wp-block-column-is-layout-flow\">\n<h2 class=\"wp-block-heading has-dan-black-color has-text-color\" id=\"h-air-quality\">Air Quality<\/h2>\n\n\n\n<ul class=\"wp-block-list\">\n<li><a href=\"http:\/\/world.dan.org\/wp-content\/uploads\/2020\/07\/Air-quality-article-I.pdf\">Scuba Air Quality: Part 1<\/a><\/li>\n\n\n\n<li><a href=\"http:\/\/world.dan.org\/wp-content\/uploads\/2020\/07\/Air-quality-article-II.pdf\">Scuba Air Quality: Part 2<\/a><\/li>\n\n\n\n<li><a href=\"http:\/\/world.dan.org\/wp-content\/uploads\/2020\/07\/AQT-Form-2018-Fillable.pdf\">Air Quality Testing Form<\/a><\/li>\n\n\n\n<li><a href=\"https:\/\/world.dan.org\/alert-diver\/article\/carbon-monoxide-the-silent-killer\/\">Carbon Monoxide: The Silent Killer<\/a> <\/li>\n\n\n\n<li><a href=\"https:\/\/world.dan.org\/alert-diver\/article\/carbon-monoxide-safety-by-francois\/\">Carbon Monoxide Safety<\/a>  <\/li>\n\n\n\n<li><a href=\"https:\/\/world.dan.org\/alert-diver\/article\/carbon-dioxide-safety\/\">Carbon Dioxide Safety<\/a>  <\/li>\n<\/ul>\n<\/div>\n\n\n\n<div class=\"wp-block-column is-layout-flow wp-block-column-is-layout-flow\">\n<h2 class=\"wp-block-heading has-dan-black-color has-text-color\" id=\"h-emergency-action-plans-eaps\">Emergency Action Plans (EAPs)<\/h2>\n\n\n\n<ul class=\"wp-block-list\">\n<li><a download=\"\" href=\"https:\/\/world.dan.org\/wp-content\/uploads\/2020\/08\/EAP-Combined-R1.pdf\">Interactive EAP: A Tool to Create Your Own Emergency Action Plan<\/a> <strong>[Download form and open in Acrobat]<\/strong><\/li>\n\n\n\n<li><a href=\"https:\/\/world.dan.org\/alert-diver\/article\/emergency-planning-why-do-we-need-it\/\">Emergency Planning: Why Do We Need It?<\/a>  <\/li>\n\n\n\n<li><a href=\"https:\/\/world.dan.org\/alert-diver\/article\/when-things-go-wrong\/\">Emergency Action Plans: When Things Go Wrong<\/a>  <\/li>\n\n\n\n<li><a href=\"https:\/\/world.dan.org\/alert-diver\/article\/emergency-planning-what-makes-a-good-plan\/\">Emergency Planning: What Makes a Good Plan?<\/a>  <\/li>\n\n\n\n<li><a href=\"https:\/\/world.dan.org\/alert-diver\/article\/emergency-planning-practicing-the-plan\/\">Emergency Planning: Practicing the Plan<\/a>  <\/li>\n<\/ul>\n<\/div>\n<\/div>\n\n\n\n<div style=\"height:30px\" aria-hidden=\"true\" class=\"wp-block-spacer\"><\/div>\n\n\n\n<hr class=\"wp-block-separator has-text-color has-dan-light-gray-color has-css-opacity has-dan-light-gray-background-color has-background\"\/>\n\n\n\n<div style=\"height:30px\" aria-hidden=\"true\" class=\"wp-block-spacer\"><\/div>\n\n\n\n<h2 class=\"wp-block-heading has-dan-black-color has-text-color\" id=\"h-risk-mitigation-publications\">Risk Mitigation Publications<\/h2>\n\n\n\n<div class=\"wp-block-columns is-layout-flex wp-container-core-columns-is-layout-9d6595d7 wp-block-columns-is-layout-flex\">\n<div class=\"wp-block-column is-layout-flow wp-block-column-is-layout-flow\">\n<ul class=\"wp-block-list\">\n<li><a href=\"https:\/\/world.dan.org\/safety-prevention\/dan-safety-tips-for-dive-operators-guide\/\">Safety Tips for Dive Operators<\/a><\/li>\n\n\n\n<li><a href=\"https:\/\/apps.dan.org\/Publication-Library\/\">HIRA Guide 2nd Edition 2019<\/a><\/li>\n\n\n\n<li><a href=\"https:\/\/world.dan.org\/alert-diver\/article\/fire-safety-in-the-dive-industry\/\">Fire Safety in the Dive Industry: Part 1<\/a>  <\/li>\n\n\n\n<li><a href=\"https:\/\/world.dan.org\/alert-diver\/article\/fire-safety-in-the-dive-industry-2\/\">Fire Safety in the Dive Industry: Part 2<\/a>  <\/li>\n<\/ul>\n<\/div>\n\n\n\n<div class=\"wp-block-column is-layout-flow wp-block-column-is-layout-flow\">\n<ul class=\"wp-block-list\">\n<li><a href=\"https:\/\/world.dan.org\/alert-diver\/article\/dive-boat-fire-safety\/\">Dive Boat Fire Safety<\/a><\/li>\n\n\n\n<li><a href=\"https:\/\/world.dan.org\/alert-diver\/article\/equipment-maintenance-2\/\">Equipment Maintenance<\/a>  <\/li>\n\n\n\n<li><a href=\"https:\/\/world.dan.org\/alert-diver\/article\/reduce-your-liability-risk\/\">Reduce Your Liability Risk<\/a>  <\/li>\n\n\n\n<li><a href=\"https:\/\/world.dan.org\/alert-diver\/article\/protect-our-environment\/\">Protect Our Environment<\/a>  <\/li>\n<\/ul>\n\n\n\n<p><\/p>\n<\/div>\n<\/div>\n\n\n\n<div style=\"height:20px\" aria-hidden=\"true\" class=\"wp-block-spacer\"><\/div>\n\n\n\n<div class=\"wp-block-columns is-layout-flex wp-container-core-columns-is-layout-9d6595d7 wp-block-columns-is-layout-flex\">\n<div class=\"wp-block-column is-layout-flow wp-block-column-is-layout-flow\">\n<figure class=\"wp-block-image size-full\"><img loading=\"lazy\" decoding=\"async\" width=\"600\" height=\"300\" src=\"https:\/\/world.dan.org\/wp-content\/uploads\/2021\/12\/COVID-19-1212590125-600x300-1.jpg\" alt=\"\" class=\"wp-image-19559\" srcset=\"https:\/\/world.dan.org\/wp-content\/uploads\/2021\/12\/COVID-19-1212590125-600x300-1.jpg 600w, https:\/\/world.dan.org\/wp-content\/uploads\/2021\/12\/COVID-19-1212590125-600x300-1-360x180.jpg 360w, https:\/\/world.dan.org\/wp-content\/uploads\/2021\/12\/COVID-19-1212590125-600x300-1-18x9.jpg 18w\" sizes=\"auto, (max-width: 600px) 100vw, 600px\" \/><\/figure>\n<\/div>\n\n\n\n<div class=\"wp-block-column is-vertically-aligned-center is-layout-flow wp-block-column-is-layout-flow\">\n<h2 class=\"wp-block-heading has-dan-black-color has-text-color\" id=\"h-covid-19\">COVID-19<\/h2>\n\n\n\n<p>DAN encourages divers and dive operators to comply with federal and state social distancing orders and to stay up to date on the recommendations of the CDC, WHO and your local health department.<\/p>\n\n\n\n<div style=\"height:10px\" aria-hidden=\"true\" class=\"wp-block-spacer\"><\/div>\n\n\n\n<div class=\"wp-block-buttons is-layout-flex wp-block-buttons-is-layout-flex\">\n<div class=\"wp-block-button\"><a class=\"wp-block-button__link has-dan-red-400-background-color has-background wp-element-button\" href=\"https:\/\/world.dan.org\/health-medicine\/covid-19\/\" style=\"border-radius:5px\">COVID-19<\/a><\/div>\n<\/div>\n<\/div>\n<\/div>\n","protected":false},"excerpt":{"rendered":"<p>Nos ressources de s\u00e9curit\u00e9, gratuites pour tous, comprennent une s\u00e9rie de publications t\u00e9l\u00e9chargeables, d'avis, de listes de contr\u00f4le et d'autres documents utiles.<\/p>","protected":false},"author":1,"featured_media":17616,"parent":43,"menu_order":118,"comment_status":"closed","ping_status":"closed","template":"","meta":{"_acf_changed":false,"_ef_editorial_meta_date_first-draft-date":"","_ef_editorial_meta_paragraph_assignment":"","_ef_editorial_meta_checkbox_needs-photo":"","_ef_editorial_meta_number_word-count":"","footnotes":""},"class_list":["post-2387","page","type-page","status-publish","has-post-thumbnail","hentry"],"acf":[],"yoast_head":"<!-- This site is optimized with the Yoast SEO Premium plugin v27.4 (Yoast SEO v27.4) - https:\/\/yoast.com\/product\/yoast-seo-premium-wordpress\/ -->\n<title>Safety Resources: Dive Operators - DAN World<\/title>\n<meta name=\"description\" content=\"Our safety resources, free to all, include a range of downloadable publications, advisories, checklists and other useful documents.\" \/>\n<meta name=\"robots\" content=\"index, follow, max-snippet:-1, max-image-preview:large, max-video-preview:-1\" \/>\n<link rel=\"canonical\" href=\"https:\/\/world.dan.org\/fr\/safety-prevention\/operation-safety\/operational-safety-resources\/\" \/>\n<meta property=\"og:locale\" content=\"fr_CA\" \/>\n<meta property=\"og:type\" content=\"article\" \/>\n<meta property=\"og:title\" content=\"Safety Resources: Dive Operators\" \/>\n<meta property=\"og:description\" content=\"Our safety resources, free to all, include a range of downloadable publications, advisories, checklists and other useful documents.\" \/>\n<meta property=\"og:url\" content=\"https:\/\/world.dan.org\/fr\/safety-prevention\/operation-safety\/operational-safety-resources\/\" \/>\n<meta property=\"og:site_name\" content=\"DAN World\" \/>\n<meta property=\"article:modified_time\" content=\"2023-08-25T18:52:23+00:00\" \/>\n<meta property=\"og:image\" content=\"https:\/\/world.dan.org\/wp-content\/uploads\/2021\/07\/dive-operation-safety-IMG_7669-1200x600-1.jpg\" \/>\n\t<meta property=\"og:image:width\" content=\"1200\" \/>\n\t<meta property=\"og:image:height\" content=\"600\" \/>\n\t<meta property=\"og:image:type\" content=\"image\/jpeg\" \/>\n<meta name=\"twitter:card\" content=\"summary_large_image\" \/>\n<meta name=\"twitter:title\" content=\"Safety Resources: Dive Operators\" \/>\n<meta name=\"twitter:description\" content=\"Our safety resources, free to all, include a range of downloadable publications, advisories, checklists and other useful documents.\" \/>\n<meta name=\"twitter:image\" content=\"https:\/\/world.dan.org\/wp-content\/uploads\/2021\/07\/dive-operation-safety-IMG_7669-1200x600-1.jpg\" \/>\n<meta name=\"twitter:label1\" content=\"Est. reading time\" \/>\n\t<meta name=\"twitter:data1\" content=\"1 minute\" \/>\n<script type=\"application\/ld+json\" class=\"yoast-schema-graph\">{\"@context\":\"https:\\\/\\\/schema.org\",\"@graph\":[{\"@type\":\"WebPage\",\"@id\":\"https:\\\/\\\/world.dan.org\\\/safety-prevention\\\/operation-safety\\\/operational-safety-resources\\\/\",\"url\":\"https:\\\/\\\/world.dan.org\\\/safety-prevention\\\/operation-safety\\\/operational-safety-resources\\\/\",\"name\":\"Safety Resources: Dive Operators - DAN World\",\"isPartOf\":{\"@id\":\"https:\\\/\\\/world.dan.org\\\/es\\\/#website\"},\"primaryImageOfPage\":{\"@id\":\"https:\\\/\\\/world.dan.org\\\/safety-prevention\\\/operation-safety\\\/operational-safety-resources\\\/#primaryimage\"},\"image\":{\"@id\":\"https:\\\/\\\/world.dan.org\\\/safety-prevention\\\/operation-safety\\\/operational-safety-resources\\\/#primaryimage\"},\"thumbnailUrl\":\"https:\\\/\\\/world.dan.org\\\/wp-content\\\/uploads\\\/2021\\\/07\\\/dive-operation-safety-IMG_7669-1200x600-2.jpg\",\"datePublished\":\"2020-07-16T16:12:35+00:00\",\"dateModified\":\"2023-08-25T18:52:23+00:00\",\"description\":\"Our safety resources, free to all, include a range of downloadable publications, advisories, checklists and other useful documents.\",\"breadcrumb\":{\"@id\":\"https:\\\/\\\/world.dan.org\\\/safety-prevention\\\/operation-safety\\\/operational-safety-resources\\\/#breadcrumb\"},\"inLanguage\":\"fr-CA\",\"potentialAction\":[{\"@type\":\"ReadAction\",\"target\":[\"https:\\\/\\\/world.dan.org\\\/safety-prevention\\\/operation-safety\\\/operational-safety-resources\\\/\"]}]},{\"@type\":\"ImageObject\",\"inLanguage\":\"fr-CA\",\"@id\":\"https:\\\/\\\/world.dan.org\\\/safety-prevention\\\/operation-safety\\\/operational-safety-resources\\\/#primaryimage\",\"url\":\"https:\\\/\\\/world.dan.org\\\/wp-content\\\/uploads\\\/2021\\\/07\\\/dive-operation-safety-IMG_7669-1200x600-2.jpg\",\"contentUrl\":\"https:\\\/\\\/world.dan.org\\\/wp-content\\\/uploads\\\/2021\\\/07\\\/dive-operation-safety-IMG_7669-1200x600-2.jpg\",\"width\":1200,\"height\":600},{\"@type\":\"BreadcrumbList\",\"@id\":\"https:\\\/\\\/world.dan.org\\\/safety-prevention\\\/operation-safety\\\/operational-safety-resources\\\/#breadcrumb\",\"itemListElement\":[{\"@type\":\"ListItem\",\"position\":1,\"name\":\"Home\",\"item\":\"https:\\\/\\\/world.dan.org\\\/\"},{\"@type\":\"ListItem\",\"position\":2,\"name\":\"Safety &#038; Prevention\",\"item\":\"https:\\\/\\\/world.dan.org\\\/safety-prevention\\\/\"},{\"@type\":\"ListItem\",\"position\":3,\"name\":\"Dive Operation Safety\",\"item\":\"https:\\\/\\\/world.dan.org\\\/ko\\\/safety-prevention\\\/operation-safety\\\/\"},{\"@type\":\"ListItem\",\"position\":4,\"name\":\"Safety Resources: Dive Operators\"}]},{\"@type\":\"WebSite\",\"@id\":\"https:\\\/\\\/world.dan.org\\\/es\\\/#website\",\"url\":\"https:\\\/\\\/world.dan.org\\\/es\\\/\",\"name\":\"DAN World\",\"description\":\"\",\"publisher\":{\"@id\":\"https:\\\/\\\/world.dan.org\\\/es\\\/#organization\"},\"potentialAction\":[{\"@type\":\"SearchAction\",\"target\":{\"@type\":\"EntryPoint\",\"urlTemplate\":\"https:\\\/\\\/world.dan.org\\\/es\\\/?s={search_term_string}\"},\"query-input\":{\"@type\":\"PropertyValueSpecification\",\"valueRequired\":true,\"valueName\":\"search_term_string\"}}],\"inLanguage\":\"fr-CA\"},{\"@type\":\"Organization\",\"@id\":\"https:\\\/\\\/world.dan.org\\\/es\\\/#organization\",\"name\":\"DAN World\",\"url\":\"https:\\\/\\\/world.dan.org\\\/es\\\/\",\"logo\":{\"@type\":\"ImageObject\",\"inLanguage\":\"fr-CA\",\"@id\":\"https:\\\/\\\/world.dan.org\\\/es\\\/#\\\/schema\\\/logo\\\/image\\\/\",\"url\":\"https:\\\/\\\/world.dan.org\\\/wp-content\\\/uploads\\\/2022\\\/04\\\/DAN-World-logo-sm-52px.svg\",\"contentUrl\":\"https:\\\/\\\/world.dan.org\\\/wp-content\\\/uploads\\\/2022\\\/04\\\/DAN-World-logo-sm-52px.svg\",\"width\":175,\"height\":52,\"caption\":\"DAN World\"},\"image\":{\"@id\":\"https:\\\/\\\/world.dan.org\\\/es\\\/#\\\/schema\\\/logo\\\/image\\\/\"}}]}<\/script>\n<!-- \/ Yoast SEO Premium plugin. -->","yoast_head_json":{"title":"Ressources de s\u00e9curit\u00e9 : Op\u00e9rateurs de plong\u00e9e - DAN World","description":"Nos ressources de s\u00e9curit\u00e9, gratuites pour tous, comprennent une s\u00e9rie de publications t\u00e9l\u00e9chargeables, d'avis, de listes de contr\u00f4le et d'autres documents utiles.","robots":{"index":"index","follow":"follow","max-snippet":"max-snippet:-1","max-image-preview":"max-image-preview:large","max-video-preview":"max-video-preview:-1"},"canonical":"https:\/\/world.dan.org\/fr\/safety-prevention\/operation-safety\/operational-safety-resources\/","og_locale":"fr_CA","og_type":"article","og_title":"Safety Resources: Dive Operators","og_description":"Our safety resources, free to all, include a range of downloadable publications, advisories, checklists and other useful documents.","og_url":"https:\/\/world.dan.org\/fr\/safety-prevention\/operation-safety\/operational-safety-resources\/","og_site_name":"DAN World","article_modified_time":"2023-08-25T18:52:23+00:00","og_image":[{"width":1200,"height":600,"url":"https:\/\/world.dan.org\/wp-content\/uploads\/2021\/07\/dive-operation-safety-IMG_7669-1200x600-1.jpg","type":"image\/jpeg"}],"twitter_card":"summary_large_image","twitter_title":"Safety Resources: Dive Operators","twitter_description":"Our safety resources, free to all, include a range of downloadable publications, advisories, checklists and other useful documents.","twitter_image":"https:\/\/world.dan.org\/wp-content\/uploads\/2021\/07\/dive-operation-safety-IMG_7669-1200x600-1.jpg","twitter_misc":{"Est. reading time":"1 minute"},"schema":{"@context":"https:\/\/schema.org","@graph":[{"@type":"WebPage","@id":"https:\/\/world.dan.org\/safety-prevention\/operation-safety\/operational-safety-resources\/","url":"https:\/\/world.dan.org\/safety-prevention\/operation-safety\/operational-safety-resources\/","name":"Ressources de s\u00e9curit\u00e9 : Op\u00e9rateurs de plong\u00e9e - DAN World","isPartOf":{"@id":"https:\/\/world.dan.org\/es\/#website"},"primaryImageOfPage":{"@id":"https:\/\/world.dan.org\/safety-prevention\/operation-safety\/operational-safety-resources\/#primaryimage"},"image":{"@id":"https:\/\/world.dan.org\/safety-prevention\/operation-safety\/operational-safety-resources\/#primaryimage"},"thumbnailUrl":"https:\/\/world.dan.org\/wp-content\/uploads\/2021\/07\/dive-operation-safety-IMG_7669-1200x600-2.jpg","datePublished":"2020-07-16T16:12:35+00:00","dateModified":"2023-08-25T18:52:23+00:00","description":"Nos ressources de s\u00e9curit\u00e9, gratuites pour tous, comprennent une s\u00e9rie de publications t\u00e9l\u00e9chargeables, d'avis, de listes de contr\u00f4le et d'autres documents utiles.","breadcrumb":{"@id":"https:\/\/world.dan.org\/safety-prevention\/operation-safety\/operational-safety-resources\/#breadcrumb"},"inLanguage":"fr-CA","potentialAction":[{"@type":"ReadAction","target":["https:\/\/world.dan.org\/safety-prevention\/operation-safety\/operational-safety-resources\/"]}]},{"@type":"ImageObject","inLanguage":"fr-CA","@id":"https:\/\/world.dan.org\/safety-prevention\/operation-safety\/operational-safety-resources\/#primaryimage","url":"https:\/\/world.dan.org\/wp-content\/uploads\/2021\/07\/dive-operation-safety-IMG_7669-1200x600-2.jpg","contentUrl":"https:\/\/world.dan.org\/wp-content\/uploads\/2021\/07\/dive-operation-safety-IMG_7669-1200x600-2.jpg","width":1200,"height":600},{"@type":"BreadcrumbList","@id":"https:\/\/world.dan.org\/safety-prevention\/operation-safety\/operational-safety-resources\/#breadcrumb","itemListElement":[{"@type":"ListItem","position":1,"name":"Home","item":"https:\/\/world.dan.org\/"},{"@type":"ListItem","position":2,"name":"Safety &#038; Prevention","item":"https:\/\/world.dan.org\/safety-prevention\/"},{"@type":"ListItem","position":3,"name":"Dive Operation Safety","item":"https:\/\/world.dan.org\/ko\/safety-prevention\/operation-safety\/"},{"@type":"ListItem","position":4,"name":"Safety Resources: Dive Operators"}]},{"@type":"WebSite","@id":"https:\/\/world.dan.org\/es\/#website","url":"https:\/\/world.dan.org\/es\/","name":"DAN World","description":"","publisher":{"@id":"https:\/\/world.dan.org\/es\/#organization"},"potentialAction":[{"@type":"SearchAction","target":{"@type":"EntryPoint","urlTemplate":"https:\/\/world.dan.org\/es\/?s={search_term_string}"},"query-input":{"@type":"PropertyValueSpecification","valueRequired":true,"valueName":"search_term_string"}}],"inLanguage":"fr-CA"},{"@type":"Organization","@id":"https:\/\/world.dan.org\/es\/#organization","name":"DAN World","url":"https:\/\/world.dan.org\/es\/","logo":{"@type":"ImageObject","inLanguage":"fr-CA","@id":"https:\/\/world.dan.org\/es\/#\/schema\/logo\/image\/","url":"https:\/\/world.dan.org\/wp-content\/uploads\/2022\/04\/DAN-World-logo-sm-52px.svg","contentUrl":"https:\/\/world.dan.org\/wp-content\/uploads\/2022\/04\/DAN-World-logo-sm-52px.svg","width":175,"height":52,"caption":"DAN World"},"image":{"@id":"https:\/\/world.dan.org\/es\/#\/schema\/logo\/image\/"}}]}},"_links":{"self":[{"href":"https:\/\/world.dan.org\/fr\/wp-json\/wp\/v2\/pages\/2387","targetHints":{"allow":["GET"]}}],"collection":[{"href":"https:\/\/world.dan.org\/fr\/wp-json\/wp\/v2\/pages"}],"about":[{"href":"https:\/\/world.dan.org\/fr\/wp-json\/wp\/v2\/types\/page"}],"author":[{"embeddable":true,"href":"https:\/\/world.dan.org\/fr\/wp-json\/wp\/v2\/users\/1"}],"replies":[{"embeddable":true,"href":"https:\/\/world.dan.org\/fr\/wp-json\/wp\/v2\/comments?post=2387"}],"version-history":[{"count":0,"href":"https:\/\/world.dan.org\/fr\/wp-json\/wp\/v2\/pages\/2387\/revisions"}],"up":[{"embeddable":true,"href":"https:\/\/world.dan.org\/fr\/wp-json\/wp\/v2\/pages\/43"}],"wp:featuredmedia":[{"embeddable":true,"href":"https:\/\/world.dan.org\/fr\/wp-json\/wp\/v2\/media\/17616"}],"wp:attachment":[{"href":"https:\/\/world.dan.org\/fr\/wp-json\/wp\/v2\/media?parent=2387"}],"curies":[{"name":"wp","href":"https:\/\/api.w.org\/{rel}","templated":true}]}}