{"id":24002,"date":"2023-03-09T12:27:04","date_gmt":"2023-03-09T17:27:04","guid":{"rendered":"https:\/\/world.dan.org\/?page_id=24002"},"modified":"2023-03-09T13:01:23","modified_gmt":"2023-03-09T18:01:23","slug":"brasil","status":"publish","type":"page","link":"https:\/\/world.dan.org\/fr\/brasil\/","title":{"rendered":"Annonce de DAN Brasil"},"content":{"rendered":"<p>Dear fellow divers, friends and partners:<\/p>\n\n\n\n<p>As you know, since July 2020, amid the height of the pandemic, it was necessary for DAN Brasil to suspend offering annual memberships to divers in Brasil. Now, to better serve you and continue offering our resources and products to all divers, Brasil will become part of the DAN World family. Alongside the whole of Latin America, Australia, New Zealand, and the Caribbean, our mission of dive safety will continue and grow.<\/p>\n\n\n\n<p>All DAN instructors will continue to receive full support from our U.S. headquarters. We will continue to maintain and advance our 40-year mission to make diving safer for everyone.<\/p>\n\n\n\n<p>In addition to our resources and publications, we will maintain our well-known Diving Emergency Hotline with service in Portuguese, at a new globally accessible number: +55 (11) 3042-1157.<\/p>\n\n\n\n<p>In the near future, we will have new memberships and insurance products available to Brazilian divers at <a href=\"http:\/\/world.dan.org\/fr\/\">World.DAN.org<\/a>. Stay tuned!<\/p>\n\n\n\n<p>Once again, thank you very much for your continued support,<\/p>\n\n\n\n<div class=\"wp-block-columns is-layout-flex wp-container-core-columns-is-layout-9d6595d7 wp-block-columns-is-layout-flex\">\n<div class=\"wp-block-column is-layout-flow wp-block-column-is-layout-flow\">\n<div class=\"wp-block-columns is-layout-flex wp-container-core-columns-is-layout-9d6595d7 wp-block-columns-is-layout-flex\">\n<div class=\"wp-block-column is-layout-flow wp-block-column-is-layout-flow\">\n<p class=\"has-medium-font-size\"><em>Irene Demetrescu<\/em><\/p>\n\n\n\n<p class=\"has-small-font-size\">Pr\u00e9sident, DAN Brasil<\/p>\n<\/div>\n\n\n\n<div class=\"wp-block-column is-layout-flow wp-block-column-is-layout-flow\">\n<p class=\"has-medium-font-size\"><em>Bill Ziefle<\/em><\/p>\n\n\n\n<p class=\"has-small-font-size\">Pr\u00e9sident-directeur g\u00e9n\u00e9ral, DAN<\/p>\n<\/div>\n<\/div>\n\n\n\n<p><a href=\"https:\/\/world.dan.org\/fr\/comunicado-dan-brasil\/\">Communiqu\u00e9 DAN Brasil<\/a><\/p>\n<\/div>\n<\/div>","protected":false},"excerpt":{"rendered":"<p>Dear fellow divers, friends and partners: As you know, since July 2020, amid the height of the pandemic, it was necessary for DAN Brasil to suspend offering annual memberships to [&hellip;]<\/p>\n","protected":false},"author":19,"featured_media":0,"parent":0,"menu_order":16,"comment_status":"closed","ping_status":"closed","template":"","meta":{"_acf_changed":false,"_ef_editorial_meta_date_first-draft-date":"","_ef_editorial_meta_paragraph_assignment":"","_ef_editorial_meta_checkbox_needs-photo":"","_ef_editorial_meta_number_word-count":"","footnotes":""},"class_list":["post-24002","page","type-page","status-publish","hentry"],"acf":[],"yoast_head":"<!-- This site is optimized with the Yoast SEO Premium plugin v27.0 (Yoast SEO v27.3) - https:\/\/yoast.com\/product\/yoast-seo-premium-wordpress\/ -->\n<title>DAN Brasil Announcement - DAN World<\/title>\n<meta name=\"description\" content=\"Since July 2020, amid the height of the pandemic, it was necessary for DAN Brasil to suspend offering annual memberships to divers in Brasil.\" \/>\n<meta name=\"robots\" content=\"index, follow, max-snippet:-1, max-image-preview:large, max-video-preview:-1\" \/>\n<link rel=\"canonical\" href=\"https:\/\/world.dan.org\/fr\/brasil\/\" \/>\n<meta property=\"og:locale\" content=\"fr_CA\" \/>\n<meta property=\"og:type\" content=\"article\" \/>\n<meta property=\"og:title\" content=\"DAN Brasil Announcement\" \/>\n<meta property=\"og:description\" content=\"Since July 2020, amid the height of the pandemic, it was necessary for DAN Brasil to suspend offering annual memberships to divers in Brasil.\" \/>\n<meta property=\"og:url\" content=\"https:\/\/world.dan.org\/fr\/brasil\/\" \/>\n<meta property=\"og:site_name\" content=\"DAN World\" \/>\n<meta property=\"article:modified_time\" content=\"2023-03-09T18:01:23+00:00\" \/>\n<meta name=\"twitter:card\" content=\"summary_large_image\" \/>\n<meta name=\"twitter:label1\" content=\"Est. reading time\" \/>\n\t<meta name=\"twitter:data1\" content=\"1 minute\" \/>\n<script type=\"application\/ld+json\" class=\"yoast-schema-graph\">{\"@context\":\"https:\\\/\\\/schema.org\",\"@graph\":[{\"@type\":\"WebPage\",\"@id\":\"https:\\\/\\\/world.dan.org\\\/brasil\\\/\",\"url\":\"https:\\\/\\\/world.dan.org\\\/brasil\\\/\",\"name\":\"DAN Brasil Announcement - DAN World\",\"isPartOf\":{\"@id\":\"https:\\\/\\\/world.dan.org\\\/es\\\/#website\"},\"datePublished\":\"2023-03-09T17:27:04+00:00\",\"dateModified\":\"2023-03-09T18:01:23+00:00\",\"description\":\"Since July 2020, amid the height of the pandemic, it was necessary for DAN Brasil to suspend offering annual memberships to divers in Brasil.\",\"breadcrumb\":{\"@id\":\"https:\\\/\\\/world.dan.org\\\/brasil\\\/#breadcrumb\"},\"inLanguage\":\"fr-CA\",\"potentialAction\":[{\"@type\":\"ReadAction\",\"target\":[\"https:\\\/\\\/world.dan.org\\\/brasil\\\/\"]}]},{\"@type\":\"BreadcrumbList\",\"@id\":\"https:\\\/\\\/world.dan.org\\\/brasil\\\/#breadcrumb\",\"itemListElement\":[{\"@type\":\"ListItem\",\"position\":1,\"name\":\"Home\",\"item\":\"https:\\\/\\\/world.dan.org\\\/\"},{\"@type\":\"ListItem\",\"position\":2,\"name\":\"DAN Brasil Announcement\"}]},{\"@type\":\"WebSite\",\"@id\":\"https:\\\/\\\/world.dan.org\\\/es\\\/#website\",\"url\":\"https:\\\/\\\/world.dan.org\\\/es\\\/\",\"name\":\"DAN World\",\"description\":\"\",\"publisher\":{\"@id\":\"https:\\\/\\\/world.dan.org\\\/es\\\/#organization\"},\"potentialAction\":[{\"@type\":\"SearchAction\",\"target\":{\"@type\":\"EntryPoint\",\"urlTemplate\":\"https:\\\/\\\/world.dan.org\\\/es\\\/?s={search_term_string}\"},\"query-input\":{\"@type\":\"PropertyValueSpecification\",\"valueRequired\":true,\"valueName\":\"search_term_string\"}}],\"inLanguage\":\"fr-CA\"},{\"@type\":\"Organization\",\"@id\":\"https:\\\/\\\/world.dan.org\\\/es\\\/#organization\",\"name\":\"DAN World\",\"url\":\"https:\\\/\\\/world.dan.org\\\/es\\\/\",\"logo\":{\"@type\":\"ImageObject\",\"inLanguage\":\"fr-CA\",\"@id\":\"https:\\\/\\\/world.dan.org\\\/es\\\/#\\\/schema\\\/logo\\\/image\\\/\",\"url\":\"https:\\\/\\\/world.dan.org\\\/wp-content\\\/uploads\\\/2022\\\/04\\\/DAN-World-logo-sm-52px.svg\",\"contentUrl\":\"https:\\\/\\\/world.dan.org\\\/wp-content\\\/uploads\\\/2022\\\/04\\\/DAN-World-logo-sm-52px.svg\",\"width\":175,\"height\":52,\"caption\":\"DAN World\"},\"image\":{\"@id\":\"https:\\\/\\\/world.dan.org\\\/es\\\/#\\\/schema\\\/logo\\\/image\\\/\"}}]}<\/script>\n<!-- \/ Yoast SEO Premium plugin. -->","yoast_head_json":{"title":"DAN Brasil Announcement - DAN World","description":"Since July 2020, amid the height of the pandemic, it was necessary for DAN Brasil to suspend offering annual memberships to divers in Brasil.","robots":{"index":"index","follow":"follow","max-snippet":"max-snippet:-1","max-image-preview":"max-image-preview:large","max-video-preview":"max-video-preview:-1"},"canonical":"https:\/\/world.dan.org\/fr\/brasil\/","og_locale":"fr_CA","og_type":"article","og_title":"DAN Brasil Announcement","og_description":"Since July 2020, amid the height of the pandemic, it was necessary for DAN Brasil to suspend offering annual memberships to divers in Brasil.","og_url":"https:\/\/world.dan.org\/fr\/brasil\/","og_site_name":"DAN World","article_modified_time":"2023-03-09T18:01:23+00:00","twitter_card":"summary_large_image","twitter_misc":{"Est. reading time":"1 minute"},"schema":{"@context":"https:\/\/schema.org","@graph":[{"@type":"WebPage","@id":"https:\/\/world.dan.org\/brasil\/","url":"https:\/\/world.dan.org\/brasil\/","name":"DAN Brasil Announcement - DAN World","isPartOf":{"@id":"https:\/\/world.dan.org\/es\/#website"},"datePublished":"2023-03-09T17:27:04+00:00","dateModified":"2023-03-09T18:01:23+00:00","description":"Since July 2020, amid the height of the pandemic, it was necessary for DAN Brasil to suspend offering annual memberships to divers in Brasil.","breadcrumb":{"@id":"https:\/\/world.dan.org\/brasil\/#breadcrumb"},"inLanguage":"fr-CA","potentialAction":[{"@type":"ReadAction","target":["https:\/\/world.dan.org\/brasil\/"]}]},{"@type":"BreadcrumbList","@id":"https:\/\/world.dan.org\/brasil\/#breadcrumb","itemListElement":[{"@type":"ListItem","position":1,"name":"Home","item":"https:\/\/world.dan.org\/"},{"@type":"ListItem","position":2,"name":"DAN Brasil Announcement"}]},{"@type":"WebSite","@id":"https:\/\/world.dan.org\/es\/#website","url":"https:\/\/world.dan.org\/es\/","name":"DAN World","description":"","publisher":{"@id":"https:\/\/world.dan.org\/es\/#organization"},"potentialAction":[{"@type":"SearchAction","target":{"@type":"EntryPoint","urlTemplate":"https:\/\/world.dan.org\/es\/?s={search_term_string}"},"query-input":{"@type":"PropertyValueSpecification","valueRequired":true,"valueName":"search_term_string"}}],"inLanguage":"fr-CA"},{"@type":"Organization","@id":"https:\/\/world.dan.org\/es\/#organization","name":"DAN World","url":"https:\/\/world.dan.org\/es\/","logo":{"@type":"ImageObject","inLanguage":"fr-CA","@id":"https:\/\/world.dan.org\/es\/#\/schema\/logo\/image\/","url":"https:\/\/world.dan.org\/wp-content\/uploads\/2022\/04\/DAN-World-logo-sm-52px.svg","contentUrl":"https:\/\/world.dan.org\/wp-content\/uploads\/2022\/04\/DAN-World-logo-sm-52px.svg","width":175,"height":52,"caption":"DAN World"},"image":{"@id":"https:\/\/world.dan.org\/es\/#\/schema\/logo\/image\/"}}]}},"_links":{"self":[{"href":"https:\/\/world.dan.org\/fr\/wp-json\/wp\/v2\/pages\/24002","targetHints":{"allow":["GET"]}}],"collection":[{"href":"https:\/\/world.dan.org\/fr\/wp-json\/wp\/v2\/pages"}],"about":[{"href":"https:\/\/world.dan.org\/fr\/wp-json\/wp\/v2\/types\/page"}],"author":[{"embeddable":true,"href":"https:\/\/world.dan.org\/fr\/wp-json\/wp\/v2\/users\/19"}],"replies":[{"embeddable":true,"href":"https:\/\/world.dan.org\/fr\/wp-json\/wp\/v2\/comments?post=24002"}],"version-history":[{"count":0,"href":"https:\/\/world.dan.org\/fr\/wp-json\/wp\/v2\/pages\/24002\/revisions"}],"wp:attachment":[{"href":"https:\/\/world.dan.org\/fr\/wp-json\/wp\/v2\/media?parent=24002"}],"curies":[{"name":"wp","href":"https:\/\/api.w.org\/{rel}","templated":true}]}}