{"id":24007,"date":"2023-03-09T12:57:44","date_gmt":"2023-03-09T17:57:44","guid":{"rendered":"https:\/\/world.dan.org\/?page_id=24007&#038;preview_id=24007"},"modified":"2023-03-09T13:52:47","modified_gmt":"2023-03-09T18:52:47","slug":"comunicado-dan-brasil","status":"publish","type":"page","link":"https:\/\/world.dan.org\/fr\/comunicado-dan-brasil\/","title":{"rendered":"Communiqu\u00e9 DAN Brasil"},"content":{"rendered":"<p>Caros colegas mergulhadores, amigos e parceiros :<\/p>\n\n\n\n<p>Como voc\u00eas sabem, desde julho de 2020, em meio ao auge da pandemia, foi necess\u00e1rio que a DAN Brasil suspendesse a oferta de associa\u00e7\u00f5es anuais para mergulhadores no Brasil. Agora, para melhor atend\u00ea-los e continuar oferecendo nossos recursos e produtos a todos os mergulhadores, o Brasil passar\u00e1 a fazer parte da fam\u00edlia DAN World. Ao lado de toda a Am\u00e9rica Latina, Austr\u00e1lia, Nova Zel\u00e2ndia e Caribe, nossa miss\u00e3o de seguran\u00e7a do mergulho continuar\u00e1 e crescer\u00e1.<\/p>\n\n\n\n<p>Todos os instrutores da DAN continuar\u00e3o a receber suporte total desde nossa sede nos Estados Unidos. Continuaremos a manter e avan\u00e7ar nossa miss\u00e3o de 40 anos para tornar o mergulho mais seguro para todos.<\/p>\n\n\n\n<p>Al\u00e9m de nossos recursos e publica\u00e7\u00f5es, manteremos nossa conhecida \u2018Diving Emergency Hotline\u2019 com atendimento em portugu\u00eas, em um novo n\u00famero acess\u00edvel globalmente: <strong>+55 (11) 3042-1157<\/strong>.<\/p>\n\n\n\n<p>Em um futuro pr\u00f3ximo, teremos novas associa\u00e7\u00f5es e produtos de seguro dispon\u00edveis para mergulhadores brasileiros no site <a href=\"http:\/\/www.World.DAN.org\">World.DAN.org<\/a>. Ils sont ligot\u00e9s !<\/p>\n\n\n\n<p>Mais uma vez, muito obrigado por seu apoio cont\u00ednuo,<\/p>\n\n\n\n<div class=\"wp-block-columns is-layout-flex wp-container-core-columns-is-layout-9d6595d7 wp-block-columns-is-layout-flex\">\n<div class=\"wp-block-column is-layout-flow wp-block-column-is-layout-flow\">\n<div class=\"wp-block-columns is-layout-flex wp-container-core-columns-is-layout-9d6595d7 wp-block-columns-is-layout-flex\">\n<div class=\"wp-block-column is-layout-flow wp-block-column-is-layout-flow\">\n<p class=\"has-medium-font-size\"><em>Irene Demetrescu<\/em><\/p>\n\n\n\n<p class=\"has-small-font-size\">Pr\u00e9sident, DAN Brasil<\/p>\n<\/div>\n\n\n\n<div class=\"wp-block-column is-layout-flow wp-block-column-is-layout-flow\">\n<p class=\"has-medium-font-size\"><em>Bill Ziefle<\/em><\/p>\n\n\n\n<p class=\"has-small-font-size\">Pr\u00e9sident-directeur g\u00e9n\u00e9ral, DAN<\/p>\n<\/div>\n<\/div>\n\n\n\n<p><a href=\"https:\/\/world.dan.org\/fr\/brasil\/\">Annonce de DAN Brasil<\/a><\/p>\n<\/div>\n<\/div>","protected":false},"excerpt":{"rendered":"<p>Caros colegas mergulhadores, amigos e parceiros: Como voc\u00eas sabem, desde julho de 2020, em meio ao auge da pandemia, foi necess\u00e1rio que a DAN Brasil suspendesse a oferta de associa\u00e7\u00f5es [&hellip;]<\/p>\n","protected":false},"author":19,"featured_media":0,"parent":0,"menu_order":15,"comment_status":"closed","ping_status":"closed","template":"","meta":{"_acf_changed":false,"_ef_editorial_meta_date_first-draft-date":"","_ef_editorial_meta_paragraph_assignment":"","_ef_editorial_meta_checkbox_needs-photo":"","_ef_editorial_meta_number_word-count":"","footnotes":""},"class_list":["post-24007","page","type-page","status-publish","hentry"],"acf":[],"yoast_head":"<!-- This site is optimized with the Yoast SEO Premium plugin v27.0 (Yoast SEO v27.3) - https:\/\/yoast.com\/product\/yoast-seo-premium-wordpress\/ -->\n<title>Comunicado DAN Brasil - DAN World<\/title>\n<meta name=\"robots\" content=\"index, follow, max-snippet:-1, max-image-preview:large, max-video-preview:-1\" \/>\n<link rel=\"canonical\" href=\"https:\/\/world.dan.org\/fr\/comunicado-dan-brasil\/\" \/>\n<meta property=\"og:locale\" content=\"fr_CA\" \/>\n<meta property=\"og:type\" content=\"article\" \/>\n<meta property=\"og:title\" content=\"Comunicado DAN Brasil\" \/>\n<meta property=\"og:description\" content=\"Caros colegas mergulhadores, amigos e parceiros: Como voc\u00eas sabem, desde julho de 2020, em meio ao auge da pandemia, foi necess\u00e1rio que a DAN Brasil suspendesse a oferta de associa\u00e7\u00f5es [&hellip;]\" \/>\n<meta property=\"og:url\" content=\"https:\/\/world.dan.org\/fr\/comunicado-dan-brasil\/\" \/>\n<meta property=\"og:site_name\" content=\"DAN World\" \/>\n<meta property=\"article:modified_time\" content=\"2023-03-09T18:52:47+00:00\" \/>\n<meta name=\"twitter:card\" content=\"summary_large_image\" \/>\n<meta name=\"twitter:label1\" content=\"Est. reading time\" \/>\n\t<meta name=\"twitter:data1\" content=\"1 minute\" \/>\n<script type=\"application\/ld+json\" class=\"yoast-schema-graph\">{\"@context\":\"https:\\\/\\\/schema.org\",\"@graph\":[{\"@type\":\"WebPage\",\"@id\":\"https:\\\/\\\/world.dan.org\\\/comunicado-dan-brasil\\\/\",\"url\":\"https:\\\/\\\/world.dan.org\\\/comunicado-dan-brasil\\\/\",\"name\":\"Comunicado DAN Brasil - DAN World\",\"isPartOf\":{\"@id\":\"https:\\\/\\\/world.dan.org\\\/es\\\/#website\"},\"datePublished\":\"2023-03-09T17:57:44+00:00\",\"dateModified\":\"2023-03-09T18:52:47+00:00\",\"breadcrumb\":{\"@id\":\"https:\\\/\\\/world.dan.org\\\/comunicado-dan-brasil\\\/#breadcrumb\"},\"inLanguage\":\"fr-CA\",\"potentialAction\":[{\"@type\":\"ReadAction\",\"target\":[\"https:\\\/\\\/world.dan.org\\\/comunicado-dan-brasil\\\/\"]}]},{\"@type\":\"BreadcrumbList\",\"@id\":\"https:\\\/\\\/world.dan.org\\\/comunicado-dan-brasil\\\/#breadcrumb\",\"itemListElement\":[{\"@type\":\"ListItem\",\"position\":1,\"name\":\"Home\",\"item\":\"https:\\\/\\\/world.dan.org\\\/\"},{\"@type\":\"ListItem\",\"position\":2,\"name\":\"Comunicado DAN Brasil\"}]},{\"@type\":\"WebSite\",\"@id\":\"https:\\\/\\\/world.dan.org\\\/es\\\/#website\",\"url\":\"https:\\\/\\\/world.dan.org\\\/es\\\/\",\"name\":\"DAN World\",\"description\":\"\",\"publisher\":{\"@id\":\"https:\\\/\\\/world.dan.org\\\/es\\\/#organization\"},\"potentialAction\":[{\"@type\":\"SearchAction\",\"target\":{\"@type\":\"EntryPoint\",\"urlTemplate\":\"https:\\\/\\\/world.dan.org\\\/es\\\/?s={search_term_string}\"},\"query-input\":{\"@type\":\"PropertyValueSpecification\",\"valueRequired\":true,\"valueName\":\"search_term_string\"}}],\"inLanguage\":\"fr-CA\"},{\"@type\":\"Organization\",\"@id\":\"https:\\\/\\\/world.dan.org\\\/es\\\/#organization\",\"name\":\"DAN World\",\"url\":\"https:\\\/\\\/world.dan.org\\\/es\\\/\",\"logo\":{\"@type\":\"ImageObject\",\"inLanguage\":\"fr-CA\",\"@id\":\"https:\\\/\\\/world.dan.org\\\/es\\\/#\\\/schema\\\/logo\\\/image\\\/\",\"url\":\"https:\\\/\\\/world.dan.org\\\/wp-content\\\/uploads\\\/2022\\\/04\\\/DAN-World-logo-sm-52px.svg\",\"contentUrl\":\"https:\\\/\\\/world.dan.org\\\/wp-content\\\/uploads\\\/2022\\\/04\\\/DAN-World-logo-sm-52px.svg\",\"width\":175,\"height\":52,\"caption\":\"DAN World\"},\"image\":{\"@id\":\"https:\\\/\\\/world.dan.org\\\/es\\\/#\\\/schema\\\/logo\\\/image\\\/\"}}]}<\/script>\n<!-- \/ Yoast SEO Premium plugin. -->","yoast_head_json":{"title":"Communiqu\u00e9 DAN Brasil - DAN World","robots":{"index":"index","follow":"follow","max-snippet":"max-snippet:-1","max-image-preview":"max-image-preview:large","max-video-preview":"max-video-preview:-1"},"canonical":"https:\/\/world.dan.org\/fr\/comunicado-dan-brasil\/","og_locale":"fr_CA","og_type":"article","og_title":"Comunicado DAN Brasil","og_description":"Caros colegas mergulhadores, amigos e parceiros: Como voc\u00eas sabem, desde julho de 2020, em meio ao auge da pandemia, foi necess\u00e1rio que a DAN Brasil suspendesse a oferta de associa\u00e7\u00f5es [&hellip;]","og_url":"https:\/\/world.dan.org\/fr\/comunicado-dan-brasil\/","og_site_name":"DAN World","article_modified_time":"2023-03-09T18:52:47+00:00","twitter_card":"summary_large_image","twitter_misc":{"Est. reading time":"1 minute"},"schema":{"@context":"https:\/\/schema.org","@graph":[{"@type":"WebPage","@id":"https:\/\/world.dan.org\/comunicado-dan-brasil\/","url":"https:\/\/world.dan.org\/comunicado-dan-brasil\/","name":"Communiqu\u00e9 DAN Brasil - DAN World","isPartOf":{"@id":"https:\/\/world.dan.org\/es\/#website"},"datePublished":"2023-03-09T17:57:44+00:00","dateModified":"2023-03-09T18:52:47+00:00","breadcrumb":{"@id":"https:\/\/world.dan.org\/comunicado-dan-brasil\/#breadcrumb"},"inLanguage":"fr-CA","potentialAction":[{"@type":"ReadAction","target":["https:\/\/world.dan.org\/comunicado-dan-brasil\/"]}]},{"@type":"BreadcrumbList","@id":"https:\/\/world.dan.org\/comunicado-dan-brasil\/#breadcrumb","itemListElement":[{"@type":"ListItem","position":1,"name":"Home","item":"https:\/\/world.dan.org\/"},{"@type":"ListItem","position":2,"name":"Comunicado DAN Brasil"}]},{"@type":"WebSite","@id":"https:\/\/world.dan.org\/es\/#website","url":"https:\/\/world.dan.org\/es\/","name":"DAN World","description":"","publisher":{"@id":"https:\/\/world.dan.org\/es\/#organization"},"potentialAction":[{"@type":"SearchAction","target":{"@type":"EntryPoint","urlTemplate":"https:\/\/world.dan.org\/es\/?s={search_term_string}"},"query-input":{"@type":"PropertyValueSpecification","valueRequired":true,"valueName":"search_term_string"}}],"inLanguage":"fr-CA"},{"@type":"Organization","@id":"https:\/\/world.dan.org\/es\/#organization","name":"DAN World","url":"https:\/\/world.dan.org\/es\/","logo":{"@type":"ImageObject","inLanguage":"fr-CA","@id":"https:\/\/world.dan.org\/es\/#\/schema\/logo\/image\/","url":"https:\/\/world.dan.org\/wp-content\/uploads\/2022\/04\/DAN-World-logo-sm-52px.svg","contentUrl":"https:\/\/world.dan.org\/wp-content\/uploads\/2022\/04\/DAN-World-logo-sm-52px.svg","width":175,"height":52,"caption":"DAN World"},"image":{"@id":"https:\/\/world.dan.org\/es\/#\/schema\/logo\/image\/"}}]}},"_links":{"self":[{"href":"https:\/\/world.dan.org\/fr\/wp-json\/wp\/v2\/pages\/24007","targetHints":{"allow":["GET"]}}],"collection":[{"href":"https:\/\/world.dan.org\/fr\/wp-json\/wp\/v2\/pages"}],"about":[{"href":"https:\/\/world.dan.org\/fr\/wp-json\/wp\/v2\/types\/page"}],"author":[{"embeddable":true,"href":"https:\/\/world.dan.org\/fr\/wp-json\/wp\/v2\/users\/19"}],"replies":[{"embeddable":true,"href":"https:\/\/world.dan.org\/fr\/wp-json\/wp\/v2\/comments?post=24007"}],"version-history":[{"count":0,"href":"https:\/\/world.dan.org\/fr\/wp-json\/wp\/v2\/pages\/24007\/revisions"}],"wp:attachment":[{"href":"https:\/\/world.dan.org\/fr\/wp-json\/wp\/v2\/media?parent=24007"}],"curies":[{"name":"wp","href":"https:\/\/api.w.org\/{rel}","templated":true}]}}