{"id":2467,"date":"2020-07-17T10:55:43","date_gmt":"2020-07-17T14:55:43","guid":{"rendered":"http:\/\/wordpress.world.dan.org\/?page_id=2467"},"modified":"2025-03-17T19:02:56","modified_gmt":"2025-03-17T23:02:56","slug":"operational-safety-training","status":"publish","type":"page","link":"https:\/\/world.dan.org\/fr\/safety-prevention\/operation-safety\/operational-safety-training\/","title":{"rendered":"Formation en s\u00e9curit\u00e9 : Op\u00e9rations de plong\u00e9e"},"content":{"rendered":"<div style=\"height:50px\" aria-hidden=\"true\" class=\"wp-block-spacer\"><\/div>\n\n\n\n<p>Des possibilit\u00e9s d'apprentissage en ligne et en direct sont offertes \u00e0 tous ceux qui participent \u00e0 des op\u00e9rations de plong\u00e9e, afin de leur fournir l'\u00e9ducation et les connaissances essentielles pour garantir la s\u00e9curit\u00e9 des op\u00e9rations de plong\u00e9e.<\/p>\n\n\n\n<div style=\"height:30px\" aria-hidden=\"true\" class=\"wp-block-spacer\"><\/div>\n\n\n\n<hr class=\"wp-block-separator has-text-color has-dan-light-gray-color has-css-opacity has-dan-light-gray-background-color has-background\"\/>\n\n\n\n<div style=\"height:50px\" aria-hidden=\"true\" class=\"wp-block-spacer\"><\/div>\n\n\n\n<h2 class=\"wp-block-heading has-dan-black-color has-text-color\" id=\"h-risk-mitigation-courses\">Cours d'att\u00e9nuation des risques<\/h2>\n\n\n\n<p>Les cours en ligne de DAN sur l'att\u00e9nuation des risques sont con\u00e7us pour donner aux professionnels de l'industrie les outils dont ils ont besoin pour s'assurer que leurs op\u00e9rations de plong\u00e9e respectent les recommandations de l'industrie. Ces cours sont fournis dans le but de rendre ces informations essentielles aussi facilement accessibles que possible, c'est pourquoi ils sont disponibles pour tout le monde, gratuitement. Surveillez ce site pour voir des nouveaux modules qui y seront ajout\u00e9s.<\/p>\n\n\n\n<div class=\"wp-block-columns is-layout-flex wp-container-core-columns-is-layout-9d6595d7 wp-block-columns-is-layout-flex\">\n<div class=\"wp-block-column is-layout-flow wp-block-column-is-layout-flow\">\n<h4 class=\"wp-block-heading has-dan-black-color has-text-color\" id=\"h-dive-boat-safety-best-practices\">Meilleures pratiques pour la s\u00e9curit\u00e9 des bateaux de plong\u00e9e<\/h4>\n\n\n\n<p>Le programme d'apprentissage en ligne DAN sur les meilleures pratiques pour la s\u00e9curit\u00e9 des bateaux en plong\u00e9e est con\u00e7u pour aider les op\u00e9rateurs de bateaux de plong\u00e9e \u00e0 am\u00e9liorer la s\u00e9curit\u00e9 de leurs activit\u00e9s et \u00e0 adopter les recommandations du 2018 United States Coast Guard (USCG) Marine Safety Advisory, (Alerte de s\u00e9curit\u00e9 15-18). Ce cours de 30 minutes est con\u00e7u pour r\u00e9pondre aux besoins sp\u00e9cifiques des capitaines de bateau, des professionnels de la plong\u00e9e et des op\u00e9rateurs qui pr\u00e9parent leur entreprise aux prochaines activit\u00e9s de plong\u00e9e en bateau. Il peut servir de support de formation pour justifier l'engagement continu de votre entreprise en faveur de la s\u00e9curit\u00e9.<\/p>\n\n\n\n<div style=\"height:20px\" aria-hidden=\"true\" class=\"wp-block-spacer\"><\/div>\n\n\n\n<div class=\"wp-block-buttons is-layout-flex wp-block-buttons-is-layout-flex\">\n<div class=\"wp-block-button\"><a class=\"wp-block-button__link has-dan-red-400-background-color has-background wp-element-button\" href=\"https:\/\/dan.diverelearning.com\/?courseNo=422\" style=\"border-radius:4px\">En savoir plus<\/a><\/div>\n<\/div>\n<\/div>\n\n\n\n<div class=\"wp-block-column is-layout-flow wp-block-column-is-layout-flow\">\n<h4 class=\"wp-block-heading has-dan-black-color has-text-color\" id=\"h-dan-assurance-of-breathing-gas-quality\">Assurance de la qualit\u00e9 des gaz respiratoires de DAN<\/h4>\n\n\n\n<p>La formation en ligne DAN de l\u2019assurance de la qualit\u00e9 des gaz respiratoires est con\u00e7ue pour aider les op\u00e9rateurs de compresseurs \u00e0 identifier, pr\u00e9venir et r\u00e9pondre aux incidents de contamination par le gaz. Gr\u00e2ce \u00e0 cette formation, votre personnel sera pr\u00e9par\u00e9 \u00e0 pr\u00e9venir les blessures et les accidents r\u00e9sultant de la contamination de l'air respir\u00e9 et \u00e0 r\u00e9agir correctement \u00e0 ces probl\u00e8mes s'ils surviennent malgr\u00e9 tous les efforts d\u00e9ploy\u00e9s pour les pr\u00e9venir. L'ach\u00e8vement de ce cours am\u00e9liore non seulement les capacit\u00e9s de l'op\u00e9rateur d'une station de remplissage, mais illustre \u00e9galement son engagement en faveur de la s\u00e9curit\u00e9.<\/p>\n\n\n\n<div style=\"height:20px\" aria-hidden=\"true\" class=\"wp-block-spacer\"><\/div>\n\n\n\n<div class=\"wp-block-buttons is-layout-flex wp-block-buttons-is-layout-flex\">\n<div class=\"wp-block-button\"><a class=\"wp-block-button__link has-dan-red-400-background-color has-background wp-element-button\" href=\"https:\/\/dan.diverelearning.com\/?courseNo=417\" style=\"border-radius:4px\">En savoir plus<\/a><\/div>\n<\/div>\n<\/div>\n<\/div>\n\n\n\n<div style=\"height:30px\" aria-hidden=\"true\" class=\"wp-block-spacer\"><\/div>\n\n\n\n<hr class=\"wp-block-separator has-text-color has-dan-light-gray-color has-css-opacity has-dan-light-gray-background-color has-background\"\/>\n\n\n\n<div style=\"height:30px\" aria-hidden=\"true\" class=\"wp-block-spacer\"><\/div>\n\n\n\n<h2 class=\"wp-block-heading has-dan-black-color has-text-color\" id=\"h-dive-safety-officer-dso-course\"><strong>Cours d'officier de s\u00e9curit\u00e9 en plong\u00e9e (DSO)  \u2013 Formation dispens\u00e9e en anglais<\/strong><\/h2>\n\n\n\n<p>Le cours d'officier de s\u00e9curit\u00e9 en plong\u00e9e (DSO) est con\u00e7u pour les professionnels du secteur qui souhaitent approfondir leurs connaissances et leurs comp\u00e9tences en mati\u00e8re de s\u00e9curit\u00e9 en plong\u00e9e. Les personnes qui re\u00e7oivent la certification du cours DAN DSO apprendront \u00e0 identifier et \u00e0 aider \u00e0 att\u00e9nuer les risques techniques et op\u00e9rationnels dans l'ensemble des activit\u00e9s li\u00e9es \u00e0 la plong\u00e9e. \u00c0 l\u2019issue du cours , les DSO de DAN auront \u00e9t\u00e9 immerg\u00e9s dans une culture de s\u00e9curit\u00e9 et disposeront des outils n\u00e9cessaires pour diffuser ces connaissances aupr\u00e8s des entreprises et des professionnels de la plong\u00e9e dans le monde entier. Le cours DSO de DAN est d\u00e9sormais dispens\u00e9 en partenariat avec Diventures (\"Powered by Diventures\").<\/p>\n\n\n\n<p>Pour toute demande concernant la formation DSO, veuillez consulter leur lien <a href=\"https:\/\/www.diventures.com\/dan-dso-course-now-powered-by-diventures\/\"><strong><strong>ici<\/strong><\/strong><\/a>.<\/p>\n\n\n\n<div style=\"height:30px\" aria-hidden=\"true\" class=\"wp-block-spacer\"><\/div>\n\n\n\n<hr class=\"wp-block-separator has-text-color has-dan-light-gray-color has-css-opacity has-dan-light-gray-background-color has-background\"\/>\n\n\n\n<div style=\"height:30px\" aria-hidden=\"true\" class=\"wp-block-spacer\"><\/div>\n\n\n\n<h2 class=\"wp-block-heading has-dan-black-color has-text-color\" id=\"h-dan-first-aid-courses\">Cours de premiers soins de DAN<\/h2>\n\n\n\n<p>Les cours de premiers soins DAN pr\u00e9parent les personnes \u00e0 g\u00e9rer les accidents li\u00e9s \u00e0 la plong\u00e9e sous-marine ainsi que ceux qui surviennent dans d'autres contextes. Ces cours permettent d'acqu\u00e9rir des comp\u00e9tences en mati\u00e8re de gestion des incidents qui donnent aux personnes les moyens d'intervenir et de prendre des mesures en cas d'urgence.<\/p>\n\n\n\n<div style=\"height:20px\" aria-hidden=\"true\" class=\"wp-block-spacer\"><\/div>\n\n\n\n<div class=\"wp-block-buttons is-layout-flex wp-block-buttons-is-layout-flex\">\n<div class=\"wp-block-button\"><a class=\"wp-block-button__link has-dan-red-400-background-color has-background wp-element-button\" href=\"https:\/\/world.dan.org\/fr\/education-events\/instructor-led-courses\/\" style=\"border-radius:4px\">En savoir plus<\/a><\/div>\n<\/div>","protected":false},"excerpt":{"rendered":"<p>Des possibilit\u00e9s d'apprentissage en ligne et en direct sont offertes \u00e0 tous ceux qui participent \u00e0 des op\u00e9rations de plong\u00e9e, afin de leur fournir l'\u00e9ducation et les connaissances essentielles pour garantir la s\u00e9curit\u00e9 des op\u00e9rations de plong\u00e9e.<\/p>","protected":false},"author":1,"featured_media":17610,"parent":43,"menu_order":117,"comment_status":"closed","ping_status":"closed","template":"","meta":{"_acf_changed":false,"_ef_editorial_meta_date_first-draft-date":"","_ef_editorial_meta_paragraph_assignment":"","_ef_editorial_meta_checkbox_needs-photo":"","_ef_editorial_meta_number_word-count":"","footnotes":""},"class_list":["post-2467","page","type-page","status-publish","has-post-thumbnail","hentry"],"acf":[],"yoast_head":"<!-- This site is optimized with the Yoast SEO Premium plugin v27.4 (Yoast SEO v27.4) - https:\/\/yoast.com\/product\/yoast-seo-premium-wordpress\/ -->\n<title>Safety Training: Dive Operations - DAN World<\/title>\n<meta name=\"description\" content=\"Online as well as live learning opportunities are available to all engaged in diving operations, providing essential education and knowledge to ensure safe dive operations.\" \/>\n<meta name=\"robots\" content=\"index, follow, max-snippet:-1, max-image-preview:large, max-video-preview:-1\" \/>\n<link rel=\"canonical\" href=\"https:\/\/world.dan.org\/fr\/safety-prevention\/operation-safety\/operational-safety-training\/\" \/>\n<meta property=\"og:locale\" content=\"fr_CA\" \/>\n<meta property=\"og:type\" content=\"article\" \/>\n<meta property=\"og:title\" content=\"Safety Training: Dive Operations\" \/>\n<meta property=\"og:description\" content=\"Online as well as live learning opportunities are available to all engaged in diving operations, providing essential education and knowledge to ensure safe dive operations.\" \/>\n<meta property=\"og:url\" content=\"https:\/\/world.dan.org\/fr\/safety-prevention\/operation-safety\/operational-safety-training\/\" \/>\n<meta property=\"og:site_name\" content=\"DAN World\" \/>\n<meta property=\"article:modified_time\" content=\"2025-03-17T23:02:56+00:00\" \/>\n<meta property=\"og:image\" content=\"https:\/\/world.dan.org\/wp-content\/uploads\/2021\/07\/safety-training-073A0260-DAN-1200x600-1.jpg\" \/>\n\t<meta property=\"og:image:width\" content=\"1200\" \/>\n\t<meta property=\"og:image:height\" content=\"600\" \/>\n\t<meta property=\"og:image:type\" content=\"image\/jpeg\" \/>\n<meta name=\"twitter:card\" content=\"summary_large_image\" \/>\n<meta name=\"twitter:title\" content=\"Safety Training: Dive Operations\" \/>\n<meta name=\"twitter:description\" content=\"Online as well as live learning opportunities are available to all engaged in diving operations, providing essential education and knowledge to ensure safe dive operations.\" \/>\n<meta name=\"twitter:image\" content=\"https:\/\/world.dan.org\/wp-content\/uploads\/2021\/07\/safety-training-073A0260-DAN-1200x600-1.jpg\" \/>\n<meta name=\"twitter:label1\" content=\"Est. reading time\" \/>\n\t<meta name=\"twitter:data1\" content=\"3 minutes\" \/>\n<script type=\"application\/ld+json\" class=\"yoast-schema-graph\">{\"@context\":\"https:\\\/\\\/schema.org\",\"@graph\":[{\"@type\":\"WebPage\",\"@id\":\"https:\\\/\\\/world.dan.org\\\/safety-prevention\\\/operation-safety\\\/operational-safety-training\\\/\",\"url\":\"https:\\\/\\\/world.dan.org\\\/safety-prevention\\\/operation-safety\\\/operational-safety-training\\\/\",\"name\":\"Safety Training: Dive Operations - DAN World\",\"isPartOf\":{\"@id\":\"https:\\\/\\\/world.dan.org\\\/es\\\/#website\"},\"primaryImageOfPage\":{\"@id\":\"https:\\\/\\\/world.dan.org\\\/safety-prevention\\\/operation-safety\\\/operational-safety-training\\\/#primaryimage\"},\"image\":{\"@id\":\"https:\\\/\\\/world.dan.org\\\/safety-prevention\\\/operation-safety\\\/operational-safety-training\\\/#primaryimage\"},\"thumbnailUrl\":\"https:\\\/\\\/world.dan.org\\\/wp-content\\\/uploads\\\/2021\\\/07\\\/safety-training-073A0260-DAN-1200x600-1.jpg\",\"datePublished\":\"2020-07-17T14:55:43+00:00\",\"dateModified\":\"2025-03-17T23:02:56+00:00\",\"description\":\"Online as well as live learning opportunities are available to all engaged in diving operations, providing essential education and knowledge to ensure safe dive operations.\",\"breadcrumb\":{\"@id\":\"https:\\\/\\\/world.dan.org\\\/safety-prevention\\\/operation-safety\\\/operational-safety-training\\\/#breadcrumb\"},\"inLanguage\":\"fr-CA\",\"potentialAction\":[{\"@type\":\"ReadAction\",\"target\":[\"https:\\\/\\\/world.dan.org\\\/safety-prevention\\\/operation-safety\\\/operational-safety-training\\\/\"]}]},{\"@type\":\"ImageObject\",\"inLanguage\":\"fr-CA\",\"@id\":\"https:\\\/\\\/world.dan.org\\\/safety-prevention\\\/operation-safety\\\/operational-safety-training\\\/#primaryimage\",\"url\":\"https:\\\/\\\/world.dan.org\\\/wp-content\\\/uploads\\\/2021\\\/07\\\/safety-training-073A0260-DAN-1200x600-1.jpg\",\"contentUrl\":\"https:\\\/\\\/world.dan.org\\\/wp-content\\\/uploads\\\/2021\\\/07\\\/safety-training-073A0260-DAN-1200x600-1.jpg\",\"width\":1200,\"height\":600},{\"@type\":\"BreadcrumbList\",\"@id\":\"https:\\\/\\\/world.dan.org\\\/safety-prevention\\\/operation-safety\\\/operational-safety-training\\\/#breadcrumb\",\"itemListElement\":[{\"@type\":\"ListItem\",\"position\":1,\"name\":\"Home\",\"item\":\"https:\\\/\\\/world.dan.org\\\/\"},{\"@type\":\"ListItem\",\"position\":2,\"name\":\"Safety &#038; Prevention\",\"item\":\"https:\\\/\\\/world.dan.org\\\/safety-prevention\\\/\"},{\"@type\":\"ListItem\",\"position\":3,\"name\":\"Dive Operation Safety\",\"item\":\"https:\\\/\\\/world.dan.org\\\/ko\\\/safety-prevention\\\/operation-safety\\\/\"},{\"@type\":\"ListItem\",\"position\":4,\"name\":\"Safety Training: Dive Operations\"}]},{\"@type\":\"WebSite\",\"@id\":\"https:\\\/\\\/world.dan.org\\\/es\\\/#website\",\"url\":\"https:\\\/\\\/world.dan.org\\\/es\\\/\",\"name\":\"DAN World\",\"description\":\"\",\"publisher\":{\"@id\":\"https:\\\/\\\/world.dan.org\\\/es\\\/#organization\"},\"potentialAction\":[{\"@type\":\"SearchAction\",\"target\":{\"@type\":\"EntryPoint\",\"urlTemplate\":\"https:\\\/\\\/world.dan.org\\\/es\\\/?s={search_term_string}\"},\"query-input\":{\"@type\":\"PropertyValueSpecification\",\"valueRequired\":true,\"valueName\":\"search_term_string\"}}],\"inLanguage\":\"fr-CA\"},{\"@type\":\"Organization\",\"@id\":\"https:\\\/\\\/world.dan.org\\\/es\\\/#organization\",\"name\":\"DAN World\",\"url\":\"https:\\\/\\\/world.dan.org\\\/es\\\/\",\"logo\":{\"@type\":\"ImageObject\",\"inLanguage\":\"fr-CA\",\"@id\":\"https:\\\/\\\/world.dan.org\\\/es\\\/#\\\/schema\\\/logo\\\/image\\\/\",\"url\":\"https:\\\/\\\/world.dan.org\\\/wp-content\\\/uploads\\\/2022\\\/04\\\/DAN-World-logo-sm-52px.svg\",\"contentUrl\":\"https:\\\/\\\/world.dan.org\\\/wp-content\\\/uploads\\\/2022\\\/04\\\/DAN-World-logo-sm-52px.svg\",\"width\":175,\"height\":52,\"caption\":\"DAN World\"},\"image\":{\"@id\":\"https:\\\/\\\/world.dan.org\\\/es\\\/#\\\/schema\\\/logo\\\/image\\\/\"}}]}<\/script>\n<!-- \/ Yoast SEO Premium plugin. -->","yoast_head_json":{"title":"Formation \u00e0 la s\u00e9curit\u00e9 : Op\u00e9rations de plong\u00e9e - DAN World","description":"Des possibilit\u00e9s d'apprentissage en ligne et en direct sont offertes \u00e0 tous ceux qui participent \u00e0 des op\u00e9rations de plong\u00e9e, afin de leur fournir l'\u00e9ducation et les connaissances essentielles pour garantir la s\u00e9curit\u00e9 des op\u00e9rations de plong\u00e9e.","robots":{"index":"index","follow":"follow","max-snippet":"max-snippet:-1","max-image-preview":"max-image-preview:large","max-video-preview":"max-video-preview:-1"},"canonical":"https:\/\/world.dan.org\/fr\/safety-prevention\/operation-safety\/operational-safety-training\/","og_locale":"fr_CA","og_type":"article","og_title":"Safety Training: Dive Operations","og_description":"Online as well as live learning opportunities are available to all engaged in diving operations, providing essential education and knowledge to ensure safe dive operations.","og_url":"https:\/\/world.dan.org\/fr\/safety-prevention\/operation-safety\/operational-safety-training\/","og_site_name":"DAN World","article_modified_time":"2025-03-17T23:02:56+00:00","og_image":[{"width":1200,"height":600,"url":"https:\/\/world.dan.org\/wp-content\/uploads\/2021\/07\/safety-training-073A0260-DAN-1200x600-1.jpg","type":"image\/jpeg"}],"twitter_card":"summary_large_image","twitter_title":"Safety Training: Dive Operations","twitter_description":"Online as well as live learning opportunities are available to all engaged in diving operations, providing essential education and knowledge to ensure safe dive operations.","twitter_image":"https:\/\/world.dan.org\/wp-content\/uploads\/2021\/07\/safety-training-073A0260-DAN-1200x600-1.jpg","twitter_misc":{"Est. reading time":"3 minutes"},"schema":{"@context":"https:\/\/schema.org","@graph":[{"@type":"WebPage","@id":"https:\/\/world.dan.org\/safety-prevention\/operation-safety\/operational-safety-training\/","url":"https:\/\/world.dan.org\/safety-prevention\/operation-safety\/operational-safety-training\/","name":"Formation \u00e0 la s\u00e9curit\u00e9 : Op\u00e9rations de plong\u00e9e - DAN World","isPartOf":{"@id":"https:\/\/world.dan.org\/es\/#website"},"primaryImageOfPage":{"@id":"https:\/\/world.dan.org\/safety-prevention\/operation-safety\/operational-safety-training\/#primaryimage"},"image":{"@id":"https:\/\/world.dan.org\/safety-prevention\/operation-safety\/operational-safety-training\/#primaryimage"},"thumbnailUrl":"https:\/\/world.dan.org\/wp-content\/uploads\/2021\/07\/safety-training-073A0260-DAN-1200x600-1.jpg","datePublished":"2020-07-17T14:55:43+00:00","dateModified":"2025-03-17T23:02:56+00:00","description":"Des possibilit\u00e9s d'apprentissage en ligne et en direct sont offertes \u00e0 tous ceux qui participent \u00e0 des op\u00e9rations de plong\u00e9e, afin de leur fournir l'\u00e9ducation et les connaissances essentielles pour garantir la s\u00e9curit\u00e9 des op\u00e9rations de plong\u00e9e.","breadcrumb":{"@id":"https:\/\/world.dan.org\/safety-prevention\/operation-safety\/operational-safety-training\/#breadcrumb"},"inLanguage":"fr-CA","potentialAction":[{"@type":"ReadAction","target":["https:\/\/world.dan.org\/safety-prevention\/operation-safety\/operational-safety-training\/"]}]},{"@type":"ImageObject","inLanguage":"fr-CA","@id":"https:\/\/world.dan.org\/safety-prevention\/operation-safety\/operational-safety-training\/#primaryimage","url":"https:\/\/world.dan.org\/wp-content\/uploads\/2021\/07\/safety-training-073A0260-DAN-1200x600-1.jpg","contentUrl":"https:\/\/world.dan.org\/wp-content\/uploads\/2021\/07\/safety-training-073A0260-DAN-1200x600-1.jpg","width":1200,"height":600},{"@type":"BreadcrumbList","@id":"https:\/\/world.dan.org\/safety-prevention\/operation-safety\/operational-safety-training\/#breadcrumb","itemListElement":[{"@type":"ListItem","position":1,"name":"Home","item":"https:\/\/world.dan.org\/"},{"@type":"ListItem","position":2,"name":"Safety &#038; Prevention","item":"https:\/\/world.dan.org\/safety-prevention\/"},{"@type":"ListItem","position":3,"name":"Dive Operation Safety","item":"https:\/\/world.dan.org\/ko\/safety-prevention\/operation-safety\/"},{"@type":"ListItem","position":4,"name":"Safety Training: Dive Operations"}]},{"@type":"WebSite","@id":"https:\/\/world.dan.org\/es\/#website","url":"https:\/\/world.dan.org\/es\/","name":"DAN World","description":"","publisher":{"@id":"https:\/\/world.dan.org\/es\/#organization"},"potentialAction":[{"@type":"SearchAction","target":{"@type":"EntryPoint","urlTemplate":"https:\/\/world.dan.org\/es\/?s={search_term_string}"},"query-input":{"@type":"PropertyValueSpecification","valueRequired":true,"valueName":"search_term_string"}}],"inLanguage":"fr-CA"},{"@type":"Organization","@id":"https:\/\/world.dan.org\/es\/#organization","name":"DAN World","url":"https:\/\/world.dan.org\/es\/","logo":{"@type":"ImageObject","inLanguage":"fr-CA","@id":"https:\/\/world.dan.org\/es\/#\/schema\/logo\/image\/","url":"https:\/\/world.dan.org\/wp-content\/uploads\/2022\/04\/DAN-World-logo-sm-52px.svg","contentUrl":"https:\/\/world.dan.org\/wp-content\/uploads\/2022\/04\/DAN-World-logo-sm-52px.svg","width":175,"height":52,"caption":"DAN World"},"image":{"@id":"https:\/\/world.dan.org\/es\/#\/schema\/logo\/image\/"}}]}},"_links":{"self":[{"href":"https:\/\/world.dan.org\/fr\/wp-json\/wp\/v2\/pages\/2467","targetHints":{"allow":["GET"]}}],"collection":[{"href":"https:\/\/world.dan.org\/fr\/wp-json\/wp\/v2\/pages"}],"about":[{"href":"https:\/\/world.dan.org\/fr\/wp-json\/wp\/v2\/types\/page"}],"author":[{"embeddable":true,"href":"https:\/\/world.dan.org\/fr\/wp-json\/wp\/v2\/users\/1"}],"replies":[{"embeddable":true,"href":"https:\/\/world.dan.org\/fr\/wp-json\/wp\/v2\/comments?post=2467"}],"version-history":[{"count":0,"href":"https:\/\/world.dan.org\/fr\/wp-json\/wp\/v2\/pages\/2467\/revisions"}],"up":[{"embeddable":true,"href":"https:\/\/world.dan.org\/fr\/wp-json\/wp\/v2\/pages\/43"}],"wp:featuredmedia":[{"embeddable":true,"href":"https:\/\/world.dan.org\/fr\/wp-json\/wp\/v2\/media\/17610"}],"wp:attachment":[{"href":"https:\/\/world.dan.org\/fr\/wp-json\/wp\/v2\/media?parent=2467"}],"curies":[{"name":"wp","href":"https:\/\/api.w.org\/{rel}","templated":true}]}}