{"id":25374,"date":"2023-08-09T18:07:52","date_gmt":"2023-08-09T22:07:52","guid":{"rendered":"https:\/\/world.dan.org\/?page_id=25374"},"modified":"2023-08-09T18:08:19","modified_gmt":"2023-08-09T22:08:19","slug":"emergency-action-plans-when-things-go-wrong","status":"publish","type":"page","link":"https:\/\/world.dan.org\/fr\/safety-prevention\/emergency-action-plans-when-things-go-wrong\/","title":{"rendered":"EMERGENCY ACTION PLANS: WHEN THINGS GO WRONG"},"content":{"rendered":"<div style=\"height:50px\" aria-hidden=\"true\" class=\"wp-block-spacer\"><\/div>\n\n\n\n<h1 class=\"wp-block-heading\" id=\"h-emergency-action-plans-when-things-go-wrong\">EMERGENCY ACTION PLANS: WHEN THINGS GO WRONG<\/h1>\n\n\n\n<div style=\"height:30px\" aria-hidden=\"true\" class=\"wp-block-spacer\"><\/div>\n\n\n\n<div class=\"wp-block-columns is-layout-flex wp-container-core-columns-is-layout-9d6595d7 wp-block-columns-is-layout-flex\">\n<div class=\"wp-block-column is-layout-flow wp-block-column-is-layout-flow\" style=\"flex-basis:50%\">\n<figure class=\"wp-block-image size-full is-resized\"><img loading=\"lazy\" decoding=\"async\" src=\"https:\/\/world.dan.org\/wp-content\/uploads\/2023\/08\/w-mi5636-e1649191525208-486x508-1.jpg\" alt=\"\" class=\"wp-image-25381\" width=\"526\" height=\"550\" srcset=\"https:\/\/world.dan.org\/wp-content\/uploads\/2023\/08\/w-mi5636-e1649191525208-486x508-1.jpg 486w, https:\/\/world.dan.org\/wp-content\/uploads\/2023\/08\/w-mi5636-e1649191525208-486x508-1-344x360.jpg 344w, https:\/\/world.dan.org\/wp-content\/uploads\/2023\/08\/w-mi5636-e1649191525208-486x508-1-11x12.jpg 11w\" sizes=\"auto, (max-width: 526px) 100vw, 526px\" \/><\/figure>\n<\/div>\n\n\n\n<div class=\"wp-block-column is-layout-flow wp-block-column-is-layout-flow\" style=\"flex-basis:50%\">\n<div style=\"height:25px\" aria-hidden=\"true\" class=\"wp-block-spacer\"><\/div>\n\n\n\n<p class=\"has-dan-black-color has-text-color\"><strong><span style=\"color: #00709F;\" class=\"stk-highlight\">SCUBA EXPERIENCES ARE NOT WITHOUT RISK<\/span><\/strong>, and accidents are always possible. But with the right plans in place, incidents can be managed, and harm can be limited. Emergency action plans (EAPs) are essential risk mitigation tools for dive operators and dive professionals to limit liability and ensure the safety of divers, staff, and the public.<br>Each aspect of a dive operation has its unique risks. Understanding what these risks are and how various accidents should be managed is a key element of safe operations. Whether in the dive center or at a dive site, different circumstances, activities, and locations will require different emergency action plans. Customizing your plans for each potential situation is crucial for ensuring customer and employee safety.<\/p>\n\n\n\n<div style=\"height:10px\" aria-hidden=\"true\" class=\"wp-block-spacer\"><\/div>\n\n\n\n<h4 class=\"wp-block-heading\" id=\"h-assess-your-dive-center\" style=\"text-transform:uppercase\">\u00c9valuez votre centre de plong\u00e9e<\/h4>\n\n\n\n<p>Dive centers may have any or all of the following areas: retail shop, classroom, service workshop, gear rental storage area, and cylinder filling station. Each has its own unique list of emergencies that may include medical emergencies, pressurized equipment explosions, electrocution, and even aggressive behavior. Each requires its own action plan, emergency equipment, outside assistance services, and, most importantly, specific training to know how to react appropriately.<\/p>\n\n\n\n<p>Envisagez de vous asseoir avec le personnel et de travailler ensemble pour identifier les risques potentiels. \u00c0 partir de cette liste, commencez \u00e0 r\u00e9fl\u00e9chir \u00e0 des plans possibles en fonction des ressources disponibles et des objectifs r\u00e9alistes \u00e0 atteindre.<\/p>\n<\/div>\n<\/div>\n\n\n\n<div class=\"wp-block-columns is-layout-flex wp-container-core-columns-is-layout-9d6595d7 wp-block-columns-is-layout-flex\">\n<div class=\"wp-block-column is-layout-flow wp-block-column-is-layout-flow\" style=\"flex-basis:60%\">\n<div style=\"height:15px\" aria-hidden=\"true\" class=\"wp-block-spacer\"><\/div>\n\n\n\n<h4 class=\"wp-block-heading\" id=\"h-assess-your-dive-sites\" style=\"text-transform:uppercase\">Assess Your Dive SITES<\/h4>\n\n\n\n<p>You may use a pool or other confined-water location for training or use dive boats or other shore-based means to access your dive sites. Weather and sea conditions vary dramatically, as do remoteness, exposure to diving emergencies, and access to emergency assistance. These are all factors to consider when assessing risks and creating plans. Being aware of and understanding the accidents and incidents that may occur are essential aspects of your preparation for safe operations.<\/p>\n\n\n\n<div style=\"height:11px\" aria-hidden=\"true\" class=\"wp-block-spacer\"><\/div>\n\n\n\n<h4 class=\"wp-block-heading\" id=\"h-assess-your-vehicles\" style=\"text-transform:uppercase\">Assess Your VEHICLES<\/h4>\n\n\n\n<p>Several factors need to be considered when assessing vehicles used for transporting divers. Beyond licensing and equipment requirements, you are responsible for planning for and carrying out emergency procedures that are not always top of mind. In some cases, the emergency action plan is going to include steps that require careful planning, training, and equipment.<\/p>\n\n\n\n<p>Vehicle road accidents, fires, death onboard your vessel, and in some areas even hijacking are emergencies we generally would prefer not to think about\u200a\u2014\u200abut it is important to consider and develop plans for risks such as these.<\/p>\n\n\n\n<div style=\"height:11px\" aria-hidden=\"true\" class=\"wp-block-spacer\"><\/div>\n\n\n\n<h4 class=\"wp-block-heading\" id=\"h-assess-your-emergency-action-training-regularly\" style=\"text-transform:uppercase\">Assess Your EMERGENCY <br>ACTION TRAINING\u2013REGULARLY!<\/h4>\n\n\n\n<p>Compiling and implementing emergency action plans require very specific training to ensure that you will be able to respond appropriately during times of potential chaos and that assistance numbers and emergency equipment will help you manage. Keep your emergency plans at the forefront of your mind as a dive operator. This means you should not simply file your emergency action plan for when you might need it; rather, you should perform walk-throughs to review the effectiveness of the plan and then do realistic drills at least once a year to ensure you and your staff are able to execute all the necessary emergency actions effectively.<\/p>\n<\/div>\n\n\n\n<div class=\"wp-block-column is-layout-flow wp-block-column-is-layout-flow\" style=\"flex-basis:40%\">\n<figure class=\"wp-block-image size-full is-resized\"><img loading=\"lazy\" decoding=\"async\" src=\"https:\/\/world.dan.org\/wp-content\/uploads\/2023\/08\/scuba-tank-on-beach-155361523-666x600-1.jpg\" alt=\"\" class=\"wp-image-25376\" width=\"333\" height=\"300\" srcset=\"https:\/\/world.dan.org\/wp-content\/uploads\/2023\/08\/scuba-tank-on-beach-155361523-666x600-1.jpg 666w, https:\/\/world.dan.org\/wp-content\/uploads\/2023\/08\/scuba-tank-on-beach-155361523-666x600-1-360x324.jpg 360w, https:\/\/world.dan.org\/wp-content\/uploads\/2023\/08\/scuba-tank-on-beach-155361523-666x600-1-13x12.jpg 13w\" sizes=\"auto, (max-width: 333px) 100vw, 333px\" \/><\/figure>\n\n\n\n<div style=\"height:5px\" aria-hidden=\"true\" class=\"wp-block-spacer\"><\/div>\n\n\n\n<figure class=\"wp-block-image size-full is-resized\"><img loading=\"lazy\" decoding=\"async\" src=\"https:\/\/world.dan.org\/wp-content\/uploads\/2023\/08\/frink-browsing-DAN-dsc00542-600x600-1.jpg\" alt=\"frink on dan website\" class=\"wp-image-25398\" width=\"333\" height=\"333\" srcset=\"https:\/\/world.dan.org\/wp-content\/uploads\/2023\/08\/frink-browsing-DAN-dsc00542-600x600-1.jpg 600w, https:\/\/world.dan.org\/wp-content\/uploads\/2023\/08\/frink-browsing-DAN-dsc00542-600x600-1-360x360.jpg 360w, https:\/\/world.dan.org\/wp-content\/uploads\/2023\/08\/frink-browsing-DAN-dsc00542-600x600-1-150x150.jpg 150w, https:\/\/world.dan.org\/wp-content\/uploads\/2023\/08\/frink-browsing-DAN-dsc00542-600x600-1-12x12.jpg 12w\" sizes=\"auto, (max-width: 333px) 100vw, 333px\" \/><\/figure>\n<\/div>\n<\/div>\n\n\n\n<hr class=\"wp-block-separator has-text-color has-dan-light-gray-color has-css-opacity has-dan-light-gray-background-color has-background is-style-wide\"\/>\n\n\n\n<div style=\"height:50px\" aria-hidden=\"true\" class=\"wp-block-spacer\"><\/div>\n\n\n\n<div class=\"wp-block-columns is-layout-flex wp-container-core-columns-is-layout-9d6595d7 wp-block-columns-is-layout-flex\">\n<div class=\"wp-block-column is-layout-flow wp-block-column-is-layout-flow\" style=\"flex-basis:49%\"><div class=\"wp-block-image\">\n<figure class=\"aligncenter size-full is-resized\"><img loading=\"lazy\" decoding=\"async\" src=\"https:\/\/world.dan.org\/wp-content\/uploads\/2023\/08\/emergency-action-plan-fillable-form-blue-1024x1024-1.png\" alt=\"\" class=\"wp-image-25378\" width=\"160\" height=\"160\" srcset=\"https:\/\/world.dan.org\/wp-content\/uploads\/2023\/08\/emergency-action-plan-fillable-form-blue-1024x1024-1.png 1024w, https:\/\/world.dan.org\/wp-content\/uploads\/2023\/08\/emergency-action-plan-fillable-form-blue-1024x1024-1-360x360.png 360w, https:\/\/world.dan.org\/wp-content\/uploads\/2023\/08\/emergency-action-plan-fillable-form-blue-1024x1024-1-150x150.png 150w, https:\/\/world.dan.org\/wp-content\/uploads\/2023\/08\/emergency-action-plan-fillable-form-blue-1024x1024-1-768x768.png 768w, https:\/\/world.dan.org\/wp-content\/uploads\/2023\/08\/emergency-action-plan-fillable-form-blue-1024x1024-1-12x12.png 12w, https:\/\/world.dan.org\/wp-content\/uploads\/2023\/08\/emergency-action-plan-fillable-form-blue-1024x1024-1-800x800.png 800w\" sizes=\"auto, (max-width: 160px) 100vw, 160px\" \/><\/figure>\n<\/div>\n\n\n<p><br>Scan here to create custom emergency action plans for all aspects of your operations.<\/p>\n<\/div>\n\n\n\n<div class=\"wp-block-column has-dan-light-gray-background-color has-background is-layout-flow wp-block-column-is-layout-flow\" style=\"font-size:3px;flex-basis:2px\"><\/div>\n\n\n\n<div class=\"wp-block-column is-vertically-aligned-center is-layout-flow wp-block-column-is-layout-flow\" style=\"flex-basis:50%\"><div class=\"wp-block-image\">\n<figure class=\"aligncenter is-resized\"><a href=\"https:\/\/world.dan.org\/fr\/safety-prevention\/dan-safety-tips-for-dive-operators-guide\/\"><img loading=\"lazy\" decoding=\"async\" src=\"https:\/\/world.dan.org\/wp-content\/uploads\/2023\/08\/safety-tips-for-dive-operators.jpg\" alt=\"safety tips for dive operators\" class=\"wp-image-25385\" width=\"334\" height=\"414\" srcset=\"https:\/\/world.dan.org\/wp-content\/uploads\/2023\/08\/safety-tips-for-dive-operators.jpg 400w, https:\/\/world.dan.org\/wp-content\/uploads\/2023\/08\/safety-tips-for-dive-operators-290x360.jpg 290w, https:\/\/world.dan.org\/wp-content\/uploads\/2023\/08\/safety-tips-for-dive-operators-10x12.jpg 10w\" sizes=\"auto, (max-width: 334px) 100vw, 334px\" \/><\/a><\/figure>\n<\/div>\n\n\n<div class=\"wp-block-buttons is-content-justification-center is-layout-flex wp-container-core-buttons-is-layout-16018d1d wp-block-buttons-is-layout-flex\">\n<div class=\"wp-block-button\"><a class=\"wp-block-button__link has-dan-red-400-background-color has-background wp-element-button\" href=\"https:\/\/world.dan.org\/fr\/safety-prevention\/dan-safety-tips-for-dive-operators-guide\/\" style=\"border-radius:5px\">READ NOW<\/a><\/div>\n<\/div>\n<\/div>\n<\/div>\n\n\n\n<div style=\"height:50px\" aria-hidden=\"true\" class=\"wp-block-spacer\"><\/div>\n\n\n\n<hr class=\"wp-block-separator has-text-color has-dan-light-gray-color has-css-opacity has-dan-light-gray-background-color has-background is-style-wide\"\/>\n\n\n\n<div style=\"height:50px\" aria-hidden=\"true\" class=\"wp-block-spacer\"><\/div>\n\n\n\n<div class=\"wp-block-columns is-layout-flex wp-container-core-columns-is-layout-9d6595d7 wp-block-columns-is-layout-flex\">\n<div class=\"wp-block-column is-layout-flow wp-block-column-is-layout-flow\">\n<p class=\"has-dan-black-color has-text-color\" style=\"font-size:21px\"><strong>DAN Service client\u00e8le<\/strong><\/p>\n\n\n\n<p><strong>Asie-Pacifique<\/strong><\/p>\n\n\n\n<p>T\u00e9l\u00e9phone\u00a0: +61-3-9886 9166<\/p>\n\n\n\n<p>Courriel :<a href=\"mailto:infoap@dan.org\">infoap@dan.org<\/a><\/p>\n\n\n\n<p>Du lundi au vendredi, de 9 h \u00e0 21 h HNEA<\/p>\n\n\n\n<p><br><strong>Am\u00e9rique latine et Cara\u00efbes<\/strong>&nbsp;<strong>&amp; Cara\u00efbes<\/strong><\/p>\n\n\n\n<p class=\"translation-block\">T\u00e9l\u00e9phone: <strong>+1-202-470-0929<\/strong> (Anglais)<\/p>\n\n\n\n<p>T\u00e9l\u00e9phone\u00a0: +52-55-8421-9866 (en espagnol)<\/p>\n\n\n\n<p>Courriel :&nbsp;<a href=\"mailto:Member@DAN.org\">Member@DAN.org<\/a><\/p>\n<\/div>\n\n\n\n<div class=\"wp-block-column is-layout-flow wp-block-column-is-layout-flow\">\n<p style=\"font-size:21px\" class=\"translation-block\"><strong>Ligne d\u2019appels d\u2019urgence,<br> 24heures\/24, 7jours\/7<\/p>\n\n\n\n<p class=\"has-dan-red-400-color has-text-color\">+1 (919) 684-9111<\/p>\n\n\n\n<p class=\"has-dan-red-400-color has-text-color\">1800 088 200 <br><span style=\"color: #111111;\" class=\"stk-highlight\">en Australie<\/span><\/p>\n\n\n\n<p class=\"has-dan-red-400-color has-text-color\">+62 21 5085-8719 <br><span style=\"color: #111111;\" class=\"stk-highlight\">en Indon\u00e9sie<\/span><\/p>\n\n\n\n<p><strong>DAN medics (les professionnels de sant\u00e9) sont disponibles 24 heures sur 24, 7 jours sur 7 et 365 jours par an. <br><br>Les appels internationaux \u00e0 frais vir\u00e9s sont accept\u00e9s<\/strong><\/p>\n\n\n\n<p>Les appels internationaux \u00e0 frais vir\u00e9s ( en PCV)  sont accept\u00e9s<\/p>\n<\/div>\n\n\n\n<div class=\"wp-block-column is-layout-flow wp-block-column-is-layout-flow\">\n<p style=\"font-size:21px\"><strong>Ligne d\u2019information m\u00e9dicale<\/strong><\/p>\n\n\n\n<p>Obtenez des r\u00e9ponses \u00e0 vos questions non urgentes relatives \u00e0 la sant\u00e9 et \u00e0 la plong\u00e9e.<\/p>\n\n\n\n<p>Du lundi au vendredi de 08 h 30 \u00e0 17 h HE<\/p>\n\n\n\n<p>+1 (919) 684-2948, Option 4<\/p>\n\n\n\n<p>En ligne <a href=\"https:\/\/apps.dan.org\/ask-a-medic\">Demander \u00e0 un medic (professionel de sant\u00e9)<\/a><\/p>\n\n\n\n<p>Comptez 24 \u00e0 48 heures pour obtenir une r\u00e9ponse.<\/p>\n<\/div>\n\n\n\n<div class=\"wp-block-column is-layout-flow wp-block-column-is-layout-flow\">\n<p style=\"font-size:21px\"><strong>Ressources sur la s\u00e9curit\u00e9 en plong\u00e9e<\/strong><\/p>\n\n\n\n<p><a href=\"https:\/\/world.dan.org\/fr\/health-medicine\/medical-services\/physician-network\/\">Sant\u00e9 et m\u00e9decine<\/a><\/p>\n\n\n\n<p><a href=\"https:\/\/world.dan.org\/fr\/safety-prevention\/diver-safety\/\">S\u00e9curit\u00e9 des plongeurs<\/a><\/p>\n\n\n\n<p><a href=\"https:\/\/world.dan.org\/fr\/safety-prevention\/operation-safety\/\">S\u00e9curit\u00e9 des op\u00e9rations de plong\u00e9e<\/a><\/p>\n\n\n\n<p><a href=\"https:\/\/world.dan.org\/fr\/health-medicine\/health-resources\/smart-guides\/\">S\u00e9curit\u00e9 des Caissons<\/a><\/p>\n<\/div>\n<\/div>","protected":false},"excerpt":{"rendered":"<p>SCUBA EXPERIENCES ARE NOT WITHOUT RISK, and accidents are always possible. But with the right plans in place, incidents can be managed, and harm can be limited.<\/p>","protected":false},"author":14,"featured_media":25389,"parent":23,"menu_order":14,"comment_status":"closed","ping_status":"closed","template":"templates\/page-landing-2a.php","meta":{"_acf_changed":false,"_ef_editorial_meta_date_first-draft-date":"","_ef_editorial_meta_paragraph_assignment":"","_ef_editorial_meta_checkbox_needs-photo":"","_ef_editorial_meta_number_word-count":"","footnotes":""},"class_list":["post-25374","page","type-page","status-publish","has-post-thumbnail","hentry"],"acf":[],"yoast_head":"<!-- This site is optimized with the Yoast SEO Premium plugin v27.4 (Yoast SEO v27.4) - https:\/\/yoast.com\/product\/yoast-seo-premium-wordpress\/ -->\n<title>EMERGENCY ACTION PLANS: WHEN THINGS GO WRONG - DAN World<\/title>\n<meta name=\"description\" content=\"SCUBA EXPERIENCES ARE NOT WITHOUT RISK, and accidents are always possible. But with the right plans in place, incidents can be managed, and harm can be limited.\" \/>\n<meta name=\"robots\" content=\"index, follow, max-snippet:-1, max-image-preview:large, max-video-preview:-1\" \/>\n<link rel=\"canonical\" href=\"https:\/\/world.dan.org\/fr\/safety-prevention\/emergency-action-plans-when-things-go-wrong\/\" \/>\n<meta property=\"og:locale\" content=\"fr_CA\" \/>\n<meta property=\"og:type\" content=\"article\" \/>\n<meta property=\"og:title\" content=\"EMERGENCY ACTION PLANS: WHEN THINGS GO WRONG\" \/>\n<meta property=\"og:description\" content=\"SCUBA EXPERIENCES ARE NOT WITHOUT RISK, and accidents are always possible. But with the right plans in place, incidents can be managed, and harm can be limited.\" \/>\n<meta property=\"og:url\" content=\"https:\/\/world.dan.org\/fr\/safety-prevention\/emergency-action-plans-when-things-go-wrong\/\" \/>\n<meta property=\"og:site_name\" content=\"DAN World\" \/>\n<meta property=\"article:modified_time\" content=\"2023-08-09T22:08:19+00:00\" \/>\n<meta property=\"og:image\" content=\"https:\/\/world.dan.org\/wp-content\/uploads\/2023\/08\/frink-on-dan-website-dsc00542-1920x1080-1.jpg\" \/>\n\t<meta property=\"og:image:width\" content=\"1920\" \/>\n\t<meta property=\"og:image:height\" content=\"1080\" \/>\n\t<meta property=\"og:image:type\" content=\"image\/jpeg\" \/>\n<meta name=\"twitter:card\" content=\"summary_large_image\" \/>\n<meta name=\"twitter:description\" content=\"SCUBA EXPERIENCES ARE NOT WITHOUT RISK, and accidents are always possible. But with the right plans in place, incidents can be managed, and harm can be limited.\" \/>\n<meta name=\"twitter:label1\" content=\"Est. reading time\" \/>\n\t<meta name=\"twitter:data1\" content=\"4 minutes\" \/>\n<script type=\"application\/ld+json\" class=\"yoast-schema-graph\">{\"@context\":\"https:\\\/\\\/schema.org\",\"@graph\":[{\"@type\":\"WebPage\",\"@id\":\"https:\\\/\\\/world.dan.org\\\/safety-prevention\\\/emergency-action-plans-when-things-go-wrong\\\/\",\"url\":\"https:\\\/\\\/world.dan.org\\\/safety-prevention\\\/emergency-action-plans-when-things-go-wrong\\\/\",\"name\":\"EMERGENCY ACTION PLANS: WHEN THINGS GO WRONG - DAN World\",\"isPartOf\":{\"@id\":\"https:\\\/\\\/world.dan.org\\\/es\\\/#website\"},\"primaryImageOfPage\":{\"@id\":\"https:\\\/\\\/world.dan.org\\\/safety-prevention\\\/emergency-action-plans-when-things-go-wrong\\\/#primaryimage\"},\"image\":{\"@id\":\"https:\\\/\\\/world.dan.org\\\/safety-prevention\\\/emergency-action-plans-when-things-go-wrong\\\/#primaryimage\"},\"thumbnailUrl\":\"https:\\\/\\\/world.dan.org\\\/wp-content\\\/uploads\\\/2023\\\/08\\\/frink-on-dan-website-dsc00542-1920x1080-1.jpg\",\"datePublished\":\"2023-08-09T22:07:52+00:00\",\"dateModified\":\"2023-08-09T22:08:19+00:00\",\"description\":\"SCUBA EXPERIENCES ARE NOT WITHOUT RISK, and accidents are always possible. But with the right plans in place, incidents can be managed, and harm can be limited.\",\"breadcrumb\":{\"@id\":\"https:\\\/\\\/world.dan.org\\\/safety-prevention\\\/emergency-action-plans-when-things-go-wrong\\\/#breadcrumb\"},\"inLanguage\":\"fr-CA\",\"potentialAction\":[{\"@type\":\"ReadAction\",\"target\":[\"https:\\\/\\\/world.dan.org\\\/safety-prevention\\\/emergency-action-plans-when-things-go-wrong\\\/\"]}]},{\"@type\":\"ImageObject\",\"inLanguage\":\"fr-CA\",\"@id\":\"https:\\\/\\\/world.dan.org\\\/safety-prevention\\\/emergency-action-plans-when-things-go-wrong\\\/#primaryimage\",\"url\":\"https:\\\/\\\/world.dan.org\\\/wp-content\\\/uploads\\\/2023\\\/08\\\/frink-on-dan-website-dsc00542-1920x1080-1.jpg\",\"contentUrl\":\"https:\\\/\\\/world.dan.org\\\/wp-content\\\/uploads\\\/2023\\\/08\\\/frink-on-dan-website-dsc00542-1920x1080-1.jpg\",\"width\":1920,\"height\":1080},{\"@type\":\"BreadcrumbList\",\"@id\":\"https:\\\/\\\/world.dan.org\\\/safety-prevention\\\/emergency-action-plans-when-things-go-wrong\\\/#breadcrumb\",\"itemListElement\":[{\"@type\":\"ListItem\",\"position\":1,\"name\":\"Home\",\"item\":\"https:\\\/\\\/world.dan.org\\\/\"},{\"@type\":\"ListItem\",\"position\":2,\"name\":\"Safety &#038; Prevention\",\"item\":\"https:\\\/\\\/world.dan.org\\\/safety-prevention\\\/\"},{\"@type\":\"ListItem\",\"position\":3,\"name\":\"EMERGENCY ACTION PLANS: WHEN THINGS GO WRONG\"}]},{\"@type\":\"WebSite\",\"@id\":\"https:\\\/\\\/world.dan.org\\\/es\\\/#website\",\"url\":\"https:\\\/\\\/world.dan.org\\\/es\\\/\",\"name\":\"DAN World\",\"description\":\"\",\"publisher\":{\"@id\":\"https:\\\/\\\/world.dan.org\\\/es\\\/#organization\"},\"potentialAction\":[{\"@type\":\"SearchAction\",\"target\":{\"@type\":\"EntryPoint\",\"urlTemplate\":\"https:\\\/\\\/world.dan.org\\\/es\\\/?s={search_term_string}\"},\"query-input\":{\"@type\":\"PropertyValueSpecification\",\"valueRequired\":true,\"valueName\":\"search_term_string\"}}],\"inLanguage\":\"fr-CA\"},{\"@type\":\"Organization\",\"@id\":\"https:\\\/\\\/world.dan.org\\\/es\\\/#organization\",\"name\":\"DAN World\",\"url\":\"https:\\\/\\\/world.dan.org\\\/es\\\/\",\"logo\":{\"@type\":\"ImageObject\",\"inLanguage\":\"fr-CA\",\"@id\":\"https:\\\/\\\/world.dan.org\\\/es\\\/#\\\/schema\\\/logo\\\/image\\\/\",\"url\":\"https:\\\/\\\/world.dan.org\\\/wp-content\\\/uploads\\\/2022\\\/04\\\/DAN-World-logo-sm-52px.svg\",\"contentUrl\":\"https:\\\/\\\/world.dan.org\\\/wp-content\\\/uploads\\\/2022\\\/04\\\/DAN-World-logo-sm-52px.svg\",\"width\":175,\"height\":52,\"caption\":\"DAN World\"},\"image\":{\"@id\":\"https:\\\/\\\/world.dan.org\\\/es\\\/#\\\/schema\\\/logo\\\/image\\\/\"}}]}<\/script>\n<!-- \/ Yoast SEO Premium plugin. -->","yoast_head_json":{"title":"EMERGENCY ACTION PLANS: WHEN THINGS GO WRONG - DAN World","description":"SCUBA EXPERIENCES ARE NOT WITHOUT RISK, and accidents are always possible. But with the right plans in place, incidents can be managed, and harm can be limited.","robots":{"index":"index","follow":"follow","max-snippet":"max-snippet:-1","max-image-preview":"max-image-preview:large","max-video-preview":"max-video-preview:-1"},"canonical":"https:\/\/world.dan.org\/fr\/safety-prevention\/emergency-action-plans-when-things-go-wrong\/","og_locale":"fr_CA","og_type":"article","og_title":"EMERGENCY ACTION PLANS: WHEN THINGS GO WRONG","og_description":"SCUBA EXPERIENCES ARE NOT WITHOUT RISK, and accidents are always possible. But with the right plans in place, incidents can be managed, and harm can be limited.","og_url":"https:\/\/world.dan.org\/fr\/safety-prevention\/emergency-action-plans-when-things-go-wrong\/","og_site_name":"DAN World","article_modified_time":"2023-08-09T22:08:19+00:00","og_image":[{"width":1920,"height":1080,"url":"https:\/\/world.dan.org\/wp-content\/uploads\/2023\/08\/frink-on-dan-website-dsc00542-1920x1080-1.jpg","type":"image\/jpeg"}],"twitter_card":"summary_large_image","twitter_description":"SCUBA EXPERIENCES ARE NOT WITHOUT RISK, and accidents are always possible. But with the right plans in place, incidents can be managed, and harm can be limited.","twitter_misc":{"Est. reading time":"4 minutes"},"schema":{"@context":"https:\/\/schema.org","@graph":[{"@type":"WebPage","@id":"https:\/\/world.dan.org\/safety-prevention\/emergency-action-plans-when-things-go-wrong\/","url":"https:\/\/world.dan.org\/safety-prevention\/emergency-action-plans-when-things-go-wrong\/","name":"EMERGENCY ACTION PLANS: WHEN THINGS GO WRONG - DAN World","isPartOf":{"@id":"https:\/\/world.dan.org\/es\/#website"},"primaryImageOfPage":{"@id":"https:\/\/world.dan.org\/safety-prevention\/emergency-action-plans-when-things-go-wrong\/#primaryimage"},"image":{"@id":"https:\/\/world.dan.org\/safety-prevention\/emergency-action-plans-when-things-go-wrong\/#primaryimage"},"thumbnailUrl":"https:\/\/world.dan.org\/wp-content\/uploads\/2023\/08\/frink-on-dan-website-dsc00542-1920x1080-1.jpg","datePublished":"2023-08-09T22:07:52+00:00","dateModified":"2023-08-09T22:08:19+00:00","description":"SCUBA EXPERIENCES ARE NOT WITHOUT RISK, and accidents are always possible. But with the right plans in place, incidents can be managed, and harm can be limited.","breadcrumb":{"@id":"https:\/\/world.dan.org\/safety-prevention\/emergency-action-plans-when-things-go-wrong\/#breadcrumb"},"inLanguage":"fr-CA","potentialAction":[{"@type":"ReadAction","target":["https:\/\/world.dan.org\/safety-prevention\/emergency-action-plans-when-things-go-wrong\/"]}]},{"@type":"ImageObject","inLanguage":"fr-CA","@id":"https:\/\/world.dan.org\/safety-prevention\/emergency-action-plans-when-things-go-wrong\/#primaryimage","url":"https:\/\/world.dan.org\/wp-content\/uploads\/2023\/08\/frink-on-dan-website-dsc00542-1920x1080-1.jpg","contentUrl":"https:\/\/world.dan.org\/wp-content\/uploads\/2023\/08\/frink-on-dan-website-dsc00542-1920x1080-1.jpg","width":1920,"height":1080},{"@type":"BreadcrumbList","@id":"https:\/\/world.dan.org\/safety-prevention\/emergency-action-plans-when-things-go-wrong\/#breadcrumb","itemListElement":[{"@type":"ListItem","position":1,"name":"Home","item":"https:\/\/world.dan.org\/"},{"@type":"ListItem","position":2,"name":"Safety &#038; Prevention","item":"https:\/\/world.dan.org\/safety-prevention\/"},{"@type":"ListItem","position":3,"name":"EMERGENCY ACTION PLANS: WHEN THINGS GO WRONG"}]},{"@type":"WebSite","@id":"https:\/\/world.dan.org\/es\/#website","url":"https:\/\/world.dan.org\/es\/","name":"DAN World","description":"","publisher":{"@id":"https:\/\/world.dan.org\/es\/#organization"},"potentialAction":[{"@type":"SearchAction","target":{"@type":"EntryPoint","urlTemplate":"https:\/\/world.dan.org\/es\/?s={search_term_string}"},"query-input":{"@type":"PropertyValueSpecification","valueRequired":true,"valueName":"search_term_string"}}],"inLanguage":"fr-CA"},{"@type":"Organization","@id":"https:\/\/world.dan.org\/es\/#organization","name":"DAN World","url":"https:\/\/world.dan.org\/es\/","logo":{"@type":"ImageObject","inLanguage":"fr-CA","@id":"https:\/\/world.dan.org\/es\/#\/schema\/logo\/image\/","url":"https:\/\/world.dan.org\/wp-content\/uploads\/2022\/04\/DAN-World-logo-sm-52px.svg","contentUrl":"https:\/\/world.dan.org\/wp-content\/uploads\/2022\/04\/DAN-World-logo-sm-52px.svg","width":175,"height":52,"caption":"DAN World"},"image":{"@id":"https:\/\/world.dan.org\/es\/#\/schema\/logo\/image\/"}}]}},"_links":{"self":[{"href":"https:\/\/world.dan.org\/fr\/wp-json\/wp\/v2\/pages\/25374","targetHints":{"allow":["GET"]}}],"collection":[{"href":"https:\/\/world.dan.org\/fr\/wp-json\/wp\/v2\/pages"}],"about":[{"href":"https:\/\/world.dan.org\/fr\/wp-json\/wp\/v2\/types\/page"}],"author":[{"embeddable":true,"href":"https:\/\/world.dan.org\/fr\/wp-json\/wp\/v2\/users\/14"}],"replies":[{"embeddable":true,"href":"https:\/\/world.dan.org\/fr\/wp-json\/wp\/v2\/comments?post=25374"}],"version-history":[{"count":0,"href":"https:\/\/world.dan.org\/fr\/wp-json\/wp\/v2\/pages\/25374\/revisions"}],"up":[{"embeddable":true,"href":"https:\/\/world.dan.org\/fr\/wp-json\/wp\/v2\/pages\/23"}],"wp:featuredmedia":[{"embeddable":true,"href":"https:\/\/world.dan.org\/fr\/wp-json\/wp\/v2\/media\/25389"}],"wp:attachment":[{"href":"https:\/\/world.dan.org\/fr\/wp-json\/wp\/v2\/media?parent=25374"}],"curies":[{"name":"wp","href":"https:\/\/api.w.org\/{rel}","templated":true}]}}