{"id":26198,"date":"2023-12-22T13:29:21","date_gmt":"2023-12-22T18:29:21","guid":{"rendered":"https:\/\/world.dan.org\/?page_id=26198"},"modified":"2023-12-30T12:44:55","modified_gmt":"2023-12-30T17:44:55","slug":"dan-membership-benefit-comparison-canada","status":"publish","type":"page","link":"https:\/\/world.dan.org\/fr\/dan-membership-benefit-comparison-canada\/","title":{"rendered":"Comparaison des Prestations de l'Adh\u00e9sion \u00e0 DAN (Canada)"},"content":{"rendered":"<div style=\"height:41px\" aria-hidden=\"true\" class=\"wp-block-spacer\"><\/div>\n\n\n\n<div style=\"height:22px\" aria-hidden=\"true\" class=\"wp-block-spacer\"><\/div>\n\n\n\n<figure class=\"wp-block-table is-style-stripes\"><table><thead><tr><th class=\"has-text-align-left\" data-align=\"left\"><strong>Prestations de transport m\u00e9dical d'urgence \net d'assistance voyage fournies pendant un \nvoyage :<\/strong><\/th><th class=\"has-text-align-right\" data-align=\"right\"><strong>Adh\u00e9sion Regular<\/strong><br>Plafond global des \nprestations\nMontant maximum \n150 000 $ CAD<\/th><th class=\"has-text-align-right\" data-align=\"right\"><strong>Adh\u00e9sion Enhanced<\/strong><br><strong>Plafond global des \nprestations<\/strong>  Montant ma<strong>ximum \n500 000 $ CAD<\/strong><\/th><\/tr><\/thead><tbody><tr><td class=\"has-text-align-left\" data-align=\"left\">\u00c9vacuation d'urgence et transfert m\u00e9dicalement \nn\u00e9cessaire<\/td><td class=\"has-text-align-right\" data-align=\"right\">Inclus dans la limite de \n150 000 $<\/td><td class=\"has-text-align-right\" data-align=\"right\">Inclus dans la limite de \n500 000 $<\/td><\/tr><tr><td class=\"has-text-align-left\" data-align=\"left\">Rapatriement d'une d\u00e9pouille mortelle<\/td><td class=\"has-text-align-right\" data-align=\"right\">Inclus dans la limite de \n150 000 $<\/td><td class=\"has-text-align-right\" data-align=\"right\">Inclus dans la limite de \n500 000 $<\/td><\/tr><tr><td class=\"has-text-align-left\" data-align=\"left\">Rapatriement pour des soins \nsuppl\u00e9mentaires (par une compagnie \na\u00e9rienne commerciale r\u00e9guli\u00e8re ou par \ntransport terrestre)<\/td><td class=\"has-text-align-right\" data-align=\"right\">Inclus dans la limite de \n150 000 $<\/td><td class=\"has-text-align-right\" data-align=\"right\">Inclus dans la limite de \n500 000 $<\/td><\/tr><tr><td class=\"has-text-align-left\" data-align=\"left\">Retour d'enfants \u00e0 charge<\/td><td class=\"has-text-align-right\" data-align=\"right\">Inclus dans la limite de \n150 000 $<\/td><td class=\"has-text-align-right\" data-align=\"right\">Inclus dans la limite de \n500 000 $<\/td><\/tr><tr><td class=\"has-text-align-left\" data-align=\"left\">Retour d\u2019un compagnon de voyage<\/td><td class=\"has-text-align-right\" data-align=\"right\">Inclus dans la limite de \n150 000 $<\/td><td class=\"has-text-align-right\" data-align=\"right\">Inclus dans la limite de \n500 000 $<\/td><\/tr><tr><td class=\"has-text-align-left\" data-align=\"left\">Visite d'un membre de la famille ou d'un ami\/compagnon de voyage<\/td><td class=\"has-text-align-right\" data-align=\"right\">Sous-limite  de 1 000 $ <br>frais \naccessoires non compris<\/td><td class=\"has-text-align-right\" data-align=\"right\">Sous-limite  de 5 000 $ <br>frais \naccessoires compris<\/td><\/tr><tr><td class=\"has-text-align-left\" data-align=\"left\">Restitution du v\u00e9hicule<\/td><td class=\"has-text-align-right\" data-align=\"right\">Sous-limite de 1000 $<\/td><td class=\"has-text-align-right\" data-align=\"right\">Sous-limite de 1000 $<\/td><\/tr><tr><td class=\"has-text-align-left\" data-align=\"left\">Recherche et Sauvetage&nbsp;<\/td><td class=\"has-text-align-right\" data-align=\"right\">\u2013<\/td><td class=\"has-text-align-right\" data-align=\"right\">Sous-limite de 50 000 $<\/td><\/tr><tr><td class=\"has-text-align-left\" data-align=\"left\">\u00c9vacuation de s\u00e9curit\u00e9 mondiale lors d\u2019un \nvoyage hors du pays de r\u00e9sidence<\/td><td class=\"has-text-align-right\" data-align=\"right\">\u2013<\/td><td class=\"has-text-align-right\" data-align=\"right\">Sous-limite de 50 000 $<\/td><\/tr><tr><td class=\"has-text-align-left\" data-align=\"left\">Rapatriement pour des soins \nsuppl\u00e9mentaires (par service lou\u00e9)<\/td><td class=\"has-text-align-right\" data-align=\"right\">\u2013<\/td><td class=\"has-text-align-right\" data-align=\"right\">Sous-limite 150 000 $<\/td><\/tr><tr><td class=\"has-text-align-left\" data-align=\"left\">Transport m\u00e9dical \u00e0 domicile (par \ncompagnie a\u00e9rienne commerciale r\u00e9guli\u00e8re, \nembarcation ou transport terrestre)<\/td><td class=\"has-text-align-right\" data-align=\"right\">\u2013<\/td><td class=\"has-text-align-right\" data-align=\"right\">Inclus dans la limite de \n500 000 $<\/td><\/tr><tr><td class=\"has-text-align-left\" data-align=\"left\">Transport m\u00e9dical \u00e0 domicile (par service lou\u00e9)<\/td><td class=\"has-text-align-right\" data-align=\"right\">\u2013<\/td><td class=\"has-text-align-right\" data-align=\"right\">Sous-limite 150 000 $<\/td><\/tr><tr><td class=\"has-text-align-left\" data-align=\"left\">Transport pour rejoindre le circuit \u00e0 la suite \nd\u2019une urgence m\u00e9dicale (par compagnie \na\u00e9rienne commerciale r\u00e9guli\u00e8re, \nembarcation ou transport terrestre)<\/td><td class=\"has-text-align-right\" data-align=\"right\">\u2013<\/td><td class=\"has-text-align-right\" data-align=\"right\">Inclus dans la limite de \n500 000 $<\/td><\/tr><tr><td class=\"has-text-align-left\" data-align=\"left\">Rapatriement \u00e0 la suite d\u2019urgence m\u00e9dicale \n(par compagnie a\u00e9rienne commerciale \nr\u00e9guli\u00e8re, embarcation ou transport \nterrestre)<\/td><td class=\"has-text-align-right\" data-align=\"right\">\u2013<\/td><td class=\"has-text-align-right\" data-align=\"right\">Inclus dans la limite de \n500 000 $<\/td><\/tr><\/tbody><tfoot><tr><td class=\"has-text-align-left\" data-align=\"left\"><\/td><td class=\"has-text-align-right\" data-align=\"right\"><\/td><td class=\"has-text-align-right\" data-align=\"right\"><\/td><\/tr><\/tfoot><\/table><\/figure>\n\n\n\n<p class=\"has-small-font-size\">Toutes les limites des avantages et les prix des adh\u00e9sions sont en dollars canadiens. L'adh\u00e9sion DAN seule, ne couvre pas les co\u00fbts d'un accident de plong\u00e9e. Consultez les termes et conditions complets de la couverture dans le Guide des Prestations pour les Membres (Handbook) . <\/p>\n\n\n\n<p><\/p>\n\n\n\n<div class=\"wp-block-stackable-spacer stk-block-spacer stk--no-padding stk-block stk-a736137\" data-block-id=\"a736137\"><\/div>\n\n\n\n<hr class=\"wp-block-separator has-text-color has-dan-light-gray-color has-css-opacity has-dan-light-gray-background-color has-background\"\/>\n\n\n\n<div class=\"wp-block-columns is-layout-flex wp-container-core-columns-is-layout-9d6595d7 wp-block-columns-is-layout-flex\">\n<div class=\"wp-block-column is-layout-flow wp-block-column-is-layout-flow\">\n<p class=\"has-dan-black-color has-text-color\" style=\"font-size:21px\"><strong>Service \u00e0 la client\u00e8le<\/strong><\/p>\n\n\n\n<p><strong>Canada<\/strong><\/p>\n\n\n\n<p class=\"has-small-font-size\">Du lundi au vendredi <br>8h30 - 17h. ET<\/p>\n\n\n\n<p class=\"has-small-font-size\">+1-919-684-2948<\/p>\n\n\n\n<p class=\"has-small-font-size\">+1-800-446-2671<\/p>\n\n\n\n<p class=\"has-small-font-size\">Fax: +1-919-490-6630<\/p>\n\n\n\n<p class=\"has-small-font-size\">Courriel : <a href=\"mailto:member@dan.org\">member@dan.org<\/a><\/p>\n<\/div>\n\n\n\n<div class=\"wp-block-column is-layout-flow wp-block-column-is-layout-flow\">\n<p style=\"font-size:21px\" class=\"translation-block\"><strong>Ligne d\u2019appels d\u2019urgence,<br> 24heures\/24, 7jours\/7<\/p>\n\n\n\n<p class=\"has-small-font-size\">En cas d'accident ou de blessure de plong\u00e9e, appelez d'abord les services d'urgence m\u00e9dicale locaux puis appelez DAN.<\/p>\n\n\n\n<p class=\"has-dan-red-400-color has-text-color has-small-font-size\"><strong>Ligne t\u00e9l\u00e9phonique d'urgence 24\/7<\/strong><\/p>\n\n\n\n<p class=\"has-dan-red-400-color has-text-color has-small-font-size\"><strong>+1 (919) 684-9111<\/strong><\/p>\n\n\n\n<p class=\"has-small-font-size\">(Les appels \u00e0 frais vir\u00e9s sont accept\u00e9s)<\/p>\n\n\n\n<p class=\"has-small-font-size\">DAN doit organiser le transport pour que les frais d'\u00e9vacuation m\u00e9dicale d'urgence couverts soient pris en charge.<\/p>\n<\/div>\n\n\n\n<div class=\"wp-block-column is-layout-flow wp-block-column-is-layout-flow\">\n<p style=\"font-size:21px\"><strong>Ligne d\u2019information m\u00e9dicale<\/strong><\/p>\n\n\n\n<p class=\"has-small-font-size\">Obtenez des r\u00e9ponses \u00e0 vos questions de sant\u00e9 et de plong\u00e9e non urgentes.<\/p>\n\n\n\n<p class=\"has-small-font-size\">Du lundi au vendredi, <br>8h30-17h ET<\/p>\n\n\n\n<p class=\"has-small-font-size\">+1-919-684-2948<\/p>\n\n\n\n<p class=\"has-small-font-size\">Courriel : <a href=\"mailto:medic@dan.org\">medic@dan.org<\/a><\/p>\n\n\n\n<p class=\"has-small-font-size\">En ligne <a href=\"https:\/\/apps.dan.org\/ask-a-medic\">Demander \u00e0 un medic (professionel de sant\u00e9)<\/a><\/p>\n\n\n\n<p class=\"has-small-font-size\">Comptez 24 \u00e0 48 heures pour obtenir une r\u00e9ponse.<\/p>\n<\/div>\n\n\n\n<div class=\"wp-block-column is-layout-flow wp-block-column-is-layout-flow\">\n<p style=\"font-size:21px\"><strong>Ressources sur la s\u00e9curit\u00e9 en plong\u00e9e<\/strong><\/p>\n\n\n\n<p class=\"has-small-font-size\"><a href=\"https:\/\/world.dan.org\/fr\/health-medicine\/\">Sant\u00e9 et m\u00e9decine<\/a><\/p>\n\n\n\n<p class=\"has-small-font-size\"><a href=\"https:\/\/world.dan.org\/fr\/safety-prevention\/diver-safety\/\">S\u00e9curit\u00e9 des plongeurs<\/a><\/p>\n\n\n\n<p class=\"has-small-font-size\"><a href=\"https:\/\/world.dan.org\/fr\/safety-prevention\/operation-safety\/\">S\u00e9curit\u00e9 des op\u00e9rations de plong\u00e9e<\/a><\/p>\n\n\n\n<p class=\"has-small-font-size\"><a href=\"https:\/\/world.dan.org\/fr\/safety-prevention\/chamber-operation-safety\/\">S\u00e9curit\u00e9 des Caissons<\/a><\/p>\n<\/div>\n<\/div>\n\n\n\n<div style=\"height:50px\" aria-hidden=\"true\" class=\"wp-block-spacer\"><\/div>\n\n\n\n<div style=\"height:25px\" aria-hidden=\"true\" class=\"wp-block-spacer\"><\/div>\n\n\n\n<hr class=\"wp-block-separator has-text-color has-dan-light-gray-color has-css-opacity has-dan-light-gray-background-color has-background\"\/>\n\n\n\n<div style=\"height:25px\" aria-hidden=\"true\" class=\"wp-block-spacer\"><\/div>\n\n\n\n<p class=\"has-small-font-size\">Au Canada, l'assurance accident de plong\u00e9e DAN World est souscrite par Zurich Insurance Company Ltd (succursale canadienne) 100 King Street West, Suite 5500, P.O. Box 290, Toronto, ON M5X 1C9 CANADA<\/p>","protected":false},"excerpt":{"rendered":"<p>Emergency Medical Transportation and Travel Assistance Benefits Provided while on a Trip: Regular MembershipAggregate Benefit Limit CAD$150,000 Maximum Amount Enhanced MembershipAggregate Benefit Limit CAD$500,000 Maximum Amount Emergency Evacuation and Medically [&hellip;]<\/p>\n","protected":false},"author":12,"featured_media":0,"parent":0,"menu_order":12,"comment_status":"closed","ping_status":"closed","template":"","meta":{"_acf_changed":false,"_ef_editorial_meta_date_first-draft-date":"","_ef_editorial_meta_paragraph_assignment":"","_ef_editorial_meta_checkbox_needs-photo":"","_ef_editorial_meta_number_word-count":"","footnotes":""},"class_list":["post-26198","page","type-page","status-publish","hentry"],"acf":[],"yoast_head":"<!-- This site is optimized with the Yoast SEO Premium plugin v27.4 (Yoast SEO v27.4) - https:\/\/yoast.com\/product\/yoast-seo-premium-wordpress\/ -->\n<title>DAN Membership Benefit Comparison (Canada) - DAN World<\/title>\n<meta name=\"robots\" content=\"index, follow, max-snippet:-1, max-image-preview:large, max-video-preview:-1\" \/>\n<link rel=\"canonical\" href=\"https:\/\/world.dan.org\/fr\/dan-membership-benefit-comparison-canada\/\" \/>\n<meta property=\"og:locale\" content=\"fr_CA\" \/>\n<meta property=\"og:type\" content=\"article\" \/>\n<meta property=\"og:title\" content=\"DAN Membership Benefit Comparison (Canada)\" \/>\n<meta property=\"og:description\" content=\"Emergency Medical Transportation and Travel Assistance Benefits Provided while on a Trip: Regular MembershipAggregate Benefit Limit CAD$150,000 Maximum Amount Enhanced MembershipAggregate Benefit Limit CAD$500,000 Maximum Amount Emergency Evacuation and Medically [&hellip;]\" \/>\n<meta property=\"og:url\" content=\"https:\/\/world.dan.org\/fr\/dan-membership-benefit-comparison-canada\/\" \/>\n<meta property=\"og:site_name\" content=\"DAN World\" \/>\n<meta property=\"article:modified_time\" content=\"2023-12-30T17:44:55+00:00\" \/>\n<meta name=\"twitter:card\" content=\"summary_large_image\" \/>\n<meta name=\"twitter:label1\" content=\"Est. reading time\" \/>\n\t<meta name=\"twitter:data1\" content=\"2 minutes\" \/>\n<script type=\"application\/ld+json\" class=\"yoast-schema-graph\">{\"@context\":\"https:\\\/\\\/schema.org\",\"@graph\":[{\"@type\":\"WebPage\",\"@id\":\"https:\\\/\\\/world.dan.org\\\/dan-membership-benefit-comparison-canada\\\/\",\"url\":\"https:\\\/\\\/world.dan.org\\\/dan-membership-benefit-comparison-canada\\\/\",\"name\":\"DAN Membership Benefit Comparison (Canada) - DAN World\",\"isPartOf\":{\"@id\":\"https:\\\/\\\/world.dan.org\\\/es\\\/#website\"},\"datePublished\":\"2023-12-22T18:29:21+00:00\",\"dateModified\":\"2023-12-30T17:44:55+00:00\",\"breadcrumb\":{\"@id\":\"https:\\\/\\\/world.dan.org\\\/dan-membership-benefit-comparison-canada\\\/#breadcrumb\"},\"inLanguage\":\"fr-CA\",\"potentialAction\":[{\"@type\":\"ReadAction\",\"target\":[\"https:\\\/\\\/world.dan.org\\\/dan-membership-benefit-comparison-canada\\\/\"]}]},{\"@type\":\"BreadcrumbList\",\"@id\":\"https:\\\/\\\/world.dan.org\\\/dan-membership-benefit-comparison-canada\\\/#breadcrumb\",\"itemListElement\":[{\"@type\":\"ListItem\",\"position\":1,\"name\":\"Home\",\"item\":\"https:\\\/\\\/world.dan.org\\\/\"},{\"@type\":\"ListItem\",\"position\":2,\"name\":\"DAN Membership Benefit Comparison (Canada)\"}]},{\"@type\":\"WebSite\",\"@id\":\"https:\\\/\\\/world.dan.org\\\/es\\\/#website\",\"url\":\"https:\\\/\\\/world.dan.org\\\/es\\\/\",\"name\":\"DAN World\",\"description\":\"\",\"publisher\":{\"@id\":\"https:\\\/\\\/world.dan.org\\\/es\\\/#organization\"},\"potentialAction\":[{\"@type\":\"SearchAction\",\"target\":{\"@type\":\"EntryPoint\",\"urlTemplate\":\"https:\\\/\\\/world.dan.org\\\/es\\\/?s={search_term_string}\"},\"query-input\":{\"@type\":\"PropertyValueSpecification\",\"valueRequired\":true,\"valueName\":\"search_term_string\"}}],\"inLanguage\":\"fr-CA\"},{\"@type\":\"Organization\",\"@id\":\"https:\\\/\\\/world.dan.org\\\/es\\\/#organization\",\"name\":\"DAN World\",\"url\":\"https:\\\/\\\/world.dan.org\\\/es\\\/\",\"logo\":{\"@type\":\"ImageObject\",\"inLanguage\":\"fr-CA\",\"@id\":\"https:\\\/\\\/world.dan.org\\\/es\\\/#\\\/schema\\\/logo\\\/image\\\/\",\"url\":\"https:\\\/\\\/world.dan.org\\\/wp-content\\\/uploads\\\/2022\\\/04\\\/DAN-World-logo-sm-52px.svg\",\"contentUrl\":\"https:\\\/\\\/world.dan.org\\\/wp-content\\\/uploads\\\/2022\\\/04\\\/DAN-World-logo-sm-52px.svg\",\"width\":175,\"height\":52,\"caption\":\"DAN World\"},\"image\":{\"@id\":\"https:\\\/\\\/world.dan.org\\\/es\\\/#\\\/schema\\\/logo\\\/image\\\/\"}}]}<\/script>\n<!-- \/ Yoast SEO Premium plugin. -->","yoast_head_json":{"title":"DAN Membership Benefit Comparison (Canada) - DAN World","robots":{"index":"index","follow":"follow","max-snippet":"max-snippet:-1","max-image-preview":"max-image-preview:large","max-video-preview":"max-video-preview:-1"},"canonical":"https:\/\/world.dan.org\/fr\/dan-membership-benefit-comparison-canada\/","og_locale":"fr_CA","og_type":"article","og_title":"DAN Membership Benefit Comparison (Canada)","og_description":"Emergency Medical Transportation and Travel Assistance Benefits Provided while on a Trip: Regular MembershipAggregate Benefit Limit CAD$150,000 Maximum Amount Enhanced MembershipAggregate Benefit Limit CAD$500,000 Maximum Amount Emergency Evacuation and Medically [&hellip;]","og_url":"https:\/\/world.dan.org\/fr\/dan-membership-benefit-comparison-canada\/","og_site_name":"DAN World","article_modified_time":"2023-12-30T17:44:55+00:00","twitter_card":"summary_large_image","twitter_misc":{"Est. reading time":"2 minutes"},"schema":{"@context":"https:\/\/schema.org","@graph":[{"@type":"WebPage","@id":"https:\/\/world.dan.org\/dan-membership-benefit-comparison-canada\/","url":"https:\/\/world.dan.org\/dan-membership-benefit-comparison-canada\/","name":"DAN Membership Benefit Comparison (Canada) - DAN World","isPartOf":{"@id":"https:\/\/world.dan.org\/es\/#website"},"datePublished":"2023-12-22T18:29:21+00:00","dateModified":"2023-12-30T17:44:55+00:00","breadcrumb":{"@id":"https:\/\/world.dan.org\/dan-membership-benefit-comparison-canada\/#breadcrumb"},"inLanguage":"fr-CA","potentialAction":[{"@type":"ReadAction","target":["https:\/\/world.dan.org\/dan-membership-benefit-comparison-canada\/"]}]},{"@type":"BreadcrumbList","@id":"https:\/\/world.dan.org\/dan-membership-benefit-comparison-canada\/#breadcrumb","itemListElement":[{"@type":"ListItem","position":1,"name":"Home","item":"https:\/\/world.dan.org\/"},{"@type":"ListItem","position":2,"name":"DAN Membership Benefit Comparison (Canada)"}]},{"@type":"WebSite","@id":"https:\/\/world.dan.org\/es\/#website","url":"https:\/\/world.dan.org\/es\/","name":"DAN World","description":"","publisher":{"@id":"https:\/\/world.dan.org\/es\/#organization"},"potentialAction":[{"@type":"SearchAction","target":{"@type":"EntryPoint","urlTemplate":"https:\/\/world.dan.org\/es\/?s={search_term_string}"},"query-input":{"@type":"PropertyValueSpecification","valueRequired":true,"valueName":"search_term_string"}}],"inLanguage":"fr-CA"},{"@type":"Organization","@id":"https:\/\/world.dan.org\/es\/#organization","name":"DAN World","url":"https:\/\/world.dan.org\/es\/","logo":{"@type":"ImageObject","inLanguage":"fr-CA","@id":"https:\/\/world.dan.org\/es\/#\/schema\/logo\/image\/","url":"https:\/\/world.dan.org\/wp-content\/uploads\/2022\/04\/DAN-World-logo-sm-52px.svg","contentUrl":"https:\/\/world.dan.org\/wp-content\/uploads\/2022\/04\/DAN-World-logo-sm-52px.svg","width":175,"height":52,"caption":"DAN World"},"image":{"@id":"https:\/\/world.dan.org\/es\/#\/schema\/logo\/image\/"}}]}},"_links":{"self":[{"href":"https:\/\/world.dan.org\/fr\/wp-json\/wp\/v2\/pages\/26198","targetHints":{"allow":["GET"]}}],"collection":[{"href":"https:\/\/world.dan.org\/fr\/wp-json\/wp\/v2\/pages"}],"about":[{"href":"https:\/\/world.dan.org\/fr\/wp-json\/wp\/v2\/types\/page"}],"author":[{"embeddable":true,"href":"https:\/\/world.dan.org\/fr\/wp-json\/wp\/v2\/users\/12"}],"replies":[{"embeddable":true,"href":"https:\/\/world.dan.org\/fr\/wp-json\/wp\/v2\/comments?post=26198"}],"version-history":[{"count":0,"href":"https:\/\/world.dan.org\/fr\/wp-json\/wp\/v2\/pages\/26198\/revisions"}],"wp:attachment":[{"href":"https:\/\/world.dan.org\/fr\/wp-json\/wp\/v2\/media?parent=26198"}],"curies":[{"name":"wp","href":"https:\/\/api.w.org\/{rel}","templated":true}]}}