{"id":2697,"date":"2020-07-25T17:59:43","date_gmt":"2020-07-25T21:59:43","guid":{"rendered":"http:\/\/wordpress.world.dan.org\/?page_id=2697"},"modified":"2025-03-20T11:02:53","modified_gmt":"2025-03-20T15:02:53","slug":"covid-19","status":"publish","type":"page","link":"https:\/\/world.dan.org\/fr\/health-medicine\/covid-19\/","title":{"rendered":"COVID-19"},"content":{"rendered":"<div class=\"n2_clear\"><ss3-force-full-width data-overflow-x=\"body\" data-horizontal-selector=\"\"><div class=\"n2-section-smartslider fitvidsignore  n2_clear\" data-ssid=\"23\" tabindex=\"0\" role=\"region\" aria-label=\"Slider\"><div id=\"n2-ss-23-align\" class=\"n2-ss-align\"><div class=\"n2-padding\"><div id=\"n2-ss-23\" data-creator=\"Smart Slider 3\" data-responsive=\"fullwidth\" class=\"n2-ss-slider n2-ow n2-has-hover n2notransition\">\n        <div class=\"n2-ss-slider-1 n2_ss__touch_element n2-ow\">\n            <div class=\"n2-ss-slider-2 n2-ow\">\n                                                <div class=\"n2-ss-slider-3 n2-ow\">\n\n                    <div class=\"n2-ss-slide-backgrounds n2-ow-all\"><div class=\"n2-ss-slide-background\" data-public-id=\"1\" data-mode=\"fill\"><div data-gradient=\"horizontal\" data-color-start=\"RGBA(0,64,110,0.51)\" data-color-end=\"RGBA(255,255,255,0)\" style=\"background:linear-gradient(to right, RGBA(0,64,110,0.51) 0%,RGBA(255,255,255,0) 100%);\" class=\"n2-ss-slide-background-color\"><\/div><\/div><\/div>                    <div class=\"n2-ss-slider-4 n2-ow\">\n                        <svg xmlns=\"http:\/\/www.w3.org\/2000\/svg\" viewbox=\"0 0 1600 600\" data-related-device=\"desktopPortrait\" class=\"n2-ow n2-ss-preserve-size n2-ss-preserve-size--slider n2-ss-slide-limiter\"><\/svg><div data-first=\"1\" data-slide-duration=\"0\" data-id=\"27\" data-slide-public-id=\"1\" data-title=\"COVID 19\" class=\"n2-ss-slide n2-ow  n2-ss-slide-27\"><div role=\"note\" class=\"n2-ss-slide--focus\" tabindex=\"-1\">COVID 19<\/div><div class=\"n2-ss-layers-container n2-ss-slide-limiter n2-ow\"><div class=\"n2-ss-layer n2-ow n-uc-tPDK4sbKf0pJ\" data-sstype=\"slide\" data-pm=\"default\"><div class=\"n2-ss-layer n2-ow n-uc-NrLWcnAc2k7K\" data-pm=\"default\" data-sstype=\"content\" data-hasbackground=\"0\"><div class=\"n2-ss-section-main-content n2-ss-layer-with-background n2-ss-layer-content n2-ow n-uc-NrLWcnAc2k7K-inner\"><div class=\"n2-ss-layer n2-ow n2-ss-layer--block n2-ss-has-self-align n-uc-vQqrYvwicVbE\" data-pm=\"normal\" data-sstype=\"row\"><div class=\"n2-ss-layer-row n2-ss-layer-with-background n-uc-vQqrYvwicVbE-inner\"><div class=\"n2-ss-layer-row-inner\"><div class=\"n2-ss-layer n2-ow n-uc-azhpKjskQ7i0\" data-pm=\"default\" data-sstype=\"col\"><div class=\"n2-ss-layer-col n2-ss-layer-with-background n2-ss-layer-content n-uc-azhpKjskQ7i0-inner\"><div class=\"n2-ss-layer n2-ow n-uc-ES4zdnvulzVG n2-ss-layer--auto\" data-pm=\"normal\" data-sstype=\"layer\"><div class=\"n2-ss-button-container n2-ss-item-content n2-ow n2-font-a3b57aec3250d1cd7b703e552c1cb98d-link  n2-ss-nowrap n2-ss-button-container--non-full-width\"><a class=\"n2-style-05ba4352b746b78a53d300ba52f2d0e2-heading  n2-ow\" onclick=\"return false;\" href=\"#\"><div><div>M\u00c9DECINE<\/div><\/div><\/a><\/div><\/div><div class=\"n2-ss-layer n2-ow n-uc-bIUKxMw3IwQV\" data-pm=\"normal\" data-sstype=\"layer\"><h2 id=\"n2-ss-23item2\" class=\"n2-font-0e90d147ce6e7cb4798c11b222234271-hover n2-style-fea5f7007ea60cd0f94b58717a9ba1ac-heading   n2-ss-item-content n2-ss-text n2-ow\" style=\"display:block;\">COVID\u201319<\/h2><\/div><div class=\"n2-ss-layer n2-ow n-uc-cAMYQn7i4SV9\" data-pm=\"normal\" data-sstype=\"layer\"><div class=\"n2-ss-item-content n2-ss-text n2-ow-all\"><div data-hide-desktoplandscape=\"1\" data-hide-desktopportrait=\"1\" data-hide-tabletlandscape=\"1\" data-hide-tabletportrait=\"1\"><\/div><div class=\"\" data-hide-mobilelandscape=\"1\" data-hide-mobileportrait=\"1\"><\/div><\/div><\/div><div class=\"n2-ss-layer n2-ow n2-ss-layer--block n2-ss-has-self-align n-uc-SI0rlJXnVUCH\" data-pm=\"normal\" data-sstype=\"row\"><div class=\"n2-ss-layer-row n2-ss-layer-with-background n-uc-SI0rlJXnVUCH-inner\"><div class=\"n2-ss-layer-row-inner\"><div class=\"n2-ss-layer n2-ow n-uc-XQSdTHTsJegU\" data-pm=\"default\" data-sstype=\"col\"><div class=\"n2-ss-layer-col n2-ss-layer-with-background n2-ss-layer-content n-uc-XQSdTHTsJegU-inner\"><div class=\"n2-ss-layer n2-ow n-uc-oKwbwwudhr7P n2-ss-layer--auto\" data-pm=\"normal\" data-hidedesktopportrait=\"1\" data-hidetabletportrait=\"1\" data-hidemobileportrait=\"1\" data-sstype=\"layer\"><div class=\"n2-ss-button-container n2-ss-item-content n2-ow n2-font-efb749624a85eff02533b8cc5c19c88c-link  n2-ss-nowrap n2-ss-button-container--non-full-width\"><a class=\"n2-style-cd7796faf722e88fc7c6131f998fde7c-heading  n2-ow\" target=\"_blank\" href=\"https:\/\/apps.dan.org\/donations\"><div><div>FAITES UN DON AUJOURD'HUI<\/div><\/div><\/a><\/div><\/div><\/div><\/div><\/div><\/div><\/div><\/div><\/div><\/div><\/div><\/div><\/div><\/div><\/div><\/div><\/div>                    <\/div>\n\n                                    <\/div>\n            <\/div>\n        <\/div>\n        <\/div><ss3-loader><\/ss3-loader><\/div><\/div><div class=\"n2_clear\"><\/div><\/div><\/ss3-force-full-width><\/div>\n\n\n<div style=\"height:50px\" aria-hidden=\"true\" class=\"wp-block-spacer\"><\/div>\n\n\n\n<p class=\"has-text-align-center\"><strong>DAN encourage les plongeurs et les op\u00e9rateurs de plong\u00e9e \u00e0 se conformer aux ordres f\u00e9d\u00e9raux et nationaux de distanciation sociale et \u00e0 se tenir au courant des recommandations du CDC, de l'OMS et de votre service de sant\u00e9 local. Nous reconnaissons que certaines personnes continueront \u00e0 plonger et nous les encourageons \u00e0 prendre des mesures pour r\u00e9duire le risque de transmission des maladies et le risque de blessures afin d'\u00e9viter de solliciter davantage les h\u00f4pitaux et les services m\u00e9dicaux d'urgence.<\/strong><\/p>\n\n\n\n<div style=\"height:50px\" aria-hidden=\"true\" class=\"wp-block-spacer\"><\/div>\n\n\n\n<hr class=\"wp-block-separator has-text-color has-dan-light-gray-color has-css-opacity has-dan-light-gray-background-color has-background\"\/>\n\n\n\n<div style=\"height:50px\" aria-hidden=\"true\" class=\"wp-block-spacer\"><\/div>\n\n\n\n<h2 class=\"wp-block-heading\" id=\"h-for-divers\"><span style=\"color: #111111;\" class=\"stk-highlight\">Pour les plongeurs<\/span><\/h2>\n\n\n\n<div class=\"wp-block-columns is-layout-flex wp-container-core-columns-is-layout-9d6595d7 wp-block-columns-is-layout-flex\">\n<div class=\"wp-block-column is-layout-flow wp-block-column-is-layout-flow\">\n<ul class=\"wp-block-list\">\n<li><a href=\"https:\/\/world.dan.org\/fr\/safety-prevention\/diver-safety\/divers-blog\/covid-19-and-diving-march-2021-update\/\"><strong>COVID-19 et la plong\u00e9e : Mise \u00e0 jour de mars 2021<\/strong><\/a><br><\/li>\n\n\n\n<li><a href=\"https:\/\/world.dan.org\/fr\/safety-prevention\/diver-safety\/divers-blog\/disinfecting-scuba-equipment-covid-19\/\"><strong>D\u00e9sinfection de l\u2019\u00e9quipement de plong\u00e9e et la COVID-19<\/strong><\/a><br><\/li>\n\n\n\n<li><a href=\"https:\/\/world.dan.org\/fr\/safety-prevention\/diver-safety\/divers-blog\/covid-19-surface-survival-times\/\"><strong>COVID-19 :Dur\u00e9e de vie en surface<\/strong><\/a><\/li>\n<\/ul>\n<\/div>\n\n\n\n<div class=\"wp-block-column is-layout-flow wp-block-column-is-layout-flow\">\n<ul class=\"wp-block-list\">\n<li><a href=\"https:\/\/world.dan.org\/fr\/safety-prevention\/diver-safety\/divers-blog\/cpr-and-covid-19\/\"><strong>La RCP et la COVID-19<\/strong><\/a><br><\/li>\n\n\n\n<li><strong><a href=\"https:\/\/world.dan.org\/fr\/safety-prevention\/diver-safety\/divers-blog\/reduce-your-risk\/\">Sept conseils pour la pr\u00e9vention de la COVID-19 en plong\u00e9e<\/a><\/strong><br><\/li>\n\n\n\n<li><strong><a href=\"https:\/\/world.dan.org\/fr\/safety-prevention\/diver-safety\/divers-blog\/covid-19-dan-member-faqs\/\">COVID-19 :FAQ (foire aux questions) des membres DAN<\/a><\/strong><\/li>\n<\/ul>\n<\/div>\n<\/div>\n\n\n\n<div style=\"height:20px\" aria-hidden=\"true\" class=\"wp-block-spacer\"><\/div>\n\n\n\n<div class=\"wp-block-columns is-layout-flex wp-container-core-columns-is-layout-9d6595d7 wp-block-columns-is-layout-flex\">\n<div class=\"wp-block-column is-layout-flow wp-block-column-is-layout-flow\">\n<figure><iframe loading=\"lazy\" src=\"https:\/\/www.youtube.com\/embed\/vlGjKqF33tc\" allowfullscreen=\"\" width=\"560\" height=\"315\"><\/iframe><\/figure>\n<\/div>\n\n\n\n<div class=\"wp-block-column is-layout-flow wp-block-column-is-layout-flow\">\n<figure><iframe loading=\"lazy\" src=\"https:\/\/www.youtube.com\/embed\/6Z-kvqJyTPM\" allowfullscreen=\"\" width=\"560\" height=\"315\"><\/iframe><\/figure>\n<\/div>\n<\/div>\n\n\n\n<div class=\"wp-block-columns is-layout-flex wp-container-core-columns-is-layout-9d6595d7 wp-block-columns-is-layout-flex\">\n<div class=\"wp-block-column is-layout-flow wp-block-column-is-layout-flow\">\n<figure><iframe loading=\"lazy\" src=\"https:\/\/www.youtube.com\/embed\/HOZsWzmlsXg\" allowfullscreen=\"\" width=\"560\" height=\"315\"><\/iframe><\/figure>\n<\/div>\n\n\n\n<div class=\"wp-block-column is-layout-flow wp-block-column-is-layout-flow\">\n<figure><iframe loading=\"lazy\" src=\"https:\/\/www.youtube.com\/embed\/l3x-Xj1sYyw\" allowfullscreen=\"\" width=\"560\" height=\"315\"><\/iframe><\/figure>\n<\/div>\n<\/div>\n\n\n\n<div style=\"height:30px\" aria-hidden=\"true\" class=\"wp-block-spacer\"><\/div>\n\n\n\n<hr class=\"wp-block-separator has-text-color has-dan-light-gray-color has-css-opacity has-dan-light-gray-background-color has-background\"\/>\n\n\n\n<div style=\"height:50px\" aria-hidden=\"true\" class=\"wp-block-spacer\"><\/div>\n\n\n\n<h2 class=\"wp-block-heading\" id=\"h-for-dive-operators\"><span style=\"color: #111111;\" class=\"stk-highlight\">Pour les op\u00e9rateurs de plong\u00e9e<\/span><\/h2>\n\n\n\n<div class=\"wp-block-columns is-layout-flex wp-container-core-columns-is-layout-9d6595d7 wp-block-columns-is-layout-flex\">\n<div class=\"wp-block-column is-layout-flow wp-block-column-is-layout-flow\">\n<ul class=\"wp-block-list\">\n<li><strong><a href=\"https:\/\/world.dan.org\/fr\/?post_type=dan_divers_blog&amp;p=679\">Op\u00e9rations de plong\u00e9e et la COVID-19 : Pr\u00e9parer le retour<\/a><\/strong><br><\/li>\n\n\n\n<li><strong><a href=\"https:\/\/world.dan.org\/fr\/covid-19-first-aid-training-recommendations-from-dan\/\">Recommandation de DAN en formation de premiers soins <\/a><\/strong><\/li>\n<\/ul>\n<\/div>\n\n\n\n<div class=\"wp-block-column is-layout-flow wp-block-column-is-layout-flow\">\n<figure class=\"wp-block-embed is-type-rich is-provider-embed-handler wp-block-embed-embed-handler wp-embed-aspect-16-9 wp-has-aspect-ratio\"><div class=\"wp-block-embed__wrapper\">\n<iframe loading=\"lazy\" title=\"Pour l&#039;op\u00e9rateur de plong\u00e9e : Comment prot\u00e9ger votre personnel et vos clients\" width=\"640\" height=\"360\" src=\"https:\/\/www.youtube.com\/embed\/9j0CtlnguGw?feature=oembed\" frameborder=\"0\" allow=\"accelerometer; autoplay; clipboard-write; encrypted-media; gyroscope; picture-in-picture; web-share\" referrerpolicy=\"strict-origin-when-cross-origin\" allowfullscreen><\/iframe>\n<\/div><\/figure>\n<\/div>\n<\/div>\n\n\n\n<p><\/p>","protected":false},"excerpt":{"rendered":"<p>DAN encourage les plongeurs et les op\u00e9rateurs de plong\u00e9e \u00e0 se conformer aux ordonnances f\u00e9d\u00e9rales et nationales de distanciation sociale et \u00e0 se tenir au courant des recommandations du CDC, de l'OMS et de votre service de sant\u00e9 local. Nous reconnaissons que certaines personnes continueront \u00e0 plonger et nous les encourageons \u00e0 prendre des mesures pour r\u00e9duire le risque de transmission de maladies et minimiser le risque de blessures afin d'\u00e9viter de solliciter davantage les h\u00f4pitaux et les services m\u00e9dicaux d'urgence. <\/p>","protected":false},"author":1,"featured_media":19559,"parent":21,"menu_order":120,"comment_status":"closed","ping_status":"closed","template":"templates\/page-landing-2a.php","meta":{"_acf_changed":false,"_ef_editorial_meta_date_first-draft-date":"","_ef_editorial_meta_paragraph_assignment":"","_ef_editorial_meta_checkbox_needs-photo":"","_ef_editorial_meta_number_word-count":"","footnotes":""},"class_list":["post-2697","page","type-page","status-publish","has-post-thumbnail","hentry"],"acf":[],"yoast_head":"<!-- This site is optimized with the Yoast SEO Premium plugin v27.4 (Yoast SEO v27.4) - https:\/\/yoast.com\/product\/yoast-seo-premium-wordpress\/ -->\n<title>COVID-19 - DAN World<\/title>\n<meta name=\"description\" content=\"DAN encourages divers and dive operators to comply with federal and state agencies and to stay up to date on recommendations concerning COVID-19.\" \/>\n<meta name=\"robots\" content=\"index, follow, max-snippet:-1, max-image-preview:large, max-video-preview:-1\" \/>\n<link rel=\"canonical\" href=\"https:\/\/world.dan.org\/fr\/health-medicine\/covid-19\/\" \/>\n<meta property=\"og:locale\" content=\"fr_CA\" \/>\n<meta property=\"og:type\" content=\"article\" \/>\n<meta property=\"og:title\" content=\"COVID-19\" \/>\n<meta property=\"og:description\" content=\"We acknowledge that some people will continue to dive, and we encourage them to take steps to lower their risk of disease transmission and minimize the risk of injury to avoid further stressing hospitals and emergency medical services.\" \/>\n<meta property=\"og:url\" content=\"https:\/\/world.dan.org\/fr\/health-medicine\/covid-19\/\" \/>\n<meta property=\"og:site_name\" content=\"DAN World\" \/>\n<meta property=\"article:modified_time\" content=\"2025-03-20T15:02:53+00:00\" \/>\n<meta property=\"og:image\" content=\"https:\/\/world.dan.org\/wp-content\/uploads\/2020\/10\/COVID-19-notice-1212590125-DAN-1200x800-2.jpg\" \/>\n\t<meta property=\"og:image:width\" content=\"1200\" \/>\n\t<meta property=\"og:image:height\" content=\"800\" \/>\n\t<meta property=\"og:image:type\" content=\"image\/jpeg\" \/>\n<meta name=\"twitter:card\" content=\"summary_large_image\" \/>\n<meta name=\"twitter:title\" content=\"COVID-19\" \/>\n<meta name=\"twitter:description\" content=\"We acknowledge that some people will continue to dive, and we encourage them to take steps to lower their risk of disease transmission and minimize the risk of injury to avoid further stressing hospitals and emergency medical services.\" \/>\n<meta name=\"twitter:image\" content=\"https:\/\/world.dan.org\/wp-content\/uploads\/2020\/10\/COVID-19-notice-1212590125-DAN-1200x800-2.jpg\" \/>\n<meta name=\"twitter:label1\" content=\"Est. reading time\" \/>\n\t<meta name=\"twitter:data1\" content=\"1 minute\" \/>\n<script type=\"application\/ld+json\" class=\"yoast-schema-graph\">{\"@context\":\"https:\\\/\\\/schema.org\",\"@graph\":[{\"@type\":\"WebPage\",\"@id\":\"https:\\\/\\\/world.dan.org\\\/health-medicine\\\/covid-19\\\/\",\"url\":\"https:\\\/\\\/world.dan.org\\\/health-medicine\\\/covid-19\\\/\",\"name\":\"COVID-19 - DAN World\",\"isPartOf\":{\"@id\":\"https:\\\/\\\/world.dan.org\\\/es\\\/#website\"},\"primaryImageOfPage\":{\"@id\":\"https:\\\/\\\/world.dan.org\\\/health-medicine\\\/covid-19\\\/#primaryimage\"},\"image\":{\"@id\":\"https:\\\/\\\/world.dan.org\\\/health-medicine\\\/covid-19\\\/#primaryimage\"},\"thumbnailUrl\":\"https:\\\/\\\/world.dan.org\\\/wp-content\\\/uploads\\\/2021\\\/12\\\/COVID-19-1212590125-600x300-1.jpg\",\"datePublished\":\"2020-07-25T21:59:43+00:00\",\"dateModified\":\"2025-03-20T15:02:53+00:00\",\"description\":\"DAN encourages divers and dive operators to comply with federal and state agencies and to stay up to date on recommendations concerning COVID-19.\",\"breadcrumb\":{\"@id\":\"https:\\\/\\\/world.dan.org\\\/health-medicine\\\/covid-19\\\/#breadcrumb\"},\"inLanguage\":\"fr-CA\",\"potentialAction\":[{\"@type\":\"ReadAction\",\"target\":[\"https:\\\/\\\/world.dan.org\\\/health-medicine\\\/covid-19\\\/\"]}]},{\"@type\":\"ImageObject\",\"inLanguage\":\"fr-CA\",\"@id\":\"https:\\\/\\\/world.dan.org\\\/health-medicine\\\/covid-19\\\/#primaryimage\",\"url\":\"https:\\\/\\\/world.dan.org\\\/wp-content\\\/uploads\\\/2021\\\/12\\\/COVID-19-1212590125-600x300-1.jpg\",\"contentUrl\":\"https:\\\/\\\/world.dan.org\\\/wp-content\\\/uploads\\\/2021\\\/12\\\/COVID-19-1212590125-600x300-1.jpg\",\"width\":600,\"height\":300,\"caption\":\"Coronavirus. COVID-19. 3D Render\"},{\"@type\":\"BreadcrumbList\",\"@id\":\"https:\\\/\\\/world.dan.org\\\/health-medicine\\\/covid-19\\\/#breadcrumb\",\"itemListElement\":[{\"@type\":\"ListItem\",\"position\":1,\"name\":\"Home\",\"item\":\"https:\\\/\\\/world.dan.org\\\/\"},{\"@type\":\"ListItem\",\"position\":2,\"name\":\"Health &amp; Medicine\",\"item\":\"https:\\\/\\\/world.dan.org\\\/health-medicine\\\/\"},{\"@type\":\"ListItem\",\"position\":3,\"name\":\"COVID-19\"}]},{\"@type\":\"WebSite\",\"@id\":\"https:\\\/\\\/world.dan.org\\\/es\\\/#website\",\"url\":\"https:\\\/\\\/world.dan.org\\\/es\\\/\",\"name\":\"DAN World\",\"description\":\"\",\"publisher\":{\"@id\":\"https:\\\/\\\/world.dan.org\\\/es\\\/#organization\"},\"potentialAction\":[{\"@type\":\"SearchAction\",\"target\":{\"@type\":\"EntryPoint\",\"urlTemplate\":\"https:\\\/\\\/world.dan.org\\\/es\\\/?s={search_term_string}\"},\"query-input\":{\"@type\":\"PropertyValueSpecification\",\"valueRequired\":true,\"valueName\":\"search_term_string\"}}],\"inLanguage\":\"fr-CA\"},{\"@type\":\"Organization\",\"@id\":\"https:\\\/\\\/world.dan.org\\\/es\\\/#organization\",\"name\":\"DAN World\",\"url\":\"https:\\\/\\\/world.dan.org\\\/es\\\/\",\"logo\":{\"@type\":\"ImageObject\",\"inLanguage\":\"fr-CA\",\"@id\":\"https:\\\/\\\/world.dan.org\\\/es\\\/#\\\/schema\\\/logo\\\/image\\\/\",\"url\":\"https:\\\/\\\/world.dan.org\\\/wp-content\\\/uploads\\\/2022\\\/04\\\/DAN-World-logo-sm-52px.svg\",\"contentUrl\":\"https:\\\/\\\/world.dan.org\\\/wp-content\\\/uploads\\\/2022\\\/04\\\/DAN-World-logo-sm-52px.svg\",\"width\":175,\"height\":52,\"caption\":\"DAN World\"},\"image\":{\"@id\":\"https:\\\/\\\/world.dan.org\\\/es\\\/#\\\/schema\\\/logo\\\/image\\\/\"}}]}<\/script>\n<!-- \/ Yoast SEO Premium plugin. -->","yoast_head_json":{"title":"COVID-19 - DAN World","description":"DAN encourage les plongeurs et les op\u00e9rateurs de plong\u00e9e \u00e0 se conformer aux agences f\u00e9d\u00e9rales et nationales et \u00e0 se tenir au courant des recommandations concernant le COVID-19.","robots":{"index":"index","follow":"follow","max-snippet":"max-snippet:-1","max-image-preview":"max-image-preview:large","max-video-preview":"max-video-preview:-1"},"canonical":"https:\/\/world.dan.org\/fr\/health-medicine\/covid-19\/","og_locale":"fr_CA","og_type":"article","og_title":"COVID-19","og_description":"We acknowledge that some people will continue to dive, and we encourage them to take steps to lower their risk of disease transmission and minimize the risk of injury to avoid further stressing hospitals and emergency medical services.","og_url":"https:\/\/world.dan.org\/fr\/health-medicine\/covid-19\/","og_site_name":"DAN World","article_modified_time":"2025-03-20T15:02:53+00:00","og_image":[{"width":1200,"height":800,"url":"https:\/\/world.dan.org\/wp-content\/uploads\/2020\/10\/COVID-19-notice-1212590125-DAN-1200x800-2.jpg","type":"image\/jpeg"}],"twitter_card":"summary_large_image","twitter_title":"COVID-19","twitter_description":"We acknowledge that some people will continue to dive, and we encourage them to take steps to lower their risk of disease transmission and minimize the risk of injury to avoid further stressing hospitals and emergency medical services.","twitter_image":"https:\/\/world.dan.org\/wp-content\/uploads\/2020\/10\/COVID-19-notice-1212590125-DAN-1200x800-2.jpg","twitter_misc":{"Est. reading time":"1 minute"},"schema":{"@context":"https:\/\/schema.org","@graph":[{"@type":"WebPage","@id":"https:\/\/world.dan.org\/health-medicine\/covid-19\/","url":"https:\/\/world.dan.org\/health-medicine\/covid-19\/","name":"COVID-19 - DAN World","isPartOf":{"@id":"https:\/\/world.dan.org\/es\/#website"},"primaryImageOfPage":{"@id":"https:\/\/world.dan.org\/health-medicine\/covid-19\/#primaryimage"},"image":{"@id":"https:\/\/world.dan.org\/health-medicine\/covid-19\/#primaryimage"},"thumbnailUrl":"https:\/\/world.dan.org\/wp-content\/uploads\/2021\/12\/COVID-19-1212590125-600x300-1.jpg","datePublished":"2020-07-25T21:59:43+00:00","dateModified":"2025-03-20T15:02:53+00:00","description":"DAN encourage les plongeurs et les op\u00e9rateurs de plong\u00e9e \u00e0 se conformer aux agences f\u00e9d\u00e9rales et nationales et \u00e0 se tenir au courant des recommandations concernant le COVID-19.","breadcrumb":{"@id":"https:\/\/world.dan.org\/health-medicine\/covid-19\/#breadcrumb"},"inLanguage":"fr-CA","potentialAction":[{"@type":"ReadAction","target":["https:\/\/world.dan.org\/health-medicine\/covid-19\/"]}]},{"@type":"ImageObject","inLanguage":"fr-CA","@id":"https:\/\/world.dan.org\/health-medicine\/covid-19\/#primaryimage","url":"https:\/\/world.dan.org\/wp-content\/uploads\/2021\/12\/COVID-19-1212590125-600x300-1.jpg","contentUrl":"https:\/\/world.dan.org\/wp-content\/uploads\/2021\/12\/COVID-19-1212590125-600x300-1.jpg","width":600,"height":300,"caption":"Coronavirus. COVID-19. 3D Render"},{"@type":"BreadcrumbList","@id":"https:\/\/world.dan.org\/health-medicine\/covid-19\/#breadcrumb","itemListElement":[{"@type":"ListItem","position":1,"name":"Home","item":"https:\/\/world.dan.org\/"},{"@type":"ListItem","position":2,"name":"Health &amp; Medicine","item":"https:\/\/world.dan.org\/health-medicine\/"},{"@type":"ListItem","position":3,"name":"COVID-19"}]},{"@type":"WebSite","@id":"https:\/\/world.dan.org\/es\/#website","url":"https:\/\/world.dan.org\/es\/","name":"DAN World","description":"","publisher":{"@id":"https:\/\/world.dan.org\/es\/#organization"},"potentialAction":[{"@type":"SearchAction","target":{"@type":"EntryPoint","urlTemplate":"https:\/\/world.dan.org\/es\/?s={search_term_string}"},"query-input":{"@type":"PropertyValueSpecification","valueRequired":true,"valueName":"search_term_string"}}],"inLanguage":"fr-CA"},{"@type":"Organization","@id":"https:\/\/world.dan.org\/es\/#organization","name":"DAN World","url":"https:\/\/world.dan.org\/es\/","logo":{"@type":"ImageObject","inLanguage":"fr-CA","@id":"https:\/\/world.dan.org\/es\/#\/schema\/logo\/image\/","url":"https:\/\/world.dan.org\/wp-content\/uploads\/2022\/04\/DAN-World-logo-sm-52px.svg","contentUrl":"https:\/\/world.dan.org\/wp-content\/uploads\/2022\/04\/DAN-World-logo-sm-52px.svg","width":175,"height":52,"caption":"DAN World"},"image":{"@id":"https:\/\/world.dan.org\/es\/#\/schema\/logo\/image\/"}}]}},"_links":{"self":[{"href":"https:\/\/world.dan.org\/fr\/wp-json\/wp\/v2\/pages\/2697","targetHints":{"allow":["GET"]}}],"collection":[{"href":"https:\/\/world.dan.org\/fr\/wp-json\/wp\/v2\/pages"}],"about":[{"href":"https:\/\/world.dan.org\/fr\/wp-json\/wp\/v2\/types\/page"}],"author":[{"embeddable":true,"href":"https:\/\/world.dan.org\/fr\/wp-json\/wp\/v2\/users\/1"}],"replies":[{"embeddable":true,"href":"https:\/\/world.dan.org\/fr\/wp-json\/wp\/v2\/comments?post=2697"}],"version-history":[{"count":0,"href":"https:\/\/world.dan.org\/fr\/wp-json\/wp\/v2\/pages\/2697\/revisions"}],"up":[{"embeddable":true,"href":"https:\/\/world.dan.org\/fr\/wp-json\/wp\/v2\/pages\/21"}],"wp:featuredmedia":[{"embeddable":true,"href":"https:\/\/world.dan.org\/fr\/wp-json\/wp\/v2\/media\/19559"}],"wp:attachment":[{"href":"https:\/\/world.dan.org\/fr\/wp-json\/wp\/v2\/media?parent=2697"}],"curies":[{"name":"wp","href":"https:\/\/api.w.org\/{rel}","templated":true}]}}