{"id":27,"date":"2020-03-27T17:55:57","date_gmt":"2020-03-27T21:55:57","guid":{"rendered":"https:\/\/dan.devhammer.com\/?page_id=27"},"modified":"2025-02-25T15:06:25","modified_gmt":"2025-02-25T20:06:25","slug":"education-events","status":"publish","type":"page","link":"https:\/\/world.dan.org\/fr\/education-events\/","title":{"rendered":"Formation &amp; Ev\u00e9nements"},"content":{"rendered":"<div class=\"n2_clear\"><ss3-force-full-width data-overflow-x=\"body\" data-horizontal-selector=\"\"><div class=\"n2-section-smartslider fitvidsignore  n2_clear\" data-ssid=\"21\" tabindex=\"0\" role=\"region\" aria-label=\"Slider\"><div id=\"n2-ss-21-align\" class=\"n2-ss-align\"><div class=\"n2-padding\"><div id=\"n2-ss-21\" data-creator=\"Smart Slider 3\" data-responsive=\"fullwidth\" class=\"n2-ss-slider n2-ow n2-has-hover n2notransition\">\n        <div class=\"n2-ss-slider-1 n2_ss__touch_element n2-ow\">\n            <div class=\"n2-ss-slider-2 n2-ow\">\n                                                <div class=\"n2-ss-slider-3 n2-ow\">\n\n                    <div class=\"n2-ss-slide-backgrounds n2-ow-all\"><div class=\"n2-ss-slide-background\" data-public-id=\"1\" data-mode=\"fill\"><div data-gradient=\"horizontal\" data-color-start=\"RGBA(255,255,255,0)\" data-color-end=\"RGBA(255,255,255,0)\" style=\"background:linear-gradient(to right, RGBA(255,255,255,0) 0%,RGBA(255,255,255,0) 100%);\" class=\"n2-ss-slide-background-color\"><\/div><\/div><\/div>                    <div class=\"n2-ss-slider-4 n2-ow\">\n                        <svg xmlns=\"http:\/\/www.w3.org\/2000\/svg\" viewbox=\"0 0 1600 600\" data-related-device=\"desktopPortrait\" class=\"n2-ow n2-ss-preserve-size n2-ss-preserve-size--slider n2-ss-slide-limiter\"><\/svg><div data-first=\"1\" data-slide-duration=\"0\" data-id=\"19\" data-slide-public-id=\"1\" data-title=\"Education &amp; Events\" class=\"n2-ss-slide n2-ow  n2-ss-slide-19\"><div role=\"note\" class=\"n2-ss-slide--focus\" tabindex=\"-1\">Formation &amp; Ev\u00e9nements<\/div><div class=\"n2-ss-layers-container n2-ss-slide-limiter n2-ow\"><div class=\"n2-ss-layer n2-ow n-uc-O0wx00a7tPVi\" data-sstype=\"slide\" data-pm=\"default\"><div class=\"n2-ss-layer n2-ow n-uc-eXonXBS3tYXJ\" data-pm=\"default\" data-sstype=\"content\" data-hasbackground=\"0\"><div class=\"n2-ss-section-main-content n2-ss-layer-with-background n2-ss-layer-content n2-ow n-uc-eXonXBS3tYXJ-inner\"><div class=\"n2-ss-layer n2-ow n2-ss-layer--block n2-ss-has-self-align n-uc-PZ6rxSILJ56h\" data-pm=\"normal\" data-sstype=\"row\"><div class=\"n2-ss-layer-row n2-ss-layer-with-background n-uc-PZ6rxSILJ56h-inner\"><div class=\"n2-ss-layer-row-inner\"><div class=\"n2-ss-layer n2-ow n-uc-ETeIPO4HEume\" data-pm=\"default\" data-sstype=\"col\"><div class=\"n2-ss-layer-col n2-ss-layer-with-background n2-ss-layer-content n-uc-ETeIPO4HEume-inner\"><div class=\"n2-ss-layer n2-ow n-uc-Rsg6srayNRfY n2-ss-layer--auto\" data-pm=\"normal\" data-sstype=\"layer\"><div class=\"n2-ss-button-container n2-ss-item-content n2-ow n2-font-a3b57aec3250d1cd7b703e552c1cb98d-link  n2-ss-nowrap n2-ss-button-container--non-full-width\"><a class=\"n2-style-05ba4352b746b78a53d300ba52f2d0e2-heading  n2-ow\" onclick=\"return false;\" href=\"#\"><div><div>\u00c9DUCATION<\/div><\/div><\/a><\/div><\/div><div class=\"n2-ss-layer n2-ow n-uc-5CDgcbolHMYn\" data-pm=\"normal\" data-sstype=\"layer\"><h2 id=\"n2-ss-21item2\" class=\"n2-font-0e90d147ce6e7cb4798c11b222234271-hover n2-style-fea5f7007ea60cd0f94b58717a9ba1ac-heading   n2-ss-item-content n2-ss-text n2-ow\" style=\"display:block;\">\u00c9DUCATION ET \u00c9V\u00c9NEMENTS<\/h2><\/div><div class=\"n2-ss-layer n2-ow n-uc-97pxccYDZiYE\" data-pm=\"normal\" data-sstype=\"layer\"><div class=\"n2-ss-item-content n2-ss-text n2-ow-all\"><div data-hide-desktoplandscape=\"1\" data-hide-desktopportrait=\"1\" data-hide-tabletlandscape=\"1\" data-hide-tabletportrait=\"1\"><\/div><div class=\"\" data-hide-mobilelandscape=\"1\" data-hide-mobileportrait=\"1\"><p class=\"n2-font-3bb99d1f4c6c6f425005dde180c1a679-paragraph  n2-style-39612b538396e2fceb18e53ec82d9001-heading\">Promouvoir la s\u00e9curit\u00e9 en plong\u00e9e \u00e0 travers l'\u00e9ducation <br \/>est au c\u0153ur de la mission de DAN<\/p>\n<\/div><\/div><\/div><div class=\"n2-ss-layer n2-ow n2-ss-layer--block n2-ss-has-self-align n-uc-Kqp8WUQdrFEq\" data-pm=\"normal\" data-sstype=\"row\"><div class=\"n2-ss-layer-row n2-ss-layer-with-background n-uc-Kqp8WUQdrFEq-inner\"><div class=\"n2-ss-layer-row-inner\"><div class=\"n2-ss-layer n2-ow n-uc-yMn6KmjLgAtF\" data-pm=\"default\" data-sstype=\"col\"><div class=\"n2-ss-layer-col n2-ss-layer-with-background n2-ss-layer-content n-uc-yMn6KmjLgAtF-inner\"><div class=\"n2-ss-layer n2-ow n-uc-eS1RMadBwJR2 n2-ss-layer--auto\" data-pm=\"normal\" data-hidedesktopportrait=\"1\" data-hidetabletportrait=\"1\" data-hidemobileportrait=\"1\" data-sstype=\"layer\"><div class=\"n2-ss-button-container n2-ss-item-content n2-ow n2-font-efb749624a85eff02533b8cc5c19c88c-link  n2-ss-nowrap n2-ss-button-container--non-full-width\"><a class=\"n2-style-cd7796faf722e88fc7c6131f998fde7c-heading  n2-ow\" target=\"_blank\" href=\"https:\/\/apps.dan.org\/donations\"><div><div>FAITES UN DON AUJOURD'HUI<\/div><\/div><\/a><\/div><\/div><\/div><\/div><\/div><\/div><\/div><\/div><\/div><\/div><\/div><\/div><\/div><\/div><\/div><\/div><\/div>                    <\/div>\n\n                                    <\/div>\n            <\/div>\n        <\/div>\n        <\/div><ss3-loader><\/ss3-loader><\/div><\/div><div class=\"n2_clear\"><\/div><\/div><\/ss3-force-full-width><\/div>\n\n\n<div style=\"height:66px\" aria-hidden=\"true\" class=\"wp-block-spacer\"><\/div>\n\n\n\n<p><strong>Nous proposons des formations de premier ordre en mati\u00e8re de s\u00e9curit\u00e9 en plong\u00e9e aux plongeurs, aux professionnels de la plong\u00e9e, aux op\u00e9rateurs de centres de plong\u00e9e et aux professionnels de la sant\u00e9 dans le monde entier. Les Instructeurs DAN sont parmi les plus exp\u00e9riment\u00e9s et les plus comp\u00e9tents de l'industrie Leur passion pour l'enseignement, combin\u00e9e \u00e0 l'engagement permanent de DAN \u00e0 assurer la s\u00e9curit\u00e9 des plongeurs, distingue nos programmes. D\u00e9couvrez nos programmes ci-dessous et commencez d\u00e8s aujourd'hui \u00e0 rendre vos plong\u00e9es plus s\u00e9curitaires.<\/strong><\/p>\n\n\n\n<div style=\"height:50px\" aria-hidden=\"true\" class=\"wp-block-spacer\"><\/div>\n\n\n\n<hr class=\"wp-block-separator has-text-color has-dan-light-gray-color has-css-opacity has-dan-light-gray-background-color has-background\"\/>\n\n\n\n<div style=\"height:30px\" aria-hidden=\"true\" class=\"wp-block-spacer\"><\/div>\n\n\n\n<h2 class=\"wp-block-heading\" id=\"h-education\"><span style=\"color: #111111;\" class=\"stk-highlight\">Formation<\/span><\/h2>\n\n\n\n<div class=\"wp-block-columns is-layout-flex wp-container-core-columns-is-layout-9d6595d7 wp-block-columns-is-layout-flex\">\n<div class=\"wp-block-column is-layout-flow wp-block-column-is-layout-flow\">\n<figure class=\"wp-block-image size-large\"><a href=\"https:\/\/world.dan.org\/fr\/education-events\/instructor-led-courses\/\"><img loading=\"lazy\" decoding=\"async\" width=\"600\" height=\"300\" src=\"https:\/\/world.dan.org\/wp-content\/uploads\/2021\/07\/first-aid-courses-DAN-600x300-1.jpg\" alt=\"\" class=\"wp-image-17774\" srcset=\"https:\/\/world.dan.org\/wp-content\/uploads\/2021\/07\/first-aid-courses-DAN-600x300-1.jpg 600w, https:\/\/world.dan.org\/wp-content\/uploads\/2021\/07\/first-aid-courses-DAN-600x300-1-360x180.jpg 360w, https:\/\/world.dan.org\/wp-content\/uploads\/2021\/07\/first-aid-courses-DAN-600x300-1-18x9.jpg 18w\" sizes=\"auto, (max-width: 600px) 100vw, 600px\" \/><\/a><\/figure>\n\n\n\n<h3 class=\"wp-block-heading has-medium-font-size\" id=\"h-first-aid-courses\"><span style=\"color: #111111;\" class=\"stk-highlight\">Cours de premiers soins<\/span><\/h3>\n\n\n\n<p>Les cours de premiers secours de DAN ont \u00e9t\u00e9 cr\u00e9\u00e9s en pensant aux plongeurs. Mais ils vous permettront d'acqu\u00e9rir les comp\u00e9tences n\u00e9cessaires pour r\u00e9pondre \u00e0 presque toutes les situations d'urgence, quel que soit l'endroit o\u00f9 elles se produisent. N'attendez pas qu'une situation d'urgence se produise pour savoir si vous \u00eates pr\u00eat \u00e0 intervenir. Trouvez un instructeur DAN pr\u00e8s de chez vous et commencez un cours d\u00e8s aujourd'hui.<\/p>\n\n\n\n<p><a href=\"https:\/\/world.dan.org\/fr\/education-events\/instructor-led-courses\/\">En savoir plus<\/a><\/p>\n<\/div>\n\n\n\n<div class=\"wp-block-column has-dan-white-background-color has-background is-layout-flow wp-block-column-is-layout-flow\" style=\"flex-basis:2px\"><\/div>\n\n\n\n<div class=\"wp-block-column is-layout-flow wp-block-column-is-layout-flow\">\n<figure class=\"wp-block-image size-large\"><a href=\"https:\/\/world.dan.org\/fr\/education-events\/elearning\/\"><img loading=\"lazy\" decoding=\"async\" width=\"600\" height=\"300\" src=\"https:\/\/world.dan.org\/wp-content\/uploads\/2021\/07\/student-studying-1170926149-DAN-600x300-1.jpg\" alt=\"\" class=\"wp-image-17775\" srcset=\"https:\/\/world.dan.org\/wp-content\/uploads\/2021\/07\/student-studying-1170926149-DAN-600x300-1.jpg 600w, https:\/\/world.dan.org\/wp-content\/uploads\/2021\/07\/student-studying-1170926149-DAN-600x300-1-360x180.jpg 360w, https:\/\/world.dan.org\/wp-content\/uploads\/2021\/07\/student-studying-1170926149-DAN-600x300-1-18x9.jpg 18w\" sizes=\"auto, (max-width: 600px) 100vw, 600px\" \/><\/a><\/figure>\n\n\n\n<h3 class=\"wp-block-heading has-medium-font-size\" id=\"h-e-learning\"><span style=\"color: #111111;\" class=\"stk-highlight\">Plateforme de e-learning<\/span><\/h3>\n\n\n\n<p>Apprenez \u00e0 votre rythme, o\u00f9 que vous soyez, avec la plateforme de e-learning de DAN. Que vous souhaitiez acqu\u00e9rir de nouvelles comp\u00e9tences en mati\u00e8re de premiers secours, am\u00e9liorer la s\u00e9curit\u00e9 de votre op\u00e9ration de plong\u00e9e ou mieux former vos \u00e9l\u00e8ves \u00e0 la s\u00e9curit\u00e9 ou \u00e0 la science de la plong\u00e9e, DAN a un cours pour vous.<\/p>\n\n\n\n<p><a href=\"https:\/\/world.dan.org\/fr\/education-events\/elearning\/\">En savoir plus<\/a><\/p>\n<\/div>\n\n\n\n<div class=\"wp-block-column has-dan-white-background-color has-background is-layout-flow wp-block-column-is-layout-flow\" style=\"flex-basis:2px\"><\/div>\n\n\n\n<div class=\"wp-block-column is-layout-flow wp-block-column-is-layout-flow\">\n<figure class=\"wp-block-image size-large\"><a href=\"https:\/\/world.dan.org\/fr\/education-events\/become-a-dan-instructor\/\"><img loading=\"lazy\" decoding=\"async\" width=\"600\" height=\"300\" src=\"https:\/\/world.dan.org\/wp-content\/uploads\/2021\/07\/become-instructor_MG_2066-DAN-600x300-1.jpg\" alt=\"\" class=\"wp-image-17776\" srcset=\"https:\/\/world.dan.org\/wp-content\/uploads\/2021\/07\/become-instructor_MG_2066-DAN-600x300-1.jpg 600w, https:\/\/world.dan.org\/wp-content\/uploads\/2021\/07\/become-instructor_MG_2066-DAN-600x300-1-360x180.jpg 360w, https:\/\/world.dan.org\/wp-content\/uploads\/2021\/07\/become-instructor_MG_2066-DAN-600x300-1-18x9.jpg 18w\" sizes=\"auto, (max-width: 600px) 100vw, 600px\" \/><\/a><\/figure>\n\n\n\n<h3 class=\"wp-block-heading has-medium-font-size\" id=\"h-become-a-dan-instructor\"><span style=\"color: #111111;\" class=\"stk-highlight\">Devenir un Instructeur DAN<\/span><\/h3>\n\n\n\n<p>En devenant Instructeur DAN, vous contribuez \u00e0 la construction d'une communaut\u00e9 de plongeurs plus comp\u00e9tents et mieux form\u00e9s. En tant qu'Instructeur DAN, les possibilit\u00e9s d'\u00e9volution professionnelle sont infinies.<\/p>\n\n\n\n<p><a href=\"https:\/\/world.dan.org\/fr\/education-events\/become-a-dan-instructor\/\">En savoir plus<\/a><\/p>\n<\/div>\n<\/div>\n\n\n\n<div style=\"height:31px\" aria-hidden=\"true\" class=\"wp-block-spacer\"><\/div>\n\n\n\n<hr class=\"wp-block-separator has-text-color has-dan-light-gray-color has-css-opacity has-dan-light-gray-background-color has-background\"\/>\n\n\n\n<div style=\"height:30px\" aria-hidden=\"true\" class=\"wp-block-spacer\"><\/div>\n\n\n\n<h2 class=\"wp-block-heading\" id=\"h-events\"><span style=\"color: #111111;\" class=\"stk-highlight\">Ev\u00e9nements<\/span><\/h2>\n\n\n\n<div class=\"wp-block-columns is-layout-flex wp-container-core-columns-is-layout-9d6595d7 wp-block-columns-is-layout-flex\">\n<div class=\"wp-block-column is-layout-flow wp-block-column-is-layout-flow\" style=\"flex-basis:50%\">\n<figure class=\"wp-block-image size-large\"><img loading=\"lazy\" decoding=\"async\" width=\"1024\" height=\"512\" src=\"https:\/\/world.dan.org\/wp-content\/uploads\/2022\/02\/DAN-DEMA-booth-2021-1200x600-1-1024x512.jpg\" alt=\"\" class=\"wp-image-20430\" srcset=\"https:\/\/world.dan.org\/wp-content\/uploads\/2022\/02\/DAN-DEMA-booth-2021-1200x600-1-1024x512.jpg 1024w, https:\/\/world.dan.org\/wp-content\/uploads\/2022\/02\/DAN-DEMA-booth-2021-1200x600-1-360x180.jpg 360w, https:\/\/world.dan.org\/wp-content\/uploads\/2022\/02\/DAN-DEMA-booth-2021-1200x600-1-768x384.jpg 768w, https:\/\/world.dan.org\/wp-content\/uploads\/2022\/02\/DAN-DEMA-booth-2021-1200x600-1-18x9.jpg 18w, https:\/\/world.dan.org\/wp-content\/uploads\/2022\/02\/DAN-DEMA-booth-2021-1200x600-1.jpg 1200w\" sizes=\"auto, (max-width: 1024px) 100vw, 1024px\" \/><\/figure>\n<\/div>\n\n\n\n<div class=\"wp-block-column is-vertically-aligned-top is-layout-flow wp-block-column-is-layout-flow\" style=\"flex-basis:50%\">\n<div style=\"height:25px\" aria-hidden=\"true\" class=\"wp-block-spacer\"><\/div>\n\n\n\n<p>DAN offre une vari\u00e9t\u00e9 d'opportunit\u00e9s \u00e9ducatives tout au long de l'ann\u00e9e. Que vous soyez un professionnel de la sant\u00e9, un plongeur ou un propri\u00e9taire d'entreprise de plong\u00e9e, nous esp\u00e9rons vous voir lors d'un prochain cours de formation m\u00e9dicale continue, d'un s\u00e9minaire sur la s\u00e9curit\u00e9 en plong\u00e9e ou d'un salon professionnel. Ne manquez plus jamais une conf\u00e9rence publique, une opportunit\u00e9 de formation DAN ou un webinaire. Obtenez les d\u00e9tails dont vous avez besoin \u00e0 l'avance, consultez notre calendrier complet des \u00e9v\u00e9nements \u00e0 venir.<\/p>\n\n\n\n<p><a href=\"https:\/\/world.dan.org\/fr\/events\/\">En savoir plus<\/a><\/p>\n<\/div>\n<\/div>","protected":false},"excerpt":{"rendered":"<p>La promotion de la s\u00e9curit\u00e9 en plong\u00e9e par le biais de l'\u00e9ducation est au c\u0153ur de la mission du DAN. Avec le soutien de ses membres, le DAN offre une formation de premier ordre aux plongeurs, aux professionnels de la plong\u00e9e, aux exploitants de centres de plong\u00e9e et aux professionnels de la sant\u00e9. L'engagement permanent de DAN en faveur de la s\u00e9curit\u00e9 des plongeurs garantit que nos instructeurs sont les plus comp\u00e9tents de l'industrie.<\/p>","protected":false},"author":14,"featured_media":22817,"parent":0,"menu_order":164,"comment_status":"closed","ping_status":"closed","template":"templates\/page-landing-2a.php","meta":{"_acf_changed":false,"_ef_editorial_meta_date_first-draft-date":"","_ef_editorial_meta_paragraph_assignment":"","_ef_editorial_meta_checkbox_needs-photo":"","_ef_editorial_meta_number_word-count":"","footnotes":""},"class_list":["post-27","page","type-page","status-publish","has-post-thumbnail","hentry"],"acf":[],"yoast_head":"<!-- This site is optimized with the Yoast SEO Premium plugin v27.4 (Yoast SEO v27.4) - https:\/\/yoast.com\/product\/yoast-seo-premium-wordpress\/ -->\n<title>Education &amp; Events - DAN World<\/title>\n<meta name=\"description\" content=\"We offer first-class safety training and education to divers, dive professionals, dive center operators and medical professionals around the world.\" \/>\n<meta name=\"robots\" content=\"index, follow, max-snippet:-1, max-image-preview:large, max-video-preview:-1\" \/>\n<link rel=\"canonical\" href=\"https:\/\/world.dan.org\/fr\/education-events\/\" \/>\n<meta property=\"og:locale\" content=\"fr_CA\" \/>\n<meta property=\"og:type\" content=\"article\" \/>\n<meta property=\"og:title\" content=\"Education &amp; Events\" \/>\n<meta property=\"og:description\" content=\"We offer first-class safety training and education to divers, dive professionals, dive center operators and medical professionals around the world.\" \/>\n<meta property=\"og:url\" content=\"https:\/\/world.dan.org\/fr\/education-events\/\" \/>\n<meta property=\"og:site_name\" content=\"DAN World\" \/>\n<meta property=\"article:modified_time\" content=\"2025-02-25T20:06:25+00:00\" \/>\n<meta property=\"og:image\" content=\"https:\/\/world.dan.org\/wp-content\/uploads\/2022\/08\/DAN-training-20190529_160050-2400x1200-1.jpg\" \/>\n\t<meta property=\"og:image:width\" content=\"2400\" \/>\n\t<meta property=\"og:image:height\" content=\"1200\" \/>\n\t<meta property=\"og:image:type\" content=\"image\/jpeg\" \/>\n<meta name=\"twitter:card\" content=\"summary_large_image\" \/>\n<meta name=\"twitter:title\" content=\"Education &amp; Events\" \/>\n<meta name=\"twitter:description\" content=\"We offer first-class safety training and education to divers, dive professionals, dive center operators and medical professionals around the world.\" \/>\n<meta name=\"twitter:image\" content=\"https:\/\/world.dan.org\/wp-content\/uploads\/2022\/08\/DAN-training-20190529_160050-2400x1200-1.jpg\" \/>\n<meta name=\"twitter:label1\" content=\"Est. reading time\" \/>\n\t<meta name=\"twitter:data1\" content=\"3 minutes\" \/>\n<script type=\"application\/ld+json\" class=\"yoast-schema-graph\">{\"@context\":\"https:\\\/\\\/schema.org\",\"@graph\":[{\"@type\":\"WebPage\",\"@id\":\"https:\\\/\\\/world.dan.org\\\/education-events\\\/\",\"url\":\"https:\\\/\\\/world.dan.org\\\/education-events\\\/\",\"name\":\"Education & Events - DAN World\",\"isPartOf\":{\"@id\":\"https:\\\/\\\/world.dan.org\\\/es\\\/#website\"},\"primaryImageOfPage\":{\"@id\":\"https:\\\/\\\/world.dan.org\\\/education-events\\\/#primaryimage\"},\"image\":{\"@id\":\"https:\\\/\\\/world.dan.org\\\/education-events\\\/#primaryimage\"},\"thumbnailUrl\":\"https:\\\/\\\/world.dan.org\\\/wp-content\\\/uploads\\\/2022\\\/08\\\/DAN-training-20190529_160050-2400x1200-1.jpg\",\"datePublished\":\"2020-03-27T21:55:57+00:00\",\"dateModified\":\"2025-02-25T20:06:25+00:00\",\"description\":\"We offer first-class safety training and education to divers, dive professionals, dive center operators and medical professionals around the world.\",\"breadcrumb\":{\"@id\":\"https:\\\/\\\/world.dan.org\\\/education-events\\\/#breadcrumb\"},\"inLanguage\":\"fr-CA\",\"potentialAction\":[{\"@type\":\"ReadAction\",\"target\":[\"https:\\\/\\\/world.dan.org\\\/education-events\\\/\"]}]},{\"@type\":\"ImageObject\",\"inLanguage\":\"fr-CA\",\"@id\":\"https:\\\/\\\/world.dan.org\\\/education-events\\\/#primaryimage\",\"url\":\"https:\\\/\\\/world.dan.org\\\/wp-content\\\/uploads\\\/2022\\\/08\\\/DAN-training-20190529_160050-2400x1200-1.jpg\",\"contentUrl\":\"https:\\\/\\\/world.dan.org\\\/wp-content\\\/uploads\\\/2022\\\/08\\\/DAN-training-20190529_160050-2400x1200-1.jpg\",\"width\":2400,\"height\":1200,\"caption\":\"CPR training at DAN\"},{\"@type\":\"BreadcrumbList\",\"@id\":\"https:\\\/\\\/world.dan.org\\\/education-events\\\/#breadcrumb\",\"itemListElement\":[{\"@type\":\"ListItem\",\"position\":1,\"name\":\"Home\",\"item\":\"https:\\\/\\\/world.dan.org\\\/\"},{\"@type\":\"ListItem\",\"position\":2,\"name\":\"Education &#038; Events\"}]},{\"@type\":\"WebSite\",\"@id\":\"https:\\\/\\\/world.dan.org\\\/es\\\/#website\",\"url\":\"https:\\\/\\\/world.dan.org\\\/es\\\/\",\"name\":\"DAN World\",\"description\":\"\",\"publisher\":{\"@id\":\"https:\\\/\\\/world.dan.org\\\/es\\\/#organization\"},\"potentialAction\":[{\"@type\":\"SearchAction\",\"target\":{\"@type\":\"EntryPoint\",\"urlTemplate\":\"https:\\\/\\\/world.dan.org\\\/es\\\/?s={search_term_string}\"},\"query-input\":{\"@type\":\"PropertyValueSpecification\",\"valueRequired\":true,\"valueName\":\"search_term_string\"}}],\"inLanguage\":\"fr-CA\"},{\"@type\":\"Organization\",\"@id\":\"https:\\\/\\\/world.dan.org\\\/es\\\/#organization\",\"name\":\"DAN World\",\"url\":\"https:\\\/\\\/world.dan.org\\\/es\\\/\",\"logo\":{\"@type\":\"ImageObject\",\"inLanguage\":\"fr-CA\",\"@id\":\"https:\\\/\\\/world.dan.org\\\/es\\\/#\\\/schema\\\/logo\\\/image\\\/\",\"url\":\"https:\\\/\\\/world.dan.org\\\/wp-content\\\/uploads\\\/2022\\\/04\\\/DAN-World-logo-sm-52px.svg\",\"contentUrl\":\"https:\\\/\\\/world.dan.org\\\/wp-content\\\/uploads\\\/2022\\\/04\\\/DAN-World-logo-sm-52px.svg\",\"width\":175,\"height\":52,\"caption\":\"DAN World\"},\"image\":{\"@id\":\"https:\\\/\\\/world.dan.org\\\/es\\\/#\\\/schema\\\/logo\\\/image\\\/\"}}]}<\/script>\n<!-- \/ Yoast SEO Premium plugin. -->","yoast_head_json":{"title":"\u00c9ducation et \u00e9v\u00e9nements - DAN World","description":"Nous proposons des formations de premier ordre en mati\u00e8re de s\u00e9curit\u00e9 aux plongeurs, aux professionnels de la plong\u00e9e, aux exploitants de centres de plong\u00e9e et aux professionnels de la sant\u00e9 dans le monde entier.","robots":{"index":"index","follow":"follow","max-snippet":"max-snippet:-1","max-image-preview":"max-image-preview:large","max-video-preview":"max-video-preview:-1"},"canonical":"https:\/\/world.dan.org\/fr\/education-events\/","og_locale":"fr_CA","og_type":"article","og_title":"Education & Events","og_description":"We offer first-class safety training and education to divers, dive professionals, dive center operators and medical professionals around the world.","og_url":"https:\/\/world.dan.org\/fr\/education-events\/","og_site_name":"DAN World","article_modified_time":"2025-02-25T20:06:25+00:00","og_image":[{"width":2400,"height":1200,"url":"https:\/\/world.dan.org\/wp-content\/uploads\/2022\/08\/DAN-training-20190529_160050-2400x1200-1.jpg","type":"image\/jpeg"}],"twitter_card":"summary_large_image","twitter_title":"Education & Events","twitter_description":"We offer first-class safety training and education to divers, dive professionals, dive center operators and medical professionals around the world.","twitter_image":"https:\/\/world.dan.org\/wp-content\/uploads\/2022\/08\/DAN-training-20190529_160050-2400x1200-1.jpg","twitter_misc":{"Est. reading time":"3 minutes"},"schema":{"@context":"https:\/\/schema.org","@graph":[{"@type":"WebPage","@id":"https:\/\/world.dan.org\/education-events\/","url":"https:\/\/world.dan.org\/education-events\/","name":"\u00c9ducation et \u00e9v\u00e9nements - DAN World","isPartOf":{"@id":"https:\/\/world.dan.org\/es\/#website"},"primaryImageOfPage":{"@id":"https:\/\/world.dan.org\/education-events\/#primaryimage"},"image":{"@id":"https:\/\/world.dan.org\/education-events\/#primaryimage"},"thumbnailUrl":"https:\/\/world.dan.org\/wp-content\/uploads\/2022\/08\/DAN-training-20190529_160050-2400x1200-1.jpg","datePublished":"2020-03-27T21:55:57+00:00","dateModified":"2025-02-25T20:06:25+00:00","description":"Nous proposons des formations de premier ordre en mati\u00e8re de s\u00e9curit\u00e9 aux plongeurs, aux professionnels de la plong\u00e9e, aux exploitants de centres de plong\u00e9e et aux professionnels de la sant\u00e9 dans le monde entier.","breadcrumb":{"@id":"https:\/\/world.dan.org\/education-events\/#breadcrumb"},"inLanguage":"fr-CA","potentialAction":[{"@type":"ReadAction","target":["https:\/\/world.dan.org\/education-events\/"]}]},{"@type":"ImageObject","inLanguage":"fr-CA","@id":"https:\/\/world.dan.org\/education-events\/#primaryimage","url":"https:\/\/world.dan.org\/wp-content\/uploads\/2022\/08\/DAN-training-20190529_160050-2400x1200-1.jpg","contentUrl":"https:\/\/world.dan.org\/wp-content\/uploads\/2022\/08\/DAN-training-20190529_160050-2400x1200-1.jpg","width":2400,"height":1200,"caption":"CPR training at DAN"},{"@type":"BreadcrumbList","@id":"https:\/\/world.dan.org\/education-events\/#breadcrumb","itemListElement":[{"@type":"ListItem","position":1,"name":"Home","item":"https:\/\/world.dan.org\/"},{"@type":"ListItem","position":2,"name":"Education &#038; Events"}]},{"@type":"WebSite","@id":"https:\/\/world.dan.org\/es\/#website","url":"https:\/\/world.dan.org\/es\/","name":"DAN World","description":"","publisher":{"@id":"https:\/\/world.dan.org\/es\/#organization"},"potentialAction":[{"@type":"SearchAction","target":{"@type":"EntryPoint","urlTemplate":"https:\/\/world.dan.org\/es\/?s={search_term_string}"},"query-input":{"@type":"PropertyValueSpecification","valueRequired":true,"valueName":"search_term_string"}}],"inLanguage":"fr-CA"},{"@type":"Organization","@id":"https:\/\/world.dan.org\/es\/#organization","name":"DAN World","url":"https:\/\/world.dan.org\/es\/","logo":{"@type":"ImageObject","inLanguage":"fr-CA","@id":"https:\/\/world.dan.org\/es\/#\/schema\/logo\/image\/","url":"https:\/\/world.dan.org\/wp-content\/uploads\/2022\/04\/DAN-World-logo-sm-52px.svg","contentUrl":"https:\/\/world.dan.org\/wp-content\/uploads\/2022\/04\/DAN-World-logo-sm-52px.svg","width":175,"height":52,"caption":"DAN World"},"image":{"@id":"https:\/\/world.dan.org\/es\/#\/schema\/logo\/image\/"}}]}},"_links":{"self":[{"href":"https:\/\/world.dan.org\/fr\/wp-json\/wp\/v2\/pages\/27","targetHints":{"allow":["GET"]}}],"collection":[{"href":"https:\/\/world.dan.org\/fr\/wp-json\/wp\/v2\/pages"}],"about":[{"href":"https:\/\/world.dan.org\/fr\/wp-json\/wp\/v2\/types\/page"}],"author":[{"embeddable":true,"href":"https:\/\/world.dan.org\/fr\/wp-json\/wp\/v2\/users\/14"}],"replies":[{"embeddable":true,"href":"https:\/\/world.dan.org\/fr\/wp-json\/wp\/v2\/comments?post=27"}],"version-history":[{"count":0,"href":"https:\/\/world.dan.org\/fr\/wp-json\/wp\/v2\/pages\/27\/revisions"}],"wp:featuredmedia":[{"embeddable":true,"href":"https:\/\/world.dan.org\/fr\/wp-json\/wp\/v2\/media\/22817"}],"wp:attachment":[{"href":"https:\/\/world.dan.org\/fr\/wp-json\/wp\/v2\/media?parent=27"}],"curies":[{"name":"wp","href":"https:\/\/api.w.org\/{rel}","templated":true}]}}