{"id":29,"date":"2020-03-27T17:56:17","date_gmt":"2020-03-27T21:56:17","guid":{"rendered":"https:\/\/dan.devhammer.com\/?page_id=29"},"modified":"2025-04-03T10:49:06","modified_gmt":"2025-04-03T14:49:06","slug":"professional-programs","status":"publish","type":"page","link":"https:\/\/world.dan.org\/fr\/professional-programs\/","title":{"rendered":"Programmes pour les professionnels"},"content":{"rendered":"<div style=\"height:50px\" aria-hidden=\"true\" class=\"wp-block-spacer\"><\/div>\n\n\n\n<div class=\"wp-block-columns is-layout-flex wp-container-core-columns-is-layout-9d6595d7 wp-block-columns-is-layout-flex\">\n<div class=\"wp-block-column is-layout-flow wp-block-column-is-layout-flow\">\n<div class=\"wp-block-cover aligncenter is-light\"><span aria-hidden=\"true\" class=\"wp-block-cover__background has-background-dim-40 has-background-dim\"><\/span><img loading=\"lazy\" decoding=\"async\" width=\"1200\" height=\"600\" class=\"wp-block-cover__image-background wp-image-17834\" alt=\"\" src=\"https:\/\/world.dan.org\/wp-content\/uploads\/2021\/07\/DAN-location-images-0026-1200x600-1.jpg\" data-object-fit=\"cover\" srcset=\"https:\/\/world.dan.org\/wp-content\/uploads\/2021\/07\/DAN-location-images-0026-1200x600-1.jpg 1200w, https:\/\/world.dan.org\/wp-content\/uploads\/2021\/07\/DAN-location-images-0026-1200x600-1-360x180.jpg 360w, https:\/\/world.dan.org\/wp-content\/uploads\/2021\/07\/DAN-location-images-0026-1200x600-1-1024x512.jpg 1024w, https:\/\/world.dan.org\/wp-content\/uploads\/2021\/07\/DAN-location-images-0026-1200x600-1-768x384.jpg 768w, https:\/\/world.dan.org\/wp-content\/uploads\/2021\/07\/DAN-location-images-0026-1200x600-1-18x9.jpg 18w\" sizes=\"auto, (max-width: 1200px) 100vw, 1200px\" \/><div class=\"wp-block-cover__inner-container is-layout-flow wp-block-cover-is-layout-flow\">\n<p class=\"has-text-align-center has-large-font-size translation-block\"><span class=\"stk-highlight\" style=\"color: #ffffff\"><strong>PROGRAMMES POUR<\/strong><\/span><br><span class=\"stk-highlight\" style=\"color: #ffffff\"><strong>LES PROFESIONNELS<\/strong><\/span><\/p>\n\n\n\n<div class=\"wp-block-buttons is-content-justification-center is-layout-flex wp-container-core-buttons-is-layout-16018d1d wp-block-buttons-is-layout-flex\">\n<div class=\"wp-block-button\"><a class=\"wp-block-button__link has-dan-red-400-background-color has-background wp-element-button\" href=\"https:\/\/world.dan.org\/fr\/professional-programs\/professional-membership\/\" style=\"border-radius:5px\">En savoir plus<\/a><\/div>\n<\/div>\n<\/div><\/div>\n<\/div>\n\n\n\n<div class=\"wp-block-column is-layout-flow wp-block-column-is-layout-flow\">\n<div class=\"wp-block-cover\"><span aria-hidden=\"true\" class=\"wp-block-cover__background has-background-dim-40 has-background-dim\"><\/span><img loading=\"lazy\" decoding=\"async\" width=\"1200\" height=\"400\" class=\"wp-block-cover__image-background wp-image-16347\" alt=\"\" src=\"https:\/\/world.dan.org\/wp-content\/uploads\/2020\/12\/shutterstock_61301050-DAN-1200x400-1.jpg\" data-object-fit=\"cover\" srcset=\"https:\/\/world.dan.org\/wp-content\/uploads\/2020\/12\/shutterstock_61301050-DAN-1200x400-1.jpg 1200w, https:\/\/world.dan.org\/wp-content\/uploads\/2020\/12\/shutterstock_61301050-DAN-1200x400-1-360x120.jpg 360w, https:\/\/world.dan.org\/wp-content\/uploads\/2020\/12\/shutterstock_61301050-DAN-1200x400-1-1024x341.jpg 1024w, https:\/\/world.dan.org\/wp-content\/uploads\/2020\/12\/shutterstock_61301050-DAN-1200x400-1-768x256.jpg 768w, https:\/\/world.dan.org\/wp-content\/uploads\/2020\/12\/shutterstock_61301050-DAN-1200x400-1-18x6.jpg 18w\" sizes=\"auto, (max-width: 1200px) 100vw, 1200px\" \/><div class=\"wp-block-cover__inner-container is-layout-flow wp-block-cover-is-layout-flow\">\n<p class=\"has-text-align-center has-large-font-size translation-block\"><span class=\"stk-highlight\" style=\"color: #ffffff\"><strong>PROGRAMMES POUR<\/strong><\/span><br><span class=\"stk-highlight\" style=\"color: #ffffff\"><strong>LES ENTREPRISES<\/strong><\/span><\/p>\n\n\n\n<div class=\"wp-block-buttons is-content-justification-center is-layout-flex wp-container-core-buttons-is-layout-16018d1d wp-block-buttons-is-layout-flex\">\n<div class=\"wp-block-button\"><a class=\"wp-block-button__link has-dan-red-400-background-color has-background wp-element-button\" href=\"https:\/\/world.dan.org\/fr\/professional-programs\/business-membership\/\" style=\"border-radius:5px\">En savoir plus<\/a><\/div>\n<\/div>\n<\/div><\/div>\n<\/div>\n<\/div>\n\n\n\n<div style=\"height:50px\" aria-hidden=\"true\" class=\"wp-block-spacer\"><\/div>\n\n\n\n<h1 class=\"wp-block-heading has-text-align-center\" id=\"h-professional-programs\">Programmes pour les professionnels<\/h1>\n\n\n\n<p class=\"has-text-align-center\">DAN s'engage \u00e0 promouvoir une culture de la s\u00e9curit\u00e9 en plong\u00e9e en s'engageant avec toutes les parties prenantes de la communaut\u00e9 \u00e0 promouvoir des pratiques s\u00e9curitaires. Nous offrons des programmes, des services et des outils aux dirigeants et aux entreprises de plong\u00e9e pour les aider \u00e0 construire et \u00e0 maintenir cette culture.<\/p>\n\n\n\n<div style=\"height:50px\" aria-hidden=\"true\" class=\"wp-block-spacer\"><\/div>\n\n\n\n<hr class=\"wp-block-separator has-text-color has-dan-light-gray-color has-css-opacity has-dan-light-gray-background-color has-background\"\/>\n\n\n\n<div style=\"height:50px\" aria-hidden=\"true\" class=\"wp-block-spacer\"><\/div>\n\n\n\n<div class=\"wp-block-columns is-layout-flex wp-container-core-columns-is-layout-9d6595d7 wp-block-columns-is-layout-flex\">\n<div class=\"wp-block-column is-layout-flow wp-block-column-is-layout-flow\">\n<p class=\"has-dan-black-color has-text-color\" style=\"font-size:21px\"><strong>Service \u00e0 la client\u00e8le<\/strong><\/p>\n\n\n\n<p><strong>Asie-Pacifique<\/strong><\/p>\n\n\n\n<p>T\u00e9l\u00e9phone\u00a0: +61-3-9886 9166<\/p>\n\n\n\n<p>Courriel : <a href=\"mailto:infoap@dan.org\">infoap@dan.org<\/a><\/p>\n\n\n\n<p>Du lundi au vendredi, de 9 h \u00e0 21 h HNEA<\/p>\n\n\n\n<p class=\"translation-block\"><br><strong>Am\u00e9rique latine et Cara\u00efbes<\/strong><\/p>\n\n\n\n<p class=\"translation-block\">T\u00e9l\u00e9phone: <strong>+1-202-470-0929<\/strong> (Anglais)<\/p>\n\n\n\n<p>T\u00e9l\u00e9phone\u00a0: +52-55-8421-9866 (en espagnol)<\/p>\n\n\n\n<p>Courriel :&nbsp;<a href=\"mailto:Member@DAN.org\">member@dan.org<\/a><\/p>\n<\/div>\n\n\n\n<div class=\"wp-block-column is-layout-flow wp-block-column-is-layout-flow\">\n<p style=\"font-size:21px\" class=\"translation-block\"><strong>Ligne d\u2019appels d\u2019urgence,<br> 24heures\/24, 7jours\/7<\/p>\n\n\n\n<p class=\"has-dan-red-400-color has-text-color\">+1-919-684-9111<\/p>\n\n\n\n<p class=\"has-dan-red-400-color has-text-color\">1800-088-200 <br>en Australie<\/p>\n\n\n\n<p class=\"has-dan-red-400-color has-text-color\">+62-21-5085-8719 <br>en Indon\u00e9sie<\/p>\n\n\n\n<p><strong>DAN medics (les professionnels de sant\u00e9) sont disponibles 24 heures sur 24, 7 jours sur 7 et 365 jours par an. <\/strong><br><strong>24 \/ 7 \/ 365<\/strong>.<\/p>\n\n\n\n<p><\/p>\n<\/div>\n\n\n\n<div class=\"wp-block-column is-layout-flow wp-block-column-is-layout-flow\">\n<p style=\"font-size:21px\"><strong>Ligne d\u2019information m\u00e9dicale<\/strong><\/p>\n\n\n\n<p>Obtenez des r\u00e9ponses \u00e0 vos questions non urgentes relatives \u00e0 la sant\u00e9 et \u00e0 la plong\u00e9e.<\/p>\n\n\n\n<p>Du lundi au vendredi de 08 h 30 \u00e0 17 h HE<\/p>\n\n\n\n<p>+1 (919) 684-2948<\/p>\n\n\n\n<p>En ligne <a href=\"https:\/\/apps.dan.org\/ask-a-medic\">Demander \u00e0 un medic (professionel de sant\u00e9)<\/a><\/p>\n\n\n\n<p>Comptez 24 \u00e0 48 heures pour obtenir une r\u00e9ponse.<\/p>\n<\/div>\n\n\n\n<div class=\"wp-block-column is-layout-flow wp-block-column-is-layout-flow\">\n<p style=\"font-size:21px\"><strong>Ressources sur la s\u00e9curit\u00e9 en plong\u00e9e<\/strong><\/p>\n\n\n\n<p><a href=\"https:\/\/world.dan.org\/fr\/health-medicine\/medical-services\/physician-network\/\">Sant\u00e9 et m\u00e9decine<\/a><\/p>\n\n\n\n<p><a href=\"https:\/\/world.dan.org\/fr\/safety-prevention\/diver-safety\/\">S\u00e9curit\u00e9 des plongeurs<\/a><\/p>\n\n\n\n<p><a href=\"https:\/\/world.dan.org\/fr\/safety-prevention\/operation-safety\/\">S\u00e9curit\u00e9 des op\u00e9rations de plong\u00e9e<\/a><\/p>\n\n\n\n<p><a href=\"https:\/\/world.dan.org\/fr\/health-medicine\/health-resources\/smart-guides\/\">S\u00e9curit\u00e9 des Caissons<\/a><\/p>\n<\/div>\n<\/div>","protected":false},"excerpt":{"rendered":"<p>Professional Programs DAN is committed to advancing a culture of dive safety by engaging with all stakeholders in the community to promote safe practices. We offer programs, services and tools [&hellip;]<\/p>\n","protected":false},"author":14,"featured_media":0,"parent":0,"menu_order":173,"comment_status":"closed","ping_status":"closed","template":"templates\/page-landing-2a.php","meta":{"_acf_changed":false,"_ef_editorial_meta_date_first-draft-date":"","_ef_editorial_meta_paragraph_assignment":"","_ef_editorial_meta_checkbox_needs-photo":"","_ef_editorial_meta_number_word-count":"","footnotes":""},"class_list":["post-29","page","type-page","status-publish","hentry"],"acf":[],"yoast_head":"<!-- This site is optimized with the Yoast SEO Premium plugin v27.4 (Yoast SEO v27.4) - https:\/\/yoast.com\/product\/yoast-seo-premium-wordpress\/ -->\n<title>Professional Programs - DAN World<\/title>\n<meta name=\"robots\" content=\"index, follow, max-snippet:-1, max-image-preview:large, max-video-preview:-1\" \/>\n<link rel=\"canonical\" href=\"https:\/\/world.dan.org\/fr\/professional-programs\/\" \/>\n<meta property=\"og:locale\" content=\"fr_CA\" \/>\n<meta property=\"og:type\" content=\"article\" \/>\n<meta property=\"og:title\" content=\"Professional Programs\" \/>\n<meta property=\"og:description\" content=\"Professional Programs DAN is committed to advancing a culture of dive safety by engaging with all stakeholders in the community to promote safe practices. We offer programs, services and tools [&hellip;]\" \/>\n<meta property=\"og:url\" content=\"https:\/\/world.dan.org\/fr\/professional-programs\/\" \/>\n<meta property=\"og:site_name\" content=\"DAN World\" \/>\n<meta property=\"article:modified_time\" content=\"2025-04-03T14:49:06+00:00\" \/>\n<meta property=\"og:image\" content=\"https:\/\/world.dan.org\/wp-content\/uploads\/2021\/07\/DAN-location-images-0026-1200x600-1.jpg\" \/>\n<meta name=\"twitter:card\" content=\"summary_large_image\" \/>\n<meta name=\"twitter:label1\" content=\"Est. reading time\" \/>\n\t<meta name=\"twitter:data1\" content=\"2 minutes\" \/>\n<script type=\"application\/ld+json\" class=\"yoast-schema-graph\">{\"@context\":\"https:\\\/\\\/schema.org\",\"@graph\":[{\"@type\":\"WebPage\",\"@id\":\"https:\\\/\\\/world.dan.org\\\/professional-programs\\\/\",\"url\":\"https:\\\/\\\/world.dan.org\\\/professional-programs\\\/\",\"name\":\"Professional Programs - DAN World\",\"isPartOf\":{\"@id\":\"https:\\\/\\\/world.dan.org\\\/es\\\/#website\"},\"primaryImageOfPage\":{\"@id\":\"https:\\\/\\\/world.dan.org\\\/professional-programs\\\/#primaryimage\"},\"image\":{\"@id\":\"https:\\\/\\\/world.dan.org\\\/professional-programs\\\/#primaryimage\"},\"thumbnailUrl\":\"https:\\\/\\\/world.dan.org\\\/wp-content\\\/uploads\\\/2021\\\/07\\\/DAN-location-images-0026-1200x600-1.jpg\",\"datePublished\":\"2020-03-27T21:56:17+00:00\",\"dateModified\":\"2025-04-03T14:49:06+00:00\",\"breadcrumb\":{\"@id\":\"https:\\\/\\\/world.dan.org\\\/professional-programs\\\/#breadcrumb\"},\"inLanguage\":\"fr-CA\",\"potentialAction\":[{\"@type\":\"ReadAction\",\"target\":[\"https:\\\/\\\/world.dan.org\\\/professional-programs\\\/\"]}]},{\"@type\":\"ImageObject\",\"inLanguage\":\"fr-CA\",\"@id\":\"https:\\\/\\\/world.dan.org\\\/professional-programs\\\/#primaryimage\",\"url\":\"https:\\\/\\\/world.dan.org\\\/wp-content\\\/uploads\\\/2021\\\/07\\\/DAN-location-images-0026-1200x600-1.jpg\",\"contentUrl\":\"https:\\\/\\\/world.dan.org\\\/wp-content\\\/uploads\\\/2021\\\/07\\\/DAN-location-images-0026-1200x600-1.jpg\"},{\"@type\":\"BreadcrumbList\",\"@id\":\"https:\\\/\\\/world.dan.org\\\/professional-programs\\\/#breadcrumb\",\"itemListElement\":[{\"@type\":\"ListItem\",\"position\":1,\"name\":\"Home\",\"item\":\"https:\\\/\\\/world.dan.org\\\/\"},{\"@type\":\"ListItem\",\"position\":2,\"name\":\"Professional Programs\"}]},{\"@type\":\"WebSite\",\"@id\":\"https:\\\/\\\/world.dan.org\\\/es\\\/#website\",\"url\":\"https:\\\/\\\/world.dan.org\\\/es\\\/\",\"name\":\"DAN World\",\"description\":\"\",\"publisher\":{\"@id\":\"https:\\\/\\\/world.dan.org\\\/es\\\/#organization\"},\"potentialAction\":[{\"@type\":\"SearchAction\",\"target\":{\"@type\":\"EntryPoint\",\"urlTemplate\":\"https:\\\/\\\/world.dan.org\\\/es\\\/?s={search_term_string}\"},\"query-input\":{\"@type\":\"PropertyValueSpecification\",\"valueRequired\":true,\"valueName\":\"search_term_string\"}}],\"inLanguage\":\"fr-CA\"},{\"@type\":\"Organization\",\"@id\":\"https:\\\/\\\/world.dan.org\\\/es\\\/#organization\",\"name\":\"DAN World\",\"url\":\"https:\\\/\\\/world.dan.org\\\/es\\\/\",\"logo\":{\"@type\":\"ImageObject\",\"inLanguage\":\"fr-CA\",\"@id\":\"https:\\\/\\\/world.dan.org\\\/es\\\/#\\\/schema\\\/logo\\\/image\\\/\",\"url\":\"https:\\\/\\\/world.dan.org\\\/wp-content\\\/uploads\\\/2022\\\/04\\\/DAN-World-logo-sm-52px.svg\",\"contentUrl\":\"https:\\\/\\\/world.dan.org\\\/wp-content\\\/uploads\\\/2022\\\/04\\\/DAN-World-logo-sm-52px.svg\",\"width\":175,\"height\":52,\"caption\":\"DAN World\"},\"image\":{\"@id\":\"https:\\\/\\\/world.dan.org\\\/es\\\/#\\\/schema\\\/logo\\\/image\\\/\"}}]}<\/script>\n<!-- \/ Yoast SEO Premium plugin. -->","yoast_head_json":{"title":"Programmes professionnels - DAN World","robots":{"index":"index","follow":"follow","max-snippet":"max-snippet:-1","max-image-preview":"max-image-preview:large","max-video-preview":"max-video-preview:-1"},"canonical":"https:\/\/world.dan.org\/fr\/professional-programs\/","og_locale":"fr_CA","og_type":"article","og_title":"Professional Programs","og_description":"Professional Programs DAN is committed to advancing a culture of dive safety by engaging with all stakeholders in the community to promote safe practices. We offer programs, services and tools [&hellip;]","og_url":"https:\/\/world.dan.org\/fr\/professional-programs\/","og_site_name":"DAN World","article_modified_time":"2025-04-03T14:49:06+00:00","og_image":[{"url":"https:\/\/world.dan.org\/wp-content\/uploads\/2021\/07\/DAN-location-images-0026-1200x600-1.jpg","type":"","width":"","height":""}],"twitter_card":"summary_large_image","twitter_misc":{"Est. reading time":"2 minutes"},"schema":{"@context":"https:\/\/schema.org","@graph":[{"@type":"WebPage","@id":"https:\/\/world.dan.org\/professional-programs\/","url":"https:\/\/world.dan.org\/professional-programs\/","name":"Programmes professionnels - DAN World","isPartOf":{"@id":"https:\/\/world.dan.org\/es\/#website"},"primaryImageOfPage":{"@id":"https:\/\/world.dan.org\/professional-programs\/#primaryimage"},"image":{"@id":"https:\/\/world.dan.org\/professional-programs\/#primaryimage"},"thumbnailUrl":"https:\/\/world.dan.org\/wp-content\/uploads\/2021\/07\/DAN-location-images-0026-1200x600-1.jpg","datePublished":"2020-03-27T21:56:17+00:00","dateModified":"2025-04-03T14:49:06+00:00","breadcrumb":{"@id":"https:\/\/world.dan.org\/professional-programs\/#breadcrumb"},"inLanguage":"fr-CA","potentialAction":[{"@type":"ReadAction","target":["https:\/\/world.dan.org\/professional-programs\/"]}]},{"@type":"ImageObject","inLanguage":"fr-CA","@id":"https:\/\/world.dan.org\/professional-programs\/#primaryimage","url":"https:\/\/world.dan.org\/wp-content\/uploads\/2021\/07\/DAN-location-images-0026-1200x600-1.jpg","contentUrl":"https:\/\/world.dan.org\/wp-content\/uploads\/2021\/07\/DAN-location-images-0026-1200x600-1.jpg"},{"@type":"BreadcrumbList","@id":"https:\/\/world.dan.org\/professional-programs\/#breadcrumb","itemListElement":[{"@type":"ListItem","position":1,"name":"Home","item":"https:\/\/world.dan.org\/"},{"@type":"ListItem","position":2,"name":"Professional Programs"}]},{"@type":"WebSite","@id":"https:\/\/world.dan.org\/es\/#website","url":"https:\/\/world.dan.org\/es\/","name":"DAN World","description":"","publisher":{"@id":"https:\/\/world.dan.org\/es\/#organization"},"potentialAction":[{"@type":"SearchAction","target":{"@type":"EntryPoint","urlTemplate":"https:\/\/world.dan.org\/es\/?s={search_term_string}"},"query-input":{"@type":"PropertyValueSpecification","valueRequired":true,"valueName":"search_term_string"}}],"inLanguage":"fr-CA"},{"@type":"Organization","@id":"https:\/\/world.dan.org\/es\/#organization","name":"DAN World","url":"https:\/\/world.dan.org\/es\/","logo":{"@type":"ImageObject","inLanguage":"fr-CA","@id":"https:\/\/world.dan.org\/es\/#\/schema\/logo\/image\/","url":"https:\/\/world.dan.org\/wp-content\/uploads\/2022\/04\/DAN-World-logo-sm-52px.svg","contentUrl":"https:\/\/world.dan.org\/wp-content\/uploads\/2022\/04\/DAN-World-logo-sm-52px.svg","width":175,"height":52,"caption":"DAN World"},"image":{"@id":"https:\/\/world.dan.org\/es\/#\/schema\/logo\/image\/"}}]}},"_links":{"self":[{"href":"https:\/\/world.dan.org\/fr\/wp-json\/wp\/v2\/pages\/29","targetHints":{"allow":["GET"]}}],"collection":[{"href":"https:\/\/world.dan.org\/fr\/wp-json\/wp\/v2\/pages"}],"about":[{"href":"https:\/\/world.dan.org\/fr\/wp-json\/wp\/v2\/types\/page"}],"author":[{"embeddable":true,"href":"https:\/\/world.dan.org\/fr\/wp-json\/wp\/v2\/users\/14"}],"replies":[{"embeddable":true,"href":"https:\/\/world.dan.org\/fr\/wp-json\/wp\/v2\/comments?post=29"}],"version-history":[{"count":0,"href":"https:\/\/world.dan.org\/fr\/wp-json\/wp\/v2\/pages\/29\/revisions"}],"wp:attachment":[{"href":"https:\/\/world.dan.org\/fr\/wp-json\/wp\/v2\/media?parent=29"}],"curies":[{"name":"wp","href":"https:\/\/api.w.org\/{rel}","templated":true}]}}