{"id":297,"date":"2020-05-11T11:28:46","date_gmt":"2020-05-11T15:28:46","guid":{"rendered":"https:\/\/dan.devhammer.com\/?page_id=297"},"modified":"2022-06-17T12:50:57","modified_gmt":"2022-06-17T16:50:57","slug":"diseases-conditions","status":"publish","type":"page","link":"https:\/\/world.dan.org\/fr\/health-medicine\/health-resources\/diseases-conditions\/","title":{"rendered":"Maladies et affections"},"content":{"rendered":"<p>Avec des informations approfondies sur les probl\u00e8mes m\u00e9dicaux courants et leur importance pour les plongeurs, les rubriques Maladies et affections couvrent l'anatomie, l'\u00e9pid\u00e9miologie, les sympt\u00f4mes, la pr\u00e9vention, les premiers soins et bien plus encore. Des implications pour la plong\u00e9e sont incluses pour le plongeur, l'op\u00e9rateur de plong\u00e9e et le m\u00e9decin.<\/p>\n\n\n\n<p>Si vous n'avez pas trouv\u00e9 de r\u00e9ponse \u00e0 votre question ou si vous souhaitez en savoir plus, appelez la ligne d'information m\u00e9dicale DAN au +1 (919) 684-2948. <\/p>\n\n\n\n<p><strong><a href=\"https:\/\/world.dan.org\/fr\/health-medicine\/health-resources\/all-diseases-conditions\/\" target=\"_blank\" rel=\"noreferrer noopener\">Voir et rechercher tous les articles de DAN sur les maladies et les affections ici<\/a>.<\/strong><\/p>","protected":false},"excerpt":{"rendered":"<p>Avec des informations approfondies sur les probl\u00e8mes m\u00e9dicaux courants et leur importance pour les plongeurs, les rubriques Maladies et affections couvrent l'anatomie, l'\u00e9pid\u00e9miologie, les sympt\u00f4mes, la pr\u00e9vention, les premiers soins et bien plus encore.<\/p>","protected":false},"author":1,"featured_media":16371,"parent":37,"menu_order":61,"comment_status":"closed","ping_status":"closed","template":"templates\/page-landing-cards.php","meta":{"_acf_changed":false,"_ef_editorial_meta_date_first-draft-date":"","_ef_editorial_meta_paragraph_assignment":"","_ef_editorial_meta_checkbox_needs-photo":"","_ef_editorial_meta_number_word-count":"","footnotes":""},"class_list":["post-297","page","type-page","status-publish","has-post-thumbnail","hentry"],"acf":[],"yoast_head":"<!-- This site is optimized with the Yoast SEO Premium plugin v27.0 (Yoast SEO v27.3) - https:\/\/yoast.com\/product\/yoast-seo-premium-wordpress\/ -->\n<title>Diseases &amp; Conditions - DAN World<\/title>\n<meta name=\"description\" content=\"From dialysis to pregnancy and other common medical conditions, these entries will answer your common dive health questions.\" \/>\n<meta name=\"robots\" content=\"index, follow, max-snippet:-1, max-image-preview:large, max-video-preview:-1\" \/>\n<link rel=\"canonical\" href=\"https:\/\/world.dan.org\/fr\/health-medicine\/health-resources\/diseases-conditions\/\" \/>\n<meta property=\"og:locale\" content=\"fr_CA\" \/>\n<meta property=\"og:type\" content=\"article\" \/>\n<meta property=\"og:title\" content=\"Diseases &amp; Conditions\" \/>\n<meta property=\"og:description\" content=\"From dialysis to pregnancy and other common medical conditions, these entries will answer your common dive health questions.\" \/>\n<meta property=\"og:url\" content=\"https:\/\/world.dan.org\/fr\/health-medicine\/health-resources\/diseases-conditions\/\" \/>\n<meta property=\"og:site_name\" content=\"DAN World\" \/>\n<meta property=\"article:modified_time\" content=\"2022-06-17T16:50:57+00:00\" \/>\n<meta property=\"og:image\" content=\"https:\/\/world.dan.org\/wp-content\/uploads\/2020\/12\/diseases-conditions-1506001223-DAN-1200x600-1.jpg\" \/>\n\t<meta property=\"og:image:width\" content=\"1200\" \/>\n\t<meta property=\"og:image:height\" content=\"600\" \/>\n\t<meta property=\"og:image:type\" content=\"image\/jpeg\" \/>\n<meta name=\"twitter:card\" content=\"summary_large_image\" \/>\n<meta name=\"twitter:title\" content=\"Diseases &amp; Conditions\" \/>\n<meta name=\"twitter:description\" content=\"From dialysis to pregnancy and other common medical conditions, these entries will answer your common dive health questions.\" \/>\n<meta name=\"twitter:image\" content=\"https:\/\/world.dan.org\/wp-content\/uploads\/2020\/12\/diseases-conditions-1506001223-DAN-1200x600-1.jpg\" \/>\n<meta name=\"twitter:label1\" content=\"Est. reading time\" \/>\n\t<meta name=\"twitter:data1\" content=\"1 minute\" \/>\n<script type=\"application\/ld+json\" class=\"yoast-schema-graph\">{\"@context\":\"https:\\\/\\\/schema.org\",\"@graph\":[{\"@type\":\"WebPage\",\"@id\":\"https:\\\/\\\/world.dan.org\\\/health-medicine\\\/health-resources\\\/diseases-conditions\\\/\",\"url\":\"https:\\\/\\\/world.dan.org\\\/health-medicine\\\/health-resources\\\/diseases-conditions\\\/\",\"name\":\"Diseases & Conditions - DAN World\",\"isPartOf\":{\"@id\":\"https:\\\/\\\/world.dan.org\\\/es\\\/#website\"},\"primaryImageOfPage\":{\"@id\":\"https:\\\/\\\/world.dan.org\\\/health-medicine\\\/health-resources\\\/diseases-conditions\\\/#primaryimage\"},\"image\":{\"@id\":\"https:\\\/\\\/world.dan.org\\\/health-medicine\\\/health-resources\\\/diseases-conditions\\\/#primaryimage\"},\"thumbnailUrl\":\"https:\\\/\\\/world.dan.org\\\/wp-content\\\/uploads\\\/2020\\\/12\\\/diseases-conditions-1506001223-DAN-1200x600-1.jpg\",\"datePublished\":\"2020-05-11T15:28:46+00:00\",\"dateModified\":\"2022-06-17T16:50:57+00:00\",\"description\":\"From dialysis to pregnancy and other common medical conditions, these entries will answer your common dive health questions.\",\"breadcrumb\":{\"@id\":\"https:\\\/\\\/world.dan.org\\\/health-medicine\\\/health-resources\\\/diseases-conditions\\\/#breadcrumb\"},\"inLanguage\":\"fr-CA\",\"potentialAction\":[{\"@type\":\"ReadAction\",\"target\":[\"https:\\\/\\\/world.dan.org\\\/health-medicine\\\/health-resources\\\/diseases-conditions\\\/\"]}]},{\"@type\":\"ImageObject\",\"inLanguage\":\"fr-CA\",\"@id\":\"https:\\\/\\\/world.dan.org\\\/health-medicine\\\/health-resources\\\/diseases-conditions\\\/#primaryimage\",\"url\":\"https:\\\/\\\/world.dan.org\\\/wp-content\\\/uploads\\\/2020\\\/12\\\/diseases-conditions-1506001223-DAN-1200x600-1.jpg\",\"contentUrl\":\"https:\\\/\\\/world.dan.org\\\/wp-content\\\/uploads\\\/2020\\\/12\\\/diseases-conditions-1506001223-DAN-1200x600-1.jpg\",\"width\":1200,\"height\":600},{\"@type\":\"BreadcrumbList\",\"@id\":\"https:\\\/\\\/world.dan.org\\\/health-medicine\\\/health-resources\\\/diseases-conditions\\\/#breadcrumb\",\"itemListElement\":[{\"@type\":\"ListItem\",\"position\":1,\"name\":\"Home\",\"item\":\"https:\\\/\\\/world.dan.org\\\/\"},{\"@type\":\"ListItem\",\"position\":2,\"name\":\"Health &amp; Medicine\",\"item\":\"https:\\\/\\\/world.dan.org\\\/health-medicine\\\/\"},{\"@type\":\"ListItem\",\"position\":3,\"name\":\"Health Resources\",\"item\":\"https:\\\/\\\/world.dan.org\\\/health-medicine\\\/health-resources\\\/\"},{\"@type\":\"ListItem\",\"position\":4,\"name\":\"Diseases &#038; Conditions\"}]},{\"@type\":\"WebSite\",\"@id\":\"https:\\\/\\\/world.dan.org\\\/es\\\/#website\",\"url\":\"https:\\\/\\\/world.dan.org\\\/es\\\/\",\"name\":\"DAN World\",\"description\":\"\",\"publisher\":{\"@id\":\"https:\\\/\\\/world.dan.org\\\/es\\\/#organization\"},\"potentialAction\":[{\"@type\":\"SearchAction\",\"target\":{\"@type\":\"EntryPoint\",\"urlTemplate\":\"https:\\\/\\\/world.dan.org\\\/es\\\/?s={search_term_string}\"},\"query-input\":{\"@type\":\"PropertyValueSpecification\",\"valueRequired\":true,\"valueName\":\"search_term_string\"}}],\"inLanguage\":\"fr-CA\"},{\"@type\":\"Organization\",\"@id\":\"https:\\\/\\\/world.dan.org\\\/es\\\/#organization\",\"name\":\"DAN World\",\"url\":\"https:\\\/\\\/world.dan.org\\\/es\\\/\",\"logo\":{\"@type\":\"ImageObject\",\"inLanguage\":\"fr-CA\",\"@id\":\"https:\\\/\\\/world.dan.org\\\/es\\\/#\\\/schema\\\/logo\\\/image\\\/\",\"url\":\"https:\\\/\\\/world.dan.org\\\/wp-content\\\/uploads\\\/2022\\\/04\\\/DAN-World-logo-sm-52px.svg\",\"contentUrl\":\"https:\\\/\\\/world.dan.org\\\/wp-content\\\/uploads\\\/2022\\\/04\\\/DAN-World-logo-sm-52px.svg\",\"width\":175,\"height\":52,\"caption\":\"DAN World\"},\"image\":{\"@id\":\"https:\\\/\\\/world.dan.org\\\/es\\\/#\\\/schema\\\/logo\\\/image\\\/\"}}]}<\/script>\n<!-- \/ Yoast SEO Premium plugin. -->","yoast_head_json":{"title":"Maladies et conditions - DAN World","description":"De la dialyse \u00e0 la grossesse en passant par d'autres probl\u00e8mes m\u00e9dicaux courants, ces entr\u00e9es r\u00e9pondront aux questions les plus fr\u00e9quentes sur la sant\u00e9 des plongeurs.","robots":{"index":"index","follow":"follow","max-snippet":"max-snippet:-1","max-image-preview":"max-image-preview:large","max-video-preview":"max-video-preview:-1"},"canonical":"https:\/\/world.dan.org\/fr\/health-medicine\/health-resources\/diseases-conditions\/","og_locale":"fr_CA","og_type":"article","og_title":"Diseases & Conditions","og_description":"From dialysis to pregnancy and other common medical conditions, these entries will answer your common dive health questions.","og_url":"https:\/\/world.dan.org\/fr\/health-medicine\/health-resources\/diseases-conditions\/","og_site_name":"DAN World","article_modified_time":"2022-06-17T16:50:57+00:00","og_image":[{"width":1200,"height":600,"url":"https:\/\/world.dan.org\/wp-content\/uploads\/2020\/12\/diseases-conditions-1506001223-DAN-1200x600-1.jpg","type":"image\/jpeg"}],"twitter_card":"summary_large_image","twitter_title":"Diseases & Conditions","twitter_description":"From dialysis to pregnancy and other common medical conditions, these entries will answer your common dive health questions.","twitter_image":"https:\/\/world.dan.org\/wp-content\/uploads\/2020\/12\/diseases-conditions-1506001223-DAN-1200x600-1.jpg","twitter_misc":{"Est. reading time":"1 minute"},"schema":{"@context":"https:\/\/schema.org","@graph":[{"@type":"WebPage","@id":"https:\/\/world.dan.org\/health-medicine\/health-resources\/diseases-conditions\/","url":"https:\/\/world.dan.org\/health-medicine\/health-resources\/diseases-conditions\/","name":"Maladies et conditions - DAN World","isPartOf":{"@id":"https:\/\/world.dan.org\/es\/#website"},"primaryImageOfPage":{"@id":"https:\/\/world.dan.org\/health-medicine\/health-resources\/diseases-conditions\/#primaryimage"},"image":{"@id":"https:\/\/world.dan.org\/health-medicine\/health-resources\/diseases-conditions\/#primaryimage"},"thumbnailUrl":"https:\/\/world.dan.org\/wp-content\/uploads\/2020\/12\/diseases-conditions-1506001223-DAN-1200x600-1.jpg","datePublished":"2020-05-11T15:28:46+00:00","dateModified":"2022-06-17T16:50:57+00:00","description":"De la dialyse \u00e0 la grossesse en passant par d'autres probl\u00e8mes m\u00e9dicaux courants, ces entr\u00e9es r\u00e9pondront aux questions les plus fr\u00e9quentes sur la sant\u00e9 des plongeurs.","breadcrumb":{"@id":"https:\/\/world.dan.org\/health-medicine\/health-resources\/diseases-conditions\/#breadcrumb"},"inLanguage":"fr-CA","potentialAction":[{"@type":"ReadAction","target":["https:\/\/world.dan.org\/health-medicine\/health-resources\/diseases-conditions\/"]}]},{"@type":"ImageObject","inLanguage":"fr-CA","@id":"https:\/\/world.dan.org\/health-medicine\/health-resources\/diseases-conditions\/#primaryimage","url":"https:\/\/world.dan.org\/wp-content\/uploads\/2020\/12\/diseases-conditions-1506001223-DAN-1200x600-1.jpg","contentUrl":"https:\/\/world.dan.org\/wp-content\/uploads\/2020\/12\/diseases-conditions-1506001223-DAN-1200x600-1.jpg","width":1200,"height":600},{"@type":"BreadcrumbList","@id":"https:\/\/world.dan.org\/health-medicine\/health-resources\/diseases-conditions\/#breadcrumb","itemListElement":[{"@type":"ListItem","position":1,"name":"Home","item":"https:\/\/world.dan.org\/"},{"@type":"ListItem","position":2,"name":"Health &amp; Medicine","item":"https:\/\/world.dan.org\/health-medicine\/"},{"@type":"ListItem","position":3,"name":"Health Resources","item":"https:\/\/world.dan.org\/health-medicine\/health-resources\/"},{"@type":"ListItem","position":4,"name":"Diseases &#038; Conditions"}]},{"@type":"WebSite","@id":"https:\/\/world.dan.org\/es\/#website","url":"https:\/\/world.dan.org\/es\/","name":"DAN World","description":"","publisher":{"@id":"https:\/\/world.dan.org\/es\/#organization"},"potentialAction":[{"@type":"SearchAction","target":{"@type":"EntryPoint","urlTemplate":"https:\/\/world.dan.org\/es\/?s={search_term_string}"},"query-input":{"@type":"PropertyValueSpecification","valueRequired":true,"valueName":"search_term_string"}}],"inLanguage":"fr-CA"},{"@type":"Organization","@id":"https:\/\/world.dan.org\/es\/#organization","name":"DAN World","url":"https:\/\/world.dan.org\/es\/","logo":{"@type":"ImageObject","inLanguage":"fr-CA","@id":"https:\/\/world.dan.org\/es\/#\/schema\/logo\/image\/","url":"https:\/\/world.dan.org\/wp-content\/uploads\/2022\/04\/DAN-World-logo-sm-52px.svg","contentUrl":"https:\/\/world.dan.org\/wp-content\/uploads\/2022\/04\/DAN-World-logo-sm-52px.svg","width":175,"height":52,"caption":"DAN World"},"image":{"@id":"https:\/\/world.dan.org\/es\/#\/schema\/logo\/image\/"}}]}},"_links":{"self":[{"href":"https:\/\/world.dan.org\/fr\/wp-json\/wp\/v2\/pages\/297","targetHints":{"allow":["GET"]}}],"collection":[{"href":"https:\/\/world.dan.org\/fr\/wp-json\/wp\/v2\/pages"}],"about":[{"href":"https:\/\/world.dan.org\/fr\/wp-json\/wp\/v2\/types\/page"}],"author":[{"embeddable":true,"href":"https:\/\/world.dan.org\/fr\/wp-json\/wp\/v2\/users\/1"}],"replies":[{"embeddable":true,"href":"https:\/\/world.dan.org\/fr\/wp-json\/wp\/v2\/comments?post=297"}],"version-history":[{"count":0,"href":"https:\/\/world.dan.org\/fr\/wp-json\/wp\/v2\/pages\/297\/revisions"}],"up":[{"embeddable":true,"href":"https:\/\/world.dan.org\/fr\/wp-json\/wp\/v2\/pages\/37"}],"wp:featuredmedia":[{"embeddable":true,"href":"https:\/\/world.dan.org\/fr\/wp-json\/wp\/v2\/media\/16371"}],"wp:attachment":[{"href":"https:\/\/world.dan.org\/fr\/wp-json\/wp\/v2\/media?parent=297"}],"curies":[{"name":"wp","href":"https:\/\/api.w.org\/{rel}","templated":true}]}}