{"id":30027,"date":"2025-05-02T13:50:17","date_gmt":"2025-05-02T17:50:17","guid":{"rendered":"https:\/\/world.dan.org\/?page_id=30027"},"modified":"2025-05-05T10:00:23","modified_gmt":"2025-05-05T14:00:23","slug":"report-an-incident","status":"publish","type":"page","link":"https:\/\/world.dan.org\/fr\/safety-prevention\/report-an-incident\/","title":{"rendered":"Signaler un incident"},"content":{"rendered":"<div style=\"height:50px\" aria-hidden=\"true\" class=\"wp-block-spacer\"><\/div>\n\n\n\n<div class=\"wp-block-columns is-layout-flex wp-container-core-columns-is-layout-9d6595d7 wp-block-columns-is-layout-flex\">\n<div class=\"wp-block-column is-layout-flow wp-block-column-is-layout-flow\" style=\"flex-basis:66.66%\">\n<h1 class=\"wp-block-heading\" id=\"h-report-to-research\">Signaler un incident pour la recherche <\/h1>\n\n\n\n<p class=\"has-medium-font-size\">DAN maintient une base de donn\u00e9es sur les incidents de plong\u00e9e depuis 1989 et compte sur les plongeurs pour signaler volontairement les accidents et quasi-accidents. Notre objectif est de cr\u00e9er un environnement s\u00fbr o\u00f9 les plongeurs peuvent apprendre des exp\u00e9riences et des erreurs des autres.<\/p>\n\n\n\n<p class=\"has-medium-font-size\">Chaque soumission est examin\u00e9e par le d\u00e9partement de recherche de DAN, et les r\u00e9sultats de cette collecte et de cette analyse de donn\u00e9es sont anonymis\u00e9s et peuvent \u00eatre rendus publics au profit de la communaut\u00e9 de plongeurs dans le Rapport annuel de plong\u00e9e de DAN et dans des\u00a0<a href=\"https:\/\/world.dan.org\/fr\/safety-prevention\/diver-safety\/diving-incident-summaries\/\">r\u00e9sum\u00e9s de cas publi\u00e9s<\/a>. Initialement limit\u00e9s aux incidents de plong\u00e9e en circuit ouvert, nos rapports incluent d\u00e9sormais les incidents de plong\u00e9e en circuit ouvert, d\u2019apn\u00e9e et en recycleur.\u00a0<\/p>\n\n\n\n<p class=\"has-medium-font-size\"><strong>Aucune personne ne sera identifi\u00e9e<\/strong>&nbsp;dans aucun rapport de cas publi\u00e9 ou pr\u00e9sent\u00e9 oralement. Si vous avez v\u00e9cu un quasi-accident ou subi une blessure, ou si vous avez \u00e9t\u00e9 t\u00e9moin d\u2019un accident lors d\u2019une plong\u00e9e, veuillez partager votre exp\u00e9rience avec notre \u00e9quipe de recherche.<\/p>\n\n\n\n<p class=\"has-medium-font-size\"><em>N\u2019utilisez pas le formulaire de recherche pour d\u00e9poser une r\u00e9clamation d\u2019assurance ni si vous \u00eates actuellement en situation d\u2019urgence m\u00e9dicale.<\/em><\/p>\n\n\n\n<div style=\"height:25px\" aria-hidden=\"true\" class=\"wp-block-spacer\"><\/div>\n\n\n\n<div class=\"wp-block-buttons is-layout-flex wp-block-buttons-is-layout-flex\">\n<div class=\"wp-block-button is-style-fill\"><a class=\"wp-block-button__link has-dan-white-color has-dan-red-400-background-color has-text-color has-background wp-element-button\" href=\"https:\/\/research-redcap.dan.org\/surveys\/?s=WTK4WJDJ3WDWX7WD\" style=\"border-radius:2px\">Signaler un incident pour la recherche <\/a><\/div>\n<\/div>\n<\/div>\n\n\n\n<div class=\"wp-block-column is-layout-flow wp-block-column-is-layout-flow\" style=\"flex-basis:33.33%\">\n<h1 class=\"wp-block-heading\">D\u00e9clarer un sinistre \u00e0 l\u2019assurance<\/h1>\n\n\n\n<p><strong>R\u00e9clamations d\u2019assurance responsabilit\u00e9<\/strong><\/p>\n\n\n\n<p>Si vous \u00eates un professionnel ou une entreprise souhaitant signaler un sinistre ou d\u00e9poser une r\u00e9clamation au titre de votre police d\u2019assurance responsabilit\u00e9, envoyez un courriel \u00e0 <a href=\"mailto:liabilityclaim@dan.org\" target=\"_blank\" rel=\"noreferrer noopener\">liabilityclaims@dan.org<\/a> ou appelez le +1 (919) 684-2948.<\/p>\n\n\n\n<div class=\"wp-block-buttons is-layout-flex wp-block-buttons-is-layout-flex\">\n<div class=\"wp-block-button is-style-fill\"><a class=\"wp-block-button__link has-dan-white-color has-dan-blue-300-background-color has-text-color has-background has-link-color wp-element-button\" href=\"https:\/\/world.dan.org\/wp-content\/uploads\/2025\/05\/Pro-Liability-2025-DAN-WORLD-incident-report.pdf\" style=\"border-radius:2px\" target=\"_blank\" rel=\"noreferrer noopener\">Signaler un sinistre aupr\u00e8s de l\u2019assurance responsabilit\u00e9<\/a><\/div>\n<\/div>\n\n\n\n<div style=\"height:50px\" aria-hidden=\"true\" class=\"wp-block-spacer\"><\/div>\n\n\n\n<p><strong>R\u00e9clamations d\u2019assurance accident de plong\u00e9e et d\u2019assistance voyage<\/strong><\/p>\n\n\n\n<p>Pour d\u00e9poser une r\u00e9clamation au titre de votre police d\u2019assurance accident de plong\u00e9e ou d\u2019assistance voyage, envoyez-nous un courriel ou appelez-nous en utilisant les coordonn\u00e9es du service client ci-dessous.<\/p>\n\n\n\n<div class=\"wp-block-buttons is-layout-flex wp-block-buttons-is-layout-flex\"><\/div>\n\n\n\n<p><\/p>\n\n\n\n<p><\/p>\n<\/div>\n<\/div>\n\n\n\n<div style=\"height:100px\" aria-hidden=\"true\" class=\"wp-block-spacer\"><\/div>\n\n\n\n<hr class=\"wp-block-separator has-text-color has-dan-light-gray-color has-alpha-channel-opacity has-dan-light-gray-background-color has-background\"\/>\n\n\n\n<div style=\"height:50px\" aria-hidden=\"true\" class=\"wp-block-spacer\"><\/div>\n\n\n\n<div class=\"wp-block-columns is-layout-flex wp-container-core-columns-is-layout-9d6595d7 wp-block-columns-is-layout-flex\">\n<div class=\"wp-block-column is-layout-flow wp-block-column-is-layout-flow\">\n<p class=\"has-dan-black-color has-text-color\" style=\"font-size:21px\"><strong>Service \u00e0 la client\u00e8le<\/strong><\/p>\n\n\n\n<p><strong>Asie-Pacifique<\/strong><\/p>\n\n\n\n<p>T\u00e9l\u00e9phone\u00a0: +61-3-9886 9166<\/p>\n\n\n\n<p>Courriel : <a href=\"mailto:infoap@dan.org\">infoap@dan.org<\/a><\/p>\n\n\n\n<p>Du lundi au vendredi, de 9 h \u00e0 21 h HNEA<\/p>\n\n\n\n<p class=\"translation-block\"><br><strong>Am\u00e9rique latine et Cara\u00efbes<\/strong><\/p>\n\n\n\n<p class=\"translation-block\">T\u00e9l\u00e9phone: <strong>+1-202-470-0929<\/strong> (Anglais)<\/p>\n\n\n\n<p>T\u00e9l\u00e9phone\u00a0: +52-55-8421-9866 (en espagnol)<\/p>\n\n\n\n<p>Courriel : <a href=\"mailto:Info@World.DAN.org\">Info@World.DAN.org<\/a><\/p>\n\n\n\n<p>Du lundi au vendredi, de 8 h 30 \u00e0 17 h 00 HE<\/p>\n<\/div>\n\n\n\n<div class=\"wp-block-column is-layout-flow wp-block-column-is-layout-flow\">\n<p style=\"font-size:21px\" class=\"translation-block\"><strong>Ligne d\u2019appels d\u2019urgence,<br> 24heures\/24, 7jours\/7<\/p>\n\n\n\n<p class=\"has-dan-red-400-color has-text-color\">+1-919-684-9111<br>+52-557-100 0540\u00a0Spanish<br>+55-11-3042-1157 Portuguese<\/p>\n\n\n\n<p class=\"has-dan-red-400-color has-text-color\">1800-088-200 <br>en Australie<\/p>\n\n\n\n<p class=\"has-dan-red-400-color has-text-color\">+62-21-5085-8719 <br>en Indon\u00e9sie<\/p>\n\n\n\n<p><strong>DAN medics (les professionnels de sant\u00e9) sont disponibles 24 heures sur 24, 7 jours sur 7 et 365 jours par an. <\/strong><br><strong>24 \/ 7 \/ 365<\/strong>.<\/p>\n\n\n\n<p>Les appels internationaux \u00e0 frais vir\u00e9s sont accept\u00e9s.<\/p>\n<\/div>\n\n\n\n<div class=\"wp-block-column is-layout-flow wp-block-column-is-layout-flow\">\n<p style=\"font-size:21px\"><strong>Ligne d\u2019information m\u00e9dicale<\/strong><\/p>\n\n\n\n<p>Obtenez des r\u00e9ponses \u00e0 vos questions non urgentes relatives \u00e0 la sant\u00e9 et \u00e0 la plong\u00e9e.<\/p>\n\n\n\n<p>Du lundi au vendredi de 08 h 30 \u00e0 17 h HE<\/p>\n\n\n\n<p>+1 (919) 684-2948<\/p>\n\n\n\n<p>En ligne <a href=\"https:\/\/apps.dan.org\/ask-a-medic\">Demander \u00e0 un medic (professionel de sant\u00e9)<\/a><\/p>\n\n\n\n<p>Comptez 24 \u00e0 48 heures pour obtenir une r\u00e9ponse.<\/p>\n<\/div>\n\n\n\n<div class=\"wp-block-column is-layout-flow wp-block-column-is-layout-flow\">\n<p style=\"font-size:21px\"><strong>Ressources sur la s\u00e9curit\u00e9 en plong\u00e9e<\/strong><\/p>\n\n\n\n<p><a href=\"https:\/\/world.dan.org\/fr\/health-medicine\/\">Sant\u00e9 et m\u00e9decine<\/a><\/p>\n\n\n\n<p><a href=\"https:\/\/world.dan.org\/fr\/safety-prevention\/diver-safety\/\">S\u00e9curit\u00e9 des plongeurs<\/a><\/p>\n\n\n\n<p><a href=\"https:\/\/world.dan.org\/fr\/safety-prevention\/operation-safety\/\">S\u00e9curit\u00e9 des op\u00e9rations de plong\u00e9e<\/a><\/p>\n\n\n\n<p><a href=\"https:\/\/world.dan.org\/fr\/safety-prevention\/chamber-operation-safety\/\">S\u00e9curit\u00e9 des Caissons<\/a><\/p>\n<\/div>\n<\/div>","protected":false},"excerpt":{"rendered":"<p>Since 1989, DAN has maintained a comprehensive diving incident database. Originally limited to scuba diving incidents, our online reporting system now includes open-circuit scuba, breath-hold and rebreather incidents.<\/p>","protected":false},"author":14,"featured_media":30028,"parent":23,"menu_order":4,"comment_status":"closed","ping_status":"closed","template":"templates\/page-landing-2.php","meta":{"_acf_changed":false,"_ef_editorial_meta_date_first-draft-date":"","_ef_editorial_meta_paragraph_assignment":"","_ef_editorial_meta_checkbox_needs-photo":"","_ef_editorial_meta_number_word-count":"","footnotes":""},"class_list":["post-30027","page","type-page","status-publish","has-post-thumbnail","hentry"],"acf":[],"yoast_head":"<!-- This site is optimized with the Yoast SEO Premium plugin v27.4 (Yoast SEO v27.4) - https:\/\/yoast.com\/product\/yoast-seo-premium-wordpress\/ -->\n<title>Report an Incident - DAN World<\/title>\n<meta name=\"description\" content=\"Since 1989, DAN has maintained a comprehensive diving incident database. Originally limited to scuba diving incidents, our online reporting system now includes open-circuit scuba, breath-hold and rebreather incidents.\" \/>\n<meta name=\"robots\" content=\"index, follow, max-snippet:-1, max-image-preview:large, max-video-preview:-1\" \/>\n<link rel=\"canonical\" href=\"https:\/\/world.dan.org\/fr\/safety-prevention\/report-an-incident\/\" \/>\n<meta property=\"og:locale\" content=\"fr_CA\" \/>\n<meta property=\"og:type\" content=\"article\" \/>\n<meta property=\"og:title\" content=\"Report an Incident\" \/>\n<meta property=\"og:description\" content=\"Since 1989, DAN has maintained a comprehensive diving incident database. Originally limited to scuba diving incidents, our online reporting system now includes open-circuit scuba, breath-hold and rebreather incidents.\" \/>\n<meta property=\"og:url\" content=\"https:\/\/world.dan.org\/fr\/safety-prevention\/report-an-incident\/\" \/>\n<meta property=\"og:site_name\" content=\"DAN World\" \/>\n<meta property=\"article:modified_time\" content=\"2025-05-05T14:00:23+00:00\" \/>\n<meta property=\"og:image\" content=\"https:\/\/world.dan.org\/wp-content\/uploads\/2025\/05\/dan-dive-incident-report.jpg\" \/>\n\t<meta property=\"og:image:width\" content=\"1200\" \/>\n\t<meta property=\"og:image:height\" content=\"800\" \/>\n\t<meta property=\"og:image:type\" content=\"image\/jpeg\" \/>\n<meta name=\"twitter:card\" content=\"summary_large_image\" \/>\n<meta name=\"twitter:description\" content=\"Since 1989, DAN has maintained a comprehensive diving incident database.\" \/>\n<meta name=\"twitter:label1\" content=\"Est. reading time\" \/>\n\t<meta name=\"twitter:data1\" content=\"2 minutes\" \/>\n<script type=\"application\/ld+json\" class=\"yoast-schema-graph\">{\"@context\":\"https:\\\/\\\/schema.org\",\"@graph\":[{\"@type\":\"WebPage\",\"@id\":\"https:\\\/\\\/world.dan.org\\\/fr\\\/safety-prevention\\\/report-an-incident\\\/\",\"url\":\"https:\\\/\\\/world.dan.org\\\/fr\\\/safety-prevention\\\/report-an-incident\\\/\",\"name\":\"Report an Incident - DAN World\",\"isPartOf\":{\"@id\":\"https:\\\/\\\/world.dan.org\\\/es\\\/#website\"},\"primaryImageOfPage\":{\"@id\":\"https:\\\/\\\/world.dan.org\\\/fr\\\/safety-prevention\\\/report-an-incident\\\/#primaryimage\"},\"image\":{\"@id\":\"https:\\\/\\\/world.dan.org\\\/fr\\\/safety-prevention\\\/report-an-incident\\\/#primaryimage\"},\"thumbnailUrl\":\"https:\\\/\\\/world.dan.org\\\/wp-content\\\/uploads\\\/2025\\\/05\\\/dan-dive-incident-report.jpg\",\"datePublished\":\"2025-05-02T17:50:17+00:00\",\"dateModified\":\"2025-05-05T14:00:23+00:00\",\"description\":\"Since 1989, DAN has maintained a comprehensive diving incident database. Originally limited to scuba diving incidents, our online reporting system now includes open-circuit scuba, breath-hold and rebreather incidents.\",\"breadcrumb\":{\"@id\":\"https:\\\/\\\/world.dan.org\\\/fr\\\/safety-prevention\\\/report-an-incident\\\/#breadcrumb\"},\"inLanguage\":\"fr-CA\",\"potentialAction\":[{\"@type\":\"ReadAction\",\"target\":[\"https:\\\/\\\/world.dan.org\\\/fr\\\/safety-prevention\\\/report-an-incident\\\/\"]}]},{\"@type\":\"ImageObject\",\"inLanguage\":\"fr-CA\",\"@id\":\"https:\\\/\\\/world.dan.org\\\/fr\\\/safety-prevention\\\/report-an-incident\\\/#primaryimage\",\"url\":\"https:\\\/\\\/world.dan.org\\\/wp-content\\\/uploads\\\/2025\\\/05\\\/dan-dive-incident-report.jpg\",\"contentUrl\":\"https:\\\/\\\/world.dan.org\\\/wp-content\\\/uploads\\\/2025\\\/05\\\/dan-dive-incident-report.jpg\",\"width\":1200,\"height\":800},{\"@type\":\"BreadcrumbList\",\"@id\":\"https:\\\/\\\/world.dan.org\\\/fr\\\/safety-prevention\\\/report-an-incident\\\/#breadcrumb\",\"itemListElement\":[{\"@type\":\"ListItem\",\"position\":1,\"name\":\"Home\",\"item\":\"https:\\\/\\\/world.dan.org\\\/\"},{\"@type\":\"ListItem\",\"position\":2,\"name\":\"Safety &#038; Prevention\",\"item\":\"https:\\\/\\\/world.dan.org\\\/safety-prevention\\\/\"},{\"@type\":\"ListItem\",\"position\":3,\"name\":\"Report an Incident\"}]},{\"@type\":\"WebSite\",\"@id\":\"https:\\\/\\\/world.dan.org\\\/es\\\/#website\",\"url\":\"https:\\\/\\\/world.dan.org\\\/es\\\/\",\"name\":\"DAN World\",\"description\":\"\",\"publisher\":{\"@id\":\"https:\\\/\\\/world.dan.org\\\/es\\\/#organization\"},\"potentialAction\":[{\"@type\":\"SearchAction\",\"target\":{\"@type\":\"EntryPoint\",\"urlTemplate\":\"https:\\\/\\\/world.dan.org\\\/es\\\/?s={search_term_string}\"},\"query-input\":{\"@type\":\"PropertyValueSpecification\",\"valueRequired\":true,\"valueName\":\"search_term_string\"}}],\"inLanguage\":\"fr-CA\"},{\"@type\":\"Organization\",\"@id\":\"https:\\\/\\\/world.dan.org\\\/es\\\/#organization\",\"name\":\"DAN World\",\"url\":\"https:\\\/\\\/world.dan.org\\\/es\\\/\",\"logo\":{\"@type\":\"ImageObject\",\"inLanguage\":\"fr-CA\",\"@id\":\"https:\\\/\\\/world.dan.org\\\/es\\\/#\\\/schema\\\/logo\\\/image\\\/\",\"url\":\"https:\\\/\\\/world.dan.org\\\/wp-content\\\/uploads\\\/2022\\\/04\\\/DAN-World-logo-sm-52px.svg\",\"contentUrl\":\"https:\\\/\\\/world.dan.org\\\/wp-content\\\/uploads\\\/2022\\\/04\\\/DAN-World-logo-sm-52px.svg\",\"width\":175,\"height\":52,\"caption\":\"DAN World\"},\"image\":{\"@id\":\"https:\\\/\\\/world.dan.org\\\/es\\\/#\\\/schema\\\/logo\\\/image\\\/\"}}]}<\/script>\n<!-- \/ Yoast SEO Premium plugin. -->","yoast_head_json":{"title":"Report an Incident - DAN World","description":"Since 1989, DAN has maintained a comprehensive diving incident database. Originally limited to scuba diving incidents, our online reporting system now includes open-circuit scuba, breath-hold and rebreather incidents.","robots":{"index":"index","follow":"follow","max-snippet":"max-snippet:-1","max-image-preview":"max-image-preview:large","max-video-preview":"max-video-preview:-1"},"canonical":"https:\/\/world.dan.org\/fr\/safety-prevention\/report-an-incident\/","og_locale":"fr_CA","og_type":"article","og_title":"Report an Incident","og_description":"Since 1989, DAN has maintained a comprehensive diving incident database. Originally limited to scuba diving incidents, our online reporting system now includes open-circuit scuba, breath-hold and rebreather incidents.","og_url":"https:\/\/world.dan.org\/fr\/safety-prevention\/report-an-incident\/","og_site_name":"DAN World","article_modified_time":"2025-05-05T14:00:23+00:00","og_image":[{"width":1200,"height":800,"url":"https:\/\/world.dan.org\/wp-content\/uploads\/2025\/05\/dan-dive-incident-report.jpg","type":"image\/jpeg"}],"twitter_card":"summary_large_image","twitter_description":"Since 1989, DAN has maintained a comprehensive diving incident database.","twitter_misc":{"Est. reading time":"2 minutes"},"schema":{"@context":"https:\/\/schema.org","@graph":[{"@type":"WebPage","@id":"https:\/\/world.dan.org\/fr\/safety-prevention\/report-an-incident\/","url":"https:\/\/world.dan.org\/fr\/safety-prevention\/report-an-incident\/","name":"Report an Incident - DAN World","isPartOf":{"@id":"https:\/\/world.dan.org\/es\/#website"},"primaryImageOfPage":{"@id":"https:\/\/world.dan.org\/fr\/safety-prevention\/report-an-incident\/#primaryimage"},"image":{"@id":"https:\/\/world.dan.org\/fr\/safety-prevention\/report-an-incident\/#primaryimage"},"thumbnailUrl":"https:\/\/world.dan.org\/wp-content\/uploads\/2025\/05\/dan-dive-incident-report.jpg","datePublished":"2025-05-02T17:50:17+00:00","dateModified":"2025-05-05T14:00:23+00:00","description":"Since 1989, DAN has maintained a comprehensive diving incident database. Originally limited to scuba diving incidents, our online reporting system now includes open-circuit scuba, breath-hold and rebreather incidents.","breadcrumb":{"@id":"https:\/\/world.dan.org\/fr\/safety-prevention\/report-an-incident\/#breadcrumb"},"inLanguage":"fr-CA","potentialAction":[{"@type":"ReadAction","target":["https:\/\/world.dan.org\/fr\/safety-prevention\/report-an-incident\/"]}]},{"@type":"ImageObject","inLanguage":"fr-CA","@id":"https:\/\/world.dan.org\/fr\/safety-prevention\/report-an-incident\/#primaryimage","url":"https:\/\/world.dan.org\/wp-content\/uploads\/2025\/05\/dan-dive-incident-report.jpg","contentUrl":"https:\/\/world.dan.org\/wp-content\/uploads\/2025\/05\/dan-dive-incident-report.jpg","width":1200,"height":800},{"@type":"BreadcrumbList","@id":"https:\/\/world.dan.org\/fr\/safety-prevention\/report-an-incident\/#breadcrumb","itemListElement":[{"@type":"ListItem","position":1,"name":"Home","item":"https:\/\/world.dan.org\/"},{"@type":"ListItem","position":2,"name":"Safety &#038; Prevention","item":"https:\/\/world.dan.org\/safety-prevention\/"},{"@type":"ListItem","position":3,"name":"Report an Incident"}]},{"@type":"WebSite","@id":"https:\/\/world.dan.org\/es\/#website","url":"https:\/\/world.dan.org\/es\/","name":"DAN World","description":"","publisher":{"@id":"https:\/\/world.dan.org\/es\/#organization"},"potentialAction":[{"@type":"SearchAction","target":{"@type":"EntryPoint","urlTemplate":"https:\/\/world.dan.org\/es\/?s={search_term_string}"},"query-input":{"@type":"PropertyValueSpecification","valueRequired":true,"valueName":"search_term_string"}}],"inLanguage":"fr-CA"},{"@type":"Organization","@id":"https:\/\/world.dan.org\/es\/#organization","name":"DAN World","url":"https:\/\/world.dan.org\/es\/","logo":{"@type":"ImageObject","inLanguage":"fr-CA","@id":"https:\/\/world.dan.org\/es\/#\/schema\/logo\/image\/","url":"https:\/\/world.dan.org\/wp-content\/uploads\/2022\/04\/DAN-World-logo-sm-52px.svg","contentUrl":"https:\/\/world.dan.org\/wp-content\/uploads\/2022\/04\/DAN-World-logo-sm-52px.svg","width":175,"height":52,"caption":"DAN World"},"image":{"@id":"https:\/\/world.dan.org\/es\/#\/schema\/logo\/image\/"}}]}},"_links":{"self":[{"href":"https:\/\/world.dan.org\/fr\/wp-json\/wp\/v2\/pages\/30027","targetHints":{"allow":["GET"]}}],"collection":[{"href":"https:\/\/world.dan.org\/fr\/wp-json\/wp\/v2\/pages"}],"about":[{"href":"https:\/\/world.dan.org\/fr\/wp-json\/wp\/v2\/types\/page"}],"author":[{"embeddable":true,"href":"https:\/\/world.dan.org\/fr\/wp-json\/wp\/v2\/users\/14"}],"replies":[{"embeddable":true,"href":"https:\/\/world.dan.org\/fr\/wp-json\/wp\/v2\/comments?post=30027"}],"version-history":[{"count":0,"href":"https:\/\/world.dan.org\/fr\/wp-json\/wp\/v2\/pages\/30027\/revisions"}],"up":[{"embeddable":true,"href":"https:\/\/world.dan.org\/fr\/wp-json\/wp\/v2\/pages\/23"}],"wp:featuredmedia":[{"embeddable":true,"href":"https:\/\/world.dan.org\/fr\/wp-json\/wp\/v2\/media\/30028"}],"wp:attachment":[{"href":"https:\/\/world.dan.org\/fr\/wp-json\/wp\/v2\/media?parent=30027"}],"curies":[{"name":"wp","href":"https:\/\/api.w.org\/{rel}","templated":true}]}}