{"id":30123,"date":"2025-05-13T12:26:17","date_gmt":"2025-05-13T16:26:17","guid":{"rendered":"https:\/\/world.dan.org\/?page_id=30123"},"modified":"2025-05-13T12:26:26","modified_gmt":"2025-05-13T16:26:26","slug":"code-of-conduct","status":"publish","type":"page","link":"https:\/\/world.dan.org\/fr\/professional-programs\/business-membership\/code-of-conduct\/","title":{"rendered":"Code de conduite\u00a0"},"content":{"rendered":"<p>Les membres entreprise de DAN sont tenus d'\u00eatre des leaders au sein de la communaut\u00e9 des plongeurs. \nPour cela, le code de conduite de DAN d\u00e9finit les normes de conduite attendues des membres \nentreprise de DAN dans leurs interactions avec DAN, les autres professionnels du secteur et la \ncommunaut\u00e9 des plongeurs en g\u00e9n\u00e9ral. Les membres entreprise de DAN doivent :&nbsp;<\/p>\n\n\n\n<ul class=\"wp-block-list\">\n<li>Se comporter et mener leurs activit\u00e9s de mani\u00e8re professionnelle\u00a0<\/li>\n\n\n\n<li>Promouvoir la s\u00e9curit\u00e9 aupr\u00e8s de leurs \u00e9l\u00e8ves et des plongeurs\u00a0<\/li>\n\n\n\n<li>\u00catre honn\u00eate\u00a0<\/li>\n\n\n\n<li>Employer du personnel correctement form\u00e9 et certifi\u00e9 pour tous les cours et activit\u00e9s propos\u00e9s<\/li>\n\n\n\n<li>Se tenir inform\u00e9s des d\u00e9veloppements en mati\u00e8re de s\u00e9curit\u00e9 de la plong\u00e9e et dans le secteur de la \nplong\u00e9e\u00a0<\/li>\n\n\n\n<li>Traiter les \u00e9l\u00e8ves plongeurs et toutes les personnes impliqu\u00e9es dans des activit\u00e9s de plong\u00e9e avec \nrespect, ind\u00e9pendamment de leur \u00e2ge, de leur origine ethnique, de leur sexe, de leur religion, de leur \nhandicap ou de leur orientation sexuelle<\/li>\n\n\n\n<li>Respecter toutes les lois f\u00e9d\u00e9rales et locales<\/li>\n\n\n\n<li>Comprendre qu'une condamnation p\u00e9nale pendant ou avant cette adh\u00e9sion en tant que membre \nentreprise de DAN constitue un motif de refus ou de r\u00e9siliation de cette adh\u00e9sion<\/li>\n\n\n\n<li>Ne pas d\u00e9nigrer DAN, d'autres organisations du secteur ou des professionnels de la plong\u00e9e\u00a0<\/li>\n\n\n\n<li>\u2022 Ne jamais harceler, intimider ou faire des avances sexuelles non d\u00e9sir\u00e9es \u00e0 une autre personne<\/li>\n\n\n\n<li>Coop\u00e9rer \u00e0 toute enqu\u00eate men\u00e9e sur un membre entreprise de DAN si DAN le demande\u00a0<\/li>\n<\/ul>","protected":false},"excerpt":{"rendered":"<p>DAN Business Members are expected to be leaders in the diving community. To that end, the DAN Code of Conduct provides a standard of conduct expected of DAN Business Members [&hellip;]<\/p>\n","protected":false},"author":14,"featured_media":0,"parent":18343,"menu_order":3,"comment_status":"closed","ping_status":"closed","template":"","meta":{"_acf_changed":false,"_ef_editorial_meta_date_first-draft-date":"","_ef_editorial_meta_paragraph_assignment":"","_ef_editorial_meta_checkbox_needs-photo":"","_ef_editorial_meta_number_word-count":"","footnotes":""},"class_list":["post-30123","page","type-page","status-publish","hentry"],"acf":[],"yoast_head":"<!-- This site is optimized with the Yoast SEO Premium plugin v27.4 (Yoast SEO v27.4) - https:\/\/yoast.com\/product\/yoast-seo-premium-wordpress\/ -->\n<title>Code of Conduct\u00a0 - DAN World<\/title>\n<meta name=\"robots\" content=\"index, follow, max-snippet:-1, max-image-preview:large, max-video-preview:-1\" \/>\n<link rel=\"canonical\" href=\"https:\/\/world.dan.org\/fr\/professional-programs\/business-membership\/code-of-conduct\/\" \/>\n<meta property=\"og:locale\" content=\"fr_CA\" \/>\n<meta property=\"og:type\" content=\"article\" \/>\n<meta property=\"og:title\" content=\"Code of Conduct\u00a0\" \/>\n<meta property=\"og:description\" content=\"DAN Business Members are expected to be leaders in the diving community. To that end, the DAN Code of Conduct provides a standard of conduct expected of DAN Business Members [&hellip;]\" \/>\n<meta property=\"og:url\" content=\"https:\/\/world.dan.org\/fr\/professional-programs\/business-membership\/code-of-conduct\/\" \/>\n<meta property=\"og:site_name\" content=\"DAN World\" \/>\n<meta property=\"article:modified_time\" content=\"2025-05-13T16:26:26+00:00\" \/>\n<meta name=\"twitter:card\" content=\"summary_large_image\" \/>\n<meta name=\"twitter:label1\" content=\"Est. reading time\" \/>\n\t<meta name=\"twitter:data1\" content=\"1 minute\" \/>\n<script type=\"application\/ld+json\" class=\"yoast-schema-graph\">{\"@context\":\"https:\\\/\\\/schema.org\",\"@graph\":[{\"@type\":\"WebPage\",\"@id\":\"https:\\\/\\\/world.dan.org\\\/professional-programs\\\/business-membership\\\/code-of-conduct\\\/\",\"url\":\"https:\\\/\\\/world.dan.org\\\/professional-programs\\\/business-membership\\\/code-of-conduct\\\/\",\"name\":\"Code of Conduct\u00a0 - DAN World\",\"isPartOf\":{\"@id\":\"https:\\\/\\\/world.dan.org\\\/es\\\/#website\"},\"datePublished\":\"2025-05-13T16:26:17+00:00\",\"dateModified\":\"2025-05-13T16:26:26+00:00\",\"breadcrumb\":{\"@id\":\"https:\\\/\\\/world.dan.org\\\/professional-programs\\\/business-membership\\\/code-of-conduct\\\/#breadcrumb\"},\"inLanguage\":\"fr-CA\",\"potentialAction\":[{\"@type\":\"ReadAction\",\"target\":[\"https:\\\/\\\/world.dan.org\\\/professional-programs\\\/business-membership\\\/code-of-conduct\\\/\"]}]},{\"@type\":\"BreadcrumbList\",\"@id\":\"https:\\\/\\\/world.dan.org\\\/professional-programs\\\/business-membership\\\/code-of-conduct\\\/#breadcrumb\",\"itemListElement\":[{\"@type\":\"ListItem\",\"position\":1,\"name\":\"Home\",\"item\":\"https:\\\/\\\/world.dan.org\\\/\"},{\"@type\":\"ListItem\",\"position\":2,\"name\":\"Professional Programs\",\"item\":\"https:\\\/\\\/world.dan.org\\\/professional-programs\\\/\"},{\"@type\":\"ListItem\",\"position\":3,\"name\":\"Business Membership\",\"item\":\"https:\\\/\\\/world.dan.org\\\/professional-programs\\\/business-membership\\\/\"},{\"@type\":\"ListItem\",\"position\":4,\"name\":\"Code of Conduct\u00a0\"}]},{\"@type\":\"WebSite\",\"@id\":\"https:\\\/\\\/world.dan.org\\\/es\\\/#website\",\"url\":\"https:\\\/\\\/world.dan.org\\\/es\\\/\",\"name\":\"DAN World\",\"description\":\"\",\"publisher\":{\"@id\":\"https:\\\/\\\/world.dan.org\\\/es\\\/#organization\"},\"potentialAction\":[{\"@type\":\"SearchAction\",\"target\":{\"@type\":\"EntryPoint\",\"urlTemplate\":\"https:\\\/\\\/world.dan.org\\\/es\\\/?s={search_term_string}\"},\"query-input\":{\"@type\":\"PropertyValueSpecification\",\"valueRequired\":true,\"valueName\":\"search_term_string\"}}],\"inLanguage\":\"fr-CA\"},{\"@type\":\"Organization\",\"@id\":\"https:\\\/\\\/world.dan.org\\\/es\\\/#organization\",\"name\":\"DAN World\",\"url\":\"https:\\\/\\\/world.dan.org\\\/es\\\/\",\"logo\":{\"@type\":\"ImageObject\",\"inLanguage\":\"fr-CA\",\"@id\":\"https:\\\/\\\/world.dan.org\\\/es\\\/#\\\/schema\\\/logo\\\/image\\\/\",\"url\":\"https:\\\/\\\/world.dan.org\\\/wp-content\\\/uploads\\\/2022\\\/04\\\/DAN-World-logo-sm-52px.svg\",\"contentUrl\":\"https:\\\/\\\/world.dan.org\\\/wp-content\\\/uploads\\\/2022\\\/04\\\/DAN-World-logo-sm-52px.svg\",\"width\":175,\"height\":52,\"caption\":\"DAN World\"},\"image\":{\"@id\":\"https:\\\/\\\/world.dan.org\\\/es\\\/#\\\/schema\\\/logo\\\/image\\\/\"}}]}<\/script>\n<!-- \/ Yoast SEO Premium plugin. -->","yoast_head_json":{"title":"Code of Conduct\u00a0 - DAN World","robots":{"index":"index","follow":"follow","max-snippet":"max-snippet:-1","max-image-preview":"max-image-preview:large","max-video-preview":"max-video-preview:-1"},"canonical":"https:\/\/world.dan.org\/fr\/professional-programs\/business-membership\/code-of-conduct\/","og_locale":"fr_CA","og_type":"article","og_title":"Code of Conduct\u00a0","og_description":"DAN Business Members are expected to be leaders in the diving community. To that end, the DAN Code of Conduct provides a standard of conduct expected of DAN Business Members [&hellip;]","og_url":"https:\/\/world.dan.org\/fr\/professional-programs\/business-membership\/code-of-conduct\/","og_site_name":"DAN World","article_modified_time":"2025-05-13T16:26:26+00:00","twitter_card":"summary_large_image","twitter_misc":{"Est. reading time":"1 minute"},"schema":{"@context":"https:\/\/schema.org","@graph":[{"@type":"WebPage","@id":"https:\/\/world.dan.org\/professional-programs\/business-membership\/code-of-conduct\/","url":"https:\/\/world.dan.org\/professional-programs\/business-membership\/code-of-conduct\/","name":"Code of Conduct\u00a0 - DAN World","isPartOf":{"@id":"https:\/\/world.dan.org\/es\/#website"},"datePublished":"2025-05-13T16:26:17+00:00","dateModified":"2025-05-13T16:26:26+00:00","breadcrumb":{"@id":"https:\/\/world.dan.org\/professional-programs\/business-membership\/code-of-conduct\/#breadcrumb"},"inLanguage":"fr-CA","potentialAction":[{"@type":"ReadAction","target":["https:\/\/world.dan.org\/professional-programs\/business-membership\/code-of-conduct\/"]}]},{"@type":"BreadcrumbList","@id":"https:\/\/world.dan.org\/professional-programs\/business-membership\/code-of-conduct\/#breadcrumb","itemListElement":[{"@type":"ListItem","position":1,"name":"Home","item":"https:\/\/world.dan.org\/"},{"@type":"ListItem","position":2,"name":"Professional Programs","item":"https:\/\/world.dan.org\/professional-programs\/"},{"@type":"ListItem","position":3,"name":"Business Membership","item":"https:\/\/world.dan.org\/professional-programs\/business-membership\/"},{"@type":"ListItem","position":4,"name":"Code of Conduct\u00a0"}]},{"@type":"WebSite","@id":"https:\/\/world.dan.org\/es\/#website","url":"https:\/\/world.dan.org\/es\/","name":"DAN World","description":"","publisher":{"@id":"https:\/\/world.dan.org\/es\/#organization"},"potentialAction":[{"@type":"SearchAction","target":{"@type":"EntryPoint","urlTemplate":"https:\/\/world.dan.org\/es\/?s={search_term_string}"},"query-input":{"@type":"PropertyValueSpecification","valueRequired":true,"valueName":"search_term_string"}}],"inLanguage":"fr-CA"},{"@type":"Organization","@id":"https:\/\/world.dan.org\/es\/#organization","name":"DAN World","url":"https:\/\/world.dan.org\/es\/","logo":{"@type":"ImageObject","inLanguage":"fr-CA","@id":"https:\/\/world.dan.org\/es\/#\/schema\/logo\/image\/","url":"https:\/\/world.dan.org\/wp-content\/uploads\/2022\/04\/DAN-World-logo-sm-52px.svg","contentUrl":"https:\/\/world.dan.org\/wp-content\/uploads\/2022\/04\/DAN-World-logo-sm-52px.svg","width":175,"height":52,"caption":"DAN World"},"image":{"@id":"https:\/\/world.dan.org\/es\/#\/schema\/logo\/image\/"}}]}},"_links":{"self":[{"href":"https:\/\/world.dan.org\/fr\/wp-json\/wp\/v2\/pages\/30123","targetHints":{"allow":["GET"]}}],"collection":[{"href":"https:\/\/world.dan.org\/fr\/wp-json\/wp\/v2\/pages"}],"about":[{"href":"https:\/\/world.dan.org\/fr\/wp-json\/wp\/v2\/types\/page"}],"author":[{"embeddable":true,"href":"https:\/\/world.dan.org\/fr\/wp-json\/wp\/v2\/users\/14"}],"replies":[{"embeddable":true,"href":"https:\/\/world.dan.org\/fr\/wp-json\/wp\/v2\/comments?post=30123"}],"version-history":[{"count":0,"href":"https:\/\/world.dan.org\/fr\/wp-json\/wp\/v2\/pages\/30123\/revisions"}],"up":[{"embeddable":true,"href":"https:\/\/world.dan.org\/fr\/wp-json\/wp\/v2\/pages\/18343"}],"wp:attachment":[{"href":"https:\/\/world.dan.org\/fr\/wp-json\/wp\/v2\/media?parent=30123"}],"curies":[{"name":"wp","href":"https:\/\/api.w.org\/{rel}","templated":true}]}}