{"id":308,"date":"2020-05-11T11:29:27","date_gmt":"2020-05-11T15:29:27","guid":{"rendered":"https:\/\/dan.devhammer.com\/?page_id=308"},"modified":"2024-09-06T14:04:34","modified_gmt":"2024-09-06T18:04:34","slug":"health-safety-guidelines","status":"publish","type":"page","link":"https:\/\/world.dan.org\/fr\/health-medicine\/health-resources\/health-safety-guidelines\/","title":{"rendered":"Directives en mati\u00e8re de sant\u00e9 et de s\u00e9curit\u00e9"},"content":{"rendered":"<p>Ces directives simples sont des synopsis cr\u00e9\u00e9s \u00e0 partir des r\u00e9sultats de la recherche DAN et des comptes rendus d'ateliers. Ces dossiers scientifiques offrent aux plongeurs et aux professionnels de la plong\u00e9e une meilleure capacit\u00e9 \u00e0 prendre des d\u00e9cisions \u00e9clair\u00e9es en mati\u00e8re de gestion de la sant\u00e9 et de la s\u00e9curit\u00e9 des plongeurs.<\/p>\n\n\n\n<p><\/p>","protected":false},"excerpt":{"rendered":"<p>Ces directives simples sont des synopsis cr\u00e9\u00e9s \u00e0 partir des r\u00e9sultats de la recherche DAN et des comptes rendus d'ateliers. Ces dossiers scientifiques offrent aux plongeurs et aux professionnels de la plong\u00e9e une meilleure capacit\u00e9 \u00e0 prendre des d\u00e9cisions \u00e9clair\u00e9es en mati\u00e8re de gestion de la sant\u00e9 et de la s\u00e9curit\u00e9 des plongeurs.<\/p>","protected":false},"author":1,"featured_media":17864,"parent":37,"menu_order":113,"comment_status":"closed","ping_status":"closed","template":"templates\/page-landing-3.php","meta":{"_acf_changed":false,"_ef_editorial_meta_date_first-draft-date":"","_ef_editorial_meta_paragraph_assignment":"","_ef_editorial_meta_checkbox_needs-photo":"","_ef_editorial_meta_number_word-count":"","footnotes":""},"class_list":["post-308","page","type-page","status-publish","has-post-thumbnail","hentry"],"acf":[],"yoast_head":"<!-- This site is optimized with the Yoast SEO Premium plugin v27.4 (Yoast SEO v27.4) - https:\/\/yoast.com\/product\/yoast-seo-premium-wordpress\/ -->\n<title>Health &amp; Safety Guidelines - DAN World<\/title>\n<meta name=\"description\" content=\"These scientific briefs offer divers and dive professionals a greater ability to make informed decisions in managing diver health and safety.\" \/>\n<meta name=\"robots\" content=\"index, follow, max-snippet:-1, max-image-preview:large, max-video-preview:-1\" \/>\n<link rel=\"canonical\" href=\"https:\/\/world.dan.org\/fr\/health-medicine\/health-resources\/health-safety-guidelines\/\" \/>\n<meta property=\"og:locale\" content=\"fr_CA\" \/>\n<meta property=\"og:type\" content=\"article\" \/>\n<meta property=\"og:title\" content=\"Health &amp; Safety Guidelines\" \/>\n<meta property=\"og:description\" content=\"These scientific briefs offer divers and dive professionals a greater ability to make informed decisions in managing diver health and safety.\" \/>\n<meta property=\"og:url\" content=\"https:\/\/world.dan.org\/fr\/health-medicine\/health-resources\/health-safety-guidelines\/\" \/>\n<meta property=\"og:site_name\" content=\"DAN World\" \/>\n<meta property=\"article:modified_time\" content=\"2024-09-06T18:04:34+00:00\" \/>\n<meta property=\"og:image\" content=\"https:\/\/world.dan.org\/wp-content\/uploads\/2021\/07\/Health-Safety-guidelines-DAN-1200x600-1.jpg\" \/>\n\t<meta property=\"og:image:width\" content=\"1200\" \/>\n\t<meta property=\"og:image:height\" content=\"600\" \/>\n\t<meta property=\"og:image:type\" content=\"image\/jpeg\" \/>\n<meta name=\"twitter:card\" content=\"summary_large_image\" \/>\n<meta name=\"twitter:label1\" content=\"Est. reading time\" \/>\n\t<meta name=\"twitter:data1\" content=\"1 minute\" \/>\n<script type=\"application\/ld+json\" class=\"yoast-schema-graph\">{\"@context\":\"https:\\\/\\\/schema.org\",\"@graph\":[{\"@type\":\"WebPage\",\"@id\":\"https:\\\/\\\/world.dan.org\\\/health-medicine\\\/health-resources\\\/health-safety-guidelines\\\/\",\"url\":\"https:\\\/\\\/world.dan.org\\\/health-medicine\\\/health-resources\\\/health-safety-guidelines\\\/\",\"name\":\"Health & Safety Guidelines - DAN World\",\"isPartOf\":{\"@id\":\"https:\\\/\\\/world.dan.org\\\/es\\\/#website\"},\"primaryImageOfPage\":{\"@id\":\"https:\\\/\\\/world.dan.org\\\/health-medicine\\\/health-resources\\\/health-safety-guidelines\\\/#primaryimage\"},\"image\":{\"@id\":\"https:\\\/\\\/world.dan.org\\\/health-medicine\\\/health-resources\\\/health-safety-guidelines\\\/#primaryimage\"},\"thumbnailUrl\":\"https:\\\/\\\/world.dan.org\\\/wp-content\\\/uploads\\\/2021\\\/07\\\/Health-Safety-guidelines-DAN-1200x600-1.jpg\",\"datePublished\":\"2020-05-11T15:29:27+00:00\",\"dateModified\":\"2024-09-06T18:04:34+00:00\",\"description\":\"These scientific briefs offer divers and dive professionals a greater ability to make informed decisions in managing diver health and safety.\",\"breadcrumb\":{\"@id\":\"https:\\\/\\\/world.dan.org\\\/health-medicine\\\/health-resources\\\/health-safety-guidelines\\\/#breadcrumb\"},\"inLanguage\":\"fr-CA\",\"potentialAction\":[{\"@type\":\"ReadAction\",\"target\":[\"https:\\\/\\\/world.dan.org\\\/health-medicine\\\/health-resources\\\/health-safety-guidelines\\\/\"]}]},{\"@type\":\"ImageObject\",\"inLanguage\":\"fr-CA\",\"@id\":\"https:\\\/\\\/world.dan.org\\\/health-medicine\\\/health-resources\\\/health-safety-guidelines\\\/#primaryimage\",\"url\":\"https:\\\/\\\/world.dan.org\\\/wp-content\\\/uploads\\\/2021\\\/07\\\/Health-Safety-guidelines-DAN-1200x600-1.jpg\",\"contentUrl\":\"https:\\\/\\\/world.dan.org\\\/wp-content\\\/uploads\\\/2021\\\/07\\\/Health-Safety-guidelines-DAN-1200x600-1.jpg\",\"width\":1200,\"height\":600},{\"@type\":\"BreadcrumbList\",\"@id\":\"https:\\\/\\\/world.dan.org\\\/health-medicine\\\/health-resources\\\/health-safety-guidelines\\\/#breadcrumb\",\"itemListElement\":[{\"@type\":\"ListItem\",\"position\":1,\"name\":\"Home\",\"item\":\"https:\\\/\\\/world.dan.org\\\/\"},{\"@type\":\"ListItem\",\"position\":2,\"name\":\"Health &amp; Medicine\",\"item\":\"https:\\\/\\\/world.dan.org\\\/health-medicine\\\/\"},{\"@type\":\"ListItem\",\"position\":3,\"name\":\"Health Resources\",\"item\":\"https:\\\/\\\/world.dan.org\\\/health-medicine\\\/health-resources\\\/\"},{\"@type\":\"ListItem\",\"position\":4,\"name\":\"Health &#038; Safety Guidelines\"}]},{\"@type\":\"WebSite\",\"@id\":\"https:\\\/\\\/world.dan.org\\\/es\\\/#website\",\"url\":\"https:\\\/\\\/world.dan.org\\\/es\\\/\",\"name\":\"DAN World\",\"description\":\"\",\"publisher\":{\"@id\":\"https:\\\/\\\/world.dan.org\\\/es\\\/#organization\"},\"potentialAction\":[{\"@type\":\"SearchAction\",\"target\":{\"@type\":\"EntryPoint\",\"urlTemplate\":\"https:\\\/\\\/world.dan.org\\\/es\\\/?s={search_term_string}\"},\"query-input\":{\"@type\":\"PropertyValueSpecification\",\"valueRequired\":true,\"valueName\":\"search_term_string\"}}],\"inLanguage\":\"fr-CA\"},{\"@type\":\"Organization\",\"@id\":\"https:\\\/\\\/world.dan.org\\\/es\\\/#organization\",\"name\":\"DAN World\",\"url\":\"https:\\\/\\\/world.dan.org\\\/es\\\/\",\"logo\":{\"@type\":\"ImageObject\",\"inLanguage\":\"fr-CA\",\"@id\":\"https:\\\/\\\/world.dan.org\\\/es\\\/#\\\/schema\\\/logo\\\/image\\\/\",\"url\":\"https:\\\/\\\/world.dan.org\\\/wp-content\\\/uploads\\\/2022\\\/04\\\/DAN-World-logo-sm-52px.svg\",\"contentUrl\":\"https:\\\/\\\/world.dan.org\\\/wp-content\\\/uploads\\\/2022\\\/04\\\/DAN-World-logo-sm-52px.svg\",\"width\":175,\"height\":52,\"caption\":\"DAN World\"},\"image\":{\"@id\":\"https:\\\/\\\/world.dan.org\\\/es\\\/#\\\/schema\\\/logo\\\/image\\\/\"}}]}<\/script>\n<!-- \/ Yoast SEO Premium plugin. -->","yoast_head_json":{"title":"Health &amp; Safety Guidelines - DAN World","description":"These scientific briefs offer divers and dive professionals a greater ability to make informed decisions in managing diver health and safety.","robots":{"index":"index","follow":"follow","max-snippet":"max-snippet:-1","max-image-preview":"max-image-preview:large","max-video-preview":"max-video-preview:-1"},"canonical":"https:\/\/world.dan.org\/fr\/health-medicine\/health-resources\/health-safety-guidelines\/","og_locale":"fr_CA","og_type":"article","og_title":"Health & Safety Guidelines","og_description":"These scientific briefs offer divers and dive professionals a greater ability to make informed decisions in managing diver health and safety.","og_url":"https:\/\/world.dan.org\/fr\/health-medicine\/health-resources\/health-safety-guidelines\/","og_site_name":"DAN World","article_modified_time":"2024-09-06T18:04:34+00:00","og_image":[{"width":1200,"height":600,"url":"https:\/\/world.dan.org\/wp-content\/uploads\/2021\/07\/Health-Safety-guidelines-DAN-1200x600-1.jpg","type":"image\/jpeg"}],"twitter_card":"summary_large_image","twitter_misc":{"Est. reading time":"1 minute"},"schema":{"@context":"https:\/\/schema.org","@graph":[{"@type":"WebPage","@id":"https:\/\/world.dan.org\/health-medicine\/health-resources\/health-safety-guidelines\/","url":"https:\/\/world.dan.org\/health-medicine\/health-resources\/health-safety-guidelines\/","name":"Health &amp; Safety Guidelines - DAN World","isPartOf":{"@id":"https:\/\/world.dan.org\/es\/#website"},"primaryImageOfPage":{"@id":"https:\/\/world.dan.org\/health-medicine\/health-resources\/health-safety-guidelines\/#primaryimage"},"image":{"@id":"https:\/\/world.dan.org\/health-medicine\/health-resources\/health-safety-guidelines\/#primaryimage"},"thumbnailUrl":"https:\/\/world.dan.org\/wp-content\/uploads\/2021\/07\/Health-Safety-guidelines-DAN-1200x600-1.jpg","datePublished":"2020-05-11T15:29:27+00:00","dateModified":"2024-09-06T18:04:34+00:00","description":"These scientific briefs offer divers and dive professionals a greater ability to make informed decisions in managing diver health and safety.","breadcrumb":{"@id":"https:\/\/world.dan.org\/health-medicine\/health-resources\/health-safety-guidelines\/#breadcrumb"},"inLanguage":"fr-CA","potentialAction":[{"@type":"ReadAction","target":["https:\/\/world.dan.org\/health-medicine\/health-resources\/health-safety-guidelines\/"]}]},{"@type":"ImageObject","inLanguage":"fr-CA","@id":"https:\/\/world.dan.org\/health-medicine\/health-resources\/health-safety-guidelines\/#primaryimage","url":"https:\/\/world.dan.org\/wp-content\/uploads\/2021\/07\/Health-Safety-guidelines-DAN-1200x600-1.jpg","contentUrl":"https:\/\/world.dan.org\/wp-content\/uploads\/2021\/07\/Health-Safety-guidelines-DAN-1200x600-1.jpg","width":1200,"height":600},{"@type":"BreadcrumbList","@id":"https:\/\/world.dan.org\/health-medicine\/health-resources\/health-safety-guidelines\/#breadcrumb","itemListElement":[{"@type":"ListItem","position":1,"name":"Home","item":"https:\/\/world.dan.org\/"},{"@type":"ListItem","position":2,"name":"Health &amp; Medicine","item":"https:\/\/world.dan.org\/health-medicine\/"},{"@type":"ListItem","position":3,"name":"Health Resources","item":"https:\/\/world.dan.org\/health-medicine\/health-resources\/"},{"@type":"ListItem","position":4,"name":"Health &#038; Safety Guidelines"}]},{"@type":"WebSite","@id":"https:\/\/world.dan.org\/es\/#website","url":"https:\/\/world.dan.org\/es\/","name":"DAN World","description":"","publisher":{"@id":"https:\/\/world.dan.org\/es\/#organization"},"potentialAction":[{"@type":"SearchAction","target":{"@type":"EntryPoint","urlTemplate":"https:\/\/world.dan.org\/es\/?s={search_term_string}"},"query-input":{"@type":"PropertyValueSpecification","valueRequired":true,"valueName":"search_term_string"}}],"inLanguage":"fr-CA"},{"@type":"Organization","@id":"https:\/\/world.dan.org\/es\/#organization","name":"DAN World","url":"https:\/\/world.dan.org\/es\/","logo":{"@type":"ImageObject","inLanguage":"fr-CA","@id":"https:\/\/world.dan.org\/es\/#\/schema\/logo\/image\/","url":"https:\/\/world.dan.org\/wp-content\/uploads\/2022\/04\/DAN-World-logo-sm-52px.svg","contentUrl":"https:\/\/world.dan.org\/wp-content\/uploads\/2022\/04\/DAN-World-logo-sm-52px.svg","width":175,"height":52,"caption":"DAN World"},"image":{"@id":"https:\/\/world.dan.org\/es\/#\/schema\/logo\/image\/"}}]}},"_links":{"self":[{"href":"https:\/\/world.dan.org\/fr\/wp-json\/wp\/v2\/pages\/308","targetHints":{"allow":["GET"]}}],"collection":[{"href":"https:\/\/world.dan.org\/fr\/wp-json\/wp\/v2\/pages"}],"about":[{"href":"https:\/\/world.dan.org\/fr\/wp-json\/wp\/v2\/types\/page"}],"author":[{"embeddable":true,"href":"https:\/\/world.dan.org\/fr\/wp-json\/wp\/v2\/users\/1"}],"replies":[{"embeddable":true,"href":"https:\/\/world.dan.org\/fr\/wp-json\/wp\/v2\/comments?post=308"}],"version-history":[{"count":0,"href":"https:\/\/world.dan.org\/fr\/wp-json\/wp\/v2\/pages\/308\/revisions"}],"up":[{"embeddable":true,"href":"https:\/\/world.dan.org\/fr\/wp-json\/wp\/v2\/pages\/37"}],"wp:featuredmedia":[{"embeddable":true,"href":"https:\/\/world.dan.org\/fr\/wp-json\/wp\/v2\/media\/17864"}],"wp:attachment":[{"href":"https:\/\/world.dan.org\/fr\/wp-json\/wp\/v2\/media?parent=308"}],"curies":[{"name":"wp","href":"https:\/\/api.w.org\/{rel}","templated":true}]}}