{"id":311,"date":"2020-05-11T11:30:14","date_gmt":"2020-05-11T15:30:14","guid":{"rendered":"https:\/\/dan.devhammer.com\/?page_id=311"},"modified":"2022-06-17T12:35:26","modified_gmt":"2022-06-17T16:35:26","slug":"dive-medical-reference-books","status":"publish","type":"page","link":"https:\/\/world.dan.org\/fr\/health-medicine\/health-resources\/dive-medical-reference-books\/","title":{"rendered":"Ouvrages de r\u00e9f\u00e9rence m\u00e9dicale en plong\u00e9e"},"content":{"rendered":"<p>Les ouvrages de r\u00e9f\u00e9rence m\u00e9dicale en plong\u00e9e fournissent des informations pr\u00e9cieuses sur des sujets essentiels \u00e0 la sant\u00e9 et \u00e0 la s\u00e9curit\u00e9 des plongeurs, ainsi que sur des probl\u00e8mes courants rencontr\u00e9s par les plongeurs d\u00e9butants et exp\u00e9riment\u00e9s. La collection offre un meilleur aper\u00e7u de sujets tels que les oreilles et l'\u00e9galisation, la sant\u00e9 cardiovasculaire, la maladie de d\u00e9compression et les accidents maritimes dangereux. Ces documents ont \u00e9t\u00e9 \u00e9labor\u00e9s \u00e0 partir d'ann\u00e9es de recherches soutenues par DAN et de connaissances acquises en aidant des centaines de milliers de membres dans le cadre de plong\u00e9es et d'urgences m\u00e9dicales.<\/p>","protected":false},"excerpt":{"rendered":"<p>Acqu\u00e9rir des connaissances approfondies sur les probl\u00e8mes courants rencontr\u00e9s par les plongeurs de tous niveaux. Les r\u00e9f\u00e9rences m\u00e9dicales actuelles disponibles comprennent la maladie de d\u00e9compression, l'\u00e9galisation de l'oreille, les blessures marines et bien plus encore. <\/p>","protected":false},"author":1,"featured_media":17866,"parent":37,"menu_order":62,"comment_status":"closed","ping_status":"closed","template":"","meta":{"_acf_changed":false,"_ef_editorial_meta_date_first-draft-date":"","_ef_editorial_meta_paragraph_assignment":"","_ef_editorial_meta_checkbox_needs-photo":"","_ef_editorial_meta_number_word-count":"","footnotes":""},"class_list":["post-311","page","type-page","status-publish","has-post-thumbnail","hentry"],"acf":[],"yoast_head":"<!-- This site is optimized with the Yoast SEO Premium plugin v27.4 (Yoast SEO v27.4) - https:\/\/yoast.com\/product\/yoast-seo-premium-wordpress\/ -->\n<title>Dive Medical Reference Books - DAN World<\/title>\n<meta name=\"description\" content=\"The Dive Medical Reference Books provide valuable information about topics critical to diver health and safety as well as common issues encountered by new and experienced divers.\" \/>\n<meta name=\"robots\" content=\"index, follow, max-snippet:-1, max-image-preview:large, max-video-preview:-1\" \/>\n<link rel=\"canonical\" href=\"https:\/\/world.dan.org\/fr\/health-medicine\/health-resources\/dive-medical-reference-books\/\" \/>\n<meta property=\"og:locale\" content=\"fr_CA\" \/>\n<meta property=\"og:type\" content=\"article\" \/>\n<meta property=\"og:title\" content=\"Dive Medical Reference Books\" \/>\n<meta property=\"og:description\" content=\"The Dive Medical Reference Books provide valuable information about topics critical to diver health and safety as well as common issues encountered by new and experienced divers.\" \/>\n<meta property=\"og:url\" content=\"https:\/\/world.dan.org\/fr\/health-medicine\/health-resources\/dive-medical-reference-books\/\" \/>\n<meta property=\"og:site_name\" content=\"DAN World\" \/>\n<meta property=\"article:modified_time\" content=\"2022-06-17T16:35:26+00:00\" \/>\n<meta property=\"og:image\" content=\"https:\/\/world.dan.org\/wp-content\/uploads\/2021\/07\/Med-Ref-Books-DAN-1200x600-1.jpg\" \/>\n\t<meta property=\"og:image:width\" content=\"1200\" \/>\n\t<meta property=\"og:image:height\" content=\"600\" \/>\n\t<meta property=\"og:image:type\" content=\"image\/jpeg\" \/>\n<meta name=\"twitter:card\" content=\"summary_large_image\" \/>\n<meta name=\"twitter:title\" content=\"Dive Medical Reference Books\" \/>\n<meta name=\"twitter:description\" content=\"The Dive Medical Reference Books provide valuable information about topics critical to diver health and safety as well as common issues encountered by new and experienced divers.\" \/>\n<meta name=\"twitter:image\" content=\"https:\/\/world.dan.org\/wp-content\/uploads\/2021\/07\/Med-Ref-Books-DAN-1200x600-1.jpg\" \/>\n<meta name=\"twitter:label1\" content=\"Est. reading time\" \/>\n\t<meta name=\"twitter:data1\" content=\"1 minute\" \/>\n<script type=\"application\/ld+json\" class=\"yoast-schema-graph\">{\"@context\":\"https:\\\/\\\/schema.org\",\"@graph\":[{\"@type\":\"WebPage\",\"@id\":\"https:\\\/\\\/world.dan.org\\\/health-medicine\\\/health-resources\\\/dive-medical-reference-books\\\/\",\"url\":\"https:\\\/\\\/world.dan.org\\\/health-medicine\\\/health-resources\\\/dive-medical-reference-books\\\/\",\"name\":\"Dive Medical Reference Books - DAN World\",\"isPartOf\":{\"@id\":\"https:\\\/\\\/world.dan.org\\\/es\\\/#website\"},\"primaryImageOfPage\":{\"@id\":\"https:\\\/\\\/world.dan.org\\\/health-medicine\\\/health-resources\\\/dive-medical-reference-books\\\/#primaryimage\"},\"image\":{\"@id\":\"https:\\\/\\\/world.dan.org\\\/health-medicine\\\/health-resources\\\/dive-medical-reference-books\\\/#primaryimage\"},\"thumbnailUrl\":\"https:\\\/\\\/world.dan.org\\\/wp-content\\\/uploads\\\/2021\\\/07\\\/Med-Ref-Books-DAN-1200x600-1.jpg\",\"datePublished\":\"2020-05-11T15:30:14+00:00\",\"dateModified\":\"2022-06-17T16:35:26+00:00\",\"description\":\"The Dive Medical Reference Books provide valuable information about topics critical to diver health and safety as well as common issues encountered by new and experienced divers.\",\"breadcrumb\":{\"@id\":\"https:\\\/\\\/world.dan.org\\\/health-medicine\\\/health-resources\\\/dive-medical-reference-books\\\/#breadcrumb\"},\"inLanguage\":\"fr-CA\",\"potentialAction\":[{\"@type\":\"ReadAction\",\"target\":[\"https:\\\/\\\/world.dan.org\\\/health-medicine\\\/health-resources\\\/dive-medical-reference-books\\\/\"]}]},{\"@type\":\"ImageObject\",\"inLanguage\":\"fr-CA\",\"@id\":\"https:\\\/\\\/world.dan.org\\\/health-medicine\\\/health-resources\\\/dive-medical-reference-books\\\/#primaryimage\",\"url\":\"https:\\\/\\\/world.dan.org\\\/wp-content\\\/uploads\\\/2021\\\/07\\\/Med-Ref-Books-DAN-1200x600-1.jpg\",\"contentUrl\":\"https:\\\/\\\/world.dan.org\\\/wp-content\\\/uploads\\\/2021\\\/07\\\/Med-Ref-Books-DAN-1200x600-1.jpg\",\"width\":1200,\"height\":600},{\"@type\":\"BreadcrumbList\",\"@id\":\"https:\\\/\\\/world.dan.org\\\/health-medicine\\\/health-resources\\\/dive-medical-reference-books\\\/#breadcrumb\",\"itemListElement\":[{\"@type\":\"ListItem\",\"position\":1,\"name\":\"Home\",\"item\":\"https:\\\/\\\/world.dan.org\\\/\"},{\"@type\":\"ListItem\",\"position\":2,\"name\":\"Health &amp; Medicine\",\"item\":\"https:\\\/\\\/world.dan.org\\\/health-medicine\\\/\"},{\"@type\":\"ListItem\",\"position\":3,\"name\":\"Health Resources\",\"item\":\"https:\\\/\\\/world.dan.org\\\/health-medicine\\\/health-resources\\\/\"},{\"@type\":\"ListItem\",\"position\":4,\"name\":\"Dive Medical Reference Books\"}]},{\"@type\":\"WebSite\",\"@id\":\"https:\\\/\\\/world.dan.org\\\/es\\\/#website\",\"url\":\"https:\\\/\\\/world.dan.org\\\/es\\\/\",\"name\":\"DAN World\",\"description\":\"\",\"publisher\":{\"@id\":\"https:\\\/\\\/world.dan.org\\\/es\\\/#organization\"},\"potentialAction\":[{\"@type\":\"SearchAction\",\"target\":{\"@type\":\"EntryPoint\",\"urlTemplate\":\"https:\\\/\\\/world.dan.org\\\/es\\\/?s={search_term_string}\"},\"query-input\":{\"@type\":\"PropertyValueSpecification\",\"valueRequired\":true,\"valueName\":\"search_term_string\"}}],\"inLanguage\":\"fr-CA\"},{\"@type\":\"Organization\",\"@id\":\"https:\\\/\\\/world.dan.org\\\/es\\\/#organization\",\"name\":\"DAN World\",\"url\":\"https:\\\/\\\/world.dan.org\\\/es\\\/\",\"logo\":{\"@type\":\"ImageObject\",\"inLanguage\":\"fr-CA\",\"@id\":\"https:\\\/\\\/world.dan.org\\\/es\\\/#\\\/schema\\\/logo\\\/image\\\/\",\"url\":\"https:\\\/\\\/world.dan.org\\\/wp-content\\\/uploads\\\/2022\\\/04\\\/DAN-World-logo-sm-52px.svg\",\"contentUrl\":\"https:\\\/\\\/world.dan.org\\\/wp-content\\\/uploads\\\/2022\\\/04\\\/DAN-World-logo-sm-52px.svg\",\"width\":175,\"height\":52,\"caption\":\"DAN World\"},\"image\":{\"@id\":\"https:\\\/\\\/world.dan.org\\\/es\\\/#\\\/schema\\\/logo\\\/image\\\/\"}}]}<\/script>\n<!-- \/ Yoast SEO Premium plugin. -->","yoast_head_json":{"title":"Ouvrages de r\u00e9f\u00e9rence sur la m\u00e9decine de plong\u00e9e - DAN World","description":"Les ouvrages de r\u00e9f\u00e9rence sur la m\u00e9decine de plong\u00e9e fournissent des informations pr\u00e9cieuses sur des sujets essentiels \u00e0 la sant\u00e9 et \u00e0 la s\u00e9curit\u00e9 des plongeurs, ainsi que sur des probl\u00e8mes courants rencontr\u00e9s par les plongeurs d\u00e9butants et exp\u00e9riment\u00e9s.","robots":{"index":"index","follow":"follow","max-snippet":"max-snippet:-1","max-image-preview":"max-image-preview:large","max-video-preview":"max-video-preview:-1"},"canonical":"https:\/\/world.dan.org\/fr\/health-medicine\/health-resources\/dive-medical-reference-books\/","og_locale":"fr_CA","og_type":"article","og_title":"Dive Medical Reference Books","og_description":"The Dive Medical Reference Books provide valuable information about topics critical to diver health and safety as well as common issues encountered by new and experienced divers.","og_url":"https:\/\/world.dan.org\/fr\/health-medicine\/health-resources\/dive-medical-reference-books\/","og_site_name":"DAN World","article_modified_time":"2022-06-17T16:35:26+00:00","og_image":[{"width":1200,"height":600,"url":"https:\/\/world.dan.org\/wp-content\/uploads\/2021\/07\/Med-Ref-Books-DAN-1200x600-1.jpg","type":"image\/jpeg"}],"twitter_card":"summary_large_image","twitter_title":"Dive Medical Reference Books","twitter_description":"The Dive Medical Reference Books provide valuable information about topics critical to diver health and safety as well as common issues encountered by new and experienced divers.","twitter_image":"https:\/\/world.dan.org\/wp-content\/uploads\/2021\/07\/Med-Ref-Books-DAN-1200x600-1.jpg","twitter_misc":{"Est. reading time":"1 minute"},"schema":{"@context":"https:\/\/schema.org","@graph":[{"@type":"WebPage","@id":"https:\/\/world.dan.org\/health-medicine\/health-resources\/dive-medical-reference-books\/","url":"https:\/\/world.dan.org\/health-medicine\/health-resources\/dive-medical-reference-books\/","name":"Ouvrages de r\u00e9f\u00e9rence sur la m\u00e9decine de plong\u00e9e - DAN World","isPartOf":{"@id":"https:\/\/world.dan.org\/es\/#website"},"primaryImageOfPage":{"@id":"https:\/\/world.dan.org\/health-medicine\/health-resources\/dive-medical-reference-books\/#primaryimage"},"image":{"@id":"https:\/\/world.dan.org\/health-medicine\/health-resources\/dive-medical-reference-books\/#primaryimage"},"thumbnailUrl":"https:\/\/world.dan.org\/wp-content\/uploads\/2021\/07\/Med-Ref-Books-DAN-1200x600-1.jpg","datePublished":"2020-05-11T15:30:14+00:00","dateModified":"2022-06-17T16:35:26+00:00","description":"Les ouvrages de r\u00e9f\u00e9rence sur la m\u00e9decine de plong\u00e9e fournissent des informations pr\u00e9cieuses sur des sujets essentiels \u00e0 la sant\u00e9 et \u00e0 la s\u00e9curit\u00e9 des plongeurs, ainsi que sur des probl\u00e8mes courants rencontr\u00e9s par les plongeurs d\u00e9butants et exp\u00e9riment\u00e9s.","breadcrumb":{"@id":"https:\/\/world.dan.org\/health-medicine\/health-resources\/dive-medical-reference-books\/#breadcrumb"},"inLanguage":"fr-CA","potentialAction":[{"@type":"ReadAction","target":["https:\/\/world.dan.org\/health-medicine\/health-resources\/dive-medical-reference-books\/"]}]},{"@type":"ImageObject","inLanguage":"fr-CA","@id":"https:\/\/world.dan.org\/health-medicine\/health-resources\/dive-medical-reference-books\/#primaryimage","url":"https:\/\/world.dan.org\/wp-content\/uploads\/2021\/07\/Med-Ref-Books-DAN-1200x600-1.jpg","contentUrl":"https:\/\/world.dan.org\/wp-content\/uploads\/2021\/07\/Med-Ref-Books-DAN-1200x600-1.jpg","width":1200,"height":600},{"@type":"BreadcrumbList","@id":"https:\/\/world.dan.org\/health-medicine\/health-resources\/dive-medical-reference-books\/#breadcrumb","itemListElement":[{"@type":"ListItem","position":1,"name":"Home","item":"https:\/\/world.dan.org\/"},{"@type":"ListItem","position":2,"name":"Health &amp; Medicine","item":"https:\/\/world.dan.org\/health-medicine\/"},{"@type":"ListItem","position":3,"name":"Health Resources","item":"https:\/\/world.dan.org\/health-medicine\/health-resources\/"},{"@type":"ListItem","position":4,"name":"Dive Medical Reference Books"}]},{"@type":"WebSite","@id":"https:\/\/world.dan.org\/es\/#website","url":"https:\/\/world.dan.org\/es\/","name":"DAN World","description":"","publisher":{"@id":"https:\/\/world.dan.org\/es\/#organization"},"potentialAction":[{"@type":"SearchAction","target":{"@type":"EntryPoint","urlTemplate":"https:\/\/world.dan.org\/es\/?s={search_term_string}"},"query-input":{"@type":"PropertyValueSpecification","valueRequired":true,"valueName":"search_term_string"}}],"inLanguage":"fr-CA"},{"@type":"Organization","@id":"https:\/\/world.dan.org\/es\/#organization","name":"DAN World","url":"https:\/\/world.dan.org\/es\/","logo":{"@type":"ImageObject","inLanguage":"fr-CA","@id":"https:\/\/world.dan.org\/es\/#\/schema\/logo\/image\/","url":"https:\/\/world.dan.org\/wp-content\/uploads\/2022\/04\/DAN-World-logo-sm-52px.svg","contentUrl":"https:\/\/world.dan.org\/wp-content\/uploads\/2022\/04\/DAN-World-logo-sm-52px.svg","width":175,"height":52,"caption":"DAN World"},"image":{"@id":"https:\/\/world.dan.org\/es\/#\/schema\/logo\/image\/"}}]}},"_links":{"self":[{"href":"https:\/\/world.dan.org\/fr\/wp-json\/wp\/v2\/pages\/311","targetHints":{"allow":["GET"]}}],"collection":[{"href":"https:\/\/world.dan.org\/fr\/wp-json\/wp\/v2\/pages"}],"about":[{"href":"https:\/\/world.dan.org\/fr\/wp-json\/wp\/v2\/types\/page"}],"author":[{"embeddable":true,"href":"https:\/\/world.dan.org\/fr\/wp-json\/wp\/v2\/users\/1"}],"replies":[{"embeddable":true,"href":"https:\/\/world.dan.org\/fr\/wp-json\/wp\/v2\/comments?post=311"}],"version-history":[{"count":0,"href":"https:\/\/world.dan.org\/fr\/wp-json\/wp\/v2\/pages\/311\/revisions"}],"up":[{"embeddable":true,"href":"https:\/\/world.dan.org\/fr\/wp-json\/wp\/v2\/pages\/37"}],"wp:featuredmedia":[{"embeddable":true,"href":"https:\/\/world.dan.org\/fr\/wp-json\/wp\/v2\/media\/17866"}],"wp:attachment":[{"href":"https:\/\/world.dan.org\/fr\/wp-json\/wp\/v2\/media?parent=311"}],"curies":[{"name":"wp","href":"https:\/\/api.w.org\/{rel}","templated":true}]}}