{"id":314,"date":"2020-05-11T11:31:11","date_gmt":"2020-05-11T15:31:11","guid":{"rendered":"https:\/\/dan.devhammer.com\/?page_id=314"},"modified":"2021-09-29T17:02:16","modified_gmt":"2021-09-29T21:02:16","slug":"smart-guides","status":"publish","type":"page","link":"https:\/\/world.dan.org\/fr\/health-medicine\/health-resources\/smart-guides\/","title":{"rendered":"Smart Guide (Guides pratiques)"},"content":{"rendered":"<p>Vous avez parfois besoin d'informations fiables et rapides. Les guides pratiques de DAN peuvent vous guider rapidement sur des sujets importants dans le domaine de la plong\u00e9e. Que vous souhaitiez am\u00e9liorer votre flottabilit\u00e9, votre consommation d\u2019air ou votre \u00e9galisation, ces guides rapides sont les ressources dont vous avez besoin pour vous aider \u00e0 la sous l\u2019eau et \u00e0 la surface. Gr\u00e2ce \u00e0 des informations pr\u00e9cises, vous pouvez prendre des meilleures d\u00e9cisions pour vos aventures. T\u00e9l\u00e9chargez ces guides dans leur int\u00e9gralit\u00e9 pour les lire facilement et vous y r\u00e9f\u00e9rer ult\u00e9rieurement, ou lisez chaque article individuellement dans votre navigateur. <\/p>","protected":false},"excerpt":{"rendered":"<p>Ces guides de r\u00e9f\u00e9rence rapide fournissent des informations pr\u00e9cises sur des sujets courants li\u00e9s \u00e0 la plong\u00e9e, qu'il s'agisse de conseils de base pour devenir un meilleur plongeur ou d'identifier les probl\u00e8mes de sant\u00e9 et de forme physique les plus courants, que ce soit \u00e0 la surface ou sous l'eau. T\u00e9l\u00e9chargez chaque guide ou consultez les articles individuellement. <\/p>","protected":false},"author":1,"featured_media":17862,"parent":37,"menu_order":116,"comment_status":"closed","ping_status":"closed","template":"templates\/page-landing-3.php","meta":{"_acf_changed":false,"_ef_editorial_meta_date_first-draft-date":"","_ef_editorial_meta_paragraph_assignment":"","_ef_editorial_meta_checkbox_needs-photo":"","_ef_editorial_meta_number_word-count":"","footnotes":""},"class_list":["post-314","page","type-page","status-publish","has-post-thumbnail","hentry"],"acf":[],"yoast_head":"<!-- This site is optimized with the Yoast SEO Premium plugin v27.4 (Yoast SEO v27.4) - https:\/\/yoast.com\/product\/yoast-seo-premium-wordpress\/ -->\n<title>Smart Guides - DAN World<\/title>\n<meta name=\"description\" content=\"Topics range from tips for becoming a better diver to common health and fitness issues experienced above and below the water.\" \/>\n<meta name=\"robots\" content=\"index, follow, max-snippet:-1, max-image-preview:large, max-video-preview:-1\" \/>\n<link rel=\"canonical\" href=\"https:\/\/world.dan.org\/fr\/health-medicine\/health-resources\/smart-guides\/\" \/>\n<meta property=\"og:locale\" content=\"fr_CA\" \/>\n<meta property=\"og:type\" content=\"article\" \/>\n<meta property=\"og:title\" content=\"Smart Guides\" \/>\n<meta property=\"og:description\" content=\"Topics range from tips for becoming a better diver to common health and fitness issues experienced above and below the water.\" \/>\n<meta property=\"og:url\" content=\"https:\/\/world.dan.org\/fr\/health-medicine\/health-resources\/smart-guides\/\" \/>\n<meta property=\"og:site_name\" content=\"DAN World\" \/>\n<meta property=\"article:modified_time\" content=\"2021-09-29T21:02:16+00:00\" \/>\n<meta property=\"og:image\" content=\"https:\/\/world.dan.org\/wp-content\/uploads\/2021\/07\/Smart-Guides-A7305486-DAN-1200x600-1.jpg\" \/>\n\t<meta property=\"og:image:width\" content=\"1200\" \/>\n\t<meta property=\"og:image:height\" content=\"600\" \/>\n\t<meta property=\"og:image:type\" content=\"image\/jpeg\" \/>\n<meta name=\"twitter:card\" content=\"summary_large_image\" \/>\n<script type=\"application\/ld+json\" class=\"yoast-schema-graph\">{\"@context\":\"https:\\\/\\\/schema.org\",\"@graph\":[{\"@type\":\"WebPage\",\"@id\":\"https:\\\/\\\/world.dan.org\\\/health-medicine\\\/health-resources\\\/smart-guides\\\/\",\"url\":\"https:\\\/\\\/world.dan.org\\\/health-medicine\\\/health-resources\\\/smart-guides\\\/\",\"name\":\"Smart Guides - DAN World\",\"isPartOf\":{\"@id\":\"https:\\\/\\\/world.dan.org\\\/es\\\/#website\"},\"primaryImageOfPage\":{\"@id\":\"https:\\\/\\\/world.dan.org\\\/health-medicine\\\/health-resources\\\/smart-guides\\\/#primaryimage\"},\"image\":{\"@id\":\"https:\\\/\\\/world.dan.org\\\/health-medicine\\\/health-resources\\\/smart-guides\\\/#primaryimage\"},\"thumbnailUrl\":\"https:\\\/\\\/world.dan.org\\\/wp-content\\\/uploads\\\/2021\\\/07\\\/Smart-Guides-A7305486-DAN-1200x600-1.jpg\",\"datePublished\":\"2020-05-11T15:31:11+00:00\",\"dateModified\":\"2021-09-29T21:02:16+00:00\",\"description\":\"Topics range from tips for becoming a better diver to common health and fitness issues experienced above and below the water.\",\"breadcrumb\":{\"@id\":\"https:\\\/\\\/world.dan.org\\\/health-medicine\\\/health-resources\\\/smart-guides\\\/#breadcrumb\"},\"inLanguage\":\"fr-CA\",\"potentialAction\":[{\"@type\":\"ReadAction\",\"target\":[\"https:\\\/\\\/world.dan.org\\\/health-medicine\\\/health-resources\\\/smart-guides\\\/\"]}]},{\"@type\":\"ImageObject\",\"inLanguage\":\"fr-CA\",\"@id\":\"https:\\\/\\\/world.dan.org\\\/health-medicine\\\/health-resources\\\/smart-guides\\\/#primaryimage\",\"url\":\"https:\\\/\\\/world.dan.org\\\/wp-content\\\/uploads\\\/2021\\\/07\\\/Smart-Guides-A7305486-DAN-1200x600-1.jpg\",\"contentUrl\":\"https:\\\/\\\/world.dan.org\\\/wp-content\\\/uploads\\\/2021\\\/07\\\/Smart-Guides-A7305486-DAN-1200x600-1.jpg\",\"width\":1200,\"height\":600},{\"@type\":\"BreadcrumbList\",\"@id\":\"https:\\\/\\\/world.dan.org\\\/health-medicine\\\/health-resources\\\/smart-guides\\\/#breadcrumb\",\"itemListElement\":[{\"@type\":\"ListItem\",\"position\":1,\"name\":\"Home\",\"item\":\"https:\\\/\\\/world.dan.org\\\/\"},{\"@type\":\"ListItem\",\"position\":2,\"name\":\"Health &amp; Medicine\",\"item\":\"https:\\\/\\\/world.dan.org\\\/health-medicine\\\/\"},{\"@type\":\"ListItem\",\"position\":3,\"name\":\"Health Resources\",\"item\":\"https:\\\/\\\/world.dan.org\\\/health-medicine\\\/health-resources\\\/\"},{\"@type\":\"ListItem\",\"position\":4,\"name\":\"Smart Guides\"}]},{\"@type\":\"WebSite\",\"@id\":\"https:\\\/\\\/world.dan.org\\\/es\\\/#website\",\"url\":\"https:\\\/\\\/world.dan.org\\\/es\\\/\",\"name\":\"DAN World\",\"description\":\"\",\"publisher\":{\"@id\":\"https:\\\/\\\/world.dan.org\\\/es\\\/#organization\"},\"potentialAction\":[{\"@type\":\"SearchAction\",\"target\":{\"@type\":\"EntryPoint\",\"urlTemplate\":\"https:\\\/\\\/world.dan.org\\\/es\\\/?s={search_term_string}\"},\"query-input\":{\"@type\":\"PropertyValueSpecification\",\"valueRequired\":true,\"valueName\":\"search_term_string\"}}],\"inLanguage\":\"fr-CA\"},{\"@type\":\"Organization\",\"@id\":\"https:\\\/\\\/world.dan.org\\\/es\\\/#organization\",\"name\":\"DAN World\",\"url\":\"https:\\\/\\\/world.dan.org\\\/es\\\/\",\"logo\":{\"@type\":\"ImageObject\",\"inLanguage\":\"fr-CA\",\"@id\":\"https:\\\/\\\/world.dan.org\\\/es\\\/#\\\/schema\\\/logo\\\/image\\\/\",\"url\":\"https:\\\/\\\/world.dan.org\\\/wp-content\\\/uploads\\\/2022\\\/04\\\/DAN-World-logo-sm-52px.svg\",\"contentUrl\":\"https:\\\/\\\/world.dan.org\\\/wp-content\\\/uploads\\\/2022\\\/04\\\/DAN-World-logo-sm-52px.svg\",\"width\":175,\"height\":52,\"caption\":\"DAN World\"},\"image\":{\"@id\":\"https:\\\/\\\/world.dan.org\\\/es\\\/#\\\/schema\\\/logo\\\/image\\\/\"}}]}<\/script>\n<!-- \/ Yoast SEO Premium plugin. -->","yoast_head_json":{"title":"Guides intelligents - DAN World","description":"Les sujets abord\u00e9s vont des conseils pour devenir un meilleur plongeur aux probl\u00e8mes de sant\u00e9 et de forme physique les plus courants, que ce soit au-dessus ou au-dessous de l'eau.","robots":{"index":"index","follow":"follow","max-snippet":"max-snippet:-1","max-image-preview":"max-image-preview:large","max-video-preview":"max-video-preview:-1"},"canonical":"https:\/\/world.dan.org\/fr\/health-medicine\/health-resources\/smart-guides\/","og_locale":"fr_CA","og_type":"article","og_title":"Smart Guides","og_description":"Topics range from tips for becoming a better diver to common health and fitness issues experienced above and below the water.","og_url":"https:\/\/world.dan.org\/fr\/health-medicine\/health-resources\/smart-guides\/","og_site_name":"DAN World","article_modified_time":"2021-09-29T21:02:16+00:00","og_image":[{"width":1200,"height":600,"url":"https:\/\/world.dan.org\/wp-content\/uploads\/2021\/07\/Smart-Guides-A7305486-DAN-1200x600-1.jpg","type":"image\/jpeg"}],"twitter_card":"summary_large_image","schema":{"@context":"https:\/\/schema.org","@graph":[{"@type":"WebPage","@id":"https:\/\/world.dan.org\/health-medicine\/health-resources\/smart-guides\/","url":"https:\/\/world.dan.org\/health-medicine\/health-resources\/smart-guides\/","name":"Guides intelligents - DAN World","isPartOf":{"@id":"https:\/\/world.dan.org\/es\/#website"},"primaryImageOfPage":{"@id":"https:\/\/world.dan.org\/health-medicine\/health-resources\/smart-guides\/#primaryimage"},"image":{"@id":"https:\/\/world.dan.org\/health-medicine\/health-resources\/smart-guides\/#primaryimage"},"thumbnailUrl":"https:\/\/world.dan.org\/wp-content\/uploads\/2021\/07\/Smart-Guides-A7305486-DAN-1200x600-1.jpg","datePublished":"2020-05-11T15:31:11+00:00","dateModified":"2021-09-29T21:02:16+00:00","description":"Les sujets abord\u00e9s vont des conseils pour devenir un meilleur plongeur aux probl\u00e8mes de sant\u00e9 et de forme physique les plus courants, que ce soit au-dessus ou au-dessous de l'eau.","breadcrumb":{"@id":"https:\/\/world.dan.org\/health-medicine\/health-resources\/smart-guides\/#breadcrumb"},"inLanguage":"fr-CA","potentialAction":[{"@type":"ReadAction","target":["https:\/\/world.dan.org\/health-medicine\/health-resources\/smart-guides\/"]}]},{"@type":"ImageObject","inLanguage":"fr-CA","@id":"https:\/\/world.dan.org\/health-medicine\/health-resources\/smart-guides\/#primaryimage","url":"https:\/\/world.dan.org\/wp-content\/uploads\/2021\/07\/Smart-Guides-A7305486-DAN-1200x600-1.jpg","contentUrl":"https:\/\/world.dan.org\/wp-content\/uploads\/2021\/07\/Smart-Guides-A7305486-DAN-1200x600-1.jpg","width":1200,"height":600},{"@type":"BreadcrumbList","@id":"https:\/\/world.dan.org\/health-medicine\/health-resources\/smart-guides\/#breadcrumb","itemListElement":[{"@type":"ListItem","position":1,"name":"Home","item":"https:\/\/world.dan.org\/"},{"@type":"ListItem","position":2,"name":"Health &amp; Medicine","item":"https:\/\/world.dan.org\/health-medicine\/"},{"@type":"ListItem","position":3,"name":"Health Resources","item":"https:\/\/world.dan.org\/health-medicine\/health-resources\/"},{"@type":"ListItem","position":4,"name":"Smart Guides"}]},{"@type":"WebSite","@id":"https:\/\/world.dan.org\/es\/#website","url":"https:\/\/world.dan.org\/es\/","name":"DAN World","description":"","publisher":{"@id":"https:\/\/world.dan.org\/es\/#organization"},"potentialAction":[{"@type":"SearchAction","target":{"@type":"EntryPoint","urlTemplate":"https:\/\/world.dan.org\/es\/?s={search_term_string}"},"query-input":{"@type":"PropertyValueSpecification","valueRequired":true,"valueName":"search_term_string"}}],"inLanguage":"fr-CA"},{"@type":"Organization","@id":"https:\/\/world.dan.org\/es\/#organization","name":"DAN World","url":"https:\/\/world.dan.org\/es\/","logo":{"@type":"ImageObject","inLanguage":"fr-CA","@id":"https:\/\/world.dan.org\/es\/#\/schema\/logo\/image\/","url":"https:\/\/world.dan.org\/wp-content\/uploads\/2022\/04\/DAN-World-logo-sm-52px.svg","contentUrl":"https:\/\/world.dan.org\/wp-content\/uploads\/2022\/04\/DAN-World-logo-sm-52px.svg","width":175,"height":52,"caption":"DAN World"},"image":{"@id":"https:\/\/world.dan.org\/es\/#\/schema\/logo\/image\/"}}]}},"_links":{"self":[{"href":"https:\/\/world.dan.org\/fr\/wp-json\/wp\/v2\/pages\/314","targetHints":{"allow":["GET"]}}],"collection":[{"href":"https:\/\/world.dan.org\/fr\/wp-json\/wp\/v2\/pages"}],"about":[{"href":"https:\/\/world.dan.org\/fr\/wp-json\/wp\/v2\/types\/page"}],"author":[{"embeddable":true,"href":"https:\/\/world.dan.org\/fr\/wp-json\/wp\/v2\/users\/1"}],"replies":[{"embeddable":true,"href":"https:\/\/world.dan.org\/fr\/wp-json\/wp\/v2\/comments?post=314"}],"version-history":[{"count":0,"href":"https:\/\/world.dan.org\/fr\/wp-json\/wp\/v2\/pages\/314\/revisions"}],"up":[{"embeddable":true,"href":"https:\/\/world.dan.org\/fr\/wp-json\/wp\/v2\/pages\/37"}],"wp:featuredmedia":[{"embeddable":true,"href":"https:\/\/world.dan.org\/fr\/wp-json\/wp\/v2\/media\/17862"}],"wp:attachment":[{"href":"https:\/\/world.dan.org\/fr\/wp-json\/wp\/v2\/media?parent=314"}],"curies":[{"name":"wp","href":"https:\/\/api.w.org\/{rel}","templated":true}]}}