{"id":328,"date":"2020-05-11T11:46:22","date_gmt":"2020-05-11T15:46:22","guid":{"rendered":"https:\/\/dan.devhammer.com\/?page_id=328"},"modified":"2022-06-16T17:44:41","modified_gmt":"2022-06-16T21:44:41","slug":"ask-a-medic","status":"publish","type":"page","link":"https:\/\/world.dan.org\/fr\/health-medicine\/ask-a-medic\/","title":{"rendered":"Demander \u00e0 un M\u00e9decin"},"content":{"rendered":"<div style=\"height:30px\" aria-hidden=\"true\" class=\"wp-block-spacer\"><\/div>\n\n\n\n<p class=\"translation-block\">Avez-vous des questions sur la plong\u00e9e avec un probl\u00e8me de sant\u00e9 particulier? Consultez notre page <strong><a href=\"https:\/\/world.dan.org\/fr\/health-medicine\/health-resources\/diseases-conditions\/\" target=\"_self\">Maladies et Affections<\/a><\/strong>\u00a0pour obtenir des r\u00e9ponses aux questions les plus fr\u00e9quemment pos\u00e9es par les plongeurs sur les diff\u00e9rentes affections, maladies, m\u00e9dicaments et autres.<\/p>\n\n\n\n<p>Vous pouvez aussi nous contacter directement. En plus de la ligne d'urgence DAN, les medics de DAN sont disponibles pendant les heures de bureau pour r\u00e9pondre \u00e0 vos questions sur la m\u00e9decine de plong\u00e9e et l'aptitude \u00e0 la plong\u00e9e. Notre \u00e9quipe de m\u00e9decins, d'infirmiers, d'ambulanciers param\u00e9dicaux et de techniciens d'urgence m\u00e9dical offre des informations m\u00e9dicales, des r\u00e9f\u00e9rences, une aide \u00e0 l'\u00e9vacuation et bien plus encore par t\u00e9l\u00e9phone, par courriel et sur le site World.DAN.org.<\/p>\n\n\n\n<div style=\"height:30px\" aria-hidden=\"true\" class=\"wp-block-spacer\"><\/div>\n\n\n\n<hr class=\"wp-block-separator\"\/>\n\n\n\n<div style=\"height:30px\" aria-hidden=\"true\" class=\"wp-block-spacer\"><\/div>\n\n\n\n<div class=\"wp-block-columns is-layout-flex wp-container-core-columns-is-layout-9d6595d7 wp-block-columns-is-layout-flex\">\n<div class=\"wp-block-column is-layout-flow wp-block-column-is-layout-flow\">\n<h2 class=\"wp-block-heading\">T\u00e9l\u00e9phone<\/h2>\n\n\n\n<h4 class=\"wp-block-heading\">Ligne d\u2019information m\u00e9dicale<\/h4>\n\n\n\n<p>+1 (919) 684-2948<br>Du lundi au vendredi de 08 h 30 \u00e0 17 h HE<\/p>\n<\/div>\n\n\n\n<div class=\"wp-block-column is-layout-flow wp-block-column-is-layout-flow\">\n<h2 class=\"wp-block-heading\">Courriel<\/h2>\n\n\n\n<h4 class=\"wp-block-heading\">Demander \u00e0 un medic (professionel de sant\u00e9)<\/h4>\n\n\n\n<p class=\"translation-block\">Remplir et envoyer le formulaire en ligne\u00a0<a href=\"https:\/\/apps.dan.org\/ask-a-medic\/\" target=\"_self\"> Demander \u00e0 un M\u00e9decin.<\/a><\/p>\n\n\n\n<p><em>Veuillez pr\u00e9voir un \u00e0 deux jours ouvrables pour une r\u00e9ponse.<\/em><br><\/p>\n<\/div>\n\n\n\n<div class=\"wp-block-column is-layout-flow wp-block-column-is-layout-flow\"><\/div>\n<\/div>\n\n\n\n<p><\/p>","protected":false},"excerpt":{"rendered":"<p>En plus de la ligne d'urgence DAN, les m\u00e9decins DAN sont disponibles pendant les heures de bureau pour r\u00e9pondre \u00e0 vos questions sur la m\u00e9decine de plong\u00e9e et l'aptitude \u00e0 la plong\u00e9e. Notre \u00e9quipe de m\u00e9decins, d'infirmi\u00e8res, d'ambulanciers param\u00e9dicaux et de techniciens d'urgence m\u00e9dical offre des informations m\u00e9dicales, des r\u00e9f\u00e9rences, une aide \u00e0 l'\u00e9vacuation et bien plus encore par t\u00e9l\u00e9phone, par courriel et sur le site DAN.org.<\/p>","protected":false},"author":1,"featured_media":17418,"parent":21,"menu_order":133,"comment_status":"closed","ping_status":"closed","template":"","meta":{"_acf_changed":false,"_ef_editorial_meta_date_first-draft-date":"","_ef_editorial_meta_paragraph_assignment":"","_ef_editorial_meta_checkbox_needs-photo":"","_ef_editorial_meta_number_word-count":"","footnotes":""},"class_list":["post-328","page","type-page","status-publish","has-post-thumbnail","hentry"],"acf":[],"yoast_head":"<!-- This site is optimized with the Yoast SEO Premium plugin v27.4 (Yoast SEO v27.4) - https:\/\/yoast.com\/product\/yoast-seo-premium-wordpress\/ -->\n<title>Ask a Medic - DAN World<\/title>\n<meta name=\"description\" content=\"Check out our Diseases and Conditions page for answers to divers&#039; most frequently asked questions about ailments, illnesses, and medications.\" \/>\n<meta name=\"robots\" content=\"index, follow, max-snippet:-1, max-image-preview:large, max-video-preview:-1\" \/>\n<link rel=\"canonical\" href=\"https:\/\/world.dan.org\/fr\/health-medicine\/ask-a-medic\/\" \/>\n<meta property=\"og:locale\" content=\"fr_CA\" \/>\n<meta property=\"og:type\" content=\"article\" \/>\n<meta property=\"og:title\" content=\"Ask A Medic\" \/>\n<meta property=\"og:description\" content=\"Do you have questions about diving with a particular medical condition? Check out our Diseases and Conditions page for answers to divers&#039; most frequently asked questions about various ailments, illnesses, medications and more.\" \/>\n<meta property=\"og:url\" content=\"https:\/\/world.dan.org\/fr\/health-medicine\/ask-a-medic\/\" \/>\n<meta property=\"og:site_name\" content=\"DAN World\" \/>\n<meta property=\"article:modified_time\" content=\"2022-06-16T21:44:41+00:00\" \/>\n<meta property=\"og:image\" content=\"https:\/\/world.dan.org\/wp-content\/uploads\/2021\/06\/ask-medic-1197649993-DAN-1024x512-1.jpg\" \/>\n\t<meta property=\"og:image:width\" content=\"1024\" \/>\n\t<meta property=\"og:image:height\" content=\"512\" \/>\n\t<meta property=\"og:image:type\" content=\"image\/jpeg\" \/>\n<meta name=\"twitter:card\" content=\"summary_large_image\" \/>\n<meta name=\"twitter:title\" content=\"Ask A Medic\" \/>\n<meta name=\"twitter:description\" content=\"Do you have questions about diving with a particular medical condition? Check out our Diseases and Conditions page for answers to divers&#039; most frequently asked questions about various ailments, illnesses, medications and more.\" \/>\n<meta name=\"twitter:image\" content=\"https:\/\/world.dan.org\/wp-content\/uploads\/2021\/06\/ask-medic-1197649993-DAN-1024x512-1.jpg\" \/>\n<meta name=\"twitter:label1\" content=\"Est. reading time\" \/>\n\t<meta name=\"twitter:data1\" content=\"1 minute\" \/>\n<script type=\"application\/ld+json\" class=\"yoast-schema-graph\">{\"@context\":\"https:\\\/\\\/schema.org\",\"@graph\":[{\"@type\":\"WebPage\",\"@id\":\"https:\\\/\\\/world.dan.org\\\/health-medicine\\\/ask-a-medic\\\/\",\"url\":\"https:\\\/\\\/world.dan.org\\\/health-medicine\\\/ask-a-medic\\\/\",\"name\":\"Ask a Medic - DAN World\",\"isPartOf\":{\"@id\":\"https:\\\/\\\/world.dan.org\\\/es\\\/#website\"},\"primaryImageOfPage\":{\"@id\":\"https:\\\/\\\/world.dan.org\\\/health-medicine\\\/ask-a-medic\\\/#primaryimage\"},\"image\":{\"@id\":\"https:\\\/\\\/world.dan.org\\\/health-medicine\\\/ask-a-medic\\\/#primaryimage\"},\"thumbnailUrl\":\"https:\\\/\\\/world.dan.org\\\/wp-content\\\/uploads\\\/2021\\\/06\\\/ask-medic-1197649993-DAN-1200x600-1.jpg\",\"datePublished\":\"2020-05-11T15:46:22+00:00\",\"dateModified\":\"2022-06-16T21:44:41+00:00\",\"description\":\"Check out our Diseases and Conditions page for answers to divers' most frequently asked questions about ailments, illnesses, and medications.\",\"breadcrumb\":{\"@id\":\"https:\\\/\\\/world.dan.org\\\/health-medicine\\\/ask-a-medic\\\/#breadcrumb\"},\"inLanguage\":\"fr-CA\",\"potentialAction\":[{\"@type\":\"ReadAction\",\"target\":[\"https:\\\/\\\/world.dan.org\\\/health-medicine\\\/ask-a-medic\\\/\"]}]},{\"@type\":\"ImageObject\",\"inLanguage\":\"fr-CA\",\"@id\":\"https:\\\/\\\/world.dan.org\\\/health-medicine\\\/ask-a-medic\\\/#primaryimage\",\"url\":\"https:\\\/\\\/world.dan.org\\\/wp-content\\\/uploads\\\/2021\\\/06\\\/ask-medic-1197649993-DAN-1200x600-1.jpg\",\"contentUrl\":\"https:\\\/\\\/world.dan.org\\\/wp-content\\\/uploads\\\/2021\\\/06\\\/ask-medic-1197649993-DAN-1200x600-1.jpg\",\"width\":1200,\"height\":600,\"caption\":\"Secretary talking on telephone at hospital reception\"},{\"@type\":\"BreadcrumbList\",\"@id\":\"https:\\\/\\\/world.dan.org\\\/health-medicine\\\/ask-a-medic\\\/#breadcrumb\",\"itemListElement\":[{\"@type\":\"ListItem\",\"position\":1,\"name\":\"Home\",\"item\":\"https:\\\/\\\/world.dan.org\\\/\"},{\"@type\":\"ListItem\",\"position\":2,\"name\":\"Health &amp; Medicine\",\"item\":\"https:\\\/\\\/world.dan.org\\\/health-medicine\\\/\"},{\"@type\":\"ListItem\",\"position\":3,\"name\":\"Ask a Medic\"}]},{\"@type\":\"WebSite\",\"@id\":\"https:\\\/\\\/world.dan.org\\\/es\\\/#website\",\"url\":\"https:\\\/\\\/world.dan.org\\\/es\\\/\",\"name\":\"DAN World\",\"description\":\"\",\"publisher\":{\"@id\":\"https:\\\/\\\/world.dan.org\\\/es\\\/#organization\"},\"potentialAction\":[{\"@type\":\"SearchAction\",\"target\":{\"@type\":\"EntryPoint\",\"urlTemplate\":\"https:\\\/\\\/world.dan.org\\\/es\\\/?s={search_term_string}\"},\"query-input\":{\"@type\":\"PropertyValueSpecification\",\"valueRequired\":true,\"valueName\":\"search_term_string\"}}],\"inLanguage\":\"fr-CA\"},{\"@type\":\"Organization\",\"@id\":\"https:\\\/\\\/world.dan.org\\\/es\\\/#organization\",\"name\":\"DAN World\",\"url\":\"https:\\\/\\\/world.dan.org\\\/es\\\/\",\"logo\":{\"@type\":\"ImageObject\",\"inLanguage\":\"fr-CA\",\"@id\":\"https:\\\/\\\/world.dan.org\\\/es\\\/#\\\/schema\\\/logo\\\/image\\\/\",\"url\":\"https:\\\/\\\/world.dan.org\\\/wp-content\\\/uploads\\\/2022\\\/04\\\/DAN-World-logo-sm-52px.svg\",\"contentUrl\":\"https:\\\/\\\/world.dan.org\\\/wp-content\\\/uploads\\\/2022\\\/04\\\/DAN-World-logo-sm-52px.svg\",\"width\":175,\"height\":52,\"caption\":\"DAN World\"},\"image\":{\"@id\":\"https:\\\/\\\/world.dan.org\\\/es\\\/#\\\/schema\\\/logo\\\/image\\\/\"}}]}<\/script>\n<!-- \/ Yoast SEO Premium plugin. -->","yoast_head_json":{"title":"Demandez \u00e0 un m\u00e9decin - DAN World","description":"Consultez notre page Maladies et affections pour obtenir des r\u00e9ponses aux questions les plus fr\u00e9quemment pos\u00e9es par les plongeurs sur les affections, les maladies et les m\u00e9dicaments.","robots":{"index":"index","follow":"follow","max-snippet":"max-snippet:-1","max-image-preview":"max-image-preview:large","max-video-preview":"max-video-preview:-1"},"canonical":"https:\/\/world.dan.org\/fr\/health-medicine\/ask-a-medic\/","og_locale":"fr_CA","og_type":"article","og_title":"Ask A Medic","og_description":"Do you have questions about diving with a particular medical condition? Check out our Diseases and Conditions page for answers to divers' most frequently asked questions about various ailments, illnesses, medications and more.","og_url":"https:\/\/world.dan.org\/fr\/health-medicine\/ask-a-medic\/","og_site_name":"DAN World","article_modified_time":"2022-06-16T21:44:41+00:00","og_image":[{"width":1024,"height":512,"url":"https:\/\/world.dan.org\/wp-content\/uploads\/2021\/06\/ask-medic-1197649993-DAN-1024x512-1.jpg","type":"image\/jpeg"}],"twitter_card":"summary_large_image","twitter_title":"Ask A Medic","twitter_description":"Do you have questions about diving with a particular medical condition? Check out our Diseases and Conditions page for answers to divers' most frequently asked questions about various ailments, illnesses, medications and more.","twitter_image":"https:\/\/world.dan.org\/wp-content\/uploads\/2021\/06\/ask-medic-1197649993-DAN-1024x512-1.jpg","twitter_misc":{"Est. reading time":"1 minute"},"schema":{"@context":"https:\/\/schema.org","@graph":[{"@type":"WebPage","@id":"https:\/\/world.dan.org\/health-medicine\/ask-a-medic\/","url":"https:\/\/world.dan.org\/health-medicine\/ask-a-medic\/","name":"Demandez \u00e0 un m\u00e9decin - DAN World","isPartOf":{"@id":"https:\/\/world.dan.org\/es\/#website"},"primaryImageOfPage":{"@id":"https:\/\/world.dan.org\/health-medicine\/ask-a-medic\/#primaryimage"},"image":{"@id":"https:\/\/world.dan.org\/health-medicine\/ask-a-medic\/#primaryimage"},"thumbnailUrl":"https:\/\/world.dan.org\/wp-content\/uploads\/2021\/06\/ask-medic-1197649993-DAN-1200x600-1.jpg","datePublished":"2020-05-11T15:46:22+00:00","dateModified":"2022-06-16T21:44:41+00:00","description":"Consultez notre page Maladies et affections pour obtenir des r\u00e9ponses aux questions les plus fr\u00e9quemment pos\u00e9es par les plongeurs sur les affections, les maladies et les m\u00e9dicaments.","breadcrumb":{"@id":"https:\/\/world.dan.org\/health-medicine\/ask-a-medic\/#breadcrumb"},"inLanguage":"fr-CA","potentialAction":[{"@type":"ReadAction","target":["https:\/\/world.dan.org\/health-medicine\/ask-a-medic\/"]}]},{"@type":"ImageObject","inLanguage":"fr-CA","@id":"https:\/\/world.dan.org\/health-medicine\/ask-a-medic\/#primaryimage","url":"https:\/\/world.dan.org\/wp-content\/uploads\/2021\/06\/ask-medic-1197649993-DAN-1200x600-1.jpg","contentUrl":"https:\/\/world.dan.org\/wp-content\/uploads\/2021\/06\/ask-medic-1197649993-DAN-1200x600-1.jpg","width":1200,"height":600,"caption":"Secretary talking on telephone at hospital reception"},{"@type":"BreadcrumbList","@id":"https:\/\/world.dan.org\/health-medicine\/ask-a-medic\/#breadcrumb","itemListElement":[{"@type":"ListItem","position":1,"name":"Home","item":"https:\/\/world.dan.org\/"},{"@type":"ListItem","position":2,"name":"Health &amp; Medicine","item":"https:\/\/world.dan.org\/health-medicine\/"},{"@type":"ListItem","position":3,"name":"Ask a Medic"}]},{"@type":"WebSite","@id":"https:\/\/world.dan.org\/es\/#website","url":"https:\/\/world.dan.org\/es\/","name":"DAN World","description":"","publisher":{"@id":"https:\/\/world.dan.org\/es\/#organization"},"potentialAction":[{"@type":"SearchAction","target":{"@type":"EntryPoint","urlTemplate":"https:\/\/world.dan.org\/es\/?s={search_term_string}"},"query-input":{"@type":"PropertyValueSpecification","valueRequired":true,"valueName":"search_term_string"}}],"inLanguage":"fr-CA"},{"@type":"Organization","@id":"https:\/\/world.dan.org\/es\/#organization","name":"DAN World","url":"https:\/\/world.dan.org\/es\/","logo":{"@type":"ImageObject","inLanguage":"fr-CA","@id":"https:\/\/world.dan.org\/es\/#\/schema\/logo\/image\/","url":"https:\/\/world.dan.org\/wp-content\/uploads\/2022\/04\/DAN-World-logo-sm-52px.svg","contentUrl":"https:\/\/world.dan.org\/wp-content\/uploads\/2022\/04\/DAN-World-logo-sm-52px.svg","width":175,"height":52,"caption":"DAN World"},"image":{"@id":"https:\/\/world.dan.org\/es\/#\/schema\/logo\/image\/"}}]}},"_links":{"self":[{"href":"https:\/\/world.dan.org\/fr\/wp-json\/wp\/v2\/pages\/328","targetHints":{"allow":["GET"]}}],"collection":[{"href":"https:\/\/world.dan.org\/fr\/wp-json\/wp\/v2\/pages"}],"about":[{"href":"https:\/\/world.dan.org\/fr\/wp-json\/wp\/v2\/types\/page"}],"author":[{"embeddable":true,"href":"https:\/\/world.dan.org\/fr\/wp-json\/wp\/v2\/users\/1"}],"replies":[{"embeddable":true,"href":"https:\/\/world.dan.org\/fr\/wp-json\/wp\/v2\/comments?post=328"}],"version-history":[{"count":0,"href":"https:\/\/world.dan.org\/fr\/wp-json\/wp\/v2\/pages\/328\/revisions"}],"up":[{"embeddable":true,"href":"https:\/\/world.dan.org\/fr\/wp-json\/wp\/v2\/pages\/21"}],"wp:featuredmedia":[{"embeddable":true,"href":"https:\/\/world.dan.org\/fr\/wp-json\/wp\/v2\/media\/17418"}],"wp:attachment":[{"href":"https:\/\/world.dan.org\/fr\/wp-json\/wp\/v2\/media?parent=328"}],"curies":[{"name":"wp","href":"https:\/\/api.w.org\/{rel}","templated":true}]}}