{"id":331,"date":"2020-05-11T11:46:45","date_gmt":"2020-05-11T15:46:45","guid":{"rendered":"https:\/\/dan.devhammer.com\/?page_id=331"},"modified":"2022-06-16T17:53:09","modified_gmt":"2022-06-16T21:53:09","slug":"physician-network","status":"publish","type":"page","link":"https:\/\/world.dan.org\/fr\/health-medicine\/medical-services\/physician-network\/","title":{"rendered":"R\u00e9seau des m\u00e9decins"},"content":{"rendered":"<div style=\"height:30px\" aria-hidden=\"true\" class=\"wp-block-spacer\"><\/div>\n\n\n\n<p>Avez-vous besoin d'un examen m\u00e9dical avant de commencer ou de reprendre la plong\u00e9e? Vous souhaitez consulter un m\u00e9decin exp\u00e9riment\u00e9 en m\u00e9decine de la plong\u00e9e pour \u00e9valuer vos sympt\u00f4mes ou discuter de vos probl\u00e8mes de sant\u00e9 et de la plong\u00e9e?<\/p>\n\n\n\n<p>DAN entretient un r\u00e9seau mondial de m\u00e9decins au service des plongeurs. Sur demande, DAN vous fournira les coordonn\u00e9es de m\u00e9decins form\u00e9s \u00e0 la m\u00e9decine de plong\u00e9e.<\/p>\n\n\n\n<p class=\"translation-block\">Si vous cherchez un m\u00e9decin pour effectuer un examen m\u00e9dical de plong\u00e9e ou si vous souhaitez consulter un sp\u00e9cialiste de la m\u00e9decine de plong\u00e9e dans votre r\u00e9gion, appelez DAN au +1 (919) 684-2948 (du lundi au vendredi, de 8 h 30 \u00e0 17 h, HE) ou <a href=\"https:\/\/apps.dan.org\/demander-a-un-medic\" target=\"_self\"><strong>Demander \u00e0 un medic<\/strong><\/a>.<\/p>\n\n\n\n<p class=\"translation-block\">Si vous \u00eates m\u00e9decin et que vous souhaitez faire partie du r\u00e9seau de r\u00e9f\u00e9rence DAN,\u00a0<strong><a href=\"https:\/\/world.dan.org\/fr\/physician-referral-network-criteria\/\" target=\"_self\">Apprenez comment poser votre candidature<\/a><\/strong>.<\/p>","protected":false},"excerpt":{"rendered":"<p>DAN entretient un r\u00e9seau mondial de m\u00e9decins au service des plongeurs. Si vous cherchez un m\u00e9decin pour effectuer un examen m\u00e9dical de plong\u00e9e ou si vous souhaitez consulter un sp\u00e9cialiste de la m\u00e9decine de plong\u00e9e dans votre r\u00e9gion, n'h\u00e9sitez pas \u00e0 nous appeler.<\/p>","protected":false},"author":1,"featured_media":17421,"parent":39,"menu_order":128,"comment_status":"closed","ping_status":"closed","template":"","meta":{"_acf_changed":false,"_ef_editorial_meta_date_first-draft-date":"","_ef_editorial_meta_paragraph_assignment":"","_ef_editorial_meta_checkbox_needs-photo":"","_ef_editorial_meta_number_word-count":"","footnotes":""},"class_list":["post-331","page","type-page","status-publish","has-post-thumbnail","hentry"],"acf":[],"yoast_head":"<!-- This site is optimized with the Yoast SEO Premium plugin v27.4 (Yoast SEO v27.4) - https:\/\/yoast.com\/product\/yoast-seo-premium-wordpress\/ -->\n<title>Physician Network - DAN World<\/title>\n<meta name=\"description\" content=\"DAN maintains a worldwide network of doctors who will provide you with contact information for physicians trained in dive medicine.\" \/>\n<meta name=\"robots\" content=\"index, follow, max-snippet:-1, max-image-preview:large, max-video-preview:-1\" \/>\n<link rel=\"canonical\" href=\"https:\/\/world.dan.org\/fr\/health-medicine\/medical-services\/physician-network\/\" \/>\n<meta property=\"og:locale\" content=\"fr_CA\" \/>\n<meta property=\"og:type\" content=\"article\" \/>\n<meta property=\"og:title\" content=\"Physician Network\" \/>\n<meta property=\"og:description\" content=\"Do you need a physical before beginning \u2014 or returning to \u2014 diving? DAN maintains a worldwide network of doctors who serve the diving public. Upon request, DAN will provide you with contact information for physicians trained in dive medicine.\" \/>\n<meta property=\"og:url\" content=\"https:\/\/world.dan.org\/fr\/health-medicine\/medical-services\/physician-network\/\" \/>\n<meta property=\"og:site_name\" content=\"DAN World\" \/>\n<meta property=\"article:modified_time\" content=\"2022-06-16T21:53:09+00:00\" \/>\n<meta property=\"og:image\" content=\"https:\/\/world.dan.org\/wp-content\/uploads\/2021\/06\/physician-network-1215908851-1024x512-1.jpg\" \/>\n\t<meta property=\"og:image:width\" content=\"1024\" \/>\n\t<meta property=\"og:image:height\" content=\"512\" \/>\n\t<meta property=\"og:image:type\" content=\"image\/jpeg\" \/>\n<meta name=\"twitter:card\" content=\"summary_large_image\" \/>\n<meta name=\"twitter:title\" content=\"Physician Network\" \/>\n<meta name=\"twitter:description\" content=\"Do you need a physical before beginning \u2014 or returning to \u2014 diving? DAN maintains a worldwide network of doctors who serve the diving public. Upon request, DAN will provide you with contact information for physicians trained in dive medicine.\" \/>\n<meta name=\"twitter:image\" content=\"https:\/\/world.dan.org\/wp-content\/uploads\/2021\/06\/physician-network-1215908851-1024x512-1.jpg\" \/>\n<meta name=\"twitter:label1\" content=\"Est. reading time\" \/>\n\t<meta name=\"twitter:data1\" content=\"1 minute\" \/>\n<script type=\"application\/ld+json\" class=\"yoast-schema-graph\">{\"@context\":\"https:\\\/\\\/schema.org\",\"@graph\":[{\"@type\":\"WebPage\",\"@id\":\"https:\\\/\\\/world.dan.org\\\/fr\\\/health-medicine\\\/medical-services\\\/physician-network\\\/\",\"url\":\"https:\\\/\\\/world.dan.org\\\/fr\\\/health-medicine\\\/medical-services\\\/physician-network\\\/\",\"name\":\"Physician Network - DAN World\",\"isPartOf\":{\"@id\":\"https:\\\/\\\/world.dan.org\\\/es\\\/#website\"},\"primaryImageOfPage\":{\"@id\":\"https:\\\/\\\/world.dan.org\\\/fr\\\/health-medicine\\\/medical-services\\\/physician-network\\\/#primaryimage\"},\"image\":{\"@id\":\"https:\\\/\\\/world.dan.org\\\/fr\\\/health-medicine\\\/medical-services\\\/physician-network\\\/#primaryimage\"},\"thumbnailUrl\":\"https:\\\/\\\/world.dan.org\\\/wp-content\\\/uploads\\\/2021\\\/06\\\/physician-network-1215908851-1200x600-1.jpg\",\"datePublished\":\"2020-05-11T15:46:45+00:00\",\"dateModified\":\"2022-06-16T21:53:09+00:00\",\"description\":\"DAN maintains a worldwide network of doctors who will provide you with contact information for physicians trained in dive medicine.\",\"breadcrumb\":{\"@id\":\"https:\\\/\\\/world.dan.org\\\/fr\\\/health-medicine\\\/medical-services\\\/physician-network\\\/#breadcrumb\"},\"inLanguage\":\"fr-CA\",\"potentialAction\":[{\"@type\":\"ReadAction\",\"target\":[\"https:\\\/\\\/world.dan.org\\\/fr\\\/health-medicine\\\/medical-services\\\/physician-network\\\/\"]}]},{\"@type\":\"ImageObject\",\"inLanguage\":\"fr-CA\",\"@id\":\"https:\\\/\\\/world.dan.org\\\/fr\\\/health-medicine\\\/medical-services\\\/physician-network\\\/#primaryimage\",\"url\":\"https:\\\/\\\/world.dan.org\\\/wp-content\\\/uploads\\\/2021\\\/06\\\/physician-network-1215908851-1200x600-1.jpg\",\"contentUrl\":\"https:\\\/\\\/world.dan.org\\\/wp-content\\\/uploads\\\/2021\\\/06\\\/physician-network-1215908851-1200x600-1.jpg\",\"width\":1200,\"height\":600,\"caption\":\"Montage of doctors and nurses in hospitals around the globe. Professional healthcare staff headshot portraits smiling and looking to camera. International people working in medicine.\"},{\"@type\":\"BreadcrumbList\",\"@id\":\"https:\\\/\\\/world.dan.org\\\/fr\\\/health-medicine\\\/medical-services\\\/physician-network\\\/#breadcrumb\",\"itemListElement\":[{\"@type\":\"ListItem\",\"position\":1,\"name\":\"Home\",\"item\":\"https:\\\/\\\/world.dan.org\\\/\"},{\"@type\":\"ListItem\",\"position\":2,\"name\":\"Health &amp; Medicine\",\"item\":\"https:\\\/\\\/world.dan.org\\\/health-medicine\\\/\"},{\"@type\":\"ListItem\",\"position\":3,\"name\":\"Medical Services\",\"item\":\"https:\\\/\\\/world.dan.org\\\/fr\\\/health-medicine\\\/medical-services\\\/\"},{\"@type\":\"ListItem\",\"position\":4,\"name\":\"Physician Network\"}]},{\"@type\":\"WebSite\",\"@id\":\"https:\\\/\\\/world.dan.org\\\/es\\\/#website\",\"url\":\"https:\\\/\\\/world.dan.org\\\/es\\\/\",\"name\":\"DAN World\",\"description\":\"\",\"publisher\":{\"@id\":\"https:\\\/\\\/world.dan.org\\\/es\\\/#organization\"},\"potentialAction\":[{\"@type\":\"SearchAction\",\"target\":{\"@type\":\"EntryPoint\",\"urlTemplate\":\"https:\\\/\\\/world.dan.org\\\/es\\\/?s={search_term_string}\"},\"query-input\":{\"@type\":\"PropertyValueSpecification\",\"valueRequired\":true,\"valueName\":\"search_term_string\"}}],\"inLanguage\":\"fr-CA\"},{\"@type\":\"Organization\",\"@id\":\"https:\\\/\\\/world.dan.org\\\/es\\\/#organization\",\"name\":\"DAN World\",\"url\":\"https:\\\/\\\/world.dan.org\\\/es\\\/\",\"logo\":{\"@type\":\"ImageObject\",\"inLanguage\":\"fr-CA\",\"@id\":\"https:\\\/\\\/world.dan.org\\\/es\\\/#\\\/schema\\\/logo\\\/image\\\/\",\"url\":\"https:\\\/\\\/world.dan.org\\\/wp-content\\\/uploads\\\/2022\\\/04\\\/DAN-World-logo-sm-52px.svg\",\"contentUrl\":\"https:\\\/\\\/world.dan.org\\\/wp-content\\\/uploads\\\/2022\\\/04\\\/DAN-World-logo-sm-52px.svg\",\"width\":175,\"height\":52,\"caption\":\"DAN World\"},\"image\":{\"@id\":\"https:\\\/\\\/world.dan.org\\\/es\\\/#\\\/schema\\\/logo\\\/image\\\/\"}}]}<\/script>\n<!-- \/ Yoast SEO Premium plugin. -->","yoast_head_json":{"title":"R\u00e9seau de m\u00e9decins - DAN World","description":"DAN entretient un r\u00e9seau mondial de m\u00e9decins qui vous fourniront les coordonn\u00e9es de m\u00e9decins form\u00e9s \u00e0 la m\u00e9decine de plong\u00e9e.","robots":{"index":"index","follow":"follow","max-snippet":"max-snippet:-1","max-image-preview":"max-image-preview:large","max-video-preview":"max-video-preview:-1"},"canonical":"https:\/\/world.dan.org\/fr\/health-medicine\/medical-services\/physician-network\/","og_locale":"fr_CA","og_type":"article","og_title":"Physician Network","og_description":"Do you need a physical before beginning \u2014 or returning to \u2014 diving? DAN maintains a worldwide network of doctors who serve the diving public. Upon request, DAN will provide you with contact information for physicians trained in dive medicine.","og_url":"https:\/\/world.dan.org\/fr\/health-medicine\/medical-services\/physician-network\/","og_site_name":"DAN World","article_modified_time":"2022-06-16T21:53:09+00:00","og_image":[{"width":1024,"height":512,"url":"https:\/\/world.dan.org\/wp-content\/uploads\/2021\/06\/physician-network-1215908851-1024x512-1.jpg","type":"image\/jpeg"}],"twitter_card":"summary_large_image","twitter_title":"Physician Network","twitter_description":"Do you need a physical before beginning \u2014 or returning to \u2014 diving? DAN maintains a worldwide network of doctors who serve the diving public. Upon request, DAN will provide you with contact information for physicians trained in dive medicine.","twitter_image":"https:\/\/world.dan.org\/wp-content\/uploads\/2021\/06\/physician-network-1215908851-1024x512-1.jpg","twitter_misc":{"Est. reading time":"1 minute"},"schema":{"@context":"https:\/\/schema.org","@graph":[{"@type":"WebPage","@id":"https:\/\/world.dan.org\/fr\/health-medicine\/medical-services\/physician-network\/","url":"https:\/\/world.dan.org\/fr\/health-medicine\/medical-services\/physician-network\/","name":"R\u00e9seau de m\u00e9decins - DAN World","isPartOf":{"@id":"https:\/\/world.dan.org\/es\/#website"},"primaryImageOfPage":{"@id":"https:\/\/world.dan.org\/fr\/health-medicine\/medical-services\/physician-network\/#primaryimage"},"image":{"@id":"https:\/\/world.dan.org\/fr\/health-medicine\/medical-services\/physician-network\/#primaryimage"},"thumbnailUrl":"https:\/\/world.dan.org\/wp-content\/uploads\/2021\/06\/physician-network-1215908851-1200x600-1.jpg","datePublished":"2020-05-11T15:46:45+00:00","dateModified":"2022-06-16T21:53:09+00:00","description":"DAN entretient un r\u00e9seau mondial de m\u00e9decins qui vous fourniront les coordonn\u00e9es de m\u00e9decins form\u00e9s \u00e0 la m\u00e9decine de plong\u00e9e.","breadcrumb":{"@id":"https:\/\/world.dan.org\/fr\/health-medicine\/medical-services\/physician-network\/#breadcrumb"},"inLanguage":"fr-CA","potentialAction":[{"@type":"ReadAction","target":["https:\/\/world.dan.org\/fr\/health-medicine\/medical-services\/physician-network\/"]}]},{"@type":"ImageObject","inLanguage":"fr-CA","@id":"https:\/\/world.dan.org\/fr\/health-medicine\/medical-services\/physician-network\/#primaryimage","url":"https:\/\/world.dan.org\/wp-content\/uploads\/2021\/06\/physician-network-1215908851-1200x600-1.jpg","contentUrl":"https:\/\/world.dan.org\/wp-content\/uploads\/2021\/06\/physician-network-1215908851-1200x600-1.jpg","width":1200,"height":600,"caption":"Montage of doctors and nurses in hospitals around the globe. Professional healthcare staff headshot portraits smiling and looking to camera. International people working in medicine."},{"@type":"BreadcrumbList","@id":"https:\/\/world.dan.org\/fr\/health-medicine\/medical-services\/physician-network\/#breadcrumb","itemListElement":[{"@type":"ListItem","position":1,"name":"Home","item":"https:\/\/world.dan.org\/"},{"@type":"ListItem","position":2,"name":"Health &amp; Medicine","item":"https:\/\/world.dan.org\/health-medicine\/"},{"@type":"ListItem","position":3,"name":"Medical Services","item":"https:\/\/world.dan.org\/fr\/health-medicine\/medical-services\/"},{"@type":"ListItem","position":4,"name":"Physician Network"}]},{"@type":"WebSite","@id":"https:\/\/world.dan.org\/es\/#website","url":"https:\/\/world.dan.org\/es\/","name":"DAN World","description":"","publisher":{"@id":"https:\/\/world.dan.org\/es\/#organization"},"potentialAction":[{"@type":"SearchAction","target":{"@type":"EntryPoint","urlTemplate":"https:\/\/world.dan.org\/es\/?s={search_term_string}"},"query-input":{"@type":"PropertyValueSpecification","valueRequired":true,"valueName":"search_term_string"}}],"inLanguage":"fr-CA"},{"@type":"Organization","@id":"https:\/\/world.dan.org\/es\/#organization","name":"DAN World","url":"https:\/\/world.dan.org\/es\/","logo":{"@type":"ImageObject","inLanguage":"fr-CA","@id":"https:\/\/world.dan.org\/es\/#\/schema\/logo\/image\/","url":"https:\/\/world.dan.org\/wp-content\/uploads\/2022\/04\/DAN-World-logo-sm-52px.svg","contentUrl":"https:\/\/world.dan.org\/wp-content\/uploads\/2022\/04\/DAN-World-logo-sm-52px.svg","width":175,"height":52,"caption":"DAN World"},"image":{"@id":"https:\/\/world.dan.org\/es\/#\/schema\/logo\/image\/"}}]}},"_links":{"self":[{"href":"https:\/\/world.dan.org\/fr\/wp-json\/wp\/v2\/pages\/331","targetHints":{"allow":["GET"]}}],"collection":[{"href":"https:\/\/world.dan.org\/fr\/wp-json\/wp\/v2\/pages"}],"about":[{"href":"https:\/\/world.dan.org\/fr\/wp-json\/wp\/v2\/types\/page"}],"author":[{"embeddable":true,"href":"https:\/\/world.dan.org\/fr\/wp-json\/wp\/v2\/users\/1"}],"replies":[{"embeddable":true,"href":"https:\/\/world.dan.org\/fr\/wp-json\/wp\/v2\/comments?post=331"}],"version-history":[{"count":0,"href":"https:\/\/world.dan.org\/fr\/wp-json\/wp\/v2\/pages\/331\/revisions"}],"up":[{"embeddable":true,"href":"https:\/\/world.dan.org\/fr\/wp-json\/wp\/v2\/pages\/39"}],"wp:featuredmedia":[{"embeddable":true,"href":"https:\/\/world.dan.org\/fr\/wp-json\/wp\/v2\/media\/17421"}],"wp:attachment":[{"href":"https:\/\/world.dan.org\/fr\/wp-json\/wp\/v2\/media?parent=331"}],"curies":[{"name":"wp","href":"https:\/\/api.w.org\/{rel}","templated":true}]}}