{"id":3638,"date":"2020-08-06T11:50:55","date_gmt":"2020-08-06T15:50:55","guid":{"rendered":"http:\/\/wordpress.world.dan.org\/?page_id=3638"},"modified":"2022-07-05T16:11:14","modified_gmt":"2022-07-05T20:11:14","slug":"safety-assessment-chamber-operations","status":"publish","type":"page","link":"https:\/\/world.dan.org\/fr\/safety-prevention\/chamber-operation-safety\/safety-assessment-chamber-operations\/","title":{"rendered":"\u00c9valuation de la S\u00e9curit\u00e9 : Op\u00e9rations des Caissons"},"content":{"rendered":"<div style=\"height:30px\" aria-hidden=\"true\" class=\"wp-block-spacer\"><\/div>\n\n\n\n<p>L'\u00e9quipe de technologie hyperbare de DAN a plus de 75 ans d'exp\u00e9rience dans la collaboration avec des caissons de recompression dans le monde entier. Cela comprend la conception et la fabrication, l'inspection et la maintenance, l'exploitation et la gestion des installations, ainsi que l'ensemble des proc\u00e9dures de traitement m\u00e9dical.<\/p>\n\n\n\n<p>Tout cela nous permet de vous fournir des conseils et une assistance sur les questions op\u00e9rationnelles, techniques et de s\u00e9curit\u00e9. Dans le cadre du RCAP (Programme d'Assistance aux Caissons de Recompression), des \u00e9valuations de la s\u00e9curit\u00e9 des sites peuvent \u00eatre effectu\u00e9es \u00e0 la demande des \u00e9tablissements qui le souhaitent.<\/p>\n\n\n\n<p>Pour obtenir des informations sur les \u00e9valuations de la s\u00e9curit\u00e9 sur site, veuillez nous contacter \u00e0 l'adresse suivante <a href=\"mailto:RCAP@DAN.org\"><strong>RCAP@DAN.org<\/strong><\/a>.<\/p>","protected":false},"excerpt":{"rendered":"<p>DAN\u2019s hyperbaric technology team has over 75 years\u2019 experience in working with recompression chamber facilities around the world. Included in this are design and manufacturing, inspection and maintenance, operating and facilities management, and the full scope of medical treatment procedures. All of this ensures that we can provide you with guidance and support relating to operational, technical and safety-related issues. Through the RCAP, site safety assessments can be undertaken upon request by deserving facilities.<\/p>","protected":false},"author":1,"featured_media":17587,"parent":12,"menu_order":110,"comment_status":"closed","ping_status":"closed","template":"","meta":{"_acf_changed":false,"_ef_editorial_meta_date_first-draft-date":"","_ef_editorial_meta_paragraph_assignment":"","_ef_editorial_meta_checkbox_needs-photo":"","_ef_editorial_meta_number_word-count":"","footnotes":""},"class_list":["post-3638","page","type-page","status-publish","has-post-thumbnail","hentry"],"acf":[],"yoast_head":"<!-- This site is optimized with the Yoast SEO Premium plugin v27.4 (Yoast SEO v27.4) - https:\/\/yoast.com\/product\/yoast-seo-premium-wordpress\/ -->\n<title>Safety Assessment: Chamber Operations - DAN World<\/title>\n<meta name=\"description\" content=\"DAN\u2019s hyperbaric technology team has over 75 years\u2019 experience in working with recompression chamber facilities around the world.\" \/>\n<meta name=\"robots\" content=\"index, follow, max-snippet:-1, max-image-preview:large, max-video-preview:-1\" \/>\n<link rel=\"canonical\" href=\"https:\/\/world.dan.org\/fr\/safety-prevention\/chamber-operation-safety\/safety-assessment-chamber-operations\/\" \/>\n<meta property=\"og:locale\" content=\"fr_CA\" \/>\n<meta property=\"og:type\" content=\"article\" \/>\n<meta property=\"og:title\" content=\"Safety Assessment: Chamber Operations\" \/>\n<meta property=\"og:description\" content=\"DAN\u2019s hyperbaric technology team has over 75 years\u2019 experience in working with recompression chamber facilities around the world.\" \/>\n<meta property=\"og:url\" content=\"https:\/\/world.dan.org\/fr\/safety-prevention\/chamber-operation-safety\/safety-assessment-chamber-operations\/\" \/>\n<meta property=\"og:site_name\" content=\"DAN World\" \/>\n<meta property=\"article:modified_time\" content=\"2022-07-05T20:11:14+00:00\" \/>\n<meta property=\"og:image\" content=\"https:\/\/world.dan.org\/wp-content\/uploads\/2021\/07\/hyperbaric-chamber-availability-48249022-1200x600-1.jpg\" \/>\n\t<meta property=\"og:image:width\" content=\"1200\" \/>\n\t<meta property=\"og:image:height\" content=\"600\" \/>\n\t<meta property=\"og:image:type\" content=\"image\/jpeg\" \/>\n<meta name=\"twitter:card\" content=\"summary_large_image\" \/>\n<meta name=\"twitter:title\" content=\"Safety Assessment: Chamber Operations\" \/>\n<meta name=\"twitter:description\" content=\"DAN\u2019s hyperbaric technology team has over 75 years\u2019 experience in working with recompression chamber facilities around the world.\" \/>\n<meta name=\"twitter:image\" content=\"https:\/\/world.dan.org\/wp-content\/uploads\/2021\/07\/hyperbaric-chamber-availability-48249022-1200x600-1.jpg\" \/>\n<meta name=\"twitter:label1\" content=\"Est. reading time\" \/>\n\t<meta name=\"twitter:data1\" content=\"1 minute\" \/>\n<script type=\"application\/ld+json\" class=\"yoast-schema-graph\">{\"@context\":\"https:\\\/\\\/schema.org\",\"@graph\":[{\"@type\":\"WebPage\",\"@id\":\"https:\\\/\\\/world.dan.org\\\/safety-prevention\\\/chamber-operation-safety\\\/safety-assessment-chamber-operations\\\/\",\"url\":\"https:\\\/\\\/world.dan.org\\\/safety-prevention\\\/chamber-operation-safety\\\/safety-assessment-chamber-operations\\\/\",\"name\":\"Safety Assessment: Chamber Operations - DAN World\",\"isPartOf\":{\"@id\":\"https:\\\/\\\/world.dan.org\\\/es\\\/#website\"},\"primaryImageOfPage\":{\"@id\":\"https:\\\/\\\/world.dan.org\\\/safety-prevention\\\/chamber-operation-safety\\\/safety-assessment-chamber-operations\\\/#primaryimage\"},\"image\":{\"@id\":\"https:\\\/\\\/world.dan.org\\\/safety-prevention\\\/chamber-operation-safety\\\/safety-assessment-chamber-operations\\\/#primaryimage\"},\"thumbnailUrl\":\"https:\\\/\\\/world.dan.org\\\/wp-content\\\/uploads\\\/2021\\\/07\\\/hyperbaric-chamber-availability-48249022-1200x600-1.jpg\",\"datePublished\":\"2020-08-06T15:50:55+00:00\",\"dateModified\":\"2022-07-05T20:11:14+00:00\",\"description\":\"DAN\u2019s hyperbaric technology team has over 75 years\u2019 experience in working with recompression chamber facilities around the world.\",\"breadcrumb\":{\"@id\":\"https:\\\/\\\/world.dan.org\\\/safety-prevention\\\/chamber-operation-safety\\\/safety-assessment-chamber-operations\\\/#breadcrumb\"},\"inLanguage\":\"fr-CA\",\"potentialAction\":[{\"@type\":\"ReadAction\",\"target\":[\"https:\\\/\\\/world.dan.org\\\/safety-prevention\\\/chamber-operation-safety\\\/safety-assessment-chamber-operations\\\/\"]}]},{\"@type\":\"ImageObject\",\"inLanguage\":\"fr-CA\",\"@id\":\"https:\\\/\\\/world.dan.org\\\/safety-prevention\\\/chamber-operation-safety\\\/safety-assessment-chamber-operations\\\/#primaryimage\",\"url\":\"https:\\\/\\\/world.dan.org\\\/wp-content\\\/uploads\\\/2021\\\/07\\\/hyperbaric-chamber-availability-48249022-1200x600-1.jpg\",\"contentUrl\":\"https:\\\/\\\/world.dan.org\\\/wp-content\\\/uploads\\\/2021\\\/07\\\/hyperbaric-chamber-availability-48249022-1200x600-1.jpg\",\"width\":1200,\"height\":600,\"caption\":\"Diving pressure chamber\"},{\"@type\":\"BreadcrumbList\",\"@id\":\"https:\\\/\\\/world.dan.org\\\/safety-prevention\\\/chamber-operation-safety\\\/safety-assessment-chamber-operations\\\/#breadcrumb\",\"itemListElement\":[{\"@type\":\"ListItem\",\"position\":1,\"name\":\"Home\",\"item\":\"https:\\\/\\\/world.dan.org\\\/\"},{\"@type\":\"ListItem\",\"position\":2,\"name\":\"Safety &#038; Prevention\",\"item\":\"https:\\\/\\\/world.dan.org\\\/safety-prevention\\\/\"},{\"@type\":\"ListItem\",\"position\":3,\"name\":\"Chamber Safety\",\"item\":\"https:\\\/\\\/world.dan.org\\\/safety-prevention\\\/chamber-operation-safety\\\/\"},{\"@type\":\"ListItem\",\"position\":4,\"name\":\"Safety Assessment: Chamber Operations\"}]},{\"@type\":\"WebSite\",\"@id\":\"https:\\\/\\\/world.dan.org\\\/es\\\/#website\",\"url\":\"https:\\\/\\\/world.dan.org\\\/es\\\/\",\"name\":\"DAN World\",\"description\":\"\",\"publisher\":{\"@id\":\"https:\\\/\\\/world.dan.org\\\/es\\\/#organization\"},\"potentialAction\":[{\"@type\":\"SearchAction\",\"target\":{\"@type\":\"EntryPoint\",\"urlTemplate\":\"https:\\\/\\\/world.dan.org\\\/es\\\/?s={search_term_string}\"},\"query-input\":{\"@type\":\"PropertyValueSpecification\",\"valueRequired\":true,\"valueName\":\"search_term_string\"}}],\"inLanguage\":\"fr-CA\"},{\"@type\":\"Organization\",\"@id\":\"https:\\\/\\\/world.dan.org\\\/es\\\/#organization\",\"name\":\"DAN World\",\"url\":\"https:\\\/\\\/world.dan.org\\\/es\\\/\",\"logo\":{\"@type\":\"ImageObject\",\"inLanguage\":\"fr-CA\",\"@id\":\"https:\\\/\\\/world.dan.org\\\/es\\\/#\\\/schema\\\/logo\\\/image\\\/\",\"url\":\"https:\\\/\\\/world.dan.org\\\/wp-content\\\/uploads\\\/2022\\\/04\\\/DAN-World-logo-sm-52px.svg\",\"contentUrl\":\"https:\\\/\\\/world.dan.org\\\/wp-content\\\/uploads\\\/2022\\\/04\\\/DAN-World-logo-sm-52px.svg\",\"width\":175,\"height\":52,\"caption\":\"DAN World\"},\"image\":{\"@id\":\"https:\\\/\\\/world.dan.org\\\/es\\\/#\\\/schema\\\/logo\\\/image\\\/\"}}]}<\/script>\n<!-- \/ Yoast SEO Premium plugin. -->","yoast_head_json":{"title":"\u00c9valuation de la s\u00e9curit\u00e9 : Op\u00e9rations en chambre - DAN World","description":"L'\u00e9quipe de technologie hyperbare de DAN a plus de 75 ans d'exp\u00e9rience dans la collaboration avec des caissons de recompression dans le monde entier.","robots":{"index":"index","follow":"follow","max-snippet":"max-snippet:-1","max-image-preview":"max-image-preview:large","max-video-preview":"max-video-preview:-1"},"canonical":"https:\/\/world.dan.org\/fr\/safety-prevention\/chamber-operation-safety\/safety-assessment-chamber-operations\/","og_locale":"fr_CA","og_type":"article","og_title":"Safety Assessment: Chamber Operations","og_description":"DAN\u2019s hyperbaric technology team has over 75 years\u2019 experience in working with recompression chamber facilities around the world.","og_url":"https:\/\/world.dan.org\/fr\/safety-prevention\/chamber-operation-safety\/safety-assessment-chamber-operations\/","og_site_name":"DAN World","article_modified_time":"2022-07-05T20:11:14+00:00","og_image":[{"width":1200,"height":600,"url":"https:\/\/world.dan.org\/wp-content\/uploads\/2021\/07\/hyperbaric-chamber-availability-48249022-1200x600-1.jpg","type":"image\/jpeg"}],"twitter_card":"summary_large_image","twitter_title":"Safety Assessment: Chamber Operations","twitter_description":"DAN\u2019s hyperbaric technology team has over 75 years\u2019 experience in working with recompression chamber facilities around the world.","twitter_image":"https:\/\/world.dan.org\/wp-content\/uploads\/2021\/07\/hyperbaric-chamber-availability-48249022-1200x600-1.jpg","twitter_misc":{"Est. reading time":"1 minute"},"schema":{"@context":"https:\/\/schema.org","@graph":[{"@type":"WebPage","@id":"https:\/\/world.dan.org\/safety-prevention\/chamber-operation-safety\/safety-assessment-chamber-operations\/","url":"https:\/\/world.dan.org\/safety-prevention\/chamber-operation-safety\/safety-assessment-chamber-operations\/","name":"\u00c9valuation de la s\u00e9curit\u00e9 : Op\u00e9rations en chambre - DAN World","isPartOf":{"@id":"https:\/\/world.dan.org\/es\/#website"},"primaryImageOfPage":{"@id":"https:\/\/world.dan.org\/safety-prevention\/chamber-operation-safety\/safety-assessment-chamber-operations\/#primaryimage"},"image":{"@id":"https:\/\/world.dan.org\/safety-prevention\/chamber-operation-safety\/safety-assessment-chamber-operations\/#primaryimage"},"thumbnailUrl":"https:\/\/world.dan.org\/wp-content\/uploads\/2021\/07\/hyperbaric-chamber-availability-48249022-1200x600-1.jpg","datePublished":"2020-08-06T15:50:55+00:00","dateModified":"2022-07-05T20:11:14+00:00","description":"L'\u00e9quipe de technologie hyperbare de DAN a plus de 75 ans d'exp\u00e9rience dans la collaboration avec des caissons de recompression dans le monde entier.","breadcrumb":{"@id":"https:\/\/world.dan.org\/safety-prevention\/chamber-operation-safety\/safety-assessment-chamber-operations\/#breadcrumb"},"inLanguage":"fr-CA","potentialAction":[{"@type":"ReadAction","target":["https:\/\/world.dan.org\/safety-prevention\/chamber-operation-safety\/safety-assessment-chamber-operations\/"]}]},{"@type":"ImageObject","inLanguage":"fr-CA","@id":"https:\/\/world.dan.org\/safety-prevention\/chamber-operation-safety\/safety-assessment-chamber-operations\/#primaryimage","url":"https:\/\/world.dan.org\/wp-content\/uploads\/2021\/07\/hyperbaric-chamber-availability-48249022-1200x600-1.jpg","contentUrl":"https:\/\/world.dan.org\/wp-content\/uploads\/2021\/07\/hyperbaric-chamber-availability-48249022-1200x600-1.jpg","width":1200,"height":600,"caption":"Diving pressure chamber"},{"@type":"BreadcrumbList","@id":"https:\/\/world.dan.org\/safety-prevention\/chamber-operation-safety\/safety-assessment-chamber-operations\/#breadcrumb","itemListElement":[{"@type":"ListItem","position":1,"name":"Home","item":"https:\/\/world.dan.org\/"},{"@type":"ListItem","position":2,"name":"Safety &#038; Prevention","item":"https:\/\/world.dan.org\/safety-prevention\/"},{"@type":"ListItem","position":3,"name":"Chamber Safety","item":"https:\/\/world.dan.org\/safety-prevention\/chamber-operation-safety\/"},{"@type":"ListItem","position":4,"name":"Safety Assessment: Chamber Operations"}]},{"@type":"WebSite","@id":"https:\/\/world.dan.org\/es\/#website","url":"https:\/\/world.dan.org\/es\/","name":"DAN World","description":"","publisher":{"@id":"https:\/\/world.dan.org\/es\/#organization"},"potentialAction":[{"@type":"SearchAction","target":{"@type":"EntryPoint","urlTemplate":"https:\/\/world.dan.org\/es\/?s={search_term_string}"},"query-input":{"@type":"PropertyValueSpecification","valueRequired":true,"valueName":"search_term_string"}}],"inLanguage":"fr-CA"},{"@type":"Organization","@id":"https:\/\/world.dan.org\/es\/#organization","name":"DAN World","url":"https:\/\/world.dan.org\/es\/","logo":{"@type":"ImageObject","inLanguage":"fr-CA","@id":"https:\/\/world.dan.org\/es\/#\/schema\/logo\/image\/","url":"https:\/\/world.dan.org\/wp-content\/uploads\/2022\/04\/DAN-World-logo-sm-52px.svg","contentUrl":"https:\/\/world.dan.org\/wp-content\/uploads\/2022\/04\/DAN-World-logo-sm-52px.svg","width":175,"height":52,"caption":"DAN World"},"image":{"@id":"https:\/\/world.dan.org\/es\/#\/schema\/logo\/image\/"}}]}},"_links":{"self":[{"href":"https:\/\/world.dan.org\/fr\/wp-json\/wp\/v2\/pages\/3638","targetHints":{"allow":["GET"]}}],"collection":[{"href":"https:\/\/world.dan.org\/fr\/wp-json\/wp\/v2\/pages"}],"about":[{"href":"https:\/\/world.dan.org\/fr\/wp-json\/wp\/v2\/types\/page"}],"author":[{"embeddable":true,"href":"https:\/\/world.dan.org\/fr\/wp-json\/wp\/v2\/users\/1"}],"replies":[{"embeddable":true,"href":"https:\/\/world.dan.org\/fr\/wp-json\/wp\/v2\/comments?post=3638"}],"version-history":[{"count":0,"href":"https:\/\/world.dan.org\/fr\/wp-json\/wp\/v2\/pages\/3638\/revisions"}],"up":[{"embeddable":true,"href":"https:\/\/world.dan.org\/fr\/wp-json\/wp\/v2\/pages\/12"}],"wp:featuredmedia":[{"embeddable":true,"href":"https:\/\/world.dan.org\/fr\/wp-json\/wp\/v2\/media\/17587"}],"wp:attachment":[{"href":"https:\/\/world.dan.org\/fr\/wp-json\/wp\/v2\/media?parent=3638"}],"curies":[{"name":"wp","href":"https:\/\/api.w.org\/{rel}","templated":true}]}}