{"id":37,"date":"2020-03-27T17:59:18","date_gmt":"2020-03-27T21:59:18","guid":{"rendered":"https:\/\/dan.devhammer.com\/?page_id=37"},"modified":"2022-06-17T11:17:32","modified_gmt":"2022-06-17T15:17:32","slug":"health-resources","status":"publish","type":"page","link":"https:\/\/world.dan.org\/fr\/health-medicine\/health-resources\/","title":{"rendered":"Ressources en sant\u00e9"},"content":{"rendered":"<div style=\"height:50px\" aria-hidden=\"true\" class=\"wp-block-spacer\"><\/div>\n\n\n\n<p>Cette collection de ressources en ligne fournit des informations pr\u00e9cieuses sur les aspects les plus importants de la sant\u00e9 et de la s\u00e9curit\u00e9 des plongeurs. Ces guides \u00e9ducatifs et de r\u00e9f\u00e9rence s'adressent aussi bien aux plongeurs exp\u00e9riment\u00e9s qu'aux plongeurs d\u00e9butants et offrent des informations utiles sur des sujets tels que la sant\u00e9 cardiovasculaire, les oreilles et l'\u00e9galisation, les accidents de d\u00e9compression, les blessures li\u00e9es \u00e0 la vie marine et bien plus encore. <\/p>\n\n\n\n<div style=\"height:50px\" aria-hidden=\"true\" class=\"wp-block-spacer\"><\/div>","protected":false},"excerpt":{"rendered":"<p>Cette collection compl\u00e8te de ressources en ligne fournit des informations pr\u00e9cieuses sur des sujets essentiels \u00e0 la sant\u00e9 et \u00e0 la s\u00e9curit\u00e9 des plongeurs, ainsi que sur des probl\u00e8mes courants rencontr\u00e9s par les plongeurs d\u00e9butants et exp\u00e9riment\u00e9s. <\/p>","protected":false},"author":1,"featured_media":17285,"parent":21,"menu_order":57,"comment_status":"closed","ping_status":"closed","template":"templates\/page-landing-2.php","meta":{"_acf_changed":false,"_ef_editorial_meta_date_first-draft-date":"","_ef_editorial_meta_paragraph_assignment":"","_ef_editorial_meta_checkbox_needs-photo":"","_ef_editorial_meta_number_word-count":"","footnotes":""},"class_list":["post-37","page","type-page","status-publish","has-post-thumbnail","hentry"],"acf":[],"yoast_head":"<!-- This site is optimized with the Yoast SEO Premium plugin v27.4 (Yoast SEO v27.4) - https:\/\/yoast.com\/product\/yoast-seo-premium-wordpress\/ -->\n<title>Health Resources - DAN World<\/title>\n<meta name=\"description\" content=\"This comprehensive collection of online resources provide valuable information on topics critical to diver health and safety.\" \/>\n<meta name=\"robots\" content=\"index, follow, max-snippet:-1, max-image-preview:large, max-video-preview:-1\" \/>\n<link rel=\"canonical\" href=\"https:\/\/world.dan.org\/fr\/health-medicine\/health-resources\/\" \/>\n<meta property=\"og:locale\" content=\"fr_CA\" \/>\n<meta property=\"og:type\" content=\"article\" \/>\n<meta property=\"og:title\" content=\"Health Resources\" \/>\n<meta property=\"og:description\" content=\"Relevant to experienced divers and new divers alike, these educational and reference guides offer useful insights into topics such as cardiovascular health, ears and equalization, decompression sickness, hazardous marine life injuries and much more.\" \/>\n<meta property=\"og:url\" content=\"https:\/\/world.dan.org\/fr\/health-medicine\/health-resources\/\" \/>\n<meta property=\"og:site_name\" content=\"DAN World\" \/>\n<meta property=\"article:modified_time\" content=\"2022-06-17T15:17:32+00:00\" \/>\n<meta property=\"og:image\" content=\"https:\/\/world.dan.org\/wp-content\/uploads\/2021\/06\/health-resources-1264666749-1024x512-1.jpg\" \/>\n\t<meta property=\"og:image:width\" content=\"1024\" \/>\n\t<meta property=\"og:image:height\" content=\"512\" \/>\n\t<meta property=\"og:image:type\" content=\"image\/jpeg\" \/>\n<meta name=\"twitter:card\" content=\"summary_large_image\" \/>\n<meta name=\"twitter:title\" content=\"Health Resources\" \/>\n<meta name=\"twitter:description\" content=\"Relevant to experienced divers and new divers alike, these educational and reference guides offer useful insights into topics such as cardiovascular health, ears and equalization, decompression sickness, hazardous marine life injuries and much more.\" \/>\n<meta name=\"twitter:image\" content=\"https:\/\/world.dan.org\/wp-content\/uploads\/2021\/06\/health-resources-1264666749-1024x512-1.jpg\" \/>\n<meta name=\"twitter:label1\" content=\"Est. reading time\" \/>\n\t<meta name=\"twitter:data1\" content=\"1 minute\" \/>\n<script type=\"application\/ld+json\" class=\"yoast-schema-graph\">{\"@context\":\"https:\\\/\\\/schema.org\",\"@graph\":[{\"@type\":\"WebPage\",\"@id\":\"https:\\\/\\\/world.dan.org\\\/health-medicine\\\/health-resources\\\/\",\"url\":\"https:\\\/\\\/world.dan.org\\\/health-medicine\\\/health-resources\\\/\",\"name\":\"Health Resources - DAN World\",\"isPartOf\":{\"@id\":\"https:\\\/\\\/world.dan.org\\\/es\\\/#website\"},\"primaryImageOfPage\":{\"@id\":\"https:\\\/\\\/world.dan.org\\\/health-medicine\\\/health-resources\\\/#primaryimage\"},\"image\":{\"@id\":\"https:\\\/\\\/world.dan.org\\\/health-medicine\\\/health-resources\\\/#primaryimage\"},\"thumbnailUrl\":\"https:\\\/\\\/world.dan.org\\\/wp-content\\\/uploads\\\/2021\\\/06\\\/health-resources-1264666749-1200x800-1.jpg\",\"datePublished\":\"2020-03-27T21:59:18+00:00\",\"dateModified\":\"2022-06-17T15:17:32+00:00\",\"description\":\"This comprehensive collection of online resources provide valuable information on topics critical to diver health and safety.\",\"breadcrumb\":{\"@id\":\"https:\\\/\\\/world.dan.org\\\/health-medicine\\\/health-resources\\\/#breadcrumb\"},\"inLanguage\":\"fr-CA\",\"potentialAction\":[{\"@type\":\"ReadAction\",\"target\":[\"https:\\\/\\\/world.dan.org\\\/health-medicine\\\/health-resources\\\/\"]}]},{\"@type\":\"ImageObject\",\"inLanguage\":\"fr-CA\",\"@id\":\"https:\\\/\\\/world.dan.org\\\/health-medicine\\\/health-resources\\\/#primaryimage\",\"url\":\"https:\\\/\\\/world.dan.org\\\/wp-content\\\/uploads\\\/2021\\\/06\\\/health-resources-1264666749-1200x800-1.jpg\",\"contentUrl\":\"https:\\\/\\\/world.dan.org\\\/wp-content\\\/uploads\\\/2021\\\/06\\\/health-resources-1264666749-1200x800-1.jpg\",\"width\":1200,\"height\":800,\"caption\":\"Closeup male doctor or physician reading text book and writing information,work on laptop computer with medical stethoscope on the desk. Online working, telehealth or meditech concept.\"},{\"@type\":\"BreadcrumbList\",\"@id\":\"https:\\\/\\\/world.dan.org\\\/health-medicine\\\/health-resources\\\/#breadcrumb\",\"itemListElement\":[{\"@type\":\"ListItem\",\"position\":1,\"name\":\"Home\",\"item\":\"https:\\\/\\\/world.dan.org\\\/\"},{\"@type\":\"ListItem\",\"position\":2,\"name\":\"Health &amp; Medicine\",\"item\":\"https:\\\/\\\/world.dan.org\\\/health-medicine\\\/\"},{\"@type\":\"ListItem\",\"position\":3,\"name\":\"Health Resources\"}]},{\"@type\":\"WebSite\",\"@id\":\"https:\\\/\\\/world.dan.org\\\/es\\\/#website\",\"url\":\"https:\\\/\\\/world.dan.org\\\/es\\\/\",\"name\":\"DAN World\",\"description\":\"\",\"publisher\":{\"@id\":\"https:\\\/\\\/world.dan.org\\\/es\\\/#organization\"},\"potentialAction\":[{\"@type\":\"SearchAction\",\"target\":{\"@type\":\"EntryPoint\",\"urlTemplate\":\"https:\\\/\\\/world.dan.org\\\/es\\\/?s={search_term_string}\"},\"query-input\":{\"@type\":\"PropertyValueSpecification\",\"valueRequired\":true,\"valueName\":\"search_term_string\"}}],\"inLanguage\":\"fr-CA\"},{\"@type\":\"Organization\",\"@id\":\"https:\\\/\\\/world.dan.org\\\/es\\\/#organization\",\"name\":\"DAN World\",\"url\":\"https:\\\/\\\/world.dan.org\\\/es\\\/\",\"logo\":{\"@type\":\"ImageObject\",\"inLanguage\":\"fr-CA\",\"@id\":\"https:\\\/\\\/world.dan.org\\\/es\\\/#\\\/schema\\\/logo\\\/image\\\/\",\"url\":\"https:\\\/\\\/world.dan.org\\\/wp-content\\\/uploads\\\/2022\\\/04\\\/DAN-World-logo-sm-52px.svg\",\"contentUrl\":\"https:\\\/\\\/world.dan.org\\\/wp-content\\\/uploads\\\/2022\\\/04\\\/DAN-World-logo-sm-52px.svg\",\"width\":175,\"height\":52,\"caption\":\"DAN World\"},\"image\":{\"@id\":\"https:\\\/\\\/world.dan.org\\\/es\\\/#\\\/schema\\\/logo\\\/image\\\/\"}}]}<\/script>\n<!-- \/ Yoast SEO Premium plugin. -->","yoast_head_json":{"title":"Ressources en mati\u00e8re de sant\u00e9 - DAN World","description":"Cette collection compl\u00e8te de ressources en ligne fournit des informations pr\u00e9cieuses sur des sujets essentiels pour la sant\u00e9 et la s\u00e9curit\u00e9 des plongeurs.","robots":{"index":"index","follow":"follow","max-snippet":"max-snippet:-1","max-image-preview":"max-image-preview:large","max-video-preview":"max-video-preview:-1"},"canonical":"https:\/\/world.dan.org\/fr\/health-medicine\/health-resources\/","og_locale":"fr_CA","og_type":"article","og_title":"Health Resources","og_description":"Relevant to experienced divers and new divers alike, these educational and reference guides offer useful insights into topics such as cardiovascular health, ears and equalization, decompression sickness, hazardous marine life injuries and much more.","og_url":"https:\/\/world.dan.org\/fr\/health-medicine\/health-resources\/","og_site_name":"DAN World","article_modified_time":"2022-06-17T15:17:32+00:00","og_image":[{"width":1024,"height":512,"url":"https:\/\/world.dan.org\/wp-content\/uploads\/2021\/06\/health-resources-1264666749-1024x512-1.jpg","type":"image\/jpeg"}],"twitter_card":"summary_large_image","twitter_title":"Health Resources","twitter_description":"Relevant to experienced divers and new divers alike, these educational and reference guides offer useful insights into topics such as cardiovascular health, ears and equalization, decompression sickness, hazardous marine life injuries and much more.","twitter_image":"https:\/\/world.dan.org\/wp-content\/uploads\/2021\/06\/health-resources-1264666749-1024x512-1.jpg","twitter_misc":{"Est. reading time":"1 minute"},"schema":{"@context":"https:\/\/schema.org","@graph":[{"@type":"WebPage","@id":"https:\/\/world.dan.org\/health-medicine\/health-resources\/","url":"https:\/\/world.dan.org\/health-medicine\/health-resources\/","name":"Ressources en mati\u00e8re de sant\u00e9 - DAN World","isPartOf":{"@id":"https:\/\/world.dan.org\/es\/#website"},"primaryImageOfPage":{"@id":"https:\/\/world.dan.org\/health-medicine\/health-resources\/#primaryimage"},"image":{"@id":"https:\/\/world.dan.org\/health-medicine\/health-resources\/#primaryimage"},"thumbnailUrl":"https:\/\/world.dan.org\/wp-content\/uploads\/2021\/06\/health-resources-1264666749-1200x800-1.jpg","datePublished":"2020-03-27T21:59:18+00:00","dateModified":"2022-06-17T15:17:32+00:00","description":"Cette collection compl\u00e8te de ressources en ligne fournit des informations pr\u00e9cieuses sur des sujets essentiels pour la sant\u00e9 et la s\u00e9curit\u00e9 des plongeurs.","breadcrumb":{"@id":"https:\/\/world.dan.org\/health-medicine\/health-resources\/#breadcrumb"},"inLanguage":"fr-CA","potentialAction":[{"@type":"ReadAction","target":["https:\/\/world.dan.org\/health-medicine\/health-resources\/"]}]},{"@type":"ImageObject","inLanguage":"fr-CA","@id":"https:\/\/world.dan.org\/health-medicine\/health-resources\/#primaryimage","url":"https:\/\/world.dan.org\/wp-content\/uploads\/2021\/06\/health-resources-1264666749-1200x800-1.jpg","contentUrl":"https:\/\/world.dan.org\/wp-content\/uploads\/2021\/06\/health-resources-1264666749-1200x800-1.jpg","width":1200,"height":800,"caption":"Closeup male doctor or physician reading text book and writing information,work on laptop computer with medical stethoscope on the desk. Online working, telehealth or meditech concept."},{"@type":"BreadcrumbList","@id":"https:\/\/world.dan.org\/health-medicine\/health-resources\/#breadcrumb","itemListElement":[{"@type":"ListItem","position":1,"name":"Home","item":"https:\/\/world.dan.org\/"},{"@type":"ListItem","position":2,"name":"Health &amp; Medicine","item":"https:\/\/world.dan.org\/health-medicine\/"},{"@type":"ListItem","position":3,"name":"Health Resources"}]},{"@type":"WebSite","@id":"https:\/\/world.dan.org\/es\/#website","url":"https:\/\/world.dan.org\/es\/","name":"DAN World","description":"","publisher":{"@id":"https:\/\/world.dan.org\/es\/#organization"},"potentialAction":[{"@type":"SearchAction","target":{"@type":"EntryPoint","urlTemplate":"https:\/\/world.dan.org\/es\/?s={search_term_string}"},"query-input":{"@type":"PropertyValueSpecification","valueRequired":true,"valueName":"search_term_string"}}],"inLanguage":"fr-CA"},{"@type":"Organization","@id":"https:\/\/world.dan.org\/es\/#organization","name":"DAN World","url":"https:\/\/world.dan.org\/es\/","logo":{"@type":"ImageObject","inLanguage":"fr-CA","@id":"https:\/\/world.dan.org\/es\/#\/schema\/logo\/image\/","url":"https:\/\/world.dan.org\/wp-content\/uploads\/2022\/04\/DAN-World-logo-sm-52px.svg","contentUrl":"https:\/\/world.dan.org\/wp-content\/uploads\/2022\/04\/DAN-World-logo-sm-52px.svg","width":175,"height":52,"caption":"DAN World"},"image":{"@id":"https:\/\/world.dan.org\/es\/#\/schema\/logo\/image\/"}}]}},"_links":{"self":[{"href":"https:\/\/world.dan.org\/fr\/wp-json\/wp\/v2\/pages\/37","targetHints":{"allow":["GET"]}}],"collection":[{"href":"https:\/\/world.dan.org\/fr\/wp-json\/wp\/v2\/pages"}],"about":[{"href":"https:\/\/world.dan.org\/fr\/wp-json\/wp\/v2\/types\/page"}],"author":[{"embeddable":true,"href":"https:\/\/world.dan.org\/fr\/wp-json\/wp\/v2\/users\/1"}],"replies":[{"embeddable":true,"href":"https:\/\/world.dan.org\/fr\/wp-json\/wp\/v2\/comments?post=37"}],"version-history":[{"count":0,"href":"https:\/\/world.dan.org\/fr\/wp-json\/wp\/v2\/pages\/37\/revisions"}],"up":[{"embeddable":true,"href":"https:\/\/world.dan.org\/fr\/wp-json\/wp\/v2\/pages\/21"}],"wp:featuredmedia":[{"embeddable":true,"href":"https:\/\/world.dan.org\/fr\/wp-json\/wp\/v2\/media\/17285"}],"wp:attachment":[{"href":"https:\/\/world.dan.org\/fr\/wp-json\/wp\/v2\/media?parent=37"}],"curies":[{"name":"wp","href":"https:\/\/api.w.org\/{rel}","templated":true}]}}