{"id":383,"date":"2020-05-12T10:09:20","date_gmt":"2020-05-12T14:09:20","guid":{"rendered":"https:\/\/dan.devhammer.com\/?page_id=383"},"modified":"2026-03-30T15:09:28","modified_gmt":"2026-03-30T19:09:28","slug":"diving-incident-summaries","status":"publish","type":"page","link":"https:\/\/world.dan.org\/fr\/safety-prevention\/diver-safety\/diving-incident-summaries\/","title":{"rendered":"R\u00e9sum\u00e9s d'incidents de plong\u00e9e"},"content":{"rendered":"<div style=\"height:50px\" aria-hidden=\"true\" class=\"wp-block-spacer\"><\/div>\n\n\n\n<p>Il est essentiel d'apprendre de ses propres erreurs et malheurs, mais il ne faut pas manquer l'occasion d'apprendre de ceux des autres.<\/p>\n\n\n\n<p>DAN tient une base de donn\u00e9es des incidents de plong\u00e9e depuis 1989. Limit\u00e9e \u00e0 l'origine aux incidents li\u00e9s \u00e0 la plong\u00e9e sous-marine, elle englobe d\u00e9sormais les incidents li\u00e9s \u00e0 la plong\u00e9e en circuit ouvert, \u00e0 l'apn\u00e9e et au recycleur. Nous collectons, analysons, anonymisons et publions ces donn\u00e9es dans les rapports annuels de plong\u00e9e de DAN et dans ces r\u00e9sum\u00e9s de cas au profit de la communaut\u00e9 des plongeurs. Souvent comment\u00e9s par des experts, ces r\u00e9sum\u00e9s aident les plongeurs de tous niveaux \u00e0 am\u00e9liorer leurs comp\u00e9tences en mati\u00e8re de gestion des risques et \u00e0 identifier les pratiques de plong\u00e9e s\u00e9curitaires. Faites d\u00e9filer vers le bas pour parcourir les r\u00e9sum\u00e9s d'affaires ou utilisez le champ de recherche \u00e0 droite.<\/p>\n\n\n\n<p>DAN s'appuie sur les plongeurs pour signaler volontairement les cas et les accidents \u00e9vit\u00e9s de justesse. Aucune personne ne sera identifi\u00e9e dans les rapports de cas publi\u00e9s ou pr\u00e9sent\u00e9s oralement. Nous appr\u00e9cions le temps et les efforts consacr\u00e9s par chaque plongeur \u00e0 raconter son histoire et \u00e0 partager ses connaissances.<\/p>\n\n\n\n<div style=\"height:30px\" aria-hidden=\"true\" class=\"wp-block-spacer\"><\/div>\n\n\n\n<div class=\"wp-block-buttons is-content-justification-center is-layout-flex wp-container-core-buttons-is-layout-16018d1d wp-block-buttons-is-layout-flex\">\n<div class=\"wp-block-button\"><a class=\"wp-block-button__link has-dan-red-400-background-color has-background wp-element-button\" href=\"https:\/\/world.dan.org\/fr\/safety-prevention\/report-an-incident\/\" style=\"border-radius:4px\">Signaler un incident<\/a><\/div>\n<\/div>\n\n\n\n<div style=\"height:30px\" aria-hidden=\"true\" class=\"wp-block-spacer\"><\/div>\n\n\n\n<div style=\"height:20px\" aria-hidden=\"true\" class=\"wp-block-spacer\"><\/div>","protected":false},"excerpt":{"rendered":"<p>Learning from your own mistakes and misfortunes is crucial, but don\u2019t miss the opportunity to learn from others\u2019. These accounts of real diving incidents and emergencies offer exceptional learning opportunities. Often featuring expert commentary, these summaries help divers of all experience levels improve their risk management skills and identify safe diving practices.<\/p>","protected":false},"author":1,"featured_media":12403,"parent":41,"menu_order":187,"comment_status":"closed","ping_status":"closed","template":"templates\/page-list-page.php","meta":{"_acf_changed":false,"_ef_editorial_meta_date_first-draft-date":"","_ef_editorial_meta_paragraph_assignment":"","_ef_editorial_meta_checkbox_needs-photo":"","_ef_editorial_meta_number_word-count":"","footnotes":""},"class_list":["post-383","page","type-page","status-publish","has-post-thumbnail","hentry"],"acf":[],"yoast_head":"<!-- This site is optimized with the Yoast SEO Premium plugin v27.0 (Yoast SEO v27.3) - https:\/\/yoast.com\/product\/yoast-seo-premium-wordpress\/ -->\n<title>Diving Incident Summaries - DAN World<\/title>\n<meta name=\"description\" content=\"Diving incident summaries are based on real diving incidents and often include expert commentary on how to prevent similar scenarios.\" \/>\n<meta name=\"robots\" content=\"index, follow, max-snippet:-1, max-image-preview:large, max-video-preview:-1\" \/>\n<link rel=\"canonical\" href=\"https:\/\/world.dan.org\/fr\/safety-prevention\/diver-safety\/diving-incident-summaries\/\" \/>\n<meta property=\"og:locale\" content=\"fr_CA\" \/>\n<meta property=\"og:type\" content=\"article\" \/>\n<meta property=\"og:title\" content=\"Diving Incident Summaries\" \/>\n<meta property=\"og:description\" content=\"DAN has maintained a diving incident database since 1989. Originally limited to scuba diving incidents, it now includes open-circuit scuba, breath-hold and rebreather incidents. We collect, analyze, anonymize and publish this data in the DAN Annual Diving Reports and in these case summaries for the benefit of the diving community.\" \/>\n<meta property=\"og:url\" content=\"https:\/\/world.dan.org\/fr\/safety-prevention\/diver-safety\/diving-incident-summaries\/\" \/>\n<meta property=\"og:site_name\" content=\"DAN World\" \/>\n<meta property=\"article:modified_time\" content=\"2026-03-30T19:09:28+00:00\" \/>\n<meta property=\"og:image\" content=\"https:\/\/world.dan.org\/wp-content\/uploads\/2020\/09\/divers-case-summaries-3Q3A7794-DAN-1200x650-1.jpg\" \/>\n\t<meta property=\"og:image:width\" content=\"1200\" \/>\n\t<meta property=\"og:image:height\" content=\"650\" \/>\n\t<meta property=\"og:image:type\" content=\"image\/jpeg\" \/>\n<meta name=\"twitter:card\" content=\"summary_large_image\" \/>\n<meta name=\"twitter:title\" content=\"Diving Incident Summaries\" \/>\n<meta name=\"twitter:description\" content=\"We collect, analyze, anonymize and publish this data in the DAN Annual Diving Reports and in these case summaries for the benefit of the diving community.\" \/>\n<meta name=\"twitter:image\" content=\"https:\/\/world.dan.org\/wp-content\/uploads\/2020\/09\/divers-case-summaries-3Q3A7794-DAN-1200x650-1.jpg\" \/>\n<meta name=\"twitter:label1\" content=\"Est. reading time\" \/>\n\t<meta name=\"twitter:data1\" content=\"1 minute\" \/>\n<script type=\"application\/ld+json\" class=\"yoast-schema-graph\">{\"@context\":\"https:\\\/\\\/schema.org\",\"@graph\":[{\"@type\":\"WebPage\",\"@id\":\"https:\\\/\\\/world.dan.org\\\/safety-prevention\\\/diver-safety\\\/diving-incident-summaries\\\/\",\"url\":\"https:\\\/\\\/world.dan.org\\\/safety-prevention\\\/diver-safety\\\/diving-incident-summaries\\\/\",\"name\":\"Diving Incident Summaries - DAN World\",\"isPartOf\":{\"@id\":\"https:\\\/\\\/world.dan.org\\\/es\\\/#website\"},\"primaryImageOfPage\":{\"@id\":\"https:\\\/\\\/world.dan.org\\\/safety-prevention\\\/diver-safety\\\/diving-incident-summaries\\\/#primaryimage\"},\"image\":{\"@id\":\"https:\\\/\\\/world.dan.org\\\/safety-prevention\\\/diver-safety\\\/diving-incident-summaries\\\/#primaryimage\"},\"thumbnailUrl\":\"https:\\\/\\\/world.dan.org\\\/wp-content\\\/uploads\\\/2020\\\/09\\\/divers-case-summaries-3Q3A7794-DAN-1200x650-1.jpg\",\"datePublished\":\"2020-05-12T14:09:20+00:00\",\"dateModified\":\"2026-03-30T19:09:28+00:00\",\"description\":\"Diving incident summaries are based on real diving incidents and often include expert commentary on how to prevent similar scenarios.\",\"breadcrumb\":{\"@id\":\"https:\\\/\\\/world.dan.org\\\/safety-prevention\\\/diver-safety\\\/diving-incident-summaries\\\/#breadcrumb\"},\"inLanguage\":\"fr-CA\",\"potentialAction\":[{\"@type\":\"ReadAction\",\"target\":[\"https:\\\/\\\/world.dan.org\\\/safety-prevention\\\/diver-safety\\\/diving-incident-summaries\\\/\"]}]},{\"@type\":\"ImageObject\",\"inLanguage\":\"fr-CA\",\"@id\":\"https:\\\/\\\/world.dan.org\\\/safety-prevention\\\/diver-safety\\\/diving-incident-summaries\\\/#primaryimage\",\"url\":\"https:\\\/\\\/world.dan.org\\\/wp-content\\\/uploads\\\/2020\\\/09\\\/divers-case-summaries-3Q3A7794-DAN-1200x650-1.jpg\",\"contentUrl\":\"https:\\\/\\\/world.dan.org\\\/wp-content\\\/uploads\\\/2020\\\/09\\\/divers-case-summaries-3Q3A7794-DAN-1200x650-1.jpg\",\"width\":1200,\"height\":650},{\"@type\":\"BreadcrumbList\",\"@id\":\"https:\\\/\\\/world.dan.org\\\/safety-prevention\\\/diver-safety\\\/diving-incident-summaries\\\/#breadcrumb\",\"itemListElement\":[{\"@type\":\"ListItem\",\"position\":1,\"name\":\"Home\",\"item\":\"https:\\\/\\\/world.dan.org\\\/\"},{\"@type\":\"ListItem\",\"position\":2,\"name\":\"Safety &#038; Prevention\",\"item\":\"https:\\\/\\\/world.dan.org\\\/safety-prevention\\\/\"},{\"@type\":\"ListItem\",\"position\":3,\"name\":\"Diver Safety\",\"item\":\"https:\\\/\\\/world.dan.org\\\/safety-prevention\\\/diver-safety\\\/\"},{\"@type\":\"ListItem\",\"position\":4,\"name\":\"Diving Incident Summaries\"}]},{\"@type\":\"WebSite\",\"@id\":\"https:\\\/\\\/world.dan.org\\\/es\\\/#website\",\"url\":\"https:\\\/\\\/world.dan.org\\\/es\\\/\",\"name\":\"DAN World\",\"description\":\"\",\"publisher\":{\"@id\":\"https:\\\/\\\/world.dan.org\\\/es\\\/#organization\"},\"potentialAction\":[{\"@type\":\"SearchAction\",\"target\":{\"@type\":\"EntryPoint\",\"urlTemplate\":\"https:\\\/\\\/world.dan.org\\\/es\\\/?s={search_term_string}\"},\"query-input\":{\"@type\":\"PropertyValueSpecification\",\"valueRequired\":true,\"valueName\":\"search_term_string\"}}],\"inLanguage\":\"fr-CA\"},{\"@type\":\"Organization\",\"@id\":\"https:\\\/\\\/world.dan.org\\\/es\\\/#organization\",\"name\":\"DAN World\",\"url\":\"https:\\\/\\\/world.dan.org\\\/es\\\/\",\"logo\":{\"@type\":\"ImageObject\",\"inLanguage\":\"fr-CA\",\"@id\":\"https:\\\/\\\/world.dan.org\\\/es\\\/#\\\/schema\\\/logo\\\/image\\\/\",\"url\":\"https:\\\/\\\/world.dan.org\\\/wp-content\\\/uploads\\\/2022\\\/04\\\/DAN-World-logo-sm-52px.svg\",\"contentUrl\":\"https:\\\/\\\/world.dan.org\\\/wp-content\\\/uploads\\\/2022\\\/04\\\/DAN-World-logo-sm-52px.svg\",\"width\":175,\"height\":52,\"caption\":\"DAN World\"},\"image\":{\"@id\":\"https:\\\/\\\/world.dan.org\\\/es\\\/#\\\/schema\\\/logo\\\/image\\\/\"}}]}<\/script>\n<!-- \/ Yoast SEO Premium plugin. -->","yoast_head_json":{"title":"R\u00e9sum\u00e9s d'incidents de plong\u00e9e - DAN World","description":"Les r\u00e9sum\u00e9s d'incidents de plong\u00e9e sont bas\u00e9s sur des incidents de plong\u00e9e r\u00e9els et comprennent souvent des commentaires d'experts sur la mani\u00e8re d'\u00e9viter des sc\u00e9narios similaires.","robots":{"index":"index","follow":"follow","max-snippet":"max-snippet:-1","max-image-preview":"max-image-preview:large","max-video-preview":"max-video-preview:-1"},"canonical":"https:\/\/world.dan.org\/fr\/safety-prevention\/diver-safety\/diving-incident-summaries\/","og_locale":"fr_CA","og_type":"article","og_title":"Diving Incident Summaries","og_description":"DAN has maintained a diving incident database since 1989. Originally limited to scuba diving incidents, it now includes open-circuit scuba, breath-hold and rebreather incidents. We collect, analyze, anonymize and publish this data in the DAN Annual Diving Reports and in these case summaries for the benefit of the diving community.","og_url":"https:\/\/world.dan.org\/fr\/safety-prevention\/diver-safety\/diving-incident-summaries\/","og_site_name":"DAN World","article_modified_time":"2026-03-30T19:09:28+00:00","og_image":[{"width":1200,"height":650,"url":"https:\/\/world.dan.org\/wp-content\/uploads\/2020\/09\/divers-case-summaries-3Q3A7794-DAN-1200x650-1.jpg","type":"image\/jpeg"}],"twitter_card":"summary_large_image","twitter_title":"Diving Incident Summaries","twitter_description":"We collect, analyze, anonymize and publish this data in the DAN Annual Diving Reports and in these case summaries for the benefit of the diving community.","twitter_image":"https:\/\/world.dan.org\/wp-content\/uploads\/2020\/09\/divers-case-summaries-3Q3A7794-DAN-1200x650-1.jpg","twitter_misc":{"Est. reading time":"1 minute"},"schema":{"@context":"https:\/\/schema.org","@graph":[{"@type":"WebPage","@id":"https:\/\/world.dan.org\/safety-prevention\/diver-safety\/diving-incident-summaries\/","url":"https:\/\/world.dan.org\/safety-prevention\/diver-safety\/diving-incident-summaries\/","name":"R\u00e9sum\u00e9s d'incidents de plong\u00e9e - DAN World","isPartOf":{"@id":"https:\/\/world.dan.org\/es\/#website"},"primaryImageOfPage":{"@id":"https:\/\/world.dan.org\/safety-prevention\/diver-safety\/diving-incident-summaries\/#primaryimage"},"image":{"@id":"https:\/\/world.dan.org\/safety-prevention\/diver-safety\/diving-incident-summaries\/#primaryimage"},"thumbnailUrl":"https:\/\/world.dan.org\/wp-content\/uploads\/2020\/09\/divers-case-summaries-3Q3A7794-DAN-1200x650-1.jpg","datePublished":"2020-05-12T14:09:20+00:00","dateModified":"2026-03-30T19:09:28+00:00","description":"Les r\u00e9sum\u00e9s d'incidents de plong\u00e9e sont bas\u00e9s sur des incidents de plong\u00e9e r\u00e9els et comprennent souvent des commentaires d'experts sur la mani\u00e8re d'\u00e9viter des sc\u00e9narios similaires.","breadcrumb":{"@id":"https:\/\/world.dan.org\/safety-prevention\/diver-safety\/diving-incident-summaries\/#breadcrumb"},"inLanguage":"fr-CA","potentialAction":[{"@type":"ReadAction","target":["https:\/\/world.dan.org\/safety-prevention\/diver-safety\/diving-incident-summaries\/"]}]},{"@type":"ImageObject","inLanguage":"fr-CA","@id":"https:\/\/world.dan.org\/safety-prevention\/diver-safety\/diving-incident-summaries\/#primaryimage","url":"https:\/\/world.dan.org\/wp-content\/uploads\/2020\/09\/divers-case-summaries-3Q3A7794-DAN-1200x650-1.jpg","contentUrl":"https:\/\/world.dan.org\/wp-content\/uploads\/2020\/09\/divers-case-summaries-3Q3A7794-DAN-1200x650-1.jpg","width":1200,"height":650},{"@type":"BreadcrumbList","@id":"https:\/\/world.dan.org\/safety-prevention\/diver-safety\/diving-incident-summaries\/#breadcrumb","itemListElement":[{"@type":"ListItem","position":1,"name":"Home","item":"https:\/\/world.dan.org\/"},{"@type":"ListItem","position":2,"name":"Safety &#038; Prevention","item":"https:\/\/world.dan.org\/safety-prevention\/"},{"@type":"ListItem","position":3,"name":"Diver Safety","item":"https:\/\/world.dan.org\/safety-prevention\/diver-safety\/"},{"@type":"ListItem","position":4,"name":"Diving Incident Summaries"}]},{"@type":"WebSite","@id":"https:\/\/world.dan.org\/es\/#website","url":"https:\/\/world.dan.org\/es\/","name":"DAN World","description":"","publisher":{"@id":"https:\/\/world.dan.org\/es\/#organization"},"potentialAction":[{"@type":"SearchAction","target":{"@type":"EntryPoint","urlTemplate":"https:\/\/world.dan.org\/es\/?s={search_term_string}"},"query-input":{"@type":"PropertyValueSpecification","valueRequired":true,"valueName":"search_term_string"}}],"inLanguage":"fr-CA"},{"@type":"Organization","@id":"https:\/\/world.dan.org\/es\/#organization","name":"DAN World","url":"https:\/\/world.dan.org\/es\/","logo":{"@type":"ImageObject","inLanguage":"fr-CA","@id":"https:\/\/world.dan.org\/es\/#\/schema\/logo\/image\/","url":"https:\/\/world.dan.org\/wp-content\/uploads\/2022\/04\/DAN-World-logo-sm-52px.svg","contentUrl":"https:\/\/world.dan.org\/wp-content\/uploads\/2022\/04\/DAN-World-logo-sm-52px.svg","width":175,"height":52,"caption":"DAN World"},"image":{"@id":"https:\/\/world.dan.org\/es\/#\/schema\/logo\/image\/"}}]}},"_links":{"self":[{"href":"https:\/\/world.dan.org\/fr\/wp-json\/wp\/v2\/pages\/383","targetHints":{"allow":["GET"]}}],"collection":[{"href":"https:\/\/world.dan.org\/fr\/wp-json\/wp\/v2\/pages"}],"about":[{"href":"https:\/\/world.dan.org\/fr\/wp-json\/wp\/v2\/types\/page"}],"author":[{"embeddable":true,"href":"https:\/\/world.dan.org\/fr\/wp-json\/wp\/v2\/users\/1"}],"replies":[{"embeddable":true,"href":"https:\/\/world.dan.org\/fr\/wp-json\/wp\/v2\/comments?post=383"}],"version-history":[{"count":1,"href":"https:\/\/world.dan.org\/fr\/wp-json\/wp\/v2\/pages\/383\/revisions"}],"predecessor-version":[{"id":35295,"href":"https:\/\/world.dan.org\/fr\/wp-json\/wp\/v2\/pages\/383\/revisions\/35295"}],"up":[{"embeddable":true,"href":"https:\/\/world.dan.org\/fr\/wp-json\/wp\/v2\/pages\/41"}],"wp:featuredmedia":[{"embeddable":true,"href":"https:\/\/world.dan.org\/fr\/wp-json\/wp\/v2\/media\/12403"}],"wp:attachment":[{"href":"https:\/\/world.dan.org\/fr\/wp-json\/wp\/v2\/media?parent=383"}],"curies":[{"name":"wp","href":"https:\/\/api.w.org\/{rel}","templated":true}]}}