{"id":386,"date":"2020-05-12T10:10:11","date_gmt":"2020-05-12T14:10:11","guid":{"rendered":"https:\/\/dan.devhammer.com\/?page_id=386"},"modified":"2024-08-27T08:38:56","modified_gmt":"2024-08-27T12:38:56","slug":"divers-blog","status":"publish","type":"page","link":"https:\/\/world.dan.org\/fr\/safety-prevention\/diver-safety\/divers-blog\/","title":{"rendered":"Le blogue des plongeurs"},"content":{"rendered":"<p>Avec des articles consacr\u00e9s aux plongeurs couvrant un large \u00e9ventail de sujets \u2014 allant des implications de la COVID-19 \u00e0 la gestion du diab\u00e8te, en passant par les tendances actuelles en mati\u00e8re de gestion des risques et de premiers secours, \u2014 les plongeurs peuvent y trouver les informations dont ils ont besoin pour plonger en toute s\u00e9curit\u00e9. La s\u00e9curit\u00e9 est primordiale en plong\u00e9e, et une compr\u00e9hension approfondie des risques potentiels et des pr\u00e9occupations de sant\u00e9 permet aux plongeurs de mieux se pr\u00e9parer. Cela conduit finalement \u00e0 des exp\u00e9riences \u00e0 la fois plus s\u00fbres et plus agr\u00e9ables. <\/p>\n\n\n\n<div style=\"height:20px\" aria-hidden=\"true\" class=\"wp-block-spacer\"><\/div>\n\n\n\n<div class=\"wp-block-buttons is-layout-flex wp-block-buttons-is-layout-flex\">\n<div class=\"wp-block-button\"><a class=\"wp-block-button__link has-dan-white-color has-dan-red-400-background-color has-text-color has-background wp-element-button\" href=\"https:\/\/world.dan.org\/fr\/safety-prevention\/diver-safety\/more\/\" style=\"border-radius:4px\">Voir tous les articles du blogue des plongeurs ici.<\/a><\/div>\n<\/div>\n\n\n\n<div style=\"height:30px\" aria-hidden=\"true\" class=\"wp-block-spacer\"><\/div>","protected":false},"excerpt":{"rendered":"<p>Avec des articles consacr\u00e9s aux plongeurs couvrant un large \u00e9ventail de sujets \u2014 allant des implications de la COVID-19 \u00e0 la gestion du diab\u00e8te, en passant par les tendances actuelles en mati\u00e8re de gestion des risques et de premiers secours, \u2014 les plongeurs peuvent y trouver les informations dont ils ont besoin pour plonger en toute s\u00e9curit\u00e9. La s\u00e9curit\u00e9 est primordiale en plong\u00e9e, et une compr\u00e9hension approfondie des risques potentiels et des pr\u00e9occupations de sant\u00e9 permet aux plongeurs de mieux se pr\u00e9parer. Cela conduit finalement \u00e0 des exp\u00e9riences \u00e0 la fois plus s\u00fbres et plus agr\u00e9ables. <\/p>","protected":false},"author":1,"featured_media":14350,"parent":41,"menu_order":188,"comment_status":"closed","ping_status":"closed","template":"templates\/page-landing-cards.php","meta":{"_acf_changed":false,"_ef_editorial_meta_date_first-draft-date":"","_ef_editorial_meta_paragraph_assignment":"","_ef_editorial_meta_checkbox_needs-photo":"","_ef_editorial_meta_number_word-count":"","footnotes":""},"class_list":["post-386","page","type-page","status-publish","has-post-thumbnail","hentry"],"acf":[],"yoast_head":"<!-- This site is optimized with the Yoast SEO Premium plugin v27.4 (Yoast SEO v27.4) - https:\/\/yoast.com\/product\/yoast-seo-premium-wordpress\/ -->\n<title>Divers Blog - DAN World<\/title>\n<meta name=\"description\" content=\"The diver-centric articles provide quick and relevant information on topics that concern diver safety \u2014 from COVID-19 to fin foot and beyond.\" \/>\n<meta name=\"robots\" content=\"index, follow, max-snippet:-1, max-image-preview:large, max-video-preview:-1\" \/>\n<link rel=\"canonical\" href=\"https:\/\/world.dan.org\/fr\/safety-prevention\/diver-safety\/divers-blog\/\" \/>\n<meta property=\"og:locale\" content=\"fr_CA\" \/>\n<meta property=\"og:type\" content=\"article\" \/>\n<meta property=\"og:title\" content=\"Divers Blog\" \/>\n<meta property=\"og:description\" content=\"The diver-centric articles provide quick and relevant information on topics that concern diver safety \u2014 from COVID-19 to fin foot and beyond.\" \/>\n<meta property=\"og:url\" content=\"https:\/\/world.dan.org\/fr\/safety-prevention\/diver-safety\/divers-blog\/\" \/>\n<meta property=\"og:site_name\" content=\"DAN World\" \/>\n<meta property=\"article:modified_time\" content=\"2024-08-27T12:38:56+00:00\" \/>\n<meta property=\"og:image\" content=\"https:\/\/world.dan.org\/wp-content\/uploads\/2020\/10\/scuba-diver-blog-638510870-DAN-1200x600-1.jpg\" \/>\n\t<meta property=\"og:image:width\" content=\"1200\" \/>\n\t<meta property=\"og:image:height\" content=\"600\" \/>\n\t<meta property=\"og:image:type\" content=\"image\/jpeg\" \/>\n<meta name=\"twitter:card\" content=\"summary_large_image\" \/>\n<meta name=\"twitter:title\" content=\"Divers Blog\" \/>\n<meta name=\"twitter:description\" content=\"The diver-centric articles provide quick and relevant information on topics that concern diver safety \u2014 from COVID-19 to fin foot and beyond.\" \/>\n<meta name=\"twitter:image\" content=\"https:\/\/world.dan.org\/wp-content\/uploads\/2020\/10\/scuba-diver-blog-638510870-DAN-1200x600-1.jpg\" \/>\n<meta name=\"twitter:label1\" content=\"Est. reading time\" \/>\n\t<meta name=\"twitter:data1\" content=\"1 minute\" \/>\n<script type=\"application\/ld+json\" class=\"yoast-schema-graph\">{\"@context\":\"https:\\\/\\\/schema.org\",\"@graph\":[{\"@type\":\"WebPage\",\"@id\":\"https:\\\/\\\/world.dan.org\\\/es\\\/safety-prevention\\\/diver-safety\\\/divers-blog\\\/\",\"url\":\"https:\\\/\\\/world.dan.org\\\/es\\\/safety-prevention\\\/diver-safety\\\/divers-blog\\\/\",\"name\":\"Divers Blog - DAN World\",\"isPartOf\":{\"@id\":\"https:\\\/\\\/world.dan.org\\\/es\\\/#website\"},\"primaryImageOfPage\":{\"@id\":\"https:\\\/\\\/world.dan.org\\\/es\\\/safety-prevention\\\/diver-safety\\\/divers-blog\\\/#primaryimage\"},\"image\":{\"@id\":\"https:\\\/\\\/world.dan.org\\\/es\\\/safety-prevention\\\/diver-safety\\\/divers-blog\\\/#primaryimage\"},\"thumbnailUrl\":\"https:\\\/\\\/world.dan.org\\\/wp-content\\\/uploads\\\/2020\\\/10\\\/scuba-diver-blog-638510870-DAN-1200x600-2.jpg\",\"datePublished\":\"2020-05-12T14:10:11+00:00\",\"dateModified\":\"2024-08-27T12:38:56+00:00\",\"description\":\"The diver-centric articles provide quick and relevant information on topics that concern diver safety \u2014 from COVID-19 to fin foot and beyond.\",\"breadcrumb\":{\"@id\":\"https:\\\/\\\/world.dan.org\\\/es\\\/safety-prevention\\\/diver-safety\\\/divers-blog\\\/#breadcrumb\"},\"inLanguage\":\"fr-CA\",\"potentialAction\":[{\"@type\":\"ReadAction\",\"target\":[\"https:\\\/\\\/world.dan.org\\\/es\\\/safety-prevention\\\/diver-safety\\\/divers-blog\\\/\"]}]},{\"@type\":\"ImageObject\",\"inLanguage\":\"fr-CA\",\"@id\":\"https:\\\/\\\/world.dan.org\\\/es\\\/safety-prevention\\\/diver-safety\\\/divers-blog\\\/#primaryimage\",\"url\":\"https:\\\/\\\/world.dan.org\\\/wp-content\\\/uploads\\\/2020\\\/10\\\/scuba-diver-blog-638510870-DAN-1200x600-2.jpg\",\"contentUrl\":\"https:\\\/\\\/world.dan.org\\\/wp-content\\\/uploads\\\/2020\\\/10\\\/scuba-diver-blog-638510870-DAN-1200x600-2.jpg\",\"width\":1200,\"height\":600,\"caption\":\"marine biologist studies the coral reef\"},{\"@type\":\"BreadcrumbList\",\"@id\":\"https:\\\/\\\/world.dan.org\\\/es\\\/safety-prevention\\\/diver-safety\\\/divers-blog\\\/#breadcrumb\",\"itemListElement\":[{\"@type\":\"ListItem\",\"position\":1,\"name\":\"Home\",\"item\":\"https:\\\/\\\/world.dan.org\\\/\"},{\"@type\":\"ListItem\",\"position\":2,\"name\":\"Safety &#038; Prevention\",\"item\":\"https:\\\/\\\/world.dan.org\\\/safety-prevention\\\/\"},{\"@type\":\"ListItem\",\"position\":3,\"name\":\"Diver Safety\",\"item\":\"https:\\\/\\\/world.dan.org\\\/safety-prevention\\\/diver-safety\\\/\"},{\"@type\":\"ListItem\",\"position\":4,\"name\":\"Divers Blog\"}]},{\"@type\":\"WebSite\",\"@id\":\"https:\\\/\\\/world.dan.org\\\/es\\\/#website\",\"url\":\"https:\\\/\\\/world.dan.org\\\/es\\\/\",\"name\":\"DAN World\",\"description\":\"\",\"publisher\":{\"@id\":\"https:\\\/\\\/world.dan.org\\\/es\\\/#organization\"},\"potentialAction\":[{\"@type\":\"SearchAction\",\"target\":{\"@type\":\"EntryPoint\",\"urlTemplate\":\"https:\\\/\\\/world.dan.org\\\/es\\\/?s={search_term_string}\"},\"query-input\":{\"@type\":\"PropertyValueSpecification\",\"valueRequired\":true,\"valueName\":\"search_term_string\"}}],\"inLanguage\":\"fr-CA\"},{\"@type\":\"Organization\",\"@id\":\"https:\\\/\\\/world.dan.org\\\/es\\\/#organization\",\"name\":\"DAN World\",\"url\":\"https:\\\/\\\/world.dan.org\\\/es\\\/\",\"logo\":{\"@type\":\"ImageObject\",\"inLanguage\":\"fr-CA\",\"@id\":\"https:\\\/\\\/world.dan.org\\\/es\\\/#\\\/schema\\\/logo\\\/image\\\/\",\"url\":\"https:\\\/\\\/world.dan.org\\\/wp-content\\\/uploads\\\/2022\\\/04\\\/DAN-World-logo-sm-52px.svg\",\"contentUrl\":\"https:\\\/\\\/world.dan.org\\\/wp-content\\\/uploads\\\/2022\\\/04\\\/DAN-World-logo-sm-52px.svg\",\"width\":175,\"height\":52,\"caption\":\"DAN World\"},\"image\":{\"@id\":\"https:\\\/\\\/world.dan.org\\\/es\\\/#\\\/schema\\\/logo\\\/image\\\/\"}}]}<\/script>\n<!-- \/ Yoast SEO Premium plugin. -->","yoast_head_json":{"title":"Blog des plongeurs - DAN World","description":"Les articles centr\u00e9s sur les plongeurs fournissent des informations rapides et pertinentes sur les sujets qui concernent la s\u00e9curit\u00e9 des plongeurs - de COVID-19 au pied de palme et au-del\u00e0.","robots":{"index":"index","follow":"follow","max-snippet":"max-snippet:-1","max-image-preview":"max-image-preview:large","max-video-preview":"max-video-preview:-1"},"canonical":"https:\/\/world.dan.org\/fr\/safety-prevention\/diver-safety\/divers-blog\/","og_locale":"fr_CA","og_type":"article","og_title":"Divers Blog","og_description":"The diver-centric articles provide quick and relevant information on topics that concern diver safety \u2014 from COVID-19 to fin foot and beyond.","og_url":"https:\/\/world.dan.org\/fr\/safety-prevention\/diver-safety\/divers-blog\/","og_site_name":"DAN World","article_modified_time":"2024-08-27T12:38:56+00:00","og_image":[{"width":1200,"height":600,"url":"https:\/\/world.dan.org\/wp-content\/uploads\/2020\/10\/scuba-diver-blog-638510870-DAN-1200x600-1.jpg","type":"image\/jpeg"}],"twitter_card":"summary_large_image","twitter_title":"Divers Blog","twitter_description":"The diver-centric articles provide quick and relevant information on topics that concern diver safety \u2014 from COVID-19 to fin foot and beyond.","twitter_image":"https:\/\/world.dan.org\/wp-content\/uploads\/2020\/10\/scuba-diver-blog-638510870-DAN-1200x600-1.jpg","twitter_misc":{"Est. reading time":"1 minute"},"schema":{"@context":"https:\/\/schema.org","@graph":[{"@type":"WebPage","@id":"https:\/\/world.dan.org\/es\/safety-prevention\/diver-safety\/divers-blog\/","url":"https:\/\/world.dan.org\/es\/safety-prevention\/diver-safety\/divers-blog\/","name":"Blog des plongeurs - DAN World","isPartOf":{"@id":"https:\/\/world.dan.org\/es\/#website"},"primaryImageOfPage":{"@id":"https:\/\/world.dan.org\/es\/safety-prevention\/diver-safety\/divers-blog\/#primaryimage"},"image":{"@id":"https:\/\/world.dan.org\/es\/safety-prevention\/diver-safety\/divers-blog\/#primaryimage"},"thumbnailUrl":"https:\/\/world.dan.org\/wp-content\/uploads\/2020\/10\/scuba-diver-blog-638510870-DAN-1200x600-2.jpg","datePublished":"2020-05-12T14:10:11+00:00","dateModified":"2024-08-27T12:38:56+00:00","description":"Les articles centr\u00e9s sur les plongeurs fournissent des informations rapides et pertinentes sur les sujets qui concernent la s\u00e9curit\u00e9 des plongeurs - de COVID-19 au pied de palme et au-del\u00e0.","breadcrumb":{"@id":"https:\/\/world.dan.org\/es\/safety-prevention\/diver-safety\/divers-blog\/#breadcrumb"},"inLanguage":"fr-CA","potentialAction":[{"@type":"ReadAction","target":["https:\/\/world.dan.org\/es\/safety-prevention\/diver-safety\/divers-blog\/"]}]},{"@type":"ImageObject","inLanguage":"fr-CA","@id":"https:\/\/world.dan.org\/es\/safety-prevention\/diver-safety\/divers-blog\/#primaryimage","url":"https:\/\/world.dan.org\/wp-content\/uploads\/2020\/10\/scuba-diver-blog-638510870-DAN-1200x600-2.jpg","contentUrl":"https:\/\/world.dan.org\/wp-content\/uploads\/2020\/10\/scuba-diver-blog-638510870-DAN-1200x600-2.jpg","width":1200,"height":600,"caption":"marine biologist studies the coral reef"},{"@type":"BreadcrumbList","@id":"https:\/\/world.dan.org\/es\/safety-prevention\/diver-safety\/divers-blog\/#breadcrumb","itemListElement":[{"@type":"ListItem","position":1,"name":"Home","item":"https:\/\/world.dan.org\/"},{"@type":"ListItem","position":2,"name":"Safety &#038; Prevention","item":"https:\/\/world.dan.org\/safety-prevention\/"},{"@type":"ListItem","position":3,"name":"Diver Safety","item":"https:\/\/world.dan.org\/safety-prevention\/diver-safety\/"},{"@type":"ListItem","position":4,"name":"Divers Blog"}]},{"@type":"WebSite","@id":"https:\/\/world.dan.org\/es\/#website","url":"https:\/\/world.dan.org\/es\/","name":"DAN World","description":"","publisher":{"@id":"https:\/\/world.dan.org\/es\/#organization"},"potentialAction":[{"@type":"SearchAction","target":{"@type":"EntryPoint","urlTemplate":"https:\/\/world.dan.org\/es\/?s={search_term_string}"},"query-input":{"@type":"PropertyValueSpecification","valueRequired":true,"valueName":"search_term_string"}}],"inLanguage":"fr-CA"},{"@type":"Organization","@id":"https:\/\/world.dan.org\/es\/#organization","name":"DAN World","url":"https:\/\/world.dan.org\/es\/","logo":{"@type":"ImageObject","inLanguage":"fr-CA","@id":"https:\/\/world.dan.org\/es\/#\/schema\/logo\/image\/","url":"https:\/\/world.dan.org\/wp-content\/uploads\/2022\/04\/DAN-World-logo-sm-52px.svg","contentUrl":"https:\/\/world.dan.org\/wp-content\/uploads\/2022\/04\/DAN-World-logo-sm-52px.svg","width":175,"height":52,"caption":"DAN World"},"image":{"@id":"https:\/\/world.dan.org\/es\/#\/schema\/logo\/image\/"}}]}},"_links":{"self":[{"href":"https:\/\/world.dan.org\/fr\/wp-json\/wp\/v2\/pages\/386","targetHints":{"allow":["GET"]}}],"collection":[{"href":"https:\/\/world.dan.org\/fr\/wp-json\/wp\/v2\/pages"}],"about":[{"href":"https:\/\/world.dan.org\/fr\/wp-json\/wp\/v2\/types\/page"}],"author":[{"embeddable":true,"href":"https:\/\/world.dan.org\/fr\/wp-json\/wp\/v2\/users\/1"}],"replies":[{"embeddable":true,"href":"https:\/\/world.dan.org\/fr\/wp-json\/wp\/v2\/comments?post=386"}],"version-history":[{"count":0,"href":"https:\/\/world.dan.org\/fr\/wp-json\/wp\/v2\/pages\/386\/revisions"}],"up":[{"embeddable":true,"href":"https:\/\/world.dan.org\/fr\/wp-json\/wp\/v2\/pages\/41"}],"wp:featuredmedia":[{"embeddable":true,"href":"https:\/\/world.dan.org\/fr\/wp-json\/wp\/v2\/media\/14350"}],"wp:attachment":[{"href":"https:\/\/world.dan.org\/fr\/wp-json\/wp\/v2\/media?parent=386"}],"curies":[{"name":"wp","href":"https:\/\/api.w.org\/{rel}","templated":true}]}}