{"id":389,"date":"2020-05-12T10:10:54","date_gmt":"2020-05-12T14:10:54","guid":{"rendered":"https:\/\/dan.devhammer.com\/?page_id=389"},"modified":"2022-07-06T10:16:12","modified_gmt":"2022-07-06T14:16:12","slug":"psa","status":"publish","type":"page","link":"https:\/\/world.dan.org\/fr\/safety-prevention\/diver-safety\/psa\/","title":{"rendered":"Campagnes DAN pour la s\u00e9curit\u00e9 des plongeurs"},"content":{"rendered":"<div style=\"height:30px\" aria-hidden=\"true\" class=\"wp-block-spacer\"><\/div>\n\n\n\n<p>Pour prendre des d\u00e9cisions \u00e9clair\u00e9es en mati\u00e8re de s\u00e9curit\u00e9 des plong\u00e9es, il faut disposer d'informations fiables. Gr\u00e2ce \u00e0 nos campagnes de s\u00e9curit\u00e9 publique, DAN recueille, analyse et interpr\u00e8te les donn\u00e9es relatives aux incidents de plong\u00e9e et les pr\u00e9sente sous des formes utiles aux plongeurs. Lorsqu'il s'agit d'am\u00e9liorer la gestion des risques et de r\u00e9duire les incidents, il est essentiel de comprendre les diff\u00e9rents facteurs pertinents.<\/p>\n\n\n\n<div style=\"height:30px\" aria-hidden=\"true\" class=\"wp-block-spacer\"><\/div>\n\n\n\n<hr class=\"wp-block-separator has-text-color has-background has-dan-light-gray-background-color has-dan-light-gray-color\"\/>\n\n\n\n<div style=\"height:30px\" aria-hidden=\"true\" class=\"wp-block-spacer\"><\/div>\n\n\n\n<div class=\"wp-block-columns is-layout-flex wp-container-core-columns-is-layout-9d6595d7 wp-block-columns-is-layout-flex\">\n<div class=\"wp-block-column is-layout-flow wp-block-column-is-layout-flow\">\n<figure class=\"wp-block-image size-large\"><a href=\"https:\/\/world.dan.org\/fr\/lionfish-awareness-2\/\"><img loading=\"lazy\" decoding=\"async\" width=\"1024\" height=\"512\" src=\"https:\/\/world.dan.org\/wp-content\/uploads\/2021\/07\/lionfish-1206531597-1024x512-1.jpg\" alt=\"\" class=\"wp-image-17478\" srcset=\"https:\/\/world.dan.org\/wp-content\/uploads\/2021\/07\/lionfish-1206531597-1024x512-1.jpg 1024w, https:\/\/world.dan.org\/wp-content\/uploads\/2021\/07\/lionfish-1206531597-1024x512-1-360x180.jpg 360w, https:\/\/world.dan.org\/wp-content\/uploads\/2021\/07\/lionfish-1206531597-1024x512-1-768x384.jpg 768w, https:\/\/world.dan.org\/wp-content\/uploads\/2021\/07\/lionfish-1206531597-1024x512-1-18x9.jpg 18w\" sizes=\"auto, (max-width: 1024px) 100vw, 1024px\" \/><\/a><\/figure>\n\n\n\n<h3 class=\"has-medium-font-size wp-block-heading\">Sensibilisation sur le poisson-lion<\/h3>\n\n\n\n<p>Que doivent conna\u00eetre les plongeurs sur le poisson-lion?<\/p>\n\n\n\n<p>Le poisson-lion (ou poisson-z\u00e8bre) est le nom commun d'un genre de poisson venimeux que l'on trouve couramment dans les r\u00e9cifs tropicaux. Originaire de l'indo-pacifique, le poisson-lion est devenu une esp\u00e8ce envahissante dans l'Atlantique Ouest.<\/p>\n\n\n\n<p><a href=\"https:\/\/world.dan.org\/fr\/lionfish-awareness-2\/\">En savoir plus<\/a><\/p>\n<\/div>\n\n\n\n<div class=\"wp-block-column is-layout-flow wp-block-column-is-layout-flow\">\n<figure class=\"wp-block-image size-large\"><a href=\"https:\/\/world.dan.org\/fr\/safety-prevention\/diver-safety\/psa\/breathing-gas-contamination\/\"><img loading=\"lazy\" decoding=\"async\" width=\"1024\" height=\"512\" src=\"https:\/\/world.dan.org\/wp-content\/uploads\/2021\/07\/bad-air-IMG_7960-DAN-1024x512-1.jpg\" alt=\"\" class=\"wp-image-17479\" srcset=\"https:\/\/world.dan.org\/wp-content\/uploads\/2021\/07\/bad-air-IMG_7960-DAN-1024x512-1.jpg 1024w, https:\/\/world.dan.org\/wp-content\/uploads\/2021\/07\/bad-air-IMG_7960-DAN-1024x512-1-360x180.jpg 360w, https:\/\/world.dan.org\/wp-content\/uploads\/2021\/07\/bad-air-IMG_7960-DAN-1024x512-1-768x384.jpg 768w, https:\/\/world.dan.org\/wp-content\/uploads\/2021\/07\/bad-air-IMG_7960-DAN-1024x512-1-18x9.jpg 18w\" sizes=\"auto, (max-width: 1024px) 100vw, 1024px\" \/><\/a><\/figure>\n\n\n\n<h3 class=\"has-medium-font-size wp-block-heading\">Contamination des gaz de plong\u00e9e<\/h3>\n\n\n\n<p>Les effets sur la sant\u00e9 des plongeurs varient en fonction du contaminant. Les sympt\u00f4mes les plus graves li\u00e9s \u00e0 l'inhalation de gaz contamin\u00e9s sont l'alt\u00e9ration du jugement et la perte de conscience, qui peuvent toutes deux \u00eatre mortelles sous l'eau.<\/p>\n\n\n\n<p><a href=\"https:\/\/world.dan.org\/fr\/safety-prevention\/diver-safety\/psa\/breathing-gas-contamination\/\">En savoir plus<\/a><\/p>\n<\/div>\n\n\n\n<div class=\"wp-block-column is-layout-flow wp-block-column-is-layout-flow\">\n<figure class=\"wp-block-image size-large\"><img loading=\"lazy\" decoding=\"async\" width=\"1024\" height=\"512\" src=\"https:\/\/world.dan.org\/wp-content\/uploads\/2021\/07\/dive-flag-91778801-1024x512-1.jpg\" alt=\"\" class=\"wp-image-17514\" srcset=\"https:\/\/world.dan.org\/wp-content\/uploads\/2021\/07\/dive-flag-91778801-1024x512-1.jpg 1024w, https:\/\/world.dan.org\/wp-content\/uploads\/2021\/07\/dive-flag-91778801-1024x512-1-360x180.jpg 360w, https:\/\/world.dan.org\/wp-content\/uploads\/2021\/07\/dive-flag-91778801-1024x512-1-768x384.jpg 768w, https:\/\/world.dan.org\/wp-content\/uploads\/2021\/07\/dive-flag-91778801-1024x512-1-18x9.jpg 18w\" sizes=\"auto, (max-width: 1024px) 100vw, 1024px\" \/><\/figure>\n\n\n\n<h3 class=\"has-medium-font-size wp-block-heading\">Guide de s\u00e9curit\u00e9 nautique<\/h3>\n\n\n\n<p>Pour \u00e9viter les accidents et les d\u00e9c\u00e8s dus aux collisions avec les h\u00e9lices et les embarcations, les plongeurs et les navigateurs doivent \u00eatre attentifs les uns des autres. Veillez \u00e0 v\u00e9rifier les r\u00e9glementations locales avant de quitter le quai.<\/p>\n\n\n\n<p><a href=\"https:\/\/world.dan.org\/fr\/safety-prevention\/diver-safety\/psa\/safe-boating-guidelines\/\">En savoir plus<\/a><\/p>\n<\/div>\n<\/div>","protected":false},"excerpt":{"rendered":"<p>Making informed decisions about dive safety requires reliable information. Through our public safety campaigns, DAN collects, analyzes and interprets dive incident data and presents it in formats useful to divers. [&hellip;]<\/p>\n","protected":false},"author":1,"featured_media":17483,"parent":41,"menu_order":189,"comment_status":"closed","ping_status":"closed","template":"","meta":{"_acf_changed":false,"_ef_editorial_meta_date_first-draft-date":"","_ef_editorial_meta_paragraph_assignment":"","_ef_editorial_meta_checkbox_needs-photo":"","_ef_editorial_meta_number_word-count":"","footnotes":""},"class_list":["post-389","page","type-page","status-publish","has-post-thumbnail","hentry"],"acf":[],"yoast_head":"<!-- This site is optimized with the Yoast SEO Premium plugin v27.4 (Yoast SEO v27.4) - https:\/\/yoast.com\/product\/yoast-seo-premium-wordpress\/ -->\n<title>DAN Diver Safety Campaigns - DAN World<\/title>\n<meta name=\"description\" content=\"DAN diver safety campaigns collects, analyzes and interprets dive incident data and presents it in formats useful to divers.\" \/>\n<meta name=\"robots\" content=\"index, follow, max-snippet:-1, max-image-preview:large, max-video-preview:-1\" \/>\n<link rel=\"canonical\" href=\"https:\/\/world.dan.org\/fr\/safety-prevention\/diver-safety\/psa\/\" \/>\n<meta property=\"og:locale\" content=\"fr_CA\" \/>\n<meta property=\"og:type\" content=\"article\" \/>\n<meta property=\"og:title\" content=\"DAN Diver Safety Campaigns\" \/>\n<meta property=\"og:description\" content=\"Making informed decisions about dive safety requires reliable information. Through our public safety campaigns, DAN collects, analyzes and interprets dive incident data and presents it in formats useful to divers.\" \/>\n<meta property=\"og:url\" content=\"https:\/\/world.dan.org\/fr\/safety-prevention\/diver-safety\/psa\/\" \/>\n<meta property=\"og:site_name\" content=\"DAN World\" \/>\n<meta property=\"article:modified_time\" content=\"2022-07-06T14:16:12+00:00\" \/>\n<meta property=\"og:image\" content=\"https:\/\/world.dan.org\/wp-content\/uploads\/2021\/07\/diver-safety-campaign-172439194-DAN-1200x600-1.jpg\" \/>\n\t<meta property=\"og:image:width\" content=\"1200\" \/>\n\t<meta property=\"og:image:height\" content=\"600\" \/>\n\t<meta property=\"og:image:type\" content=\"image\/jpeg\" \/>\n<meta name=\"twitter:card\" content=\"summary_large_image\" \/>\n<meta name=\"twitter:title\" content=\"DAN Diver Safety Campaigns\" \/>\n<meta name=\"twitter:description\" content=\"Making informed decisions about dive safety requires reliable information. Through our public safety campaigns, DAN collects, analyzes and interprets dive incident data and presents it in formats useful to divers.\" \/>\n<meta name=\"twitter:image\" content=\"https:\/\/world.dan.org\/wp-content\/uploads\/2021\/07\/diver-safety-campaign-172439194-DAN-1200x600-1.jpg\" \/>\n<meta name=\"twitter:label1\" content=\"Est. reading time\" \/>\n\t<meta name=\"twitter:data1\" content=\"2 minutes\" \/>\n<script type=\"application\/ld+json\" class=\"yoast-schema-graph\">{\"@context\":\"https:\\\/\\\/schema.org\",\"@graph\":[{\"@type\":\"WebPage\",\"@id\":\"https:\\\/\\\/world.dan.org\\\/safety-prevention\\\/diver-safety\\\/psa\\\/\",\"url\":\"https:\\\/\\\/world.dan.org\\\/safety-prevention\\\/diver-safety\\\/psa\\\/\",\"name\":\"DAN Diver Safety Campaigns - DAN World\",\"isPartOf\":{\"@id\":\"https:\\\/\\\/world.dan.org\\\/es\\\/#website\"},\"primaryImageOfPage\":{\"@id\":\"https:\\\/\\\/world.dan.org\\\/safety-prevention\\\/diver-safety\\\/psa\\\/#primaryimage\"},\"image\":{\"@id\":\"https:\\\/\\\/world.dan.org\\\/safety-prevention\\\/diver-safety\\\/psa\\\/#primaryimage\"},\"thumbnailUrl\":\"https:\\\/\\\/world.dan.org\\\/wp-content\\\/uploads\\\/2021\\\/07\\\/diver-safety-campaign-172439194-DAN-1200x600-1.jpg\",\"datePublished\":\"2020-05-12T14:10:54+00:00\",\"dateModified\":\"2022-07-06T14:16:12+00:00\",\"description\":\"DAN diver safety campaigns collects, analyzes and interprets dive incident data and presents it in formats useful to divers.\",\"breadcrumb\":{\"@id\":\"https:\\\/\\\/world.dan.org\\\/safety-prevention\\\/diver-safety\\\/psa\\\/#breadcrumb\"},\"inLanguage\":\"fr-CA\",\"potentialAction\":[{\"@type\":\"ReadAction\",\"target\":[\"https:\\\/\\\/world.dan.org\\\/safety-prevention\\\/diver-safety\\\/psa\\\/\"]}]},{\"@type\":\"ImageObject\",\"inLanguage\":\"fr-CA\",\"@id\":\"https:\\\/\\\/world.dan.org\\\/safety-prevention\\\/diver-safety\\\/psa\\\/#primaryimage\",\"url\":\"https:\\\/\\\/world.dan.org\\\/wp-content\\\/uploads\\\/2021\\\/07\\\/diver-safety-campaign-172439194-DAN-1200x600-1.jpg\",\"contentUrl\":\"https:\\\/\\\/world.dan.org\\\/wp-content\\\/uploads\\\/2021\\\/07\\\/diver-safety-campaign-172439194-DAN-1200x600-1.jpg\",\"width\":1200,\"height\":600,\"caption\":\"Dive master training a couple for first dive in a tropical turquoise island beach. Travel, relaxing and leisure related themes for vacations in the Caribbean. Image taken at Los Roques, Venezuela. Los Roques is an archipelago or group of small islands located at 80 miles north of the Venezuelan coastline and a very popular destination for leisure, diving, kite surfing and all king of water activities. Los Roques and the beauty of the turquoise coastal beaches of Venezuela are almost indistinguishable from those of the Bahamas, French Polynesia, Malau, Hawaii, Cancun, Costa Rica, Florida, Maldives, Cuba, Fiji, Bora Bora, Puerto Rico, Honduras, or other tropical vacation travel destinations.\"},{\"@type\":\"BreadcrumbList\",\"@id\":\"https:\\\/\\\/world.dan.org\\\/safety-prevention\\\/diver-safety\\\/psa\\\/#breadcrumb\",\"itemListElement\":[{\"@type\":\"ListItem\",\"position\":1,\"name\":\"Home\",\"item\":\"https:\\\/\\\/world.dan.org\\\/\"},{\"@type\":\"ListItem\",\"position\":2,\"name\":\"Safety &#038; Prevention\",\"item\":\"https:\\\/\\\/world.dan.org\\\/safety-prevention\\\/\"},{\"@type\":\"ListItem\",\"position\":3,\"name\":\"Diver Safety\",\"item\":\"https:\\\/\\\/world.dan.org\\\/safety-prevention\\\/diver-safety\\\/\"},{\"@type\":\"ListItem\",\"position\":4,\"name\":\"DAN Diver Safety Campaigns\"}]},{\"@type\":\"WebSite\",\"@id\":\"https:\\\/\\\/world.dan.org\\\/es\\\/#website\",\"url\":\"https:\\\/\\\/world.dan.org\\\/es\\\/\",\"name\":\"DAN World\",\"description\":\"\",\"publisher\":{\"@id\":\"https:\\\/\\\/world.dan.org\\\/es\\\/#organization\"},\"potentialAction\":[{\"@type\":\"SearchAction\",\"target\":{\"@type\":\"EntryPoint\",\"urlTemplate\":\"https:\\\/\\\/world.dan.org\\\/es\\\/?s={search_term_string}\"},\"query-input\":{\"@type\":\"PropertyValueSpecification\",\"valueRequired\":true,\"valueName\":\"search_term_string\"}}],\"inLanguage\":\"fr-CA\"},{\"@type\":\"Organization\",\"@id\":\"https:\\\/\\\/world.dan.org\\\/es\\\/#organization\",\"name\":\"DAN World\",\"url\":\"https:\\\/\\\/world.dan.org\\\/es\\\/\",\"logo\":{\"@type\":\"ImageObject\",\"inLanguage\":\"fr-CA\",\"@id\":\"https:\\\/\\\/world.dan.org\\\/es\\\/#\\\/schema\\\/logo\\\/image\\\/\",\"url\":\"https:\\\/\\\/world.dan.org\\\/wp-content\\\/uploads\\\/2022\\\/04\\\/DAN-World-logo-sm-52px.svg\",\"contentUrl\":\"https:\\\/\\\/world.dan.org\\\/wp-content\\\/uploads\\\/2022\\\/04\\\/DAN-World-logo-sm-52px.svg\",\"width\":175,\"height\":52,\"caption\":\"DAN World\"},\"image\":{\"@id\":\"https:\\\/\\\/world.dan.org\\\/es\\\/#\\\/schema\\\/logo\\\/image\\\/\"}}]}<\/script>\n<!-- \/ Yoast SEO Premium plugin. -->","yoast_head_json":{"title":"Campagnes de s\u00e9curit\u00e9 des plongeurs DAN - DAN World","description":"Les campagnes de s\u00e9curit\u00e9 des plongeurs du DAN collectent, analysent et interpr\u00e8tent les donn\u00e9es relatives aux incidents de plong\u00e9e et les pr\u00e9sentent dans des formats utiles aux plongeurs.","robots":{"index":"index","follow":"follow","max-snippet":"max-snippet:-1","max-image-preview":"max-image-preview:large","max-video-preview":"max-video-preview:-1"},"canonical":"https:\/\/world.dan.org\/fr\/safety-prevention\/diver-safety\/psa\/","og_locale":"fr_CA","og_type":"article","og_title":"DAN Diver Safety Campaigns","og_description":"Making informed decisions about dive safety requires reliable information. Through our public safety campaigns, DAN collects, analyzes and interprets dive incident data and presents it in formats useful to divers.","og_url":"https:\/\/world.dan.org\/fr\/safety-prevention\/diver-safety\/psa\/","og_site_name":"DAN World","article_modified_time":"2022-07-06T14:16:12+00:00","og_image":[{"width":1200,"height":600,"url":"https:\/\/world.dan.org\/wp-content\/uploads\/2021\/07\/diver-safety-campaign-172439194-DAN-1200x600-1.jpg","type":"image\/jpeg"}],"twitter_card":"summary_large_image","twitter_title":"DAN Diver Safety Campaigns","twitter_description":"Making informed decisions about dive safety requires reliable information. Through our public safety campaigns, DAN collects, analyzes and interprets dive incident data and presents it in formats useful to divers.","twitter_image":"https:\/\/world.dan.org\/wp-content\/uploads\/2021\/07\/diver-safety-campaign-172439194-DAN-1200x600-1.jpg","twitter_misc":{"Est. reading time":"2 minutes"},"schema":{"@context":"https:\/\/schema.org","@graph":[{"@type":"WebPage","@id":"https:\/\/world.dan.org\/safety-prevention\/diver-safety\/psa\/","url":"https:\/\/world.dan.org\/safety-prevention\/diver-safety\/psa\/","name":"Campagnes de s\u00e9curit\u00e9 des plongeurs DAN - DAN World","isPartOf":{"@id":"https:\/\/world.dan.org\/es\/#website"},"primaryImageOfPage":{"@id":"https:\/\/world.dan.org\/safety-prevention\/diver-safety\/psa\/#primaryimage"},"image":{"@id":"https:\/\/world.dan.org\/safety-prevention\/diver-safety\/psa\/#primaryimage"},"thumbnailUrl":"https:\/\/world.dan.org\/wp-content\/uploads\/2021\/07\/diver-safety-campaign-172439194-DAN-1200x600-1.jpg","datePublished":"2020-05-12T14:10:54+00:00","dateModified":"2022-07-06T14:16:12+00:00","description":"Les campagnes de s\u00e9curit\u00e9 des plongeurs du DAN collectent, analysent et interpr\u00e8tent les donn\u00e9es relatives aux incidents de plong\u00e9e et les pr\u00e9sentent dans des formats utiles aux plongeurs.","breadcrumb":{"@id":"https:\/\/world.dan.org\/safety-prevention\/diver-safety\/psa\/#breadcrumb"},"inLanguage":"fr-CA","potentialAction":[{"@type":"ReadAction","target":["https:\/\/world.dan.org\/safety-prevention\/diver-safety\/psa\/"]}]},{"@type":"ImageObject","inLanguage":"fr-CA","@id":"https:\/\/world.dan.org\/safety-prevention\/diver-safety\/psa\/#primaryimage","url":"https:\/\/world.dan.org\/wp-content\/uploads\/2021\/07\/diver-safety-campaign-172439194-DAN-1200x600-1.jpg","contentUrl":"https:\/\/world.dan.org\/wp-content\/uploads\/2021\/07\/diver-safety-campaign-172439194-DAN-1200x600-1.jpg","width":1200,"height":600,"caption":"Dive master training a couple for first dive in a tropical turquoise island beach. Travel, relaxing and leisure related themes for vacations in the Caribbean. Image taken at Los Roques, Venezuela. Los Roques is an archipelago or group of small islands located at 80 miles north of the Venezuelan coastline and a very popular destination for leisure, diving, kite surfing and all king of water activities. Los Roques and the beauty of the turquoise coastal beaches of Venezuela are almost indistinguishable from those of the Bahamas, French Polynesia, Malau, Hawaii, Cancun, Costa Rica, Florida, Maldives, Cuba, Fiji, Bora Bora, Puerto Rico, Honduras, or other tropical vacation travel destinations."},{"@type":"BreadcrumbList","@id":"https:\/\/world.dan.org\/safety-prevention\/diver-safety\/psa\/#breadcrumb","itemListElement":[{"@type":"ListItem","position":1,"name":"Home","item":"https:\/\/world.dan.org\/"},{"@type":"ListItem","position":2,"name":"Safety &#038; Prevention","item":"https:\/\/world.dan.org\/safety-prevention\/"},{"@type":"ListItem","position":3,"name":"Diver Safety","item":"https:\/\/world.dan.org\/safety-prevention\/diver-safety\/"},{"@type":"ListItem","position":4,"name":"DAN Diver Safety Campaigns"}]},{"@type":"WebSite","@id":"https:\/\/world.dan.org\/es\/#website","url":"https:\/\/world.dan.org\/es\/","name":"DAN World","description":"","publisher":{"@id":"https:\/\/world.dan.org\/es\/#organization"},"potentialAction":[{"@type":"SearchAction","target":{"@type":"EntryPoint","urlTemplate":"https:\/\/world.dan.org\/es\/?s={search_term_string}"},"query-input":{"@type":"PropertyValueSpecification","valueRequired":true,"valueName":"search_term_string"}}],"inLanguage":"fr-CA"},{"@type":"Organization","@id":"https:\/\/world.dan.org\/es\/#organization","name":"DAN World","url":"https:\/\/world.dan.org\/es\/","logo":{"@type":"ImageObject","inLanguage":"fr-CA","@id":"https:\/\/world.dan.org\/es\/#\/schema\/logo\/image\/","url":"https:\/\/world.dan.org\/wp-content\/uploads\/2022\/04\/DAN-World-logo-sm-52px.svg","contentUrl":"https:\/\/world.dan.org\/wp-content\/uploads\/2022\/04\/DAN-World-logo-sm-52px.svg","width":175,"height":52,"caption":"DAN World"},"image":{"@id":"https:\/\/world.dan.org\/es\/#\/schema\/logo\/image\/"}}]}},"_links":{"self":[{"href":"https:\/\/world.dan.org\/fr\/wp-json\/wp\/v2\/pages\/389","targetHints":{"allow":["GET"]}}],"collection":[{"href":"https:\/\/world.dan.org\/fr\/wp-json\/wp\/v2\/pages"}],"about":[{"href":"https:\/\/world.dan.org\/fr\/wp-json\/wp\/v2\/types\/page"}],"author":[{"embeddable":true,"href":"https:\/\/world.dan.org\/fr\/wp-json\/wp\/v2\/users\/1"}],"replies":[{"embeddable":true,"href":"https:\/\/world.dan.org\/fr\/wp-json\/wp\/v2\/comments?post=389"}],"version-history":[{"count":0,"href":"https:\/\/world.dan.org\/fr\/wp-json\/wp\/v2\/pages\/389\/revisions"}],"up":[{"embeddable":true,"href":"https:\/\/world.dan.org\/fr\/wp-json\/wp\/v2\/pages\/41"}],"wp:featuredmedia":[{"embeddable":true,"href":"https:\/\/world.dan.org\/fr\/wp-json\/wp\/v2\/media\/17483"}],"wp:attachment":[{"href":"https:\/\/world.dan.org\/fr\/wp-json\/wp\/v2\/media?parent=389"}],"curies":[{"name":"wp","href":"https:\/\/api.w.org\/{rel}","templated":true}]}}