{"id":39,"date":"2020-03-27T17:59:50","date_gmt":"2020-03-27T21:59:50","guid":{"rendered":"https:\/\/dan.devhammer.com\/?page_id=39"},"modified":"2022-06-16T17:25:57","modified_gmt":"2022-06-16T21:25:57","slug":"medical-services","status":"publish","type":"page","link":"https:\/\/world.dan.org\/fr\/health-medicine\/medical-services\/","title":{"rendered":"Services m\u00e9dicaux"},"content":{"rendered":"<div style=\"height:50px\" aria-hidden=\"true\" class=\"wp-block-spacer\"><\/div>\n\n\n\n<p>Les services m\u00e9dicaux de DAN sont disponibles aux plongeurs, aux professionnels de la plong\u00e9e et aux prestataires de soins de sant\u00e9. Nous proposons une formation m\u00e9dicale continue, une ligne t\u00e9l\u00e9phonique d'urgence, des informations m\u00e9dicales, des consultations m\u00e9dicales, des programmes \u00e9ducatifs et un r\u00e9seau mondial de r\u00e9f\u00e9rence de m\u00e9decins qui traitent et \u00e9valuent les plongeurs. <\/p>\n\n\n\n<p>La ligne d'urgence DAN est compos\u00e9e d'une \u00e9quipe de m\u00e9decins, d'infirmi\u00e8res, d'auxiliaires m\u00e9dicaux et de techniciens m\u00e9dicaux d'urgence qui sont disponibles 24 heures sur 24, 365 jours par an pour fournir des informations, coordonner les soins et faciliter les \u00e9vacuations.<\/p>\n\n\n\n<div style=\"height:50px\" aria-hidden=\"true\" class=\"wp-block-spacer\"><\/div>\n\n\n\n<hr class=\"wp-block-separator has-text-color has-background has-dan-light-gray-background-color has-dan-light-gray-color\"\/>\n\n\n\n<div style=\"height:30px\" aria-hidden=\"true\" class=\"wp-block-spacer\"><\/div>\n\n\n\n<div class=\"wp-block-columns is-layout-flex wp-container-core-columns-is-layout-9d6595d7 wp-block-columns-is-layout-flex\">\n<div class=\"wp-block-column is-layout-flow wp-block-column-is-layout-flow\">\n<figure class=\"wp-block-image size-large\"><a href=\"https:\/\/world.dan.org\/fr\/health-medicine\/medical-services\/emergency-assistance\/\"><img loading=\"lazy\" decoding=\"async\" width=\"1024\" height=\"512\" src=\"https:\/\/world.dan.org\/wp-content\/uploads\/2021\/06\/emergency-assistance-512768734-1024x512-1.jpg\" alt=\"\" class=\"wp-image-17430\" srcset=\"https:\/\/world.dan.org\/wp-content\/uploads\/2021\/06\/emergency-assistance-512768734-1024x512-1.jpg 1024w, https:\/\/world.dan.org\/wp-content\/uploads\/2021\/06\/emergency-assistance-512768734-1024x512-1-360x180.jpg 360w, https:\/\/world.dan.org\/wp-content\/uploads\/2021\/06\/emergency-assistance-512768734-1024x512-1-768x384.jpg 768w, https:\/\/world.dan.org\/wp-content\/uploads\/2021\/06\/emergency-assistance-512768734-1024x512-1-18x9.jpg 18w\" sizes=\"auto, (max-width: 1024px) 100vw, 1024px\" \/><\/a><\/figure>\n\n\n\n<h2 class=\"has-dan-black-color has-text-color has-medium-font-size wp-block-heading translation-block\">Aide <br> d\u2019urgence<\/h2>\n\n\n\n<p>Lorsque vous en aurez le plus besoin, DAN sera l\u00e0 pour vous aider. Nous coordonnons les \u00e9vacuations d'urgence et couvrons les frais, jusqu'\u00e0 150 000 $ USD par personne. Chaque membre de DAN a droit \u00e0 ces services d'urgence ainsi qu'\u00e0 une assistance en mati\u00e8re de voyage, de soins m\u00e9dicaux, de services juridiques et d'assistance personnelle.<\/p>\n\n\n\n<p><a href=\"https:\/\/world.dan.org\/fr\/health-medicine\/medical-services\/emergency-assistance\/\">En savoir plus<\/a><\/p>\n<\/div>\n\n\n\n<div class=\"wp-block-column is-layout-flow wp-block-column-is-layout-flow\">\n<figure class=\"wp-block-image size-large\"><a href=\"https:\/\/world.dan.org\/fr\/health-medicine\/ask-a-medic\/\"><img loading=\"lazy\" decoding=\"async\" width=\"1024\" height=\"512\" src=\"https:\/\/world.dan.org\/wp-content\/uploads\/2021\/06\/ask-medic-1197649993-DAN-1024x512-1.jpg\" alt=\"\" class=\"wp-image-17428\" srcset=\"https:\/\/world.dan.org\/wp-content\/uploads\/2021\/06\/ask-medic-1197649993-DAN-1024x512-1.jpg 1024w, https:\/\/world.dan.org\/wp-content\/uploads\/2021\/06\/ask-medic-1197649993-DAN-1024x512-1-360x180.jpg 360w, https:\/\/world.dan.org\/wp-content\/uploads\/2021\/06\/ask-medic-1197649993-DAN-1024x512-1-768x384.jpg 768w, https:\/\/world.dan.org\/wp-content\/uploads\/2021\/06\/ask-medic-1197649993-DAN-1024x512-1-18x9.jpg 18w\" sizes=\"auto, (max-width: 1024px) 100vw, 1024px\" \/><\/a><\/figure>\n\n\n\n<h2 class=\"has-dan-black-color has-text-color has-medium-font-size wp-block-heading translation-block\">Demander \u00e0 un <br>medic (professionel de sant\u00e9)<\/h2>\n\n\n\n<p>En plus de la ligne d'urgence DAN, les m\u00e9decins DAN sont disponibles pendant les heures de bureau pour r\u00e9pondre \u00e0 vos questions sur la m\u00e9decine de plong\u00e9e et l'aptitude \u00e0 la plong\u00e9e. Notre \u00e9quipe de m\u00e9decins, d'infirmi\u00e8res, d'ambulanciers param\u00e9dicaux et de techniciens d'urgence m\u00e9dical offre des informations m\u00e9dicales, des r\u00e9f\u00e9rences, une aide \u00e0 l'\u00e9vacuation et bien plus encore par t\u00e9l\u00e9phone, par courriel et sur le site DAN.org.<\/p>\n\n\n\n<p><a href=\"https:\/\/world.dan.org\/fr\/health-medicine\/ask-a-medic\/\">En savoir plus<\/a><\/p>\n<\/div>\n\n\n\n<div class=\"wp-block-column is-layout-flow wp-block-column-is-layout-flow\">\n<figure class=\"wp-block-image size-large\"><a href=\"https:\/\/world.dan.org\/fr\/health-medicine\/physician-network\/\"><img loading=\"lazy\" decoding=\"async\" width=\"1024\" height=\"512\" src=\"https:\/\/world.dan.org\/wp-content\/uploads\/2021\/06\/physician-network-1215908851-1024x512-1.jpg\" alt=\"\" class=\"wp-image-17429\" srcset=\"https:\/\/world.dan.org\/wp-content\/uploads\/2021\/06\/physician-network-1215908851-1024x512-1.jpg 1024w, https:\/\/world.dan.org\/wp-content\/uploads\/2021\/06\/physician-network-1215908851-1024x512-1-360x180.jpg 360w, https:\/\/world.dan.org\/wp-content\/uploads\/2021\/06\/physician-network-1215908851-1024x512-1-768x384.jpg 768w, https:\/\/world.dan.org\/wp-content\/uploads\/2021\/06\/physician-network-1215908851-1024x512-1-18x9.jpg 18w\" sizes=\"auto, (max-width: 1024px) 100vw, 1024px\" \/><\/a><\/figure>\n\n\n\n<h2 class=\"has-dan-black-color has-text-color has-medium-font-size wp-block-heading\">R\u00e9seau de R\u00e9f\u00e9rencement des M\u00e9decins<\/h2>\n\n\n\n<p>DAN entretient un r\u00e9seau mondial de m\u00e9decins au service des plongeurs. Si vous cherchez un m\u00e9decin pour effectuer un examen m\u00e9dical de plong\u00e9e ou si vous souhaitez consulter un sp\u00e9cialiste de la m\u00e9decine de plong\u00e9e dans votre r\u00e9gion, n'h\u00e9sitez pas \u00e0 nous appeler.<\/p>\n\n\n\n<p><a href=\"https:\/\/world.dan.org\/fr\/health-medicine\/physician-network\/\">En savoir plus<\/a><\/p>\n<\/div>\n<\/div>\n\n\n\n<div style=\"height:30px\" aria-hidden=\"true\" class=\"wp-block-spacer\"><\/div>","protected":false},"excerpt":{"rendered":"<p>Les services m\u00e9dicaux de DAN sont \u00e0 la disposition des plongeurs, des professionnels de la plong\u00e9e et des prestataires de soins de sant\u00e9. Nous offrons une formation aux m\u00e9decins, une ligne t\u00e9l\u00e9phonique d'urgence, des informations m\u00e9dicales, des consultations m\u00e9dicales, des programmes \u00e9ducatifs et un r\u00e9seau mondial de m\u00e9decins qui traitent ou \u00e9valuent les plongeurs. <\/p>","protected":false},"author":14,"featured_media":17433,"parent":21,"menu_order":121,"comment_status":"closed","ping_status":"closed","template":"","meta":{"_acf_changed":false,"_ef_editorial_meta_date_first-draft-date":"","_ef_editorial_meta_paragraph_assignment":"","_ef_editorial_meta_checkbox_needs-photo":"","_ef_editorial_meta_number_word-count":"","footnotes":""},"class_list":["post-39","page","type-page","status-publish","has-post-thumbnail","hentry"],"acf":[],"yoast_head":"<!-- This site is optimized with the Yoast SEO Premium plugin v27.4 (Yoast SEO v27.4) - https:\/\/yoast.com\/product\/yoast-seo-premium-wordpress\/ -->\n<title>Medical Services - DAN World<\/title>\n<meta name=\"description\" content=\"DAN\u2019s medical services offers emergency service 24 hour hotline, medical consultation services and a physician referral network.\" \/>\n<meta name=\"robots\" content=\"index, follow, max-snippet:-1, max-image-preview:large, max-video-preview:-1\" \/>\n<link rel=\"canonical\" href=\"https:\/\/world.dan.org\/fr\/health-medicine\/medical-services\/\" \/>\n<meta property=\"og:locale\" content=\"fr_CA\" \/>\n<meta property=\"og:type\" content=\"article\" \/>\n<meta property=\"og:title\" content=\"Medical Services\" \/>\n<meta property=\"og:description\" content=\"DAN\u2019s medical services are available to divers, dive professionals and health care providers.\" \/>\n<meta property=\"og:url\" content=\"https:\/\/world.dan.org\/fr\/health-medicine\/medical-services\/\" \/>\n<meta property=\"og:site_name\" content=\"DAN World\" \/>\n<meta property=\"article:modified_time\" content=\"2022-06-16T21:25:57+00:00\" \/>\n<meta property=\"og:image\" content=\"https:\/\/world.dan.org\/wp-content\/uploads\/2021\/06\/medical-services-camillo-DAN-1024x512-1.jpg\" \/>\n\t<meta property=\"og:image:width\" content=\"1024\" \/>\n\t<meta property=\"og:image:height\" content=\"512\" \/>\n\t<meta property=\"og:image:type\" content=\"image\/jpeg\" \/>\n<meta name=\"twitter:card\" content=\"summary_large_image\" \/>\n<meta name=\"twitter:title\" content=\"Medical Services\" \/>\n<meta name=\"twitter:description\" content=\"DAN\u2019s medical services are available to divers, dive professionals and health care providers.\" \/>\n<meta name=\"twitter:image\" content=\"https:\/\/world.dan.org\/wp-content\/uploads\/2021\/06\/medical-services-camillo-DAN-1024x512-1.jpg\" \/>\n<meta name=\"twitter:label1\" content=\"Est. reading time\" \/>\n\t<meta name=\"twitter:data1\" content=\"2 minutes\" \/>\n<script type=\"application\/ld+json\" class=\"yoast-schema-graph\">{\"@context\":\"https:\\\/\\\/schema.org\",\"@graph\":[{\"@type\":\"WebPage\",\"@id\":\"https:\\\/\\\/world.dan.org\\\/fr\\\/health-medicine\\\/medical-services\\\/\",\"url\":\"https:\\\/\\\/world.dan.org\\\/fr\\\/health-medicine\\\/medical-services\\\/\",\"name\":\"Medical Services - DAN World\",\"isPartOf\":{\"@id\":\"https:\\\/\\\/world.dan.org\\\/es\\\/#website\"},\"primaryImageOfPage\":{\"@id\":\"https:\\\/\\\/world.dan.org\\\/fr\\\/health-medicine\\\/medical-services\\\/#primaryimage\"},\"image\":{\"@id\":\"https:\\\/\\\/world.dan.org\\\/fr\\\/health-medicine\\\/medical-services\\\/#primaryimage\"},\"thumbnailUrl\":\"https:\\\/\\\/world.dan.org\\\/wp-content\\\/uploads\\\/2021\\\/06\\\/medical-services-camillo-DAN-1200x600-1.jpg\",\"datePublished\":\"2020-03-27T21:59:50+00:00\",\"dateModified\":\"2022-06-16T21:25:57+00:00\",\"description\":\"DAN\u2019s medical services offers emergency service 24 hour hotline, medical consultation services and a physician referral network.\",\"breadcrumb\":{\"@id\":\"https:\\\/\\\/world.dan.org\\\/fr\\\/health-medicine\\\/medical-services\\\/#breadcrumb\"},\"inLanguage\":\"fr-CA\",\"potentialAction\":[{\"@type\":\"ReadAction\",\"target\":[\"https:\\\/\\\/world.dan.org\\\/fr\\\/health-medicine\\\/medical-services\\\/\"]}]},{\"@type\":\"ImageObject\",\"inLanguage\":\"fr-CA\",\"@id\":\"https:\\\/\\\/world.dan.org\\\/fr\\\/health-medicine\\\/medical-services\\\/#primaryimage\",\"url\":\"https:\\\/\\\/world.dan.org\\\/wp-content\\\/uploads\\\/2021\\\/06\\\/medical-services-camillo-DAN-1200x600-1.jpg\",\"contentUrl\":\"https:\\\/\\\/world.dan.org\\\/wp-content\\\/uploads\\\/2021\\\/06\\\/medical-services-camillo-DAN-1200x600-1.jpg\",\"width\":1200,\"height\":600},{\"@type\":\"BreadcrumbList\",\"@id\":\"https:\\\/\\\/world.dan.org\\\/fr\\\/health-medicine\\\/medical-services\\\/#breadcrumb\",\"itemListElement\":[{\"@type\":\"ListItem\",\"position\":1,\"name\":\"Home\",\"item\":\"https:\\\/\\\/world.dan.org\\\/\"},{\"@type\":\"ListItem\",\"position\":2,\"name\":\"Health &amp; Medicine\",\"item\":\"https:\\\/\\\/world.dan.org\\\/health-medicine\\\/\"},{\"@type\":\"ListItem\",\"position\":3,\"name\":\"Medical Services\"}]},{\"@type\":\"WebSite\",\"@id\":\"https:\\\/\\\/world.dan.org\\\/es\\\/#website\",\"url\":\"https:\\\/\\\/world.dan.org\\\/es\\\/\",\"name\":\"DAN World\",\"description\":\"\",\"publisher\":{\"@id\":\"https:\\\/\\\/world.dan.org\\\/es\\\/#organization\"},\"potentialAction\":[{\"@type\":\"SearchAction\",\"target\":{\"@type\":\"EntryPoint\",\"urlTemplate\":\"https:\\\/\\\/world.dan.org\\\/es\\\/?s={search_term_string}\"},\"query-input\":{\"@type\":\"PropertyValueSpecification\",\"valueRequired\":true,\"valueName\":\"search_term_string\"}}],\"inLanguage\":\"fr-CA\"},{\"@type\":\"Organization\",\"@id\":\"https:\\\/\\\/world.dan.org\\\/es\\\/#organization\",\"name\":\"DAN World\",\"url\":\"https:\\\/\\\/world.dan.org\\\/es\\\/\",\"logo\":{\"@type\":\"ImageObject\",\"inLanguage\":\"fr-CA\",\"@id\":\"https:\\\/\\\/world.dan.org\\\/es\\\/#\\\/schema\\\/logo\\\/image\\\/\",\"url\":\"https:\\\/\\\/world.dan.org\\\/wp-content\\\/uploads\\\/2022\\\/04\\\/DAN-World-logo-sm-52px.svg\",\"contentUrl\":\"https:\\\/\\\/world.dan.org\\\/wp-content\\\/uploads\\\/2022\\\/04\\\/DAN-World-logo-sm-52px.svg\",\"width\":175,\"height\":52,\"caption\":\"DAN World\"},\"image\":{\"@id\":\"https:\\\/\\\/world.dan.org\\\/es\\\/#\\\/schema\\\/logo\\\/image\\\/\"}}]}<\/script>\n<!-- \/ Yoast SEO Premium plugin. -->","yoast_head_json":{"title":"Services m\u00e9dicaux - DAN World","description":"Les services m\u00e9dicaux de DAN offrent un service d'urgence 24 heures sur 24, des services de consultation m\u00e9dicale et un r\u00e9seau d'orientation des m\u00e9decins.","robots":{"index":"index","follow":"follow","max-snippet":"max-snippet:-1","max-image-preview":"max-image-preview:large","max-video-preview":"max-video-preview:-1"},"canonical":"https:\/\/world.dan.org\/fr\/health-medicine\/medical-services\/","og_locale":"fr_CA","og_type":"article","og_title":"Medical Services","og_description":"DAN\u2019s medical services are available to divers, dive professionals and health care providers.","og_url":"https:\/\/world.dan.org\/fr\/health-medicine\/medical-services\/","og_site_name":"DAN World","article_modified_time":"2022-06-16T21:25:57+00:00","og_image":[{"width":1024,"height":512,"url":"https:\/\/world.dan.org\/wp-content\/uploads\/2021\/06\/medical-services-camillo-DAN-1024x512-1.jpg","type":"image\/jpeg"}],"twitter_card":"summary_large_image","twitter_title":"Medical Services","twitter_description":"DAN\u2019s medical services are available to divers, dive professionals and health care providers.","twitter_image":"https:\/\/world.dan.org\/wp-content\/uploads\/2021\/06\/medical-services-camillo-DAN-1024x512-1.jpg","twitter_misc":{"Est. reading time":"2 minutes"},"schema":{"@context":"https:\/\/schema.org","@graph":[{"@type":"WebPage","@id":"https:\/\/world.dan.org\/fr\/health-medicine\/medical-services\/","url":"https:\/\/world.dan.org\/fr\/health-medicine\/medical-services\/","name":"Services m\u00e9dicaux - DAN World","isPartOf":{"@id":"https:\/\/world.dan.org\/es\/#website"},"primaryImageOfPage":{"@id":"https:\/\/world.dan.org\/fr\/health-medicine\/medical-services\/#primaryimage"},"image":{"@id":"https:\/\/world.dan.org\/fr\/health-medicine\/medical-services\/#primaryimage"},"thumbnailUrl":"https:\/\/world.dan.org\/wp-content\/uploads\/2021\/06\/medical-services-camillo-DAN-1200x600-1.jpg","datePublished":"2020-03-27T21:59:50+00:00","dateModified":"2022-06-16T21:25:57+00:00","description":"Les services m\u00e9dicaux de DAN offrent un service d'urgence 24 heures sur 24, des services de consultation m\u00e9dicale et un r\u00e9seau d'orientation des m\u00e9decins.","breadcrumb":{"@id":"https:\/\/world.dan.org\/fr\/health-medicine\/medical-services\/#breadcrumb"},"inLanguage":"fr-CA","potentialAction":[{"@type":"ReadAction","target":["https:\/\/world.dan.org\/fr\/health-medicine\/medical-services\/"]}]},{"@type":"ImageObject","inLanguage":"fr-CA","@id":"https:\/\/world.dan.org\/fr\/health-medicine\/medical-services\/#primaryimage","url":"https:\/\/world.dan.org\/wp-content\/uploads\/2021\/06\/medical-services-camillo-DAN-1200x600-1.jpg","contentUrl":"https:\/\/world.dan.org\/wp-content\/uploads\/2021\/06\/medical-services-camillo-DAN-1200x600-1.jpg","width":1200,"height":600},{"@type":"BreadcrumbList","@id":"https:\/\/world.dan.org\/fr\/health-medicine\/medical-services\/#breadcrumb","itemListElement":[{"@type":"ListItem","position":1,"name":"Home","item":"https:\/\/world.dan.org\/"},{"@type":"ListItem","position":2,"name":"Health &amp; Medicine","item":"https:\/\/world.dan.org\/health-medicine\/"},{"@type":"ListItem","position":3,"name":"Medical Services"}]},{"@type":"WebSite","@id":"https:\/\/world.dan.org\/es\/#website","url":"https:\/\/world.dan.org\/es\/","name":"DAN World","description":"","publisher":{"@id":"https:\/\/world.dan.org\/es\/#organization"},"potentialAction":[{"@type":"SearchAction","target":{"@type":"EntryPoint","urlTemplate":"https:\/\/world.dan.org\/es\/?s={search_term_string}"},"query-input":{"@type":"PropertyValueSpecification","valueRequired":true,"valueName":"search_term_string"}}],"inLanguage":"fr-CA"},{"@type":"Organization","@id":"https:\/\/world.dan.org\/es\/#organization","name":"DAN World","url":"https:\/\/world.dan.org\/es\/","logo":{"@type":"ImageObject","inLanguage":"fr-CA","@id":"https:\/\/world.dan.org\/es\/#\/schema\/logo\/image\/","url":"https:\/\/world.dan.org\/wp-content\/uploads\/2022\/04\/DAN-World-logo-sm-52px.svg","contentUrl":"https:\/\/world.dan.org\/wp-content\/uploads\/2022\/04\/DAN-World-logo-sm-52px.svg","width":175,"height":52,"caption":"DAN World"},"image":{"@id":"https:\/\/world.dan.org\/es\/#\/schema\/logo\/image\/"}}]}},"_links":{"self":[{"href":"https:\/\/world.dan.org\/fr\/wp-json\/wp\/v2\/pages\/39","targetHints":{"allow":["GET"]}}],"collection":[{"href":"https:\/\/world.dan.org\/fr\/wp-json\/wp\/v2\/pages"}],"about":[{"href":"https:\/\/world.dan.org\/fr\/wp-json\/wp\/v2\/types\/page"}],"author":[{"embeddable":true,"href":"https:\/\/world.dan.org\/fr\/wp-json\/wp\/v2\/users\/14"}],"replies":[{"embeddable":true,"href":"https:\/\/world.dan.org\/fr\/wp-json\/wp\/v2\/comments?post=39"}],"version-history":[{"count":0,"href":"https:\/\/world.dan.org\/fr\/wp-json\/wp\/v2\/pages\/39\/revisions"}],"up":[{"embeddable":true,"href":"https:\/\/world.dan.org\/fr\/wp-json\/wp\/v2\/pages\/21"}],"wp:featuredmedia":[{"embeddable":true,"href":"https:\/\/world.dan.org\/fr\/wp-json\/wp\/v2\/media\/17433"}],"wp:attachment":[{"href":"https:\/\/world.dan.org\/fr\/wp-json\/wp\/v2\/media?parent=39"}],"curies":[{"name":"wp","href":"https:\/\/api.w.org\/{rel}","templated":true}]}}