{"id":41,"date":"2020-03-27T18:00:25","date_gmt":"2020-03-27T22:00:25","guid":{"rendered":"https:\/\/dan.devhammer.com\/?page_id=41"},"modified":"2023-08-25T14:06:31","modified_gmt":"2023-08-25T18:06:31","slug":"diver-safety","status":"publish","type":"page","link":"https:\/\/world.dan.org\/fr\/safety-prevention\/diver-safety\/","title":{"rendered":"S\u00e9curit\u00e9 des plongeurs"},"content":{"rendered":"<div style=\"height:30px\" aria-hidden=\"true\" class=\"wp-block-spacer\"><\/div>\n\n\n\n<p>La s\u00e9curit\u00e9 des plongeurs \u00e9tant au premier plan, DAN propose des ressources sur un large \u00e9ventail de sujets. Ces ressources fournissent les informations dont vous avez besoin pour prendre des d\u00e9cisions \u00e9clair\u00e9es et rester en s\u00e9curit\u00e9 avant, pendant et apr\u00e8s les plong\u00e9es. Les \u00e9tudes de cas couvrent des sc\u00e9narios de la vie r\u00e9elle et leurs r\u00e9sultats, permettant aux plongeurs de r\u00e9fl\u00e9chir et d'analyser diverses situations. Le Blogue des plongeurs fournit des informations concises et pertinentes sur des sujets sp\u00e9cifiques. Gr\u00e2ce \u00e0 nos campagnes de s\u00e9curit\u00e9 publique, nous compilons, analysons et interpr\u00e9tons les donn\u00e9es relatives aux incidents de plong\u00e9e et les pr\u00e9sentons de mani\u00e8re accessible afin d'aider les plongeurs du monde entier \u00e0 am\u00e9liorer la gestion des risques et \u00e0 r\u00e9duire le nombre d'incidents.<\/p>\n\n\n\n<div style=\"height:50px\" aria-hidden=\"true\" class=\"wp-block-spacer\"><\/div>\n\n\n\n<hr class=\"wp-block-separator has-text-color has-dan-light-gray-color has-css-opacity has-dan-light-gray-background-color has-background\"\/>\n\n\n\n<div style=\"height:50px\" aria-hidden=\"true\" class=\"wp-block-spacer\"><\/div>\n\n\n\n<div class=\"wp-block-columns is-layout-flex wp-container-core-columns-is-layout-9d6595d7 wp-block-columns-is-layout-flex\">\n<div class=\"wp-block-column is-layout-flow wp-block-column-is-layout-flow\">\n<figure class=\"wp-block-image size-large\"><a href=\"https:\/\/world.dan.org\/fr\/safety-prevention\/diver-safety\/safe-diving-practices\/\"><img loading=\"lazy\" decoding=\"async\" width=\"600\" height=\"300\" src=\"https:\/\/world.dan.org\/wp-content\/uploads\/2021\/07\/safe-diving-IMG_8564-DAN-600x300-1.jpg\" alt=\"\" class=\"wp-image-17537\" srcset=\"https:\/\/world.dan.org\/wp-content\/uploads\/2021\/07\/safe-diving-IMG_8564-DAN-600x300-1.jpg 600w, https:\/\/world.dan.org\/wp-content\/uploads\/2021\/07\/safe-diving-IMG_8564-DAN-600x300-1-360x180.jpg 360w, https:\/\/world.dan.org\/wp-content\/uploads\/2021\/07\/safe-diving-IMG_8564-DAN-600x300-1-18x9.jpg 18w\" sizes=\"auto, (max-width: 600px) 100vw, 600px\" \/><\/a><\/figure>\n\n\n\n<h3 class=\"wp-block-heading\" id=\"h-safe-diving-practices\" style=\"font-size:24px\">Les pratiques de plong\u00e9e s\u00e9curitaires<\/h3>\n\n\n\n<p>Les pratiques de plong\u00e9e s\u00e9curitaires doivent \u00eatre au premier plan de toutes les plong\u00e9es et doivent \u00eatre pratiqu\u00e9es jusqu'\u00e0 ce qu'elles deviennent des habitudes. Apprendre \u00e0 conna\u00eetre les situations dangereuses et \u00e0 att\u00e9nuer les risques est une comp\u00e9tence inestimable pour tous les plongeurs.<\/p>\n\n\n\n<p><a href=\"https:\/\/world.dan.org\/fr\/safety-prevention\/diver-safety\/safe-diving-practices\/\">En savoir plus<\/a><\/p>\n<\/div>\n\n\n\n<div class=\"wp-block-column is-layout-flow wp-block-column-is-layout-flow\">\n<figure class=\"wp-block-image size-large\"><a href=\"https:\/\/world.dan.org\/fr\/safety-prevention\/diver-safety\/psa\/\"><img loading=\"lazy\" decoding=\"async\" width=\"600\" height=\"300\" src=\"https:\/\/world.dan.org\/wp-content\/uploads\/2021\/07\/diver-safety-campaign-172439194-DAN-600x300-1.jpg\" alt=\"\" class=\"wp-image-17538\" srcset=\"https:\/\/world.dan.org\/wp-content\/uploads\/2021\/07\/diver-safety-campaign-172439194-DAN-600x300-1.jpg 600w, https:\/\/world.dan.org\/wp-content\/uploads\/2021\/07\/diver-safety-campaign-172439194-DAN-600x300-1-360x180.jpg 360w, https:\/\/world.dan.org\/wp-content\/uploads\/2021\/07\/diver-safety-campaign-172439194-DAN-600x300-1-18x9.jpg 18w\" sizes=\"auto, (max-width: 600px) 100vw, 600px\" \/><\/a><\/figure>\n\n\n\n<h3 class=\"wp-block-heading\" id=\"h-dan-diver-safety-campaigns\" style=\"font-size:24px\">Campagnes DAN pour la s\u00e9curit\u00e9 des plongeurs<\/h3>\n\n\n\n<p>Pour prendre des d\u00e9cisions \u00e9clair\u00e9es en mati\u00e8re de s\u00e9curit\u00e9 des plong\u00e9es, il faut disposer d'informations fiables. Gr\u00e2ce \u00e0 nos campagnes de s\u00e9curit\u00e9 publique, DAN recueille, analyse et interpr\u00e8te les donn\u00e9es relatives aux incidents de plong\u00e9e et les pr\u00e9sente sous des formes utiles aux plongeurs. <\/p>\n\n\n\n<p><a href=\"https:\/\/world.dan.org\/fr\/safety-prevention\/diver-safety\/psa\/\">En savoir plus<\/a><\/p>\n<\/div>\n<\/div>\n\n\n\n<div style=\"height:30px\" aria-hidden=\"true\" class=\"wp-block-spacer\"><\/div>\n\n\n\n<div class=\"wp-block-columns is-layout-flex wp-container-core-columns-is-layout-9d6595d7 wp-block-columns-is-layout-flex\">\n<div class=\"wp-block-column is-layout-flow wp-block-column-is-layout-flow\">\n<figure class=\"wp-block-image size-large\"><a href=\"https:\/\/world.dan.org\/fr\/safety-prevention\/diver-safety\/divers-blog\/\"><img loading=\"lazy\" decoding=\"async\" width=\"600\" height=\"300\" src=\"https:\/\/world.dan.org\/wp-content\/uploads\/2021\/07\/scuba-diver-blog-638510870-DAN-600x300-1.jpg\" alt=\"\" class=\"wp-image-17539\" srcset=\"https:\/\/world.dan.org\/wp-content\/uploads\/2021\/07\/scuba-diver-blog-638510870-DAN-600x300-1.jpg 600w, https:\/\/world.dan.org\/wp-content\/uploads\/2021\/07\/scuba-diver-blog-638510870-DAN-600x300-1-360x180.jpg 360w, https:\/\/world.dan.org\/wp-content\/uploads\/2021\/07\/scuba-diver-blog-638510870-DAN-600x300-1-18x9.jpg 18w\" sizes=\"auto, (max-width: 600px) 100vw, 600px\" \/><\/a><\/figure>\n\n\n\n<h3 class=\"wp-block-heading\" id=\"h-divers-blog\" style=\"font-size:24px\">Le blogue des plongeurs<\/h3>\n\n\n\n<p>Avec des articles consacr\u00e9s aux plongeurs qui couvrent un large \u00e9ventail de sujets, des implications de la COVID-19 \u00e0 la gestion du diab\u00e8te, en passant par les tendances actuelles en mati\u00e8re d'att\u00e9nuation des risques et de premiers secours, les plongeurs peuvent y trouver les informations dont ils ont besoin pour rester en s\u00e9curit\u00e9.<\/p>\n\n\n\n<p><a href=\"https:\/\/world.dan.org\/fr\/safety-prevention\/diver-safety\/divers-blog\/\">En savoir plus<\/a><\/p>\n<\/div>\n\n\n\n<div class=\"wp-block-column is-layout-flow wp-block-column-is-layout-flow\">\n<figure class=\"wp-block-image size-large\"><a href=\"https:\/\/world.dan.org\/fr\/safety-prevention\/diver-safety\/diving-incident-summaries\/\"><img loading=\"lazy\" decoding=\"async\" width=\"600\" height=\"300\" src=\"https:\/\/world.dan.org\/wp-content\/uploads\/2021\/07\/divers-case-summaries-3Q3A7794-DAN-600x300-1.jpg\" alt=\"\" class=\"wp-image-17541\" srcset=\"https:\/\/world.dan.org\/wp-content\/uploads\/2021\/07\/divers-case-summaries-3Q3A7794-DAN-600x300-1.jpg 600w, https:\/\/world.dan.org\/wp-content\/uploads\/2021\/07\/divers-case-summaries-3Q3A7794-DAN-600x300-1-360x180.jpg 360w, https:\/\/world.dan.org\/wp-content\/uploads\/2021\/07\/divers-case-summaries-3Q3A7794-DAN-600x300-1-18x9.jpg 18w\" sizes=\"auto, (max-width: 600px) 100vw, 600px\" \/><\/a><\/figure>\n\n\n\n<h3 class=\"wp-block-heading\" id=\"h-diving-incident-summaries\" style=\"font-size:24px\">R\u00e9sum\u00e9s d'incidents de plong\u00e9e<\/h3>\n\n\n\n<p>Il est essentiel d'apprendre de ses propres erreurs et malheurs, mais il ne faut pas manquer l'occasion d'apprendre de ceux des autres. Ces r\u00e9cits d'incidents et d'urgences de plong\u00e9e r\u00e9els offrent des possibilit\u00e9s d'apprentissage exceptionnelles.<\/p>\n\n\n\n<p><a href=\"https:\/\/world.dan.org\/fr\/safety-prevention\/diver-safety\/diving-incident-summaries\/\">En savoir plus<\/a><\/p>\n<\/div>\n\n\n\n<div class=\"wp-block-column is-layout-flow wp-block-column-is-layout-flow\">\n<figure class=\"wp-block-image size-large\"><a href=\"https:\/\/world.dan.org\/fr\/health-medicine\/\"><img loading=\"lazy\" decoding=\"async\" width=\"600\" height=\"300\" src=\"https:\/\/world.dan.org\/wp-content\/uploads\/2021\/07\/health-medicine-DAN-600x300-1.jpg\" alt=\"\" class=\"wp-image-17542\" srcset=\"https:\/\/world.dan.org\/wp-content\/uploads\/2021\/07\/health-medicine-DAN-600x300-1.jpg 600w, https:\/\/world.dan.org\/wp-content\/uploads\/2021\/07\/health-medicine-DAN-600x300-1-360x180.jpg 360w, https:\/\/world.dan.org\/wp-content\/uploads\/2021\/07\/health-medicine-DAN-600x300-1-18x9.jpg 18w\" sizes=\"auto, (max-width: 600px) 100vw, 600px\" \/><\/a><\/figure>\n\n\n\n<h3 class=\"wp-block-heading\" id=\"h-health-amp-medicine\" style=\"font-size:24px\">Sant\u00e9 et m\u00e9decine<\/h3>\n\n\n\n<p>DAN existe pour fournir des informations m\u00e9dicales expertes au profit du public des plongeurs. Nous offrons une assistance en temps r\u00e9el en cas d'accident de plong\u00e9e et travaillons \u00e0 la pr\u00e9vention des blessures et \u00e0 la promotion de la s\u00e9curit\u00e9 des plongeurs.<\/p>\n\n\n\n<p><a href=\"https:\/\/world.dan.org\/fr\/health-medicine\/\">En savoir plus<\/a><\/p>\n<\/div>\n<\/div>\n\n\n\n<p><\/p>","protected":false},"excerpt":{"rendered":"<p>With diver safety at the forefront, DAN has resources available on a wide range of topics. These resources provide the information divers need to make informed decisions and to ultimately stay safe before, during and after dives. <\/p>","protected":false},"author":1,"featured_media":17540,"parent":23,"menu_order":58,"comment_status":"closed","ping_status":"closed","template":"","meta":{"_acf_changed":false,"_ef_editorial_meta_date_first-draft-date":"","_ef_editorial_meta_paragraph_assignment":"","_ef_editorial_meta_checkbox_needs-photo":"","_ef_editorial_meta_number_word-count":"","footnotes":""},"class_list":["post-41","page","type-page","status-publish","has-post-thumbnail","hentry"],"acf":[],"yoast_head":"<!-- This site is optimized with the Yoast SEO Premium plugin v27.0 (Yoast SEO v27.2) - https:\/\/yoast.com\/product\/yoast-seo-premium-wordpress\/ -->\n<title>Diver Safety - DAN World<\/title>\n<meta name=\"description\" content=\"With diver safety at the forefront, DAN has resources available on a wide range of topics. Safety information is provided via case studies, blogs and more.\" \/>\n<meta name=\"robots\" content=\"index, follow, max-snippet:-1, max-image-preview:large, max-video-preview:-1\" \/>\n<link rel=\"canonical\" href=\"https:\/\/world.dan.org\/fr\/safety-prevention\/diver-safety\/\" \/>\n<meta property=\"og:locale\" content=\"fr_CA\" \/>\n<meta property=\"og:type\" content=\"article\" \/>\n<meta property=\"og:title\" content=\"Diver Safety\" \/>\n<meta property=\"og:description\" content=\"With diver safety at the forefront, DAN offers resources on a wide range of topics. These resources provide the information you need to make sound decisions and stay safe before, during and after dives.\" \/>\n<meta property=\"og:url\" content=\"https:\/\/world.dan.org\/fr\/safety-prevention\/diver-safety\/\" \/>\n<meta property=\"og:site_name\" content=\"DAN World\" \/>\n<meta property=\"article:modified_time\" content=\"2023-08-25T18:06:31+00:00\" \/>\n<meta property=\"og:image\" content=\"https:\/\/world.dan.org\/wp-content\/uploads\/2020\/08\/diver-safety-3Q3A6937-Resized-DAN-1200x700-1.jpg\" \/>\n\t<meta property=\"og:image:width\" content=\"1200\" \/>\n\t<meta property=\"og:image:height\" content=\"700\" \/>\n\t<meta property=\"og:image:type\" content=\"image\/jpeg\" \/>\n<meta name=\"twitter:card\" content=\"summary_large_image\" \/>\n<meta name=\"twitter:title\" content=\"Diver Safety\" \/>\n<meta name=\"twitter:description\" content=\"With diver safety at the forefront, DAN offers resources on a wide range of topics. These resources provide the information you need to make sound decisions and stay safe before, during and after dives.\" \/>\n<meta name=\"twitter:image\" content=\"https:\/\/world.dan.org\/wp-content\/uploads\/2020\/08\/diver-safety-3Q3A6937-Resized-DAN-1200x700-1.jpg\" \/>\n<meta name=\"twitter:label1\" content=\"Est. reading time\" \/>\n\t<meta name=\"twitter:data1\" content=\"3 minutes\" \/>\n<script type=\"application\/ld+json\" class=\"yoast-schema-graph\">{\"@context\":\"https:\/\/schema.org\",\"@graph\":[{\"@type\":\"WebPage\",\"@id\":\"https:\/\/world.dan.org\/safety-prevention\/diver-safety\/\",\"url\":\"https:\/\/world.dan.org\/safety-prevention\/diver-safety\/\",\"name\":\"Diver Safety - DAN World\",\"isPartOf\":{\"@id\":\"https:\/\/world.dan.org\/es\/#website\"},\"primaryImageOfPage\":{\"@id\":\"https:\/\/world.dan.org\/safety-prevention\/diver-safety\/#primaryimage\"},\"image\":{\"@id\":\"https:\/\/world.dan.org\/safety-prevention\/diver-safety\/#primaryimage\"},\"thumbnailUrl\":\"https:\/\/world.dan.org\/wp-content\/uploads\/2021\/07\/diver-safety-3Q3A6937-DAN-1200x600-1.jpg\",\"datePublished\":\"2020-03-27T22:00:25+00:00\",\"dateModified\":\"2023-08-25T18:06:31+00:00\",\"description\":\"With diver safety at the forefront, DAN has resources available on a wide range of topics. Safety information is provided via case studies, blogs and more.\",\"breadcrumb\":{\"@id\":\"https:\/\/world.dan.org\/safety-prevention\/diver-safety\/#breadcrumb\"},\"inLanguage\":\"fr-CA\",\"potentialAction\":[{\"@type\":\"ReadAction\",\"target\":[\"https:\/\/world.dan.org\/safety-prevention\/diver-safety\/\"]}]},{\"@type\":\"ImageObject\",\"inLanguage\":\"fr-CA\",\"@id\":\"https:\/\/world.dan.org\/safety-prevention\/diver-safety\/#primaryimage\",\"url\":\"https:\/\/world.dan.org\/wp-content\/uploads\/2021\/07\/diver-safety-3Q3A6937-DAN-1200x600-1.jpg\",\"contentUrl\":\"https:\/\/world.dan.org\/wp-content\/uploads\/2021\/07\/diver-safety-3Q3A6937-DAN-1200x600-1.jpg\",\"width\":1200,\"height\":600},{\"@type\":\"BreadcrumbList\",\"@id\":\"https:\/\/world.dan.org\/safety-prevention\/diver-safety\/#breadcrumb\",\"itemListElement\":[{\"@type\":\"ListItem\",\"position\":1,\"name\":\"Home\",\"item\":\"https:\/\/world.dan.org\/\"},{\"@type\":\"ListItem\",\"position\":2,\"name\":\"Safety &#038; Prevention\",\"item\":\"https:\/\/world.dan.org\/safety-prevention\/\"},{\"@type\":\"ListItem\",\"position\":3,\"name\":\"Diver Safety\"}]},{\"@type\":\"WebSite\",\"@id\":\"https:\/\/world.dan.org\/es\/#website\",\"url\":\"https:\/\/world.dan.org\/es\/\",\"name\":\"DAN World\",\"description\":\"\",\"publisher\":{\"@id\":\"https:\/\/world.dan.org\/es\/#organization\"},\"potentialAction\":[{\"@type\":\"SearchAction\",\"target\":{\"@type\":\"EntryPoint\",\"urlTemplate\":\"https:\/\/world.dan.org\/es\/?s={search_term_string}\"},\"query-input\":{\"@type\":\"PropertyValueSpecification\",\"valueRequired\":true,\"valueName\":\"search_term_string\"}}],\"inLanguage\":\"fr-CA\"},{\"@type\":\"Organization\",\"@id\":\"https:\/\/world.dan.org\/es\/#organization\",\"name\":\"DAN World\",\"url\":\"https:\/\/world.dan.org\/es\/\",\"logo\":{\"@type\":\"ImageObject\",\"inLanguage\":\"fr-CA\",\"@id\":\"https:\/\/world.dan.org\/es\/#\/schema\/logo\/image\/\",\"url\":\"https:\/\/world.dan.org\/wp-content\/uploads\/2022\/04\/DAN-World-logo-sm-52px.svg\",\"contentUrl\":\"https:\/\/world.dan.org\/wp-content\/uploads\/2022\/04\/DAN-World-logo-sm-52px.svg\",\"width\":175,\"height\":52,\"caption\":\"DAN World\"},\"image\":{\"@id\":\"https:\/\/world.dan.org\/es\/#\/schema\/logo\/image\/\"}}]}<\/script>\n<!-- \/ Yoast SEO Premium plugin. -->","yoast_head_json":{"title":"S\u00e9curit\u00e9 des plongeurs - DAN World","description":"La s\u00e9curit\u00e9 des plongeurs \u00e9tant au premier plan, DAN propose des ressources sur un large \u00e9ventail de sujets. Des informations sur la s\u00e9curit\u00e9 sont fournies par le biais d'\u00e9tudes de cas, de blogs et plus encore.","robots":{"index":"index","follow":"follow","max-snippet":"max-snippet:-1","max-image-preview":"max-image-preview:large","max-video-preview":"max-video-preview:-1"},"canonical":"https:\/\/world.dan.org\/fr\/safety-prevention\/diver-safety\/","og_locale":"fr_CA","og_type":"article","og_title":"Diver Safety","og_description":"With diver safety at the forefront, DAN offers resources on a wide range of topics. These resources provide the information you need to make sound decisions and stay safe before, during and after dives.","og_url":"https:\/\/world.dan.org\/fr\/safety-prevention\/diver-safety\/","og_site_name":"DAN World","article_modified_time":"2023-08-25T18:06:31+00:00","og_image":[{"width":1200,"height":700,"url":"https:\/\/world.dan.org\/wp-content\/uploads\/2020\/08\/diver-safety-3Q3A6937-Resized-DAN-1200x700-1.jpg","type":"image\/jpeg"}],"twitter_card":"summary_large_image","twitter_title":"Diver Safety","twitter_description":"With diver safety at the forefront, DAN offers resources on a wide range of topics. These resources provide the information you need to make sound decisions and stay safe before, during and after dives.","twitter_image":"https:\/\/world.dan.org\/wp-content\/uploads\/2020\/08\/diver-safety-3Q3A6937-Resized-DAN-1200x700-1.jpg","twitter_misc":{"Est. reading time":"3 minutes"},"schema":{"@context":"https:\/\/schema.org","@graph":[{"@type":"WebPage","@id":"https:\/\/world.dan.org\/safety-prevention\/diver-safety\/","url":"https:\/\/world.dan.org\/safety-prevention\/diver-safety\/","name":"S\u00e9curit\u00e9 des plongeurs - DAN World","isPartOf":{"@id":"https:\/\/world.dan.org\/es\/#website"},"primaryImageOfPage":{"@id":"https:\/\/world.dan.org\/safety-prevention\/diver-safety\/#primaryimage"},"image":{"@id":"https:\/\/world.dan.org\/safety-prevention\/diver-safety\/#primaryimage"},"thumbnailUrl":"https:\/\/world.dan.org\/wp-content\/uploads\/2021\/07\/diver-safety-3Q3A6937-DAN-1200x600-1.jpg","datePublished":"2020-03-27T22:00:25+00:00","dateModified":"2023-08-25T18:06:31+00:00","description":"La s\u00e9curit\u00e9 des plongeurs \u00e9tant au premier plan, DAN propose des ressources sur un large \u00e9ventail de sujets. Des informations sur la s\u00e9curit\u00e9 sont fournies par le biais d'\u00e9tudes de cas, de blogs et plus encore.","breadcrumb":{"@id":"https:\/\/world.dan.org\/safety-prevention\/diver-safety\/#breadcrumb"},"inLanguage":"fr-CA","potentialAction":[{"@type":"ReadAction","target":["https:\/\/world.dan.org\/safety-prevention\/diver-safety\/"]}]},{"@type":"ImageObject","inLanguage":"fr-CA","@id":"https:\/\/world.dan.org\/safety-prevention\/diver-safety\/#primaryimage","url":"https:\/\/world.dan.org\/wp-content\/uploads\/2021\/07\/diver-safety-3Q3A6937-DAN-1200x600-1.jpg","contentUrl":"https:\/\/world.dan.org\/wp-content\/uploads\/2021\/07\/diver-safety-3Q3A6937-DAN-1200x600-1.jpg","width":1200,"height":600},{"@type":"BreadcrumbList","@id":"https:\/\/world.dan.org\/safety-prevention\/diver-safety\/#breadcrumb","itemListElement":[{"@type":"ListItem","position":1,"name":"Home","item":"https:\/\/world.dan.org\/"},{"@type":"ListItem","position":2,"name":"Safety &#038; Prevention","item":"https:\/\/world.dan.org\/safety-prevention\/"},{"@type":"ListItem","position":3,"name":"Diver Safety"}]},{"@type":"WebSite","@id":"https:\/\/world.dan.org\/es\/#website","url":"https:\/\/world.dan.org\/es\/","name":"DAN World","description":"","publisher":{"@id":"https:\/\/world.dan.org\/es\/#organization"},"potentialAction":[{"@type":"SearchAction","target":{"@type":"EntryPoint","urlTemplate":"https:\/\/world.dan.org\/es\/?s={search_term_string}"},"query-input":{"@type":"PropertyValueSpecification","valueRequired":true,"valueName":"search_term_string"}}],"inLanguage":"fr-CA"},{"@type":"Organization","@id":"https:\/\/world.dan.org\/es\/#organization","name":"DAN World","url":"https:\/\/world.dan.org\/es\/","logo":{"@type":"ImageObject","inLanguage":"fr-CA","@id":"https:\/\/world.dan.org\/es\/#\/schema\/logo\/image\/","url":"https:\/\/world.dan.org\/wp-content\/uploads\/2022\/04\/DAN-World-logo-sm-52px.svg","contentUrl":"https:\/\/world.dan.org\/wp-content\/uploads\/2022\/04\/DAN-World-logo-sm-52px.svg","width":175,"height":52,"caption":"DAN World"},"image":{"@id":"https:\/\/world.dan.org\/es\/#\/schema\/logo\/image\/"}}]}},"_links":{"self":[{"href":"https:\/\/world.dan.org\/fr\/wp-json\/wp\/v2\/pages\/41","targetHints":{"allow":["GET"]}}],"collection":[{"href":"https:\/\/world.dan.org\/fr\/wp-json\/wp\/v2\/pages"}],"about":[{"href":"https:\/\/world.dan.org\/fr\/wp-json\/wp\/v2\/types\/page"}],"author":[{"embeddable":true,"href":"https:\/\/world.dan.org\/fr\/wp-json\/wp\/v2\/users\/1"}],"replies":[{"embeddable":true,"href":"https:\/\/world.dan.org\/fr\/wp-json\/wp\/v2\/comments?post=41"}],"version-history":[{"count":0,"href":"https:\/\/world.dan.org\/fr\/wp-json\/wp\/v2\/pages\/41\/revisions"}],"up":[{"embeddable":true,"href":"https:\/\/world.dan.org\/fr\/wp-json\/wp\/v2\/pages\/23"}],"wp:featuredmedia":[{"embeddable":true,"href":"https:\/\/world.dan.org\/fr\/wp-json\/wp\/v2\/media\/17540"}],"wp:attachment":[{"href":"https:\/\/world.dan.org\/fr\/wp-json\/wp\/v2\/media?parent=41"}],"curies":[{"name":"wp","href":"https:\/\/api.w.org\/{rel}","templated":true}]}}