{"id":43,"date":"2020-03-27T18:00:47","date_gmt":"2020-03-27T22:00:47","guid":{"rendered":"https:\/\/dan.devhammer.com\/?page_id=43"},"modified":"2024-09-24T16:32:55","modified_gmt":"2024-09-24T20:32:55","slug":"operation-safety","status":"publish","type":"page","link":"https:\/\/world.dan.org\/fr\/safety-prevention\/operation-safety\/","title":{"rendered":"S\u00e9curit\u00e9 des op\u00e9rations de plong\u00e9e"},"content":{"rendered":"<script src=\"https:\/\/fast.wistia.com\/embed\/medias\/oyxixsj0h8.jsonp\" async=\"\"><\/script><script src=\"https:\/\/fast.wistia.com\/assets\/external\/E-v1.js\" async=\"\"><\/script><div class=\"wistia_responsive_padding\" style=\"padding:56.25% 0 0 0;position:relative;\"><div class=\"wistia_responsive_wrapper\" style=\"height:100%;left:0;position:absolute;top:0;width:100%;\"><div class=\"wistia_embed wistia_async_oyxixsj0h8 seo=false videoFoam=true\" style=\"height:100%;position:relative;width: 100%\">&nbsp;<\/div><\/div><\/div>\n\n\n\n<div style=\"height:30px\" aria-hidden=\"true\" class=\"wp-block-spacer\"><\/div>\n\n\n\n<p>Au cours des 40 derni\u00e8res ann\u00e9es, DAN a mis en place un large \u00e9ventail d'initiatives en mati\u00e8re de s\u00e9curit\u00e9 afin de pr\u00e9venir les incidents et les accidents et d'am\u00e9liorer la s\u00e9curit\u00e9 des plongeurs. Nos programmes de recherche sur la plong\u00e9e, de suivi des incidents, de pr\u00e9vention des accidents et de leurs \u00e9valuations ont largement contribu\u00e9 \u00e0 rendre la plong\u00e9e plus s\u00e9curitaire que jamais auparavant. L'initiative de l\u2019identification des dangers et l\u2019\u00e9valuation des risques de DAN, ou d\u2019HIRA, porte notre engagement en faveur de la s\u00e9curit\u00e9 \u00e0 un niveau encore plus \u00e9lev\u00e9. Nos publications, notre formation et nos ressources fournissent des informations de premi\u00e8re main sur les risques li\u00e9s \u00e0 la plong\u00e9e et sur les moyens de les att\u00e9nuer au mieux.<\/p>\n\n\n\n<p><strong>Il s'agit d'un programme destin\u00e9 \u00e0 s'engager directement aupr\u00e8s de tous les professionnels et des entreprises de la plong\u00e9e, en fournissant des ressources, un soutien, une formation, des conseils et m\u00eame un \u00e9quipement de s\u00e9curit\u00e9 essentiel aux op\u00e9rateurs qui remplissent les conditions requises.<\/strong><\/p>\n\n\n\n<div style=\"height:50px\" aria-hidden=\"true\" class=\"wp-block-spacer\"><\/div>\n\n\n\n<hr class=\"wp-block-separator has-text-color has-dan-light-gray-color has-css-opacity has-dan-light-gray-background-color has-background\"\/>\n\n\n\n<div style=\"height:25px\" aria-hidden=\"true\" class=\"wp-block-spacer\"><\/div>\n\n\n\n<div class=\"wp-block-columns is-layout-flex wp-container-core-columns-is-layout-9d6595d7 wp-block-columns-is-layout-flex\">\n<div class=\"wp-block-column is-layout-flow wp-block-column-is-layout-flow\">\n<figure class=\"wp-block-image size-large\"><a href=\"https:\/\/world.dan.org\/fr\/safety-prevention\/operation-safety\/safety-assessments\/\"><img loading=\"lazy\" decoding=\"async\" width=\"600\" height=\"300\" src=\"https:\/\/world.dan.org\/wp-content\/uploads\/2021\/07\/safety-assestments-000020232941-600x300-1.jpg\" alt=\"\" class=\"wp-image-17572\" srcset=\"https:\/\/world.dan.org\/wp-content\/uploads\/2021\/07\/safety-assestments-000020232941-600x300-1.jpg 600w, https:\/\/world.dan.org\/wp-content\/uploads\/2021\/07\/safety-assestments-000020232941-600x300-1-360x180.jpg 360w, https:\/\/world.dan.org\/wp-content\/uploads\/2021\/07\/safety-assestments-000020232941-600x300-1-18x9.jpg 18w\" sizes=\"auto, (max-width: 600px) 100vw, 600px\" \/><\/a><\/figure>\n\n\n\n<h2 class=\"wp-block-heading has-dan-black-color has-text-color has-medium-font-size\" id=\"h-safety-assessments-dive-professionals\">\u00c9valuations de la s\u00e9curit\u00e9 : Professionnels de la plong\u00e9e<\/h2>\n\n\n\n<p>Le programme d'identification des dangers et d'\u00e9valuation des risques (HIRA) de DAN est con\u00e7u pour aider les propri\u00e9taires, les op\u00e9rateurs, le personnel et les professionnels de la plong\u00e9e \u00e0 identifier les dangers avant qu'ils n'entra\u00eenent des blessures ou des d\u00e9c\u00e8s.<\/p>\n\n\n\n<p><a href=\"https:\/\/world.dan.org\/fr\/safety-prevention\/operation-safety\/safety-assessments\/\">En savoir plus<\/a><\/p>\n<\/div>\n\n\n\n<div class=\"wp-block-column is-layout-flow wp-block-column-is-layout-flow\">\n<figure class=\"wp-block-image size-large\"><a href=\"https:\/\/world.dan.org\/fr\/safety-prevention\/operation-safety\/operational-safety-training\/\"><img loading=\"lazy\" decoding=\"async\" width=\"600\" height=\"300\" src=\"https:\/\/world.dan.org\/wp-content\/uploads\/2021\/07\/safety-training-073A0260-DAN-600x300-1.jpg\" alt=\"\" class=\"wp-image-17573\" srcset=\"https:\/\/world.dan.org\/wp-content\/uploads\/2021\/07\/safety-training-073A0260-DAN-600x300-1.jpg 600w, https:\/\/world.dan.org\/wp-content\/uploads\/2021\/07\/safety-training-073A0260-DAN-600x300-1-360x180.jpg 360w, https:\/\/world.dan.org\/wp-content\/uploads\/2021\/07\/safety-training-073A0260-DAN-600x300-1-18x9.jpg 18w\" sizes=\"auto, (max-width: 600px) 100vw, 600px\" \/><\/a><\/figure>\n\n\n\n<h2 class=\"wp-block-heading has-dan-black-color has-text-color has-medium-font-size\" id=\"h-safety-training-dive-operations\">Formation en s\u00e9curit\u00e9 : Op\u00e9rations de plong\u00e9e<\/h2>\n\n\n\n<p>Des possibilit\u00e9s d'apprentissage en ligne et en direct sont offertes \u00e0 tous ceux qui participent \u00e0 des op\u00e9rations de plong\u00e9e, afin de leur fournir l'\u00e9ducation et les connaissances essentielles pour garantir la s\u00e9curit\u00e9 des op\u00e9rations de plong\u00e9e.<\/p>\n\n\n\n<p><a href=\"https:\/\/world.dan.org\/fr\/safety-prevention\/operation-safety\/operational-safety-training\/\">En savoir plus<\/a><\/p>\n<\/div>\n\n\n\n<div class=\"wp-block-column is-layout-flow wp-block-column-is-layout-flow\">\n<figure class=\"wp-block-image size-large\"><a href=\"https:\/\/world.dan.org\/fr\/safety-prevention\/operation-safety\/operational-safety-resources\/\"><img loading=\"lazy\" decoding=\"async\" width=\"600\" height=\"300\" src=\"https:\/\/world.dan.org\/wp-content\/uploads\/2021\/07\/dive-operation-safety-IMG_7669-600x300-1.jpg\" alt=\"\" class=\"wp-image-17574\" srcset=\"https:\/\/world.dan.org\/wp-content\/uploads\/2021\/07\/dive-operation-safety-IMG_7669-600x300-1.jpg 600w, https:\/\/world.dan.org\/wp-content\/uploads\/2021\/07\/dive-operation-safety-IMG_7669-600x300-1-360x180.jpg 360w, https:\/\/world.dan.org\/wp-content\/uploads\/2021\/07\/dive-operation-safety-IMG_7669-600x300-1-18x9.jpg 18w\" sizes=\"auto, (max-width: 600px) 100vw, 600px\" \/><\/a><\/figure>\n\n\n\n<h2 class=\"wp-block-heading has-dan-black-color has-text-color has-medium-font-size\" id=\"h-safety-resources-dive-operators\">Ressources de s\u00e9curit\u00e9 : Op\u00e9rateurs de plong\u00e9e<\/h2>\n\n\n\n<p>Nos ressources de s\u00e9curit\u00e9, gratuites pour tous, comprennent une s\u00e9rie de publications t\u00e9l\u00e9chargeables, d'avis, de listes de contr\u00f4le et d'autres documents utiles.<\/p>\n\n\n\n<p><a href=\"https:\/\/world.dan.org\/fr\/safety-prevention\/operation-safety\/operational-safety-resources\/\">En savoir plus<\/a><\/p>\n<\/div>\n<\/div>\n\n\n\n<div style=\"height:20px\" aria-hidden=\"true\" class=\"wp-block-spacer\"><\/div>\n\n\n\n<div class=\"wp-block-columns is-layout-flex wp-container-core-columns-is-layout-9d6595d7 wp-block-columns-is-layout-flex\">\n<div class=\"wp-block-column is-layout-flow wp-block-column-is-layout-flow\"><div class=\"wp-block-image\">\n<figure class=\"alignleft size-full is-resized\"><img loading=\"lazy\" decoding=\"async\" width=\"600\" height=\"300\" src=\"https:\/\/world.dan.org\/wp-content\/uploads\/2021\/12\/DAN-oxygen-tank-600x300-1.jpg\" alt=\"\" class=\"wp-image-19555\" style=\"width:652px;height:326px\" srcset=\"https:\/\/world.dan.org\/wp-content\/uploads\/2021\/12\/DAN-oxygen-tank-600x300-1.jpg 600w, https:\/\/world.dan.org\/wp-content\/uploads\/2021\/12\/DAN-oxygen-tank-600x300-1-360x180.jpg 360w, https:\/\/world.dan.org\/wp-content\/uploads\/2021\/12\/DAN-oxygen-tank-600x300-1-18x9.jpg 18w\" sizes=\"auto, (max-width: 600px) 100vw, 600px\" \/><\/figure>\n<\/div><\/div>\n\n\n\n<div class=\"wp-block-column is-vertically-aligned-center is-layout-flow wp-block-column-is-layout-flow\">\n<h2 class=\"wp-block-heading has-text-align-left has-dan-black-color has-text-color translation-block\" id=\"h-oxygen-grant-programs\"><span style=\"color: #111111\" class=\"stk-highlight\">Programme de subvention d'oxyg\u00e8ne<\/span><\/h2>\n\n\n\n<p>Les programmes de subvention d'oxyg\u00e8ne de DAN fournissent des unit\u00e9s d'oxyg\u00e8ne aux professionnels de la plong\u00e9e, aux entreprises, aux organisations et aux associations. Le programme promeut la mission de DAN en mati\u00e8re de s\u00e9curit\u00e9 des plongeurs.<\/p>\n\n\n\n<div style=\"height:20px\" aria-hidden=\"true\" class=\"wp-block-spacer\"><\/div>\n\n\n\n<div class=\"wp-block-buttons is-layout-flex wp-block-buttons-is-layout-flex\">\n<div class=\"wp-block-button has-custom-width wp-block-button__width-50 alignleft\"><a class=\"wp-block-button__link has-dan-white-color has-dan-red-400-background-color has-text-color has-background wp-element-button\" href=\"https:\/\/dan.org\/research-reports\/grants-collaboration\/oxygen-grant-programs\/\" style=\"border-radius:5px\">En savoir plus<\/a><\/div>\n<\/div>\n<\/div>\n<\/div>","protected":false},"excerpt":{"rendered":"<p>DAN a mis en place un large \u00e9ventail d'initiatives d\u00e9di\u00e9es \u00e0 la s\u00e9curit\u00e9 des op\u00e9rateurs de plong\u00e9e dans le monde entier. Nos programmes de recherche sur la plong\u00e9e, de suivi des incidents, de pr\u00e9vention des accidents et d'\u00e9valuation des accidents ont largement contribu\u00e9 \u00e0 rendre la plong\u00e9e plus s\u00fbre que jamais. <\/p>","protected":false},"author":1,"featured_media":0,"parent":23,"menu_order":183,"comment_status":"closed","ping_status":"closed","template":"","meta":{"_acf_changed":false,"_ef_editorial_meta_date_first-draft-date":"","_ef_editorial_meta_paragraph_assignment":"","_ef_editorial_meta_checkbox_needs-photo":"","_ef_editorial_meta_number_word-count":"","footnotes":""},"class_list":["post-43","page","type-page","status-publish","hentry"],"acf":[],"yoast_head":"<!-- This site is optimized with the Yoast SEO Premium plugin v27.0 (Yoast SEO v27.3) - https:\/\/yoast.com\/product\/yoast-seo-premium-wordpress\/ -->\n<title>Dive Operation Safety - DAN World<\/title>\n<meta name=\"description\" content=\"DAN has offered a wide variety of safety initiatives over the past 40 years in an attempt to prevent incidents and accidents and enhance dive safety.\" \/>\n<meta name=\"robots\" content=\"index, follow, max-snippet:-1, max-image-preview:large, max-video-preview:-1\" \/>\n<link rel=\"canonical\" href=\"https:\/\/world.dan.org\/fr\/ko\/safety-prevention\/operation-safety\/\" \/>\n<meta property=\"og:locale\" content=\"fr_CA\" \/>\n<meta property=\"og:type\" content=\"article\" \/>\n<meta property=\"og:title\" content=\"Dive Operation Safety\" \/>\n<meta property=\"og:description\" content=\"DAN has offered a wide variety of safety initiatives over the past 40 years in an attempt to prevent incidents and accidents and enhance dive safety.\" \/>\n<meta property=\"og:url\" content=\"https:\/\/world.dan.org\/fr\/ko\/safety-prevention\/operation-safety\/\" \/>\n<meta property=\"og:site_name\" content=\"DAN World\" \/>\n<meta property=\"article:modified_time\" content=\"2024-09-24T20:32:55+00:00\" \/>\n<meta property=\"og:image\" content=\"https:\/\/world.dan.org\/wp-content\/uploads\/2021\/07\/dive-operation-safety-IMG_7669-1200x600-1.jpg\" \/>\n\t<meta property=\"og:image:width\" content=\"1200\" \/>\n\t<meta property=\"og:image:height\" content=\"600\" \/>\n\t<meta property=\"og:image:type\" content=\"image\/jpeg\" \/>\n<meta name=\"twitter:card\" content=\"summary_large_image\" \/>\n<meta name=\"twitter:title\" content=\"Dive Operation Safety\" \/>\n<meta name=\"twitter:description\" content=\"DAN has offered a wide variety of safety initiatives over the past 40 years in an attempt to prevent incidents and accidents and enhance dive safety.\" \/>\n<meta name=\"twitter:image\" content=\"https:\/\/world.dan.org\/wp-content\/uploads\/2021\/07\/dive-operation-safety-IMG_7669-1200x600-1.jpg\" \/>\n<meta name=\"twitter:label1\" content=\"Est. reading time\" \/>\n\t<meta name=\"twitter:data1\" content=\"2 minutes\" \/>\n<script type=\"application\/ld+json\" class=\"yoast-schema-graph\">{\"@context\":\"https:\\\/\\\/schema.org\",\"@graph\":[{\"@type\":\"WebPage\",\"@id\":\"https:\\\/\\\/world.dan.org\\\/ko\\\/safety-prevention\\\/operation-safety\\\/\",\"url\":\"https:\\\/\\\/world.dan.org\\\/ko\\\/safety-prevention\\\/operation-safety\\\/\",\"name\":\"Dive Operation Safety - DAN World\",\"isPartOf\":{\"@id\":\"https:\\\/\\\/world.dan.org\\\/es\\\/#website\"},\"primaryImageOfPage\":{\"@id\":\"https:\\\/\\\/world.dan.org\\\/ko\\\/safety-prevention\\\/operation-safety\\\/#primaryimage\"},\"image\":{\"@id\":\"https:\\\/\\\/world.dan.org\\\/ko\\\/safety-prevention\\\/operation-safety\\\/#primaryimage\"},\"thumbnailUrl\":\"https:\\\/\\\/world.dan.org\\\/wp-content\\\/uploads\\\/2021\\\/07\\\/safety-assestments-000020232941-600x300-1.jpg\",\"datePublished\":\"2020-03-27T22:00:47+00:00\",\"dateModified\":\"2024-09-24T20:32:55+00:00\",\"description\":\"DAN has offered a wide variety of safety initiatives over the past 40 years in an attempt to prevent incidents and accidents and enhance dive safety.\",\"breadcrumb\":{\"@id\":\"https:\\\/\\\/world.dan.org\\\/ko\\\/safety-prevention\\\/operation-safety\\\/#breadcrumb\"},\"inLanguage\":\"fr-CA\",\"potentialAction\":[{\"@type\":\"ReadAction\",\"target\":[\"https:\\\/\\\/world.dan.org\\\/ko\\\/safety-prevention\\\/operation-safety\\\/\"]}]},{\"@type\":\"ImageObject\",\"inLanguage\":\"fr-CA\",\"@id\":\"https:\\\/\\\/world.dan.org\\\/ko\\\/safety-prevention\\\/operation-safety\\\/#primaryimage\",\"url\":\"https:\\\/\\\/world.dan.org\\\/wp-content\\\/uploads\\\/2021\\\/07\\\/safety-assestments-000020232941-600x300-1.jpg\",\"contentUrl\":\"https:\\\/\\\/world.dan.org\\\/wp-content\\\/uploads\\\/2021\\\/07\\\/safety-assestments-000020232941-600x300-1.jpg\"},{\"@type\":\"BreadcrumbList\",\"@id\":\"https:\\\/\\\/world.dan.org\\\/ko\\\/safety-prevention\\\/operation-safety\\\/#breadcrumb\",\"itemListElement\":[{\"@type\":\"ListItem\",\"position\":1,\"name\":\"Home\",\"item\":\"https:\\\/\\\/world.dan.org\\\/\"},{\"@type\":\"ListItem\",\"position\":2,\"name\":\"Safety &#038; Prevention\",\"item\":\"https:\\\/\\\/world.dan.org\\\/safety-prevention\\\/\"},{\"@type\":\"ListItem\",\"position\":3,\"name\":\"Dive Operation Safety\"}]},{\"@type\":\"WebSite\",\"@id\":\"https:\\\/\\\/world.dan.org\\\/es\\\/#website\",\"url\":\"https:\\\/\\\/world.dan.org\\\/es\\\/\",\"name\":\"DAN World\",\"description\":\"\",\"publisher\":{\"@id\":\"https:\\\/\\\/world.dan.org\\\/es\\\/#organization\"},\"potentialAction\":[{\"@type\":\"SearchAction\",\"target\":{\"@type\":\"EntryPoint\",\"urlTemplate\":\"https:\\\/\\\/world.dan.org\\\/es\\\/?s={search_term_string}\"},\"query-input\":{\"@type\":\"PropertyValueSpecification\",\"valueRequired\":true,\"valueName\":\"search_term_string\"}}],\"inLanguage\":\"fr-CA\"},{\"@type\":\"Organization\",\"@id\":\"https:\\\/\\\/world.dan.org\\\/es\\\/#organization\",\"name\":\"DAN World\",\"url\":\"https:\\\/\\\/world.dan.org\\\/es\\\/\",\"logo\":{\"@type\":\"ImageObject\",\"inLanguage\":\"fr-CA\",\"@id\":\"https:\\\/\\\/world.dan.org\\\/es\\\/#\\\/schema\\\/logo\\\/image\\\/\",\"url\":\"https:\\\/\\\/world.dan.org\\\/wp-content\\\/uploads\\\/2022\\\/04\\\/DAN-World-logo-sm-52px.svg\",\"contentUrl\":\"https:\\\/\\\/world.dan.org\\\/wp-content\\\/uploads\\\/2022\\\/04\\\/DAN-World-logo-sm-52px.svg\",\"width\":175,\"height\":52,\"caption\":\"DAN World\"},\"image\":{\"@id\":\"https:\\\/\\\/world.dan.org\\\/es\\\/#\\\/schema\\\/logo\\\/image\\\/\"}}]}<\/script>\n<!-- \/ Yoast SEO Premium plugin. -->","yoast_head_json":{"title":"S\u00e9curit\u00e9 des op\u00e9rations de plong\u00e9e - DAN World","description":"Au cours des 40 derni\u00e8res ann\u00e9es, le DAN a propos\u00e9 un large \u00e9ventail d'initiatives en mati\u00e8re de s\u00e9curit\u00e9 dans le but de pr\u00e9venir les incidents et les accidents et d'am\u00e9liorer la s\u00e9curit\u00e9 des plongeurs.","robots":{"index":"index","follow":"follow","max-snippet":"max-snippet:-1","max-image-preview":"max-image-preview:large","max-video-preview":"max-video-preview:-1"},"canonical":"https:\/\/world.dan.org\/fr\/ko\/safety-prevention\/operation-safety\/","og_locale":"fr_CA","og_type":"article","og_title":"Dive Operation Safety","og_description":"DAN has offered a wide variety of safety initiatives over the past 40 years in an attempt to prevent incidents and accidents and enhance dive safety.","og_url":"https:\/\/world.dan.org\/fr\/ko\/safety-prevention\/operation-safety\/","og_site_name":"DAN World","article_modified_time":"2024-09-24T20:32:55+00:00","og_image":[{"width":1200,"height":600,"url":"https:\/\/world.dan.org\/wp-content\/uploads\/2021\/07\/dive-operation-safety-IMG_7669-1200x600-1.jpg","type":"image\/jpeg"}],"twitter_card":"summary_large_image","twitter_title":"Dive Operation Safety","twitter_description":"DAN has offered a wide variety of safety initiatives over the past 40 years in an attempt to prevent incidents and accidents and enhance dive safety.","twitter_image":"https:\/\/world.dan.org\/wp-content\/uploads\/2021\/07\/dive-operation-safety-IMG_7669-1200x600-1.jpg","twitter_misc":{"Est. reading time":"2 minutes"},"schema":{"@context":"https:\/\/schema.org","@graph":[{"@type":"WebPage","@id":"https:\/\/world.dan.org\/ko\/safety-prevention\/operation-safety\/","url":"https:\/\/world.dan.org\/ko\/safety-prevention\/operation-safety\/","name":"S\u00e9curit\u00e9 des op\u00e9rations de plong\u00e9e - DAN World","isPartOf":{"@id":"https:\/\/world.dan.org\/es\/#website"},"primaryImageOfPage":{"@id":"https:\/\/world.dan.org\/ko\/safety-prevention\/operation-safety\/#primaryimage"},"image":{"@id":"https:\/\/world.dan.org\/ko\/safety-prevention\/operation-safety\/#primaryimage"},"thumbnailUrl":"https:\/\/world.dan.org\/wp-content\/uploads\/2021\/07\/safety-assestments-000020232941-600x300-1.jpg","datePublished":"2020-03-27T22:00:47+00:00","dateModified":"2024-09-24T20:32:55+00:00","description":"Au cours des 40 derni\u00e8res ann\u00e9es, le DAN a propos\u00e9 un large \u00e9ventail d'initiatives en mati\u00e8re de s\u00e9curit\u00e9 dans le but de pr\u00e9venir les incidents et les accidents et d'am\u00e9liorer la s\u00e9curit\u00e9 des plongeurs.","breadcrumb":{"@id":"https:\/\/world.dan.org\/ko\/safety-prevention\/operation-safety\/#breadcrumb"},"inLanguage":"fr-CA","potentialAction":[{"@type":"ReadAction","target":["https:\/\/world.dan.org\/ko\/safety-prevention\/operation-safety\/"]}]},{"@type":"ImageObject","inLanguage":"fr-CA","@id":"https:\/\/world.dan.org\/ko\/safety-prevention\/operation-safety\/#primaryimage","url":"https:\/\/world.dan.org\/wp-content\/uploads\/2021\/07\/safety-assestments-000020232941-600x300-1.jpg","contentUrl":"https:\/\/world.dan.org\/wp-content\/uploads\/2021\/07\/safety-assestments-000020232941-600x300-1.jpg"},{"@type":"BreadcrumbList","@id":"https:\/\/world.dan.org\/ko\/safety-prevention\/operation-safety\/#breadcrumb","itemListElement":[{"@type":"ListItem","position":1,"name":"Home","item":"https:\/\/world.dan.org\/"},{"@type":"ListItem","position":2,"name":"Safety &#038; Prevention","item":"https:\/\/world.dan.org\/safety-prevention\/"},{"@type":"ListItem","position":3,"name":"Dive Operation Safety"}]},{"@type":"WebSite","@id":"https:\/\/world.dan.org\/es\/#website","url":"https:\/\/world.dan.org\/es\/","name":"DAN World","description":"","publisher":{"@id":"https:\/\/world.dan.org\/es\/#organization"},"potentialAction":[{"@type":"SearchAction","target":{"@type":"EntryPoint","urlTemplate":"https:\/\/world.dan.org\/es\/?s={search_term_string}"},"query-input":{"@type":"PropertyValueSpecification","valueRequired":true,"valueName":"search_term_string"}}],"inLanguage":"fr-CA"},{"@type":"Organization","@id":"https:\/\/world.dan.org\/es\/#organization","name":"DAN World","url":"https:\/\/world.dan.org\/es\/","logo":{"@type":"ImageObject","inLanguage":"fr-CA","@id":"https:\/\/world.dan.org\/es\/#\/schema\/logo\/image\/","url":"https:\/\/world.dan.org\/wp-content\/uploads\/2022\/04\/DAN-World-logo-sm-52px.svg","contentUrl":"https:\/\/world.dan.org\/wp-content\/uploads\/2022\/04\/DAN-World-logo-sm-52px.svg","width":175,"height":52,"caption":"DAN World"},"image":{"@id":"https:\/\/world.dan.org\/es\/#\/schema\/logo\/image\/"}}]}},"_links":{"self":[{"href":"https:\/\/world.dan.org\/fr\/wp-json\/wp\/v2\/pages\/43","targetHints":{"allow":["GET"]}}],"collection":[{"href":"https:\/\/world.dan.org\/fr\/wp-json\/wp\/v2\/pages"}],"about":[{"href":"https:\/\/world.dan.org\/fr\/wp-json\/wp\/v2\/types\/page"}],"author":[{"embeddable":true,"href":"https:\/\/world.dan.org\/fr\/wp-json\/wp\/v2\/users\/1"}],"replies":[{"embeddable":true,"href":"https:\/\/world.dan.org\/fr\/wp-json\/wp\/v2\/comments?post=43"}],"version-history":[{"count":0,"href":"https:\/\/world.dan.org\/fr\/wp-json\/wp\/v2\/pages\/43\/revisions"}],"up":[{"embeddable":true,"href":"https:\/\/world.dan.org\/fr\/wp-json\/wp\/v2\/pages\/23"}],"wp:attachment":[{"href":"https:\/\/world.dan.org\/fr\/wp-json\/wp\/v2\/media?parent=43"}],"curies":[{"name":"wp","href":"https:\/\/api.w.org\/{rel}","templated":true}]}}