{"id":63,"date":"2020-03-27T18:05:55","date_gmt":"2020-03-27T22:05:55","guid":{"rendered":"https:\/\/dan.devhammer.com\/?page_id=63"},"modified":"2025-04-03T12:18:15","modified_gmt":"2025-04-03T16:18:15","slug":"become-a-dan-instructor","status":"publish","type":"page","link":"https:\/\/world.dan.org\/fr\/education-events\/become-a-dan-instructor\/","title":{"rendered":"Devenir un Instructeur DAN"},"content":{"rendered":"<div class=\"n2_clear\"><ss3-force-full-width data-overflow-x=\"body\" data-horizontal-selector=\"\"><div class=\"n2-section-smartslider fitvidsignore  n2_clear\" data-ssid=\"37\" tabindex=\"0\" role=\"region\" aria-label=\"Slider\"><div id=\"n2-ss-37-align\" class=\"n2-ss-align\"><div class=\"n2-padding\"><div id=\"n2-ss-37\" data-creator=\"Smart Slider 3\" data-responsive=\"fullwidth\" class=\"n2-ss-slider n2-ow n2-has-hover n2notransition\">\n        <div class=\"n2-ss-slider-1 n2_ss__touch_element n2-ow\">\n            <div class=\"n2-ss-slider-2 n2-ow\">\n                                                <div class=\"n2-ss-slider-3 n2-ow\">\n\n                    <div class=\"n2-ss-slide-backgrounds n2-ow-all\"><div class=\"n2-ss-slide-background\" data-public-id=\"1\" data-mode=\"fill\"><div data-gradient=\"horizontal\" data-color-start=\"RGBA(3,70,132,0.48)\" data-color-end=\"RGBA(255,255,255,0)\" style=\"background:linear-gradient(to right, RGBA(3,70,132,0.48) 0%,RGBA(255,255,255,0) 100%);\" class=\"n2-ss-slide-background-color\"><\/div><\/div><\/div>                    <div class=\"n2-ss-slider-4 n2-ow\">\n                        <svg xmlns=\"http:\/\/www.w3.org\/2000\/svg\" viewbox=\"0 0 1600 600\" data-related-device=\"desktopPortrait\" class=\"n2-ow n2-ss-preserve-size n2-ss-preserve-size--slider n2-ss-slide-limiter\"><\/svg><div data-first=\"1\" data-slide-duration=\"0\" data-id=\"58\" data-slide-public-id=\"1\" data-title=\"Become an Instructor\" class=\"n2-ss-slide n2-ow  n2-ss-slide-58\"><div role=\"note\" class=\"n2-ss-slide--focus\" tabindex=\"-1\">Become an Instructor<\/div><div class=\"n2-ss-layers-container n2-ss-slide-limiter n2-ow\"><div class=\"n2-ss-layer n2-ow n-uc-p5hyVnIhPJUe\" data-sstype=\"slide\" data-pm=\"default\"><div class=\"n2-ss-layer n2-ow n-uc-uymNLqesoPrv\" data-pm=\"default\" data-sstype=\"content\" data-hasbackground=\"0\"><div class=\"n2-ss-section-main-content n2-ss-layer-with-background n2-ss-layer-content n2-ow n-uc-uymNLqesoPrv-inner\"><div class=\"n2-ss-layer n2-ow n2-ss-layer--block n2-ss-has-self-align n-uc-KRAZmvLoeYX2\" data-pm=\"normal\" data-sstype=\"row\"><div class=\"n2-ss-layer-row n2-ss-layer-with-background n-uc-KRAZmvLoeYX2-inner\"><div class=\"n2-ss-layer-row-inner\"><div class=\"n2-ss-layer n2-ow n-uc-P6ukbodtvjap\" data-pm=\"default\" data-sstype=\"col\"><div class=\"n2-ss-layer-col n2-ss-layer-with-background n2-ss-layer-content n-uc-P6ukbodtvjap-inner\"><div class=\"n2-ss-layer n2-ow n-uc-55Jn328dLnf7 n2-ss-layer--auto\" data-pm=\"normal\" data-sstype=\"layer\"><div class=\"n2-ss-button-container n2-ss-item-content n2-ow n2-font-a3b57aec3250d1cd7b703e552c1cb98d-link  n2-ss-nowrap n2-ss-button-container--non-full-width\"><a class=\"n2-style-05ba4352b746b78a53d300ba52f2d0e2-heading  n2-ow\" onclick=\"return false;\" href=\"#\"><div><div>\u00c9DUCATION<\/div><\/div><\/a><\/div><\/div><div class=\"n2-ss-layer n2-ow n-uc-jXRsiBTtcFbf\" data-pm=\"normal\" data-sstype=\"layer\"><h2 id=\"n2-ss-37item2\" class=\"n2-font-0e90d147ce6e7cb4798c11b222234271-hover n2-style-fea5f7007ea60cd0f94b58717a9ba1ac-heading   n2-ss-item-content n2-ss-text n2-ow\" style=\"display:block;\">DEVENEZ INSTRUCTEUR<\/h2><\/div><div class=\"n2-ss-layer n2-ow n-uc-l0bieXmsEna8\" data-pm=\"normal\" data-sstype=\"layer\"><div class=\"n2-ss-item-content n2-ss-text n2-ow-all\"><div data-hide-desktoplandscape=\"1\" data-hide-desktopportrait=\"1\" data-hide-tabletlandscape=\"1\" data-hide-tabletportrait=\"1\"><\/div><div class=\"\" data-hide-mobilelandscape=\"1\" data-hide-mobileportrait=\"1\"><p class=\"n2-font-3bb99d1f4c6c6f425005dde180c1a679-paragraph  n2-style-39612b538396e2fceb18e53ec82d9001-heading\">Programmes d'Instructeur et de Formateur d'Instructeur de DAN<\/p>\n<\/div><\/div><\/div><div class=\"n2-ss-layer n2-ow n2-ss-layer--block n2-ss-has-self-align n-uc-cwvbn5SKqcXw\" data-pm=\"normal\" data-sstype=\"row\"><div class=\"n2-ss-layer-row n2-ss-layer-with-background n-uc-cwvbn5SKqcXw-inner\"><div class=\"n2-ss-layer-row-inner\"><div class=\"n2-ss-layer n2-ow n-uc-oXnAbi2D9NPC\" data-pm=\"default\" data-sstype=\"col\"><div class=\"n2-ss-layer-col n2-ss-layer-with-background n2-ss-layer-content n-uc-oXnAbi2D9NPC-inner\"><div class=\"n2-ss-layer n2-ow n-uc-dsl10NuXYmt8 n2-ss-layer--auto\" data-pm=\"normal\" data-hidedesktopportrait=\"1\" data-hidetabletportrait=\"1\" data-hidemobileportrait=\"1\" data-sstype=\"layer\"><div class=\"n2-ss-button-container n2-ss-item-content n2-ow n2-font-efb749624a85eff02533b8cc5c19c88c-link  n2-ss-nowrap n2-ss-button-container--non-full-width\"><a class=\"n2-style-cd7796faf722e88fc7c6131f998fde7c-heading  n2-ow\" onclick=\"return false;\" target=\"_blank\" href=\"#\"><div><div>Plateforme de e-learning<\/div><\/div><\/a><\/div><\/div><\/div><\/div><\/div><\/div><\/div><\/div><\/div><\/div><\/div><\/div><\/div><\/div><\/div><\/div><\/div>                    <\/div>\n\n                                    <\/div>\n            <\/div>\n        <\/div>\n        <\/div><ss3-loader><\/ss3-loader><\/div><\/div><div class=\"n2_clear\"><\/div><\/div><\/ss3-force-full-width><\/div>\n\n\n<div style=\"height:100px\" aria-hidden=\"true\" class=\"wp-block-spacer\"><\/div>\n\n\n\n<h1 class=\"wp-block-heading\">Pourquoi devenir un Instructeur DAN?<\/h1>\n\n\n\n<p>En devenant instructeur DAN, vous contribuez \u00e0 la construction d'une communaut\u00e9 de plongeurs mieux form\u00e9s et plus comp\u00e9tents. Vous pouvez d\u00e9velopper un personnel de plong\u00e9e hautement qualifi\u00e9, accro\u00eetre votre activit\u00e9 et montrer \u00e0 vos clients que vous vous engagez en faveur de la s\u00e9curit\u00e9.<\/p>\n\n\n\n<p>La formation aux premiers secours peut vous aider \u00e0 g\u00e9n\u00e9rer des activit\u00e9s hors saison et \u00e0 diversifier vos sources de revenus.  Tendre la main \u00e0 l'ensemble de votre communaut\u00e9 et lui enseigner les premiers secours pr\u00e9pare les membres de votre communaut\u00e9 \u00e0 agir en cas d'urgence, et c'est un excellent moyen de leur faire d\u00e9couvrir le monde de la plong\u00e9e sous-marine.<\/p>\n\n\n\n<p>Apr\u00e8s avoir satisfait \u00e0 des conditions pr\u00e9alables suppl\u00e9mentaires, vous pouvez devenir formateur d\u2019instructeurs DAN. Faites progresser votre carri\u00e8re de plongeur et aidez d'autres professionnels de la plong\u00e9e \u00e0 faire de m\u00eame en organisant des cours de qualification d'instructeurs DAN<\/p>\n\n\n\n<div style=\"height:50px\" aria-hidden=\"true\" class=\"wp-block-spacer\"><\/div>\n\n\n\n<h2 class=\"wp-block-heading\"><span style=\"color: #111111;\" class=\"stk-highlight\">Renforcer votre communaut\u00e9 locale<\/span><\/h2>\n\n\n\n<p>Sortez du cadre de l'industrie de la plong\u00e9e et soyez reconnu comme un expert en mati\u00e8re de premiers secours et de formation aux premiers secours en proposant des cours de premiers secours DAN \u00e0 vos plongeurs et \u00e0 votre communaut\u00e9 locale. Les comp\u00e9tences acquises dans le cadre des programmes d'instructeur et de formateur d'instructeurs DAN conviennent parfaitement \u00e0 la formation des membres des ligues sportives et r\u00e9cr\u00e9atives, des groupes scolaires, des organisations de scoutisme et des associations de b\u00e9n\u00e9voles. Vos comp\u00e9tences en mati\u00e8re de premiers secours et de r\u00e9animation cardiopulmonaire aideront ces groupes \u00e0 se pr\u00e9parer aux accidents ou aux blessures qui peuvent survenir au cours de leurs activit\u00e9s.<\/p>\n\n\n\n<div style=\"height:50px\" aria-hidden=\"true\" class=\"wp-block-spacer\"><\/div>\n\n\n\n<h2 class=\"wp-block-heading\"><span style=\"color: #111111;\" class=\"stk-highlight\">\u00catre un leader dans le secteur de la plong\u00e9e<\/span><\/h2>\n\n\n\n<p>Divers Alert Network (DAN) est depuis longtemps reconnu comme la principale association mondiale de s\u00e9curit\u00e9 en plong\u00e9e. Lorsque vous devenez un instructeur DAN ou un formateur d\u2019instructeurs, vous nous rejoignez pour rendre notre sport plus s\u00fbr pour tous les plongeurs en pr\u00e9venant les accidents, en r\u00e9duisant les risques et en partageant les programmes DAN avec vos \u00e9l\u00e8ves.<\/p>\n\n\n\n<div style=\"height:50px\" aria-hidden=\"true\" class=\"wp-block-spacer\"><\/div>\n\n\n\n<hr class=\"wp-block-separator has-text-color has-dan-light-gray-color has-css-opacity has-dan-light-gray-background-color has-background\"\/>\n\n\n\n<div style=\"height:50px\" aria-hidden=\"true\" class=\"wp-block-spacer\"><\/div>\n\n\n\n<div class=\"wp-block-columns is-layout-flex wp-container-core-columns-is-layout-9d6595d7 wp-block-columns-is-layout-flex\">\n<div class=\"wp-block-column is-layout-flow wp-block-column-is-layout-flow\">\n<h2 class=\"wp-block-heading\"><span style=\"color:#a70b2a\" class=\"color\">Devenir un Instructeur DAN<\/span><\/h2>\n\n\n\n<ol class=\"wp-block-list\">\n<li>\u00catre un membre DAN et un DAN Pro.<\/li>\n\n\n\n<li>\u00catre un leader actif en plong\u00e9e (par exemple, instructeur, assistant instructeur, dive con ou divemaster) aupr\u00e8s de votre organisme de formation.<\/li>\n\n\n\n<li class=\"translation-block\"><strong><a href=\"https:\/\/apps.dan.org\/instructor-directory\/\" target=\"_self\">Trouver un Formateur d\u2019Instructeurs DAN<\/a> <\/strong>\u00a0pr\u00e8s de chez vous et commencez.<\/li>\n\n\n\n<li>Compl\u00e9ter les modules de e-learning du cours de formation des instructeurs (IQC) d\u00e9livr\u00e9s par votre Formateur d\u2019Instructeurs.\n<ol class=\"wp-block-list\">\n<li>Compl\u00e9ter le module de base DAN.<\/li>\n\n\n\n<li>Compl\u00e9tez le(s) module(s) d\u2019instructeur(s) pour le(s) cours que vous souhaitez enseigner.<\/li>\n<\/ol>\n<\/li>\n\n\n\n<li>Compl\u00e9tez avec votre Formateur d'Instructeur les sessions en classe du cours IQC.<\/li>\n\n\n\n<li>Commencez \u00e0 enseigner d\u00e8s que vous avez termin\u00e9 le cours et que votre Formateur de d\u2019Instructeurs DAN a donn\u00e9 son accord.<\/li>\n<\/ol>\n<\/div>\n\n\n\n<div class=\"wp-block-column has-dan-light-gray-background-color has-background is-layout-flow wp-block-column-is-layout-flow\" style=\"flex-basis:2px\"><\/div>\n\n\n\n<div class=\"wp-block-column is-layout-flow wp-block-column-is-layout-flow\">\n<h2 class=\"wp-block-heading\"><span style=\"color:#a70b2a\" class=\"color\">Devenir un Formateur d\u2019Instructeurs DAN<\/span><\/h2>\n\n\n\n<ol class=\"wp-block-list\">\n<li>\u00catre un Instructeur DAN actif qui a d\u00e9j\u00e0 donn\u00e9 des cours de premiers secours DAN.<\/li>\n\n\n\n<li>Devenir Formateur d'Instructeurs avec votre organisme de formation \u00e0 la plong\u00e9e\n<ol class=\"wp-block-list\">\n<li>D'autres options sont \u00e9galement disponibles (contacter DAN pour plus de d\u00e9tails).<\/li>\n<\/ol>\n<\/li>\n\n\n\n<li class=\"translation-block\"><strong><a href=\"https:\/\/apps.dan.org\/instructor-directory\/\" target=\"_blank\" rel=\"noreferrer noopener\">Trouver un Examinateur DAN<\/a><\/strong>\u00a0dans votre r\u00e9gion qui peut vous donner acc\u00e8s au module de formation des instructeurs en ligne.<\/li>\n\n\n\n<li>Compl\u00e9ter le module de formation en ligne de l\u2019atelier de formation des instructeurs (ITW).<\/li>\n\n\n\n<li>Suivre la session en classe de l'atelier de formation des Instructeurs DAN avec votre Examinateur DAN.<\/li>\n\n\n\n<li>Commencez \u00e0 enseigner d\u00e8s l'approbation de votre Examinateur DAN.<\/li>\n<\/ol>\n\n\n\n<div style=\"height:15px\" aria-hidden=\"true\" class=\"wp-block-spacer\"><\/div>\n\n\n\n<h4 class=\"wp-block-heading\"><strong><span style=\"color: #111111;\" class=\"stk-highlight\">Options pour les Formateurs d\u2019Instructeurs DAN :<\/span><\/strong><\/h4>\n\n\n\n<ol class=\"wp-block-list\">\n<li>Formateur d'Instructeurs \u00e0 la gestion d\u2019urgence en plong\u00e9e (DEMP) - Inclut BLS : RCP et premiers secours, oxyg\u00e8ne d'urgence pour les accidents en plong\u00e9e sous-marine, \u00e9valuation neurologique, premiers secours pour les blessures li\u00e9es \u00e0 la vie marine dangereuse et gestion des urgences en plong\u00e9e.<\/li>\n\n\n\n<li>Suite compl\u00e8te pour les Formateurs d\u2019Instructeurs - comprend tous les cours de premiers secours DAN.<\/li>\n<\/ol>\n<\/div>\n<\/div>\n\n\n\n<p><\/p>","protected":false},"excerpt":{"rendered":"<p>En devenant Instructeur DAN, vous contribuez \u00e0 la construction d'une communaut\u00e9 de plongeurs plus comp\u00e9tents et mieux form\u00e9s. En tant qu'Instructeur DAN, les possibilit\u00e9s d'\u00e9volution professionnelle sont infinies.<\/p>","protected":false},"author":1,"featured_media":19648,"parent":27,"menu_order":166,"comment_status":"closed","ping_status":"closed","template":"templates\/page-landing-2a.php","meta":{"_acf_changed":false,"_ef_editorial_meta_date_first-draft-date":"","_ef_editorial_meta_paragraph_assignment":"","_ef_editorial_meta_checkbox_needs-photo":"","_ef_editorial_meta_number_word-count":"","footnotes":""},"class_list":["post-63","page","type-page","status-publish","has-post-thumbnail","hentry"],"acf":[],"yoast_head":"<!-- This site is optimized with the Yoast SEO Premium plugin v27.4 (Yoast SEO v27.4) - https:\/\/yoast.com\/product\/yoast-seo-premium-wordpress\/ -->\n<title>Become a DAN Instructor - DAN World<\/title>\n<meta name=\"description\" content=\"When you become a DAN Instructor you can help build a more skillful and better trained community of divers. As a DAN Instructor the possibilities for professional growth are endless.\" \/>\n<meta name=\"robots\" content=\"index, follow, max-snippet:-1, max-image-preview:large, max-video-preview:-1\" \/>\n<link rel=\"canonical\" href=\"https:\/\/world.dan.org\/fr\/education-events\/become-a-dan-instructor\/\" \/>\n<meta property=\"og:locale\" content=\"fr_CA\" \/>\n<meta property=\"og:type\" content=\"article\" \/>\n<meta property=\"og:title\" content=\"Become a DAN Instructor\" \/>\n<meta property=\"og:description\" content=\"When you become a DAN Instructor you can help build a more skillful and better trained community of divers. As a DAN Instructor the possibilities for professional growth are endless.\" \/>\n<meta property=\"og:url\" content=\"https:\/\/world.dan.org\/fr\/education-events\/become-a-dan-instructor\/\" \/>\n<meta property=\"og:site_name\" content=\"DAN World\" \/>\n<meta property=\"article:modified_time\" content=\"2025-04-03T16:18:15+00:00\" \/>\n<meta property=\"og:image\" content=\"https:\/\/world.dan.org\/wp-content\/uploads\/2021\/12\/DAN-Instructor-trainer-scuba_MG_2066-.jpg\" \/>\n\t<meta property=\"og:image:width\" content=\"1920\" \/>\n\t<meta property=\"og:image:height\" content=\"926\" \/>\n\t<meta property=\"og:image:type\" content=\"image\/jpeg\" \/>\n<meta name=\"twitter:card\" content=\"summary_large_image\" \/>\n<meta name=\"twitter:title\" content=\"Become a DAN Instructor\" \/>\n<meta name=\"twitter:description\" content=\"When you become a DAN Instructor you can help build a more skillful and better trained community of divers. As a DAN Instructor the possibilities for professional growth are endless.\" \/>\n<meta name=\"twitter:image\" content=\"https:\/\/world.dan.org\/wp-content\/uploads\/2021\/12\/DAN-Instructor-trainer-scuba_MG_2066-.jpg\" \/>\n<meta name=\"twitter:label1\" content=\"Est. reading time\" \/>\n\t<meta name=\"twitter:data1\" content=\"3 minutes\" \/>\n<script type=\"application\/ld+json\" class=\"yoast-schema-graph\">{\"@context\":\"https:\\\/\\\/schema.org\",\"@graph\":[{\"@type\":\"WebPage\",\"@id\":\"https:\\\/\\\/world.dan.org\\\/education-events\\\/become-a-dan-instructor\\\/\",\"url\":\"https:\\\/\\\/world.dan.org\\\/education-events\\\/become-a-dan-instructor\\\/\",\"name\":\"Become a DAN Instructor - DAN World\",\"isPartOf\":{\"@id\":\"https:\\\/\\\/world.dan.org\\\/es\\\/#website\"},\"primaryImageOfPage\":{\"@id\":\"https:\\\/\\\/world.dan.org\\\/education-events\\\/become-a-dan-instructor\\\/#primaryimage\"},\"image\":{\"@id\":\"https:\\\/\\\/world.dan.org\\\/education-events\\\/become-a-dan-instructor\\\/#primaryimage\"},\"thumbnailUrl\":\"https:\\\/\\\/world.dan.org\\\/wp-content\\\/uploads\\\/2021\\\/12\\\/DAN-Instructor-trainer-scuba_MG_2066-.jpg\",\"datePublished\":\"2020-03-27T22:05:55+00:00\",\"dateModified\":\"2025-04-03T16:18:15+00:00\",\"description\":\"When you become a DAN Instructor you can help build a more skillful and better trained community of divers. As a DAN Instructor the possibilities for professional growth are endless.\",\"breadcrumb\":{\"@id\":\"https:\\\/\\\/world.dan.org\\\/education-events\\\/become-a-dan-instructor\\\/#breadcrumb\"},\"inLanguage\":\"fr-CA\",\"potentialAction\":[{\"@type\":\"ReadAction\",\"target\":[\"https:\\\/\\\/world.dan.org\\\/education-events\\\/become-a-dan-instructor\\\/\"]}]},{\"@type\":\"ImageObject\",\"inLanguage\":\"fr-CA\",\"@id\":\"https:\\\/\\\/world.dan.org\\\/education-events\\\/become-a-dan-instructor\\\/#primaryimage\",\"url\":\"https:\\\/\\\/world.dan.org\\\/wp-content\\\/uploads\\\/2021\\\/12\\\/DAN-Instructor-trainer-scuba_MG_2066-.jpg\",\"contentUrl\":\"https:\\\/\\\/world.dan.org\\\/wp-content\\\/uploads\\\/2021\\\/12\\\/DAN-Instructor-trainer-scuba_MG_2066-.jpg\",\"width\":1920,\"height\":926,\"caption\":\"instruction on a dive boat\"},{\"@type\":\"BreadcrumbList\",\"@id\":\"https:\\\/\\\/world.dan.org\\\/education-events\\\/become-a-dan-instructor\\\/#breadcrumb\",\"itemListElement\":[{\"@type\":\"ListItem\",\"position\":1,\"name\":\"Home\",\"item\":\"https:\\\/\\\/world.dan.org\\\/\"},{\"@type\":\"ListItem\",\"position\":2,\"name\":\"Education &#038; Events\",\"item\":\"https:\\\/\\\/world.dan.org\\\/education-events\\\/\"},{\"@type\":\"ListItem\",\"position\":3,\"name\":\"Become a DAN Instructor\"}]},{\"@type\":\"WebSite\",\"@id\":\"https:\\\/\\\/world.dan.org\\\/es\\\/#website\",\"url\":\"https:\\\/\\\/world.dan.org\\\/es\\\/\",\"name\":\"DAN World\",\"description\":\"\",\"publisher\":{\"@id\":\"https:\\\/\\\/world.dan.org\\\/es\\\/#organization\"},\"potentialAction\":[{\"@type\":\"SearchAction\",\"target\":{\"@type\":\"EntryPoint\",\"urlTemplate\":\"https:\\\/\\\/world.dan.org\\\/es\\\/?s={search_term_string}\"},\"query-input\":{\"@type\":\"PropertyValueSpecification\",\"valueRequired\":true,\"valueName\":\"search_term_string\"}}],\"inLanguage\":\"fr-CA\"},{\"@type\":\"Organization\",\"@id\":\"https:\\\/\\\/world.dan.org\\\/es\\\/#organization\",\"name\":\"DAN World\",\"url\":\"https:\\\/\\\/world.dan.org\\\/es\\\/\",\"logo\":{\"@type\":\"ImageObject\",\"inLanguage\":\"fr-CA\",\"@id\":\"https:\\\/\\\/world.dan.org\\\/es\\\/#\\\/schema\\\/logo\\\/image\\\/\",\"url\":\"https:\\\/\\\/world.dan.org\\\/wp-content\\\/uploads\\\/2022\\\/04\\\/DAN-World-logo-sm-52px.svg\",\"contentUrl\":\"https:\\\/\\\/world.dan.org\\\/wp-content\\\/uploads\\\/2022\\\/04\\\/DAN-World-logo-sm-52px.svg\",\"width\":175,\"height\":52,\"caption\":\"DAN World\"},\"image\":{\"@id\":\"https:\\\/\\\/world.dan.org\\\/es\\\/#\\\/schema\\\/logo\\\/image\\\/\"}}]}<\/script>\n<!-- \/ Yoast SEO Premium plugin. -->","yoast_head_json":{"title":"Devenir instructeur DAN - DAN World","description":"En devenant Instructeur DAN, vous contribuez \u00e0 la construction d'une communaut\u00e9 de plongeurs plus comp\u00e9tents et mieux form\u00e9s. En tant qu'Instructeur DAN, les possibilit\u00e9s d'\u00e9volution professionnelle sont infinies.","robots":{"index":"index","follow":"follow","max-snippet":"max-snippet:-1","max-image-preview":"max-image-preview:large","max-video-preview":"max-video-preview:-1"},"canonical":"https:\/\/world.dan.org\/fr\/education-events\/become-a-dan-instructor\/","og_locale":"fr_CA","og_type":"article","og_title":"Become a DAN Instructor","og_description":"When you become a DAN Instructor you can help build a more skillful and better trained community of divers. As a DAN Instructor the possibilities for professional growth are endless.","og_url":"https:\/\/world.dan.org\/fr\/education-events\/become-a-dan-instructor\/","og_site_name":"DAN World","article_modified_time":"2025-04-03T16:18:15+00:00","og_image":[{"width":1920,"height":926,"url":"https:\/\/world.dan.org\/wp-content\/uploads\/2021\/12\/DAN-Instructor-trainer-scuba_MG_2066-.jpg","type":"image\/jpeg"}],"twitter_card":"summary_large_image","twitter_title":"Become a DAN Instructor","twitter_description":"When you become a DAN Instructor you can help build a more skillful and better trained community of divers. As a DAN Instructor the possibilities for professional growth are endless.","twitter_image":"https:\/\/world.dan.org\/wp-content\/uploads\/2021\/12\/DAN-Instructor-trainer-scuba_MG_2066-.jpg","twitter_misc":{"Est. reading time":"3 minutes"},"schema":{"@context":"https:\/\/schema.org","@graph":[{"@type":"WebPage","@id":"https:\/\/world.dan.org\/education-events\/become-a-dan-instructor\/","url":"https:\/\/world.dan.org\/education-events\/become-a-dan-instructor\/","name":"Devenir instructeur DAN - DAN World","isPartOf":{"@id":"https:\/\/world.dan.org\/es\/#website"},"primaryImageOfPage":{"@id":"https:\/\/world.dan.org\/education-events\/become-a-dan-instructor\/#primaryimage"},"image":{"@id":"https:\/\/world.dan.org\/education-events\/become-a-dan-instructor\/#primaryimage"},"thumbnailUrl":"https:\/\/world.dan.org\/wp-content\/uploads\/2021\/12\/DAN-Instructor-trainer-scuba_MG_2066-.jpg","datePublished":"2020-03-27T22:05:55+00:00","dateModified":"2025-04-03T16:18:15+00:00","description":"En devenant Instructeur DAN, vous contribuez \u00e0 la construction d'une communaut\u00e9 de plongeurs plus comp\u00e9tents et mieux form\u00e9s. En tant qu'Instructeur DAN, les possibilit\u00e9s d'\u00e9volution professionnelle sont infinies.","breadcrumb":{"@id":"https:\/\/world.dan.org\/education-events\/become-a-dan-instructor\/#breadcrumb"},"inLanguage":"fr-CA","potentialAction":[{"@type":"ReadAction","target":["https:\/\/world.dan.org\/education-events\/become-a-dan-instructor\/"]}]},{"@type":"ImageObject","inLanguage":"fr-CA","@id":"https:\/\/world.dan.org\/education-events\/become-a-dan-instructor\/#primaryimage","url":"https:\/\/world.dan.org\/wp-content\/uploads\/2021\/12\/DAN-Instructor-trainer-scuba_MG_2066-.jpg","contentUrl":"https:\/\/world.dan.org\/wp-content\/uploads\/2021\/12\/DAN-Instructor-trainer-scuba_MG_2066-.jpg","width":1920,"height":926,"caption":"instruction on a dive boat"},{"@type":"BreadcrumbList","@id":"https:\/\/world.dan.org\/education-events\/become-a-dan-instructor\/#breadcrumb","itemListElement":[{"@type":"ListItem","position":1,"name":"Home","item":"https:\/\/world.dan.org\/"},{"@type":"ListItem","position":2,"name":"Education &#038; Events","item":"https:\/\/world.dan.org\/education-events\/"},{"@type":"ListItem","position":3,"name":"Become a DAN Instructor"}]},{"@type":"WebSite","@id":"https:\/\/world.dan.org\/es\/#website","url":"https:\/\/world.dan.org\/es\/","name":"DAN World","description":"","publisher":{"@id":"https:\/\/world.dan.org\/es\/#organization"},"potentialAction":[{"@type":"SearchAction","target":{"@type":"EntryPoint","urlTemplate":"https:\/\/world.dan.org\/es\/?s={search_term_string}"},"query-input":{"@type":"PropertyValueSpecification","valueRequired":true,"valueName":"search_term_string"}}],"inLanguage":"fr-CA"},{"@type":"Organization","@id":"https:\/\/world.dan.org\/es\/#organization","name":"DAN World","url":"https:\/\/world.dan.org\/es\/","logo":{"@type":"ImageObject","inLanguage":"fr-CA","@id":"https:\/\/world.dan.org\/es\/#\/schema\/logo\/image\/","url":"https:\/\/world.dan.org\/wp-content\/uploads\/2022\/04\/DAN-World-logo-sm-52px.svg","contentUrl":"https:\/\/world.dan.org\/wp-content\/uploads\/2022\/04\/DAN-World-logo-sm-52px.svg","width":175,"height":52,"caption":"DAN World"},"image":{"@id":"https:\/\/world.dan.org\/es\/#\/schema\/logo\/image\/"}}]}},"_links":{"self":[{"href":"https:\/\/world.dan.org\/fr\/wp-json\/wp\/v2\/pages\/63","targetHints":{"allow":["GET"]}}],"collection":[{"href":"https:\/\/world.dan.org\/fr\/wp-json\/wp\/v2\/pages"}],"about":[{"href":"https:\/\/world.dan.org\/fr\/wp-json\/wp\/v2\/types\/page"}],"author":[{"embeddable":true,"href":"https:\/\/world.dan.org\/fr\/wp-json\/wp\/v2\/users\/1"}],"replies":[{"embeddable":true,"href":"https:\/\/world.dan.org\/fr\/wp-json\/wp\/v2\/comments?post=63"}],"version-history":[{"count":0,"href":"https:\/\/world.dan.org\/fr\/wp-json\/wp\/v2\/pages\/63\/revisions"}],"up":[{"embeddable":true,"href":"https:\/\/world.dan.org\/fr\/wp-json\/wp\/v2\/pages\/27"}],"wp:featuredmedia":[{"embeddable":true,"href":"https:\/\/world.dan.org\/fr\/wp-json\/wp\/v2\/media\/19648"}],"wp:attachment":[{"href":"https:\/\/world.dan.org\/fr\/wp-json\/wp\/v2\/media?parent=63"}],"curies":[{"name":"wp","href":"https:\/\/api.w.org\/{rel}","templated":true}]}}