{"id":67,"date":"2020-03-27T18:06:48","date_gmt":"2020-03-27T22:06:48","guid":{"rendered":"https:\/\/dan.devhammer.com\/?page_id=67"},"modified":"2021-08-03T09:58:26","modified_gmt":"2021-08-03T13:58:26","slug":"dive-professionals","status":"publish","type":"page","link":"https:\/\/world.dan.org\/fr\/professional-programs\/dive-professionals\/","title":{"rendered":"Professionnels de la plong\u00e9e"},"content":{"rendered":"<div style=\"height:30px\" aria-hidden=\"true\" class=\"wp-block-spacer\"><\/div>\n\n\n\n<h1 class=\"wp-block-heading\">La ligne de front<\/h1>\n\n\n\n<p>En tant que professionnel de la plong\u00e9e, vous \u00eates un champion de la s\u00e9curit\u00e9, travaillant chaque jour en premi\u00e8re ligne pour prot\u00e9ger les plongeurs dont vous avez la charge. Bien que le statut de professionnel de la plong\u00e9e pr\u00e9sente de nombreux avantages, DAN comprend qu'il s'accompagne \u00e9galement d'une responsabilit\u00e9 importante, celle de prot\u00e9ger des vies. <br>C'est pourquoi DAN est l\u00e0 pour vous d\u00e9fendre. Le DAN offre \u00e0 tous les magasins de plong\u00e9e, instructeurs de plong\u00e9e, divemasters et responsables de plong\u00e9e l'acc\u00e8s \u00e0 des programmes de r\u00e9duction des risques et de s\u00e9curit\u00e9 con\u00e7us pour prot\u00e9ger \u00e0 la fois les plongeurs et les professionnels de la plong\u00e9e.<strong> <\/strong>From diver protection to accident prevention to emergency management, DAN\u2019s Professional Membership program offers the tools you need to realize our shared vision of making every dive accident and injury-free.<\/p>\n\n\n\n<div class=\"wp-block-columns is-layout-flex wp-container-core-columns-is-layout-9d6595d7 wp-block-columns-is-layout-flex\">\n<div class=\"wp-block-column is-vertically-aligned-center is-layout-flow wp-block-column-is-layout-flow\" style=\"flex-basis:55%\">\n<p class=\"has-text-align-left\"><strong>Pour en savoir plus ou pour devenir membre professionnel de DAN :<\/strong><\/p>\n<\/div>\n\n\n\n<div class=\"wp-block-column is-vertically-aligned-center is-layout-flow wp-block-column-is-layout-flow\" style=\"flex-basis:45%\">\n<div class=\"wp-block-buttons is-layout-flex wp-block-buttons-is-layout-flex\">\n<div class=\"wp-block-button\"><a class=\"wp-block-button__link has-dan-red-400-background-color has-background no-border-radius\" href=\"mailto:DANPros@DAN.org\">Envoyer un courriel \u00e0 DAN Pros<\/a><\/div>\n<\/div>\n<\/div>\n<\/div>\n\n\n\n<div style=\"height:30px\" aria-hidden=\"true\" class=\"wp-block-spacer\"><\/div>\n\n\n\n<hr class=\"wp-block-separator\"\/>\n\n\n\n<div style=\"height:100px\" aria-hidden=\"true\" class=\"wp-block-spacer\"><\/div>\n\n\n\n<div class=\"alignfull wp-block-ugb-number-box ugb-number-box ugb-c351fd9 ugb-number-box--v3 ugb-number-box--columns-3 ugb-number-box--design-background ugb-main-block ugb-main-block--inner-full ugb--has-block-background\"><style>.ugb-c351fd9 .ugb-number-box__title{font-size:25px !important}.ugb-c351fd9 .ugb-inner-block{text-align:left}.ugb-c351fd9.ugb-number-box{background-color:#00406e}.ugb-c351fd9.ugb-number-box:before{background-color:#00406e}.ugb-c351fd9 .ugb-block-title{color:#ffffff;margin-bottom:30px !important}<\/style><div class=\"ugb-inner-block ugb-inner-block--full\"><h1 class=\"ugb-block-title\">Adh\u00e9sion professionnelle<\/h1><div class=\"ugb-block-content\"><div class=\"ugb-number-box__item ugb-number-box__item1\"><div class=\"ugb-number-box__content\"><h4 class=\"ugb-number-box__title\">Apprentissage en ligne<\/h4><p class=\"ugb-number-box__description\">\u2022Earn 20% with Short-Term Dive Accident Coverage<br><br>\u2022Earn $10 when you refer new members to DAN World<\/p><\/div><\/div><div class=\"ugb-number-box__item ugb-number-box__item2\"><div class=\"ugb-number-box__content\"><h4 class=\"ugb-number-box__title\">Ressources de s\u00e9curit\u00e9<\/h4><p class=\"ugb-number-box__description\">\u2022Webinars and videos<br><br>\u2022Smart Guides<br><br>\u2022Reference books<\/p><\/div><\/div><div class=\"ugb-number-box__item ugb-number-box__item3\"><div class=\"ugb-number-box__content\"><h4 class=\"ugb-number-box__title\">R\u00e9ductions<\/h4><p class=\"ugb-number-box__description\">\u2022Receive preferred pricing on oxygens units, first aid kits and safety products<br><br>\u2022Member pricing can be accessed through online account<\/p><\/div><\/div><\/div><\/div><\/div>\n\n\n\n<div style=\"height:60px\" aria-hidden=\"true\" class=\"wp-block-spacer\"><\/div>\n\n\n\n<h2 class=\"has-dan-black-color has-text-color wp-block-heading\">Avantages d'une adh\u00e9sion professionnelle au DAN :<\/h2>\n\n\n\n<div class=\"wp-block-columns is-layout-flex wp-container-core-columns-is-layout-9d6595d7 wp-block-columns-is-layout-flex\">\n<div class=\"wp-block-column is-layout-flow wp-block-column-is-layout-flow\">\n<h3 class=\"has-dan-red-400-color has-text-color wp-block-heading\" style=\"font-size:24px\">Tarification pr\u00e9f\u00e9rentielle pour l'assurance responsabilit\u00e9 civile<\/h3>\n\n\n\n<p>DAN RRG liability insurance programs provide worldwide coverage backed by Lloyd\u2019s of London. Plans can be customized and feature low premiums for DAN members.<\/p>\n\n\n\n<p>Profits earned from DAN Liability Insurance sales are reinvested back into the organization\u2019s medical and health research to help make diving safer for all divers.<\/p>\n<\/div>\n\n\n\n<div class=\"wp-block-column is-layout-flow wp-block-column-is-layout-flow\">\n<h3 class=\"has-dan-red-400-color has-text-color wp-block-heading\" style=\"font-size:24px\">Couverture m\u00e9dicale subventionn\u00e9e pour les \u00e9tudiants<\/h3>\n\n\n\n<p>Enroll your entry-level students in DAN\u2019s Student Medical Expense Coverage program which provides up to US$25,000 in medical expense coverage for injuries sustained during training.<\/p>\n\n\n\n<p>Ce programme est enti\u00e8rement subventionn\u00e9 par DAN et comprend la plong\u00e9e en scaphandre et en apn\u00e9e.<\/p>\n<\/div>\n\n\n\n<div class=\"wp-block-column is-layout-flow wp-block-column-is-layout-flow\">\n<h3 class=\"has-dan-red-400-color has-text-color wp-block-heading\" style=\"font-size:24px\">Programme de r\u00e9compenses pour le parrainage des membres<\/h3>\n\n\n\n<p>Gagnez des points de r\u00e9compense pour chaque plongeur que vous inscrivez en tant que nouveau membre de DAN. Il y a trois fa\u00e7ons simples d'accumuler des points qui peuvent \u00eatre utilis\u00e9s pour l'achat d'unit\u00e9s d'oxyg\u00e8ne DAN, de trousses de premiers secours et d'accessoires de s\u00e9curit\u00e9.<\/p>\n\n\n\n<p>Les points non utilis\u00e9s acquis au cours de l'ann\u00e9e peuvent \u00eatre \u00e9chang\u00e9s contre de l'argent.<\/p>\n<\/div>\n<\/div>\n\n\n\n<hr class=\"wp-block-separator\"\/>\n\n\n\n<div class=\"wp-block-columns is-layout-flex wp-container-core-columns-is-layout-9d6595d7 wp-block-columns-is-layout-flex\">\n<div class=\"wp-block-column is-layout-flow wp-block-column-is-layout-flow\">\n<h3 class=\"has-dan-red-400-color has-text-color wp-block-heading\" style=\"font-size:24px\">R\u00e9ductions sur les kits d'oxyg\u00e8ne et de premiers secours<\/h3>\n\n\n\n<p>Les membres professionnels de DAN b\u00e9n\u00e9ficient de prix pr\u00e9f\u00e9rentiels sur les unit\u00e9s d'oxyg\u00e8ne, les trousses de premiers secours et les produits de s\u00e9curit\u00e9 pr\u00e9sent\u00e9s dans la boutique DAN.<\/p>\n\n\n\n<p>La tarification pour les membres est accessible par l'interm\u00e9diaire de votre <a href=\"https:\/\/members.world.dan.org\/dan\/login\/\"><strong>Compte de membre professionnel DAN<\/strong><\/a>.<\/p>\n<\/div>\n\n\n\n<div class=\"wp-block-column is-layout-flow wp-block-column-is-layout-flow\">\n<h3 class=\"has-dan-red-400-color has-text-color wp-block-heading\" style=\"font-size:24px\">Outils interactifs d'att\u00e9nuation des risques<\/h3>\n\n\n\n<p>We offer dive operation safety training \u2014 including Dive Safety Officer, Hazard Identification and Risk Assessment (HIRA) programs, downloadable publications, advisories and checklists, and EAPs you can customize. Available at no cost.<\/p>\n<\/div>\n\n\n\n<div class=\"wp-block-column is-layout-flow wp-block-column-is-layout-flow\">\n<h3 class=\"has-dan-red-400-color has-text-color wp-block-heading\" style=\"font-size:24px\">Ressources pour vos \u00e9l\u00e8ves<\/h3>\n\n\n\n<p>Faites passer le message de la s\u00e9curit\u00e9 en plong\u00e9e. <a href=\"https:\/\/world.dan.org\/fr\/professional-programs\/dive-professionals\/dan-student-resources\/\"><strong>Cliquez sur<\/strong><\/a> pour acc\u00e9der aux informations les plus pertinentes en mati\u00e8re de sant\u00e9 et de s\u00e9curit\u00e9 pour les \u00e9tudiants et les nouveaux plongeurs.<\/p>\n\n\n\n<p>Les informations sont disponibles en ligne, au format PDF, et peuvent \u00eatre partag\u00e9es via les r\u00e9seaux sociaux.<\/p>\n<\/div>\n<\/div>","protected":false},"excerpt":{"rendered":"<p>DAN\u2019s Professional Membership program provides scuba diving instructors, divemasters and dive leaders with access to valuable risk-mitigation programs, student medical coverage and other safety resources to help protect divers from accidents and injury. Take the first step and demonstrate to your customers how important safety is to your business. <\/p>","protected":false},"author":14,"featured_media":17834,"parent":29,"menu_order":175,"comment_status":"closed","ping_status":"closed","template":"","meta":{"_acf_changed":false,"_ef_editorial_meta_date_first-draft-date":"","_ef_editorial_meta_paragraph_assignment":"","_ef_editorial_meta_checkbox_needs-photo":"","_ef_editorial_meta_number_word-count":"","footnotes":""},"class_list":["post-67","page","type-page","status-publish","has-post-thumbnail","hentry"],"acf":[],"yoast_head":"<!-- This site is optimized with the Yoast SEO Premium plugin v27.0 (Yoast SEO v27.3) - https:\/\/yoast.com\/product\/yoast-seo-premium-wordpress\/ -->\n<title>Dive Professionals - DAN World<\/title>\n<meta name=\"robots\" content=\"index, follow, max-snippet:-1, max-image-preview:large, max-video-preview:-1\" \/>\n<link rel=\"canonical\" href=\"https:\/\/world.dan.org\/fr\/professional-programs\/dive-professionals\/\" \/>\n<meta property=\"og:locale\" content=\"fr_CA\" \/>\n<meta property=\"og:type\" content=\"article\" \/>\n<meta property=\"og:title\" content=\"Dive Professionals\" \/>\n<meta property=\"og:description\" content=\"DAN&#039;s Professional Membership program provides scuba diving instructors, divemasters and dive leaders with access to valuable risk-mitigation programs, student medical coverage and other safety resources to help protect divers from accidents and injury. Take the first step and demonstrate to your customers how important safety is to your business.\" \/>\n<meta property=\"og:url\" content=\"https:\/\/world.dan.org\/fr\/professional-programs\/dive-professionals\/\" \/>\n<meta property=\"og:site_name\" content=\"DAN World\" \/>\n<meta property=\"article:modified_time\" content=\"2021-08-03T13:58:26+00:00\" \/>\n<meta property=\"og:image\" content=\"https:\/\/world.dan.org\/wp-content\/uploads\/2021\/07\/DAN-location-images-0026-1200x600-1.jpg\" \/>\n\t<meta property=\"og:image:width\" content=\"1200\" \/>\n\t<meta property=\"og:image:height\" content=\"600\" \/>\n\t<meta property=\"og:image:type\" content=\"image\/jpeg\" \/>\n<meta name=\"twitter:card\" content=\"summary_large_image\" \/>\n<meta name=\"twitter:label1\" content=\"Est. reading time\" \/>\n\t<meta name=\"twitter:data1\" content=\"2 minutes\" \/>\n<script type=\"application\/ld+json\" class=\"yoast-schema-graph\">{\"@context\":\"https:\\\/\\\/schema.org\",\"@graph\":[{\"@type\":\"WebPage\",\"@id\":\"https:\\\/\\\/world.dan.org\\\/professional-programs\\\/dive-professionals\\\/\",\"url\":\"https:\\\/\\\/world.dan.org\\\/professional-programs\\\/dive-professionals\\\/\",\"name\":\"Dive Professionals - DAN World\",\"isPartOf\":{\"@id\":\"https:\\\/\\\/world.dan.org\\\/es\\\/#website\"},\"primaryImageOfPage\":{\"@id\":\"https:\\\/\\\/world.dan.org\\\/professional-programs\\\/dive-professionals\\\/#primaryimage\"},\"image\":{\"@id\":\"https:\\\/\\\/world.dan.org\\\/professional-programs\\\/dive-professionals\\\/#primaryimage\"},\"thumbnailUrl\":\"https:\\\/\\\/world.dan.org\\\/wp-content\\\/uploads\\\/2021\\\/07\\\/DAN-location-images-0026-1200x600-1.jpg\",\"datePublished\":\"2020-03-27T22:06:48+00:00\",\"dateModified\":\"2021-08-03T13:58:26+00:00\",\"breadcrumb\":{\"@id\":\"https:\\\/\\\/world.dan.org\\\/professional-programs\\\/dive-professionals\\\/#breadcrumb\"},\"inLanguage\":\"fr-CA\",\"potentialAction\":[{\"@type\":\"ReadAction\",\"target\":[\"https:\\\/\\\/world.dan.org\\\/professional-programs\\\/dive-professionals\\\/\"]}]},{\"@type\":\"ImageObject\",\"inLanguage\":\"fr-CA\",\"@id\":\"https:\\\/\\\/world.dan.org\\\/professional-programs\\\/dive-professionals\\\/#primaryimage\",\"url\":\"https:\\\/\\\/world.dan.org\\\/wp-content\\\/uploads\\\/2021\\\/07\\\/DAN-location-images-0026-1200x600-1.jpg\",\"contentUrl\":\"https:\\\/\\\/world.dan.org\\\/wp-content\\\/uploads\\\/2021\\\/07\\\/DAN-location-images-0026-1200x600-1.jpg\",\"width\":1200,\"height\":600,\"caption\":\"Stuart Cove's Dive Bahamas, New Providence Island, Bahamas. For Divers Alert Network\"},{\"@type\":\"BreadcrumbList\",\"@id\":\"https:\\\/\\\/world.dan.org\\\/professional-programs\\\/dive-professionals\\\/#breadcrumb\",\"itemListElement\":[{\"@type\":\"ListItem\",\"position\":1,\"name\":\"Home\",\"item\":\"https:\\\/\\\/world.dan.org\\\/\"},{\"@type\":\"ListItem\",\"position\":2,\"name\":\"Professional Programs\",\"item\":\"https:\\\/\\\/world.dan.org\\\/professional-programs\\\/\"},{\"@type\":\"ListItem\",\"position\":3,\"name\":\"Dive Professionals\"}]},{\"@type\":\"WebSite\",\"@id\":\"https:\\\/\\\/world.dan.org\\\/es\\\/#website\",\"url\":\"https:\\\/\\\/world.dan.org\\\/es\\\/\",\"name\":\"DAN World\",\"description\":\"\",\"publisher\":{\"@id\":\"https:\\\/\\\/world.dan.org\\\/es\\\/#organization\"},\"potentialAction\":[{\"@type\":\"SearchAction\",\"target\":{\"@type\":\"EntryPoint\",\"urlTemplate\":\"https:\\\/\\\/world.dan.org\\\/es\\\/?s={search_term_string}\"},\"query-input\":{\"@type\":\"PropertyValueSpecification\",\"valueRequired\":true,\"valueName\":\"search_term_string\"}}],\"inLanguage\":\"fr-CA\"},{\"@type\":\"Organization\",\"@id\":\"https:\\\/\\\/world.dan.org\\\/es\\\/#organization\",\"name\":\"DAN World\",\"url\":\"https:\\\/\\\/world.dan.org\\\/es\\\/\",\"logo\":{\"@type\":\"ImageObject\",\"inLanguage\":\"fr-CA\",\"@id\":\"https:\\\/\\\/world.dan.org\\\/es\\\/#\\\/schema\\\/logo\\\/image\\\/\",\"url\":\"https:\\\/\\\/world.dan.org\\\/wp-content\\\/uploads\\\/2022\\\/04\\\/DAN-World-logo-sm-52px.svg\",\"contentUrl\":\"https:\\\/\\\/world.dan.org\\\/wp-content\\\/uploads\\\/2022\\\/04\\\/DAN-World-logo-sm-52px.svg\",\"width\":175,\"height\":52,\"caption\":\"DAN World\"},\"image\":{\"@id\":\"https:\\\/\\\/world.dan.org\\\/es\\\/#\\\/schema\\\/logo\\\/image\\\/\"}}]}<\/script>\n<!-- \/ Yoast SEO Premium plugin. -->","yoast_head_json":{"title":"Professionnels de la plong\u00e9e - DAN World","robots":{"index":"index","follow":"follow","max-snippet":"max-snippet:-1","max-image-preview":"max-image-preview:large","max-video-preview":"max-video-preview:-1"},"canonical":"https:\/\/world.dan.org\/fr\/professional-programs\/dive-professionals\/","og_locale":"fr_CA","og_type":"article","og_title":"Dive Professionals","og_description":"DAN's Professional Membership program provides scuba diving instructors, divemasters and dive leaders with access to valuable risk-mitigation programs, student medical coverage and other safety resources to help protect divers from accidents and injury. Take the first step and demonstrate to your customers how important safety is to your business.","og_url":"https:\/\/world.dan.org\/fr\/professional-programs\/dive-professionals\/","og_site_name":"DAN World","article_modified_time":"2021-08-03T13:58:26+00:00","og_image":[{"width":1200,"height":600,"url":"https:\/\/world.dan.org\/wp-content\/uploads\/2021\/07\/DAN-location-images-0026-1200x600-1.jpg","type":"image\/jpeg"}],"twitter_card":"summary_large_image","twitter_misc":{"Est. reading time":"2 minutes"},"schema":{"@context":"https:\/\/schema.org","@graph":[{"@type":"WebPage","@id":"https:\/\/world.dan.org\/professional-programs\/dive-professionals\/","url":"https:\/\/world.dan.org\/professional-programs\/dive-professionals\/","name":"Professionnels de la plong\u00e9e - DAN World","isPartOf":{"@id":"https:\/\/world.dan.org\/es\/#website"},"primaryImageOfPage":{"@id":"https:\/\/world.dan.org\/professional-programs\/dive-professionals\/#primaryimage"},"image":{"@id":"https:\/\/world.dan.org\/professional-programs\/dive-professionals\/#primaryimage"},"thumbnailUrl":"https:\/\/world.dan.org\/wp-content\/uploads\/2021\/07\/DAN-location-images-0026-1200x600-1.jpg","datePublished":"2020-03-27T22:06:48+00:00","dateModified":"2021-08-03T13:58:26+00:00","breadcrumb":{"@id":"https:\/\/world.dan.org\/professional-programs\/dive-professionals\/#breadcrumb"},"inLanguage":"fr-CA","potentialAction":[{"@type":"ReadAction","target":["https:\/\/world.dan.org\/professional-programs\/dive-professionals\/"]}]},{"@type":"ImageObject","inLanguage":"fr-CA","@id":"https:\/\/world.dan.org\/professional-programs\/dive-professionals\/#primaryimage","url":"https:\/\/world.dan.org\/wp-content\/uploads\/2021\/07\/DAN-location-images-0026-1200x600-1.jpg","contentUrl":"https:\/\/world.dan.org\/wp-content\/uploads\/2021\/07\/DAN-location-images-0026-1200x600-1.jpg","width":1200,"height":600,"caption":"Stuart Cove's Dive Bahamas, New Providence Island, Bahamas. For Divers Alert Network"},{"@type":"BreadcrumbList","@id":"https:\/\/world.dan.org\/professional-programs\/dive-professionals\/#breadcrumb","itemListElement":[{"@type":"ListItem","position":1,"name":"Home","item":"https:\/\/world.dan.org\/"},{"@type":"ListItem","position":2,"name":"Professional Programs","item":"https:\/\/world.dan.org\/professional-programs\/"},{"@type":"ListItem","position":3,"name":"Dive Professionals"}]},{"@type":"WebSite","@id":"https:\/\/world.dan.org\/es\/#website","url":"https:\/\/world.dan.org\/es\/","name":"DAN World","description":"","publisher":{"@id":"https:\/\/world.dan.org\/es\/#organization"},"potentialAction":[{"@type":"SearchAction","target":{"@type":"EntryPoint","urlTemplate":"https:\/\/world.dan.org\/es\/?s={search_term_string}"},"query-input":{"@type":"PropertyValueSpecification","valueRequired":true,"valueName":"search_term_string"}}],"inLanguage":"fr-CA"},{"@type":"Organization","@id":"https:\/\/world.dan.org\/es\/#organization","name":"DAN World","url":"https:\/\/world.dan.org\/es\/","logo":{"@type":"ImageObject","inLanguage":"fr-CA","@id":"https:\/\/world.dan.org\/es\/#\/schema\/logo\/image\/","url":"https:\/\/world.dan.org\/wp-content\/uploads\/2022\/04\/DAN-World-logo-sm-52px.svg","contentUrl":"https:\/\/world.dan.org\/wp-content\/uploads\/2022\/04\/DAN-World-logo-sm-52px.svg","width":175,"height":52,"caption":"DAN World"},"image":{"@id":"https:\/\/world.dan.org\/es\/#\/schema\/logo\/image\/"}}]}},"_links":{"self":[{"href":"https:\/\/world.dan.org\/fr\/wp-json\/wp\/v2\/pages\/67","targetHints":{"allow":["GET"]}}],"collection":[{"href":"https:\/\/world.dan.org\/fr\/wp-json\/wp\/v2\/pages"}],"about":[{"href":"https:\/\/world.dan.org\/fr\/wp-json\/wp\/v2\/types\/page"}],"author":[{"embeddable":true,"href":"https:\/\/world.dan.org\/fr\/wp-json\/wp\/v2\/users\/14"}],"replies":[{"embeddable":true,"href":"https:\/\/world.dan.org\/fr\/wp-json\/wp\/v2\/comments?post=67"}],"version-history":[{"count":0,"href":"https:\/\/world.dan.org\/fr\/wp-json\/wp\/v2\/pages\/67\/revisions"}],"up":[{"embeddable":true,"href":"https:\/\/world.dan.org\/fr\/wp-json\/wp\/v2\/pages\/29"}],"wp:featuredmedia":[{"embeddable":true,"href":"https:\/\/world.dan.org\/fr\/wp-json\/wp\/v2\/media\/17834"}],"wp:attachment":[{"href":"https:\/\/world.dan.org\/fr\/wp-json\/wp\/v2\/media?parent=67"}],"curies":[{"name":"wp","href":"https:\/\/api.w.org\/{rel}","templated":true}]}}