{"id":71,"date":"2020-03-27T18:07:30","date_gmt":"2020-03-27T22:07:30","guid":{"rendered":"https:\/\/dan.devhammer.com\/?page_id=71"},"modified":"2022-06-28T17:59:57","modified_gmt":"2022-06-28T21:59:57","slug":"about-dan-world","status":"publish","type":"page","link":"https:\/\/world.dan.org\/fr\/about-dan-world\/","title":{"rendered":"\u00c0 propos de DAN World"},"content":{"rendered":"<div style=\"height:75px\" aria-hidden=\"true\" class=\"wp-block-spacer\"><\/div>\n\n\n\n<h1 class=\"wp-block-heading\">Mission<\/h1>\n\n\n\n<p><em>DAN aide les plongeurs ayant besoin d'une assistance m\u00e9dicale d'urgence et promeut la s\u00e9curit\u00e9 de la plong\u00e9e par la recherche, l'\u00e9ducation, les produits et les services.<\/em><\/p>\n\n\n\n<p>Divers Alert Network (DAN), une organisation \u00e0 but non lucratif, fournit des informations m\u00e9dicales d'experts au profit des plongeurs.<\/p>\n\n\n\n<p>Le r\u00f4le principal et historique de DAN est de fournir des informations et une assistance en temps opportun pour les blessures en plong\u00e9e, de travailler pour pr\u00e9venir les blessures et de promouvoir la s\u00e9curit\u00e9 en plong\u00e9e.<\/p>\n\n\n\n<p>Deuxi\u00e8mement, DAN promeut et soutient la recherche et l'\u00e9ducation en plong\u00e9e, en particulier en ce qui concerne l'am\u00e9lioration de la s\u00e9curit\u00e9 en plong\u00e9e, les traitements m\u00e9dicaux et les premiers soins.<\/p>\n\n\n\n<p>Troisi\u00e8mement, DAN s'efforce de fournir les informations les plus pr\u00e9cises, les plus r\u00e9centes et les plus impartiales sur des sujets d'int\u00e9r\u00eat commun pour la communaut\u00e9 de la plong\u00e9e, principalement - mais pas exclusivement - la s\u00e9curit\u00e9 de la plong\u00e9e.<\/p>\n\n\n\n<div style=\"height:50px\" aria-hidden=\"true\" class=\"wp-block-spacer\"><\/div>\n\n\n\n<hr class=\"wp-block-separator has-text-color has-background has-dan-light-gray-background-color has-dan-light-gray-color\"\/>\n\n\n\n<div style=\"height:50px\" aria-hidden=\"true\" class=\"wp-block-spacer\"><\/div>\n\n\n\n<h1 class=\"wp-block-heading\">Vision<\/h1>\n\n\n\n<p><em>Nous nous effor\u00e7ons de faire en sorte que chaque plong\u00e9e soit sans accident ni blessure.&nbsp;<\/em>La vision de DAN est d'\u00eatre l'organisation la plus reconnue et la plus fiable au monde pour la s\u00e9curit\u00e9 des plongeurs et les services d'urgence, la sant\u00e9, la recherche et la formation par ses membres, ses instructeurs, ses supporters et la communaut\u00e9 de la plong\u00e9e r\u00e9cr\u00e9ative en g\u00e9n\u00e9ral.<\/p>\n\n\n\n<div style=\"height:50px\" aria-hidden=\"true\" class=\"wp-block-spacer\"><\/div>\n\n\n\n<hr class=\"wp-block-separator has-text-color has-background has-dan-light-gray-background-color has-dan-light-gray-color\"\/>\n\n\n\n<div style=\"height:50px\" aria-hidden=\"true\" class=\"wp-block-spacer\"><\/div>\n\n\n\n<h1 class=\"wp-block-heading\">Qui sommes nous<\/h1>\n\n\n\n<p>Nous sommes les champions de la s\u00e9curit\u00e9 en plong\u00e9e, nous d\u00e9fendons les meilleures pratiques dans l\u2019ensemble du secteur de la plong\u00e9e et donnons aux plongeurs les moyens de faire le bon choix lors de chaque aventure. Nous pr\u00e9parons et soutenons la communaut\u00e9 de plong\u00e9e par le biais de formation aux interventions d\u2019urgence, d\u2019une \u00e9ducation \u00e0 la s\u00e9curit\u00e9 et d\u2019un engagement avec les plus grands experts mondiaux.<\/p>\n\n\n\n<p>Nous sommes des chercheurs qui explorent des nouveaux domaines d\u2019\u00e9tudes alors que notre communaut\u00e9 cherche \u00e0 plonger plus profond, plus longtemps et dans des endroits plus \u00e9loign\u00e9s. Les plongeurs continuent de pousser les limites de notre compr\u00e9hension du monde sous-marin et de pousser les limites de la physiologie humaine, et nous collaborons avec des scientifiques estim\u00e9s pour assurer la s\u00e9curit\u00e9 de ces pionniers. Nous sommes des chercheurs, des infirmiers et des professionnels de la plong\u00e9e qui se sont r\u00e9unis avec comme unique mission de soutenir l\u2019exploration de notre monde sous-marin en toute s\u00e9curit\u00e9.<\/p>\n\n\n\n<p>Nous sommes vos conseilles de confiance, les experts que vous contactez lors d\u2019incertitudes. Que vous cherchiez une r\u00e9ponse \u00e0 une simple question ou que vous ayez besoin d\u2019aide avec une urgence m\u00e9dicale en cours, nous sommes toujours l\u00e0 pour vous. Nous sommes un organisme \u00e0 but non lucratif qui a \u00e9t\u00e9 cr\u00e9\u00e9 pour soutenir les plongeurs concernant des informations de sant\u00e9 et de s\u00e9curit\u00e9, des consultations m\u00e9dicales, des programmes de couverture \u00e0 la pointe de l\u2019industrie pour les accidents de plong\u00e9es et les voyages.<\/p>\n\n\n\n<p>Nous sommes soutenus par vous, nos membres : la communaut\u00e9 pour laquelle nous travaillons et prot\u00e9geons.<\/p>\n\n\n\n<div style=\"height:50px\" aria-hidden=\"true\" class=\"wp-block-spacer\"><\/div>\n\n\n\n<figure class=\"wp-block-embed is-type-video is-provider-youtube wp-block-embed-youtube wp-embed-aspect-16-9 wp-has-aspect-ratio\"><div class=\"wp-block-embed__wrapper\">\n<iframe loading=\"lazy\" title=\"Le r\u00e9seau Divers Alert f\u00eate ses 40 ans\" width=\"640\" height=\"360\" src=\"https:\/\/www.youtube.com\/embed\/ADn8mq4tb-I?feature=oembed\" frameborder=\"0\" allow=\"accelerometer; autoplay; clipboard-write; encrypted-media; gyroscope; picture-in-picture; web-share\" referrerpolicy=\"strict-origin-when-cross-origin\" allowfullscreen><\/iframe>\n<\/div><\/figure>\n\n\n\n<div style=\"height:30px\" aria-hidden=\"true\" class=\"wp-block-spacer\"><\/div>","protected":false},"excerpt":{"rendered":"<p>Le Divers Alert Network (DAN), l'organisation de s\u00e9curit\u00e9 en plong\u00e9e la plus reconnue et la plus respect\u00e9e au monde, s'engage depuis 40 ans en faveur de la sant\u00e9 et du bien-\u00eatre des plongeurs. La recherche, les services m\u00e9dicaux et les programmes de r\u00e9ponse globale de l'organisation cr\u00e9ent un vaste r\u00e9seau qui soutient les plongeurs avec des services vitaux tels que la pr\u00e9vention des blessures, les programmes de s\u00e9curit\u00e9 et d'\u00e9ducation et les \u00e9vacuations vitales. Chaque jour, des centaines de milliers de plongeurs \u00e0 travers le monde consid\u00e8rent DAN comme leur organisation de s\u00e9curit\u00e9 en plong\u00e9e.<\/p>","protected":false},"author":1,"featured_media":2552,"parent":0,"menu_order":143,"comment_status":"closed","ping_status":"closed","template":"templates\/page-landing-2.php","meta":{"_acf_changed":false,"_ef_editorial_meta_date_first-draft-date":"","_ef_editorial_meta_paragraph_assignment":"","_ef_editorial_meta_checkbox_needs-photo":"","_ef_editorial_meta_number_word-count":"","footnotes":""},"class_list":["post-71","page","type-page","status-publish","has-post-thumbnail","hentry"],"acf":[],"yoast_head":"<!-- This site is optimized with the Yoast SEO Premium plugin v27.0 (Yoast SEO v27.3) - https:\/\/yoast.com\/product\/yoast-seo-premium-wordpress\/ -->\n<title>About DAN World - DAN World<\/title>\n<meta name=\"description\" content=\"DAN has championed dive safety for more than 40 years, through research programs, medical services, comprehensive insurance programs and more.\" \/>\n<meta name=\"robots\" content=\"index, follow, max-snippet:-1, max-image-preview:large, max-video-preview:-1\" \/>\n<link rel=\"canonical\" href=\"https:\/\/world.dan.org\/fr\/about-dan-world\/\" \/>\n<meta property=\"og:locale\" content=\"fr_CA\" \/>\n<meta property=\"og:type\" content=\"article\" \/>\n<meta property=\"og:title\" content=\"About DAN World\" \/>\n<meta property=\"og:description\" content=\"DAN helps divers in need of medical emergency assistance and promotes dive safety through research, education, products, and services.\" \/>\n<meta property=\"og:url\" content=\"https:\/\/world.dan.org\/fr\/about-dan-world\/\" \/>\n<meta property=\"og:site_name\" content=\"DAN World\" \/>\n<meta property=\"article:modified_time\" content=\"2022-06-28T21:59:57+00:00\" \/>\n<meta property=\"og:image\" content=\"https:\/\/world.dan.org\/wp-content\/uploads\/2020\/07\/IMG_0272-DAN-Resized.jpg\" \/>\n\t<meta property=\"og:image:width\" content=\"1200\" \/>\n\t<meta property=\"og:image:height\" content=\"800\" \/>\n\t<meta property=\"og:image:type\" content=\"image\/jpeg\" \/>\n<meta name=\"twitter:card\" content=\"summary_large_image\" \/>\n<meta name=\"twitter:title\" content=\"About DAN World\" \/>\n<meta name=\"twitter:description\" content=\"DAN helps divers in need of medical emergency assistance and promotes dive safety through research, education, products, and services.\" \/>\n<meta name=\"twitter:image\" content=\"https:\/\/world.dan.org\/wp-content\/uploads\/2020\/07\/IMG_0272-DAN-Resized.jpg\" \/>\n<meta name=\"twitter:label1\" content=\"Est. reading time\" \/>\n\t<meta name=\"twitter:data1\" content=\"2 minutes\" \/>\n<script type=\"application\/ld+json\" class=\"yoast-schema-graph\">{\"@context\":\"https:\\\/\\\/schema.org\",\"@graph\":[{\"@type\":\"WebPage\",\"@id\":\"https:\\\/\\\/world.dan.org\\\/about-dan-world\\\/\",\"url\":\"https:\\\/\\\/world.dan.org\\\/about-dan-world\\\/\",\"name\":\"About DAN World - DAN World\",\"isPartOf\":{\"@id\":\"https:\\\/\\\/world.dan.org\\\/es\\\/#website\"},\"primaryImageOfPage\":{\"@id\":\"https:\\\/\\\/world.dan.org\\\/about-dan-world\\\/#primaryimage\"},\"image\":{\"@id\":\"https:\\\/\\\/world.dan.org\\\/about-dan-world\\\/#primaryimage\"},\"thumbnailUrl\":\"https:\\\/\\\/world.dan.org\\\/wp-content\\\/uploads\\\/2020\\\/07\\\/IMG_0272-DAN-Resized.jpg\",\"datePublished\":\"2020-03-27T22:07:30+00:00\",\"dateModified\":\"2022-06-28T21:59:57+00:00\",\"description\":\"DAN has championed dive safety for more than 40 years, through research programs, medical services, comprehensive insurance programs and more.\",\"breadcrumb\":{\"@id\":\"https:\\\/\\\/world.dan.org\\\/about-dan-world\\\/#breadcrumb\"},\"inLanguage\":\"fr-CA\",\"potentialAction\":[{\"@type\":\"ReadAction\",\"target\":[\"https:\\\/\\\/world.dan.org\\\/about-dan-world\\\/\"]}]},{\"@type\":\"ImageObject\",\"inLanguage\":\"fr-CA\",\"@id\":\"https:\\\/\\\/world.dan.org\\\/about-dan-world\\\/#primaryimage\",\"url\":\"https:\\\/\\\/world.dan.org\\\/wp-content\\\/uploads\\\/2020\\\/07\\\/IMG_0272-DAN-Resized.jpg\",\"contentUrl\":\"https:\\\/\\\/world.dan.org\\\/wp-content\\\/uploads\\\/2020\\\/07\\\/IMG_0272-DAN-Resized.jpg\",\"width\":1200,\"height\":800},{\"@type\":\"BreadcrumbList\",\"@id\":\"https:\\\/\\\/world.dan.org\\\/about-dan-world\\\/#breadcrumb\",\"itemListElement\":[{\"@type\":\"ListItem\",\"position\":1,\"name\":\"Home\",\"item\":\"https:\\\/\\\/world.dan.org\\\/\"},{\"@type\":\"ListItem\",\"position\":2,\"name\":\"About DAN World\"}]},{\"@type\":\"WebSite\",\"@id\":\"https:\\\/\\\/world.dan.org\\\/es\\\/#website\",\"url\":\"https:\\\/\\\/world.dan.org\\\/es\\\/\",\"name\":\"DAN World\",\"description\":\"\",\"publisher\":{\"@id\":\"https:\\\/\\\/world.dan.org\\\/es\\\/#organization\"},\"potentialAction\":[{\"@type\":\"SearchAction\",\"target\":{\"@type\":\"EntryPoint\",\"urlTemplate\":\"https:\\\/\\\/world.dan.org\\\/es\\\/?s={search_term_string}\"},\"query-input\":{\"@type\":\"PropertyValueSpecification\",\"valueRequired\":true,\"valueName\":\"search_term_string\"}}],\"inLanguage\":\"fr-CA\"},{\"@type\":\"Organization\",\"@id\":\"https:\\\/\\\/world.dan.org\\\/es\\\/#organization\",\"name\":\"DAN World\",\"url\":\"https:\\\/\\\/world.dan.org\\\/es\\\/\",\"logo\":{\"@type\":\"ImageObject\",\"inLanguage\":\"fr-CA\",\"@id\":\"https:\\\/\\\/world.dan.org\\\/es\\\/#\\\/schema\\\/logo\\\/image\\\/\",\"url\":\"https:\\\/\\\/world.dan.org\\\/wp-content\\\/uploads\\\/2022\\\/04\\\/DAN-World-logo-sm-52px.svg\",\"contentUrl\":\"https:\\\/\\\/world.dan.org\\\/wp-content\\\/uploads\\\/2022\\\/04\\\/DAN-World-logo-sm-52px.svg\",\"width\":175,\"height\":52,\"caption\":\"DAN World\"},\"image\":{\"@id\":\"https:\\\/\\\/world.dan.org\\\/es\\\/#\\\/schema\\\/logo\\\/image\\\/\"}}]}<\/script>\n<!-- \/ Yoast SEO Premium plugin. -->","yoast_head_json":{"title":"A propos de DAN World - DAN World","description":"Le DAN se fait le champion de la s\u00e9curit\u00e9 en plong\u00e9e depuis plus de 40 ans, par le biais de programmes de recherche, de services m\u00e9dicaux, de programmes d'assurance complets et bien d'autres choses encore.","robots":{"index":"index","follow":"follow","max-snippet":"max-snippet:-1","max-image-preview":"max-image-preview:large","max-video-preview":"max-video-preview:-1"},"canonical":"https:\/\/world.dan.org\/fr\/about-dan-world\/","og_locale":"fr_CA","og_type":"article","og_title":"About DAN World","og_description":"DAN helps divers in need of medical emergency assistance and promotes dive safety through research, education, products, and services.","og_url":"https:\/\/world.dan.org\/fr\/about-dan-world\/","og_site_name":"DAN World","article_modified_time":"2022-06-28T21:59:57+00:00","og_image":[{"width":1200,"height":800,"url":"https:\/\/world.dan.org\/wp-content\/uploads\/2020\/07\/IMG_0272-DAN-Resized.jpg","type":"image\/jpeg"}],"twitter_card":"summary_large_image","twitter_title":"About DAN World","twitter_description":"DAN helps divers in need of medical emergency assistance and promotes dive safety through research, education, products, and services.","twitter_image":"https:\/\/world.dan.org\/wp-content\/uploads\/2020\/07\/IMG_0272-DAN-Resized.jpg","twitter_misc":{"Est. reading time":"2 minutes"},"schema":{"@context":"https:\/\/schema.org","@graph":[{"@type":"WebPage","@id":"https:\/\/world.dan.org\/about-dan-world\/","url":"https:\/\/world.dan.org\/about-dan-world\/","name":"A propos de DAN World - DAN World","isPartOf":{"@id":"https:\/\/world.dan.org\/es\/#website"},"primaryImageOfPage":{"@id":"https:\/\/world.dan.org\/about-dan-world\/#primaryimage"},"image":{"@id":"https:\/\/world.dan.org\/about-dan-world\/#primaryimage"},"thumbnailUrl":"https:\/\/world.dan.org\/wp-content\/uploads\/2020\/07\/IMG_0272-DAN-Resized.jpg","datePublished":"2020-03-27T22:07:30+00:00","dateModified":"2022-06-28T21:59:57+00:00","description":"Le DAN se fait le champion de la s\u00e9curit\u00e9 en plong\u00e9e depuis plus de 40 ans, par le biais de programmes de recherche, de services m\u00e9dicaux, de programmes d'assurance complets et bien d'autres choses encore.","breadcrumb":{"@id":"https:\/\/world.dan.org\/about-dan-world\/#breadcrumb"},"inLanguage":"fr-CA","potentialAction":[{"@type":"ReadAction","target":["https:\/\/world.dan.org\/about-dan-world\/"]}]},{"@type":"ImageObject","inLanguage":"fr-CA","@id":"https:\/\/world.dan.org\/about-dan-world\/#primaryimage","url":"https:\/\/world.dan.org\/wp-content\/uploads\/2020\/07\/IMG_0272-DAN-Resized.jpg","contentUrl":"https:\/\/world.dan.org\/wp-content\/uploads\/2020\/07\/IMG_0272-DAN-Resized.jpg","width":1200,"height":800},{"@type":"BreadcrumbList","@id":"https:\/\/world.dan.org\/about-dan-world\/#breadcrumb","itemListElement":[{"@type":"ListItem","position":1,"name":"Home","item":"https:\/\/world.dan.org\/"},{"@type":"ListItem","position":2,"name":"About DAN World"}]},{"@type":"WebSite","@id":"https:\/\/world.dan.org\/es\/#website","url":"https:\/\/world.dan.org\/es\/","name":"DAN World","description":"","publisher":{"@id":"https:\/\/world.dan.org\/es\/#organization"},"potentialAction":[{"@type":"SearchAction","target":{"@type":"EntryPoint","urlTemplate":"https:\/\/world.dan.org\/es\/?s={search_term_string}"},"query-input":{"@type":"PropertyValueSpecification","valueRequired":true,"valueName":"search_term_string"}}],"inLanguage":"fr-CA"},{"@type":"Organization","@id":"https:\/\/world.dan.org\/es\/#organization","name":"DAN World","url":"https:\/\/world.dan.org\/es\/","logo":{"@type":"ImageObject","inLanguage":"fr-CA","@id":"https:\/\/world.dan.org\/es\/#\/schema\/logo\/image\/","url":"https:\/\/world.dan.org\/wp-content\/uploads\/2022\/04\/DAN-World-logo-sm-52px.svg","contentUrl":"https:\/\/world.dan.org\/wp-content\/uploads\/2022\/04\/DAN-World-logo-sm-52px.svg","width":175,"height":52,"caption":"DAN World"},"image":{"@id":"https:\/\/world.dan.org\/es\/#\/schema\/logo\/image\/"}}]}},"_links":{"self":[{"href":"https:\/\/world.dan.org\/fr\/wp-json\/wp\/v2\/pages\/71","targetHints":{"allow":["GET"]}}],"collection":[{"href":"https:\/\/world.dan.org\/fr\/wp-json\/wp\/v2\/pages"}],"about":[{"href":"https:\/\/world.dan.org\/fr\/wp-json\/wp\/v2\/types\/page"}],"author":[{"embeddable":true,"href":"https:\/\/world.dan.org\/fr\/wp-json\/wp\/v2\/users\/1"}],"replies":[{"embeddable":true,"href":"https:\/\/world.dan.org\/fr\/wp-json\/wp\/v2\/comments?post=71"}],"version-history":[{"count":0,"href":"https:\/\/world.dan.org\/fr\/wp-json\/wp\/v2\/pages\/71\/revisions"}],"wp:featuredmedia":[{"embeddable":true,"href":"https:\/\/world.dan.org\/fr\/wp-json\/wp\/v2\/media\/2552"}],"wp:attachment":[{"href":"https:\/\/world.dan.org\/fr\/wp-json\/wp\/v2\/media?parent=71"}],"curies":[{"name":"wp","href":"https:\/\/api.w.org\/{rel}","templated":true}]}}