{"id":73,"date":"2020-03-27T18:07:53","date_gmt":"2020-03-27T22:07:53","guid":{"rendered":"https:\/\/dan.devhammer.com\/?page_id=73"},"modified":"2022-06-28T17:27:46","modified_gmt":"2022-06-28T21:27:46","slug":"news-media","status":"publish","type":"page","link":"https:\/\/world.dan.org\/fr\/about-dan\/news-media\/","title":{"rendered":"Actualit\u00e9s et m\u00e9dias"},"content":{"rendered":"<p>Restez inform\u00e9 des derni\u00e8res recherches, annonces, campagnes de s\u00e9curit\u00e9 publique et autres nouvelles de DAN. Le nom le plus fiable dans le domaine de la s\u00e9curit\u00e9 des plongeurs, DAN s'engage \u00e0 fournir aux plongeurs les connaissances dont ils ont besoin pour devenir de meilleurs plongeurs, plus s\u00fbrs. Gr\u00e2ce \u00e0 des informations pertinentes, pratiques et fiables, les plongeurs sont mieux \u00e0 m\u00eame de prendre des d\u00e9cisions judicieuses durant de chaque aventure.&nbsp;<\/p>","protected":false},"excerpt":{"rendered":"<p>Restez au courant des derni\u00e8res annonces, des recherches, des campagnes de service public et d\u2019autres nouvelles de DAN. DAN est le nom de confiance en mati\u00e8re de s\u00e9curit\u00e9 pour les plongeurs et l\u2019organisme s\u2019engage \u00e0 fournir aux plongeurs les ressources dont ils ont besoin. En disposant d\u2019informations pertinentes sur les activit\u00e9s de l\u2019organisme pour la communaut\u00e9 de la plong\u00e9e et bien plus, les plongeurs sont mieux \u00e0 m\u00eame de faire le bon choix lors de chaque aventure. <\/p>","protected":false},"author":1,"featured_media":10380,"parent":31,"menu_order":142,"comment_status":"closed","ping_status":"closed","template":"templates\/page-news-media.php","meta":{"_acf_changed":false,"_ef_editorial_meta_date_first-draft-date":"","_ef_editorial_meta_paragraph_assignment":"","_ef_editorial_meta_checkbox_needs-photo":"","_ef_editorial_meta_number_word-count":"","footnotes":""},"class_list":["post-73","page","type-page","status-publish","has-post-thumbnail","hentry"],"acf":[],"yoast_head":"<!-- This site is optimized with the Yoast SEO Premium plugin v27.0 (Yoast SEO v27.3) - https:\/\/yoast.com\/product\/yoast-seo-premium-wordpress\/ -->\n<title>News &amp; Media - DAN World<\/title>\n<meta name=\"description\" content=\"Stay current with the latest research, announcements, public safety campaigns and other news briefings from DAN.\" \/>\n<meta name=\"robots\" content=\"index, follow, max-snippet:-1, max-image-preview:large, max-video-preview:-1\" \/>\n<link rel=\"canonical\" href=\"https:\/\/world.dan.org\/fr\/about-dan\/news-media\/\" \/>\n<meta property=\"og:locale\" content=\"fr_CA\" \/>\n<meta property=\"og:type\" content=\"article\" \/>\n<meta property=\"og:title\" content=\"News &amp; Media\" \/>\n<meta property=\"og:description\" content=\"Stay current with the latest research, announcements, public safety campaigns and other news briefings from DAN. The most trusted name in diver safety, DAN is committed to providing divers with the knowledge they need to be better, safer divers.\" \/>\n<meta property=\"og:url\" content=\"https:\/\/world.dan.org\/fr\/about-dan\/news-media\/\" \/>\n<meta property=\"og:site_name\" content=\"DAN World\" \/>\n<meta property=\"article:modified_time\" content=\"2022-06-28T21:27:46+00:00\" \/>\n<meta property=\"og:image\" content=\"https:\/\/world.dan.org\/wp-content\/uploads\/2020\/09\/news-media-1065782390-DAN-1200x600-1.jpg\" \/>\n\t<meta property=\"og:image:width\" content=\"1200\" \/>\n\t<meta property=\"og:image:height\" content=\"600\" \/>\n\t<meta property=\"og:image:type\" content=\"image\/jpeg\" \/>\n<meta name=\"twitter:card\" content=\"summary_large_image\" \/>\n<meta name=\"twitter:title\" content=\"News &amp; Media\" \/>\n<meta name=\"twitter:description\" content=\"Stay current with the latest research, announcements, public safety campaigns and other news briefings from DAN. The most trusted name in diver safety, DAN is committed to providing divers with the knowledge they need to be better, safer divers.\" \/>\n<meta name=\"twitter:image\" content=\"https:\/\/world.dan.org\/wp-content\/uploads\/2020\/09\/news-media-1065782390-DAN-1200x600-1.jpg\" \/>\n<meta name=\"twitter:label1\" content=\"Est. reading time\" \/>\n\t<meta name=\"twitter:data1\" content=\"1 minute\" \/>\n<script type=\"application\/ld+json\" class=\"yoast-schema-graph\">{\"@context\":\"https:\\\/\\\/schema.org\",\"@graph\":[{\"@type\":\"WebPage\",\"@id\":\"https:\\\/\\\/world.dan.org\\\/about-dan\\\/news-media\\\/\",\"url\":\"https:\\\/\\\/world.dan.org\\\/about-dan\\\/news-media\\\/\",\"name\":\"News & Media - DAN World\",\"isPartOf\":{\"@id\":\"https:\\\/\\\/world.dan.org\\\/es\\\/#website\"},\"primaryImageOfPage\":{\"@id\":\"https:\\\/\\\/world.dan.org\\\/about-dan\\\/news-media\\\/#primaryimage\"},\"image\":{\"@id\":\"https:\\\/\\\/world.dan.org\\\/about-dan\\\/news-media\\\/#primaryimage\"},\"thumbnailUrl\":\"https:\\\/\\\/world.dan.org\\\/wp-content\\\/uploads\\\/2020\\\/09\\\/news-media-1065782390-DAN-1410x600-1.jpg\",\"datePublished\":\"2020-03-27T22:07:53+00:00\",\"dateModified\":\"2022-06-28T21:27:46+00:00\",\"description\":\"Stay current with the latest research, announcements, public safety campaigns and other news briefings from DAN.\",\"breadcrumb\":{\"@id\":\"https:\\\/\\\/world.dan.org\\\/about-dan\\\/news-media\\\/#breadcrumb\"},\"inLanguage\":\"fr-CA\",\"potentialAction\":[{\"@type\":\"ReadAction\",\"target\":[\"https:\\\/\\\/world.dan.org\\\/about-dan\\\/news-media\\\/\"]}]},{\"@type\":\"ImageObject\",\"inLanguage\":\"fr-CA\",\"@id\":\"https:\\\/\\\/world.dan.org\\\/about-dan\\\/news-media\\\/#primaryimage\",\"url\":\"https:\\\/\\\/world.dan.org\\\/wp-content\\\/uploads\\\/2020\\\/09\\\/news-media-1065782390-DAN-1410x600-1.jpg\",\"contentUrl\":\"https:\\\/\\\/world.dan.org\\\/wp-content\\\/uploads\\\/2020\\\/09\\\/news-media-1065782390-DAN-1410x600-1.jpg\",\"width\":1410,\"height\":600,\"caption\":\"Mobile news application in smartphone. Man reading online news on website with cellphone. Person browsing latest articles on the internet. Light from phone screen.\"},{\"@type\":\"BreadcrumbList\",\"@id\":\"https:\\\/\\\/world.dan.org\\\/about-dan\\\/news-media\\\/#breadcrumb\",\"itemListElement\":[{\"@type\":\"ListItem\",\"position\":1,\"name\":\"Home\",\"item\":\"https:\\\/\\\/world.dan.org\\\/\"},{\"@type\":\"ListItem\",\"position\":2,\"name\":\"About DAN\",\"item\":\"https:\\\/\\\/world.dan.org\\\/about-dan\\\/\"},{\"@type\":\"ListItem\",\"position\":3,\"name\":\"News &#038; Media\"}]},{\"@type\":\"WebSite\",\"@id\":\"https:\\\/\\\/world.dan.org\\\/es\\\/#website\",\"url\":\"https:\\\/\\\/world.dan.org\\\/es\\\/\",\"name\":\"DAN World\",\"description\":\"\",\"publisher\":{\"@id\":\"https:\\\/\\\/world.dan.org\\\/es\\\/#organization\"},\"potentialAction\":[{\"@type\":\"SearchAction\",\"target\":{\"@type\":\"EntryPoint\",\"urlTemplate\":\"https:\\\/\\\/world.dan.org\\\/es\\\/?s={search_term_string}\"},\"query-input\":{\"@type\":\"PropertyValueSpecification\",\"valueRequired\":true,\"valueName\":\"search_term_string\"}}],\"inLanguage\":\"fr-CA\"},{\"@type\":\"Organization\",\"@id\":\"https:\\\/\\\/world.dan.org\\\/es\\\/#organization\",\"name\":\"DAN World\",\"url\":\"https:\\\/\\\/world.dan.org\\\/es\\\/\",\"logo\":{\"@type\":\"ImageObject\",\"inLanguage\":\"fr-CA\",\"@id\":\"https:\\\/\\\/world.dan.org\\\/es\\\/#\\\/schema\\\/logo\\\/image\\\/\",\"url\":\"https:\\\/\\\/world.dan.org\\\/wp-content\\\/uploads\\\/2022\\\/04\\\/DAN-World-logo-sm-52px.svg\",\"contentUrl\":\"https:\\\/\\\/world.dan.org\\\/wp-content\\\/uploads\\\/2022\\\/04\\\/DAN-World-logo-sm-52px.svg\",\"width\":175,\"height\":52,\"caption\":\"DAN World\"},\"image\":{\"@id\":\"https:\\\/\\\/world.dan.org\\\/es\\\/#\\\/schema\\\/logo\\\/image\\\/\"}}]}<\/script>\n<!-- \/ Yoast SEO Premium plugin. -->","yoast_head_json":{"title":"Nouvelles et m\u00e9dias - DAN World","description":"Restez au courant des derni\u00e8res recherches, annonces, campagnes de s\u00e9curit\u00e9 publique et autres nouvelles du DAN.","robots":{"index":"index","follow":"follow","max-snippet":"max-snippet:-1","max-image-preview":"max-image-preview:large","max-video-preview":"max-video-preview:-1"},"canonical":"https:\/\/world.dan.org\/fr\/about-dan\/news-media\/","og_locale":"fr_CA","og_type":"article","og_title":"News & Media","og_description":"Stay current with the latest research, announcements, public safety campaigns and other news briefings from DAN. The most trusted name in diver safety, DAN is committed to providing divers with the knowledge they need to be better, safer divers.","og_url":"https:\/\/world.dan.org\/fr\/about-dan\/news-media\/","og_site_name":"DAN World","article_modified_time":"2022-06-28T21:27:46+00:00","og_image":[{"width":1200,"height":600,"url":"https:\/\/world.dan.org\/wp-content\/uploads\/2020\/09\/news-media-1065782390-DAN-1200x600-1.jpg","type":"image\/jpeg"}],"twitter_card":"summary_large_image","twitter_title":"News & Media","twitter_description":"Stay current with the latest research, announcements, public safety campaigns and other news briefings from DAN. The most trusted name in diver safety, DAN is committed to providing divers with the knowledge they need to be better, safer divers.","twitter_image":"https:\/\/world.dan.org\/wp-content\/uploads\/2020\/09\/news-media-1065782390-DAN-1200x600-1.jpg","twitter_misc":{"Est. reading time":"1 minute"},"schema":{"@context":"https:\/\/schema.org","@graph":[{"@type":"WebPage","@id":"https:\/\/world.dan.org\/about-dan\/news-media\/","url":"https:\/\/world.dan.org\/about-dan\/news-media\/","name":"Nouvelles et m\u00e9dias - DAN World","isPartOf":{"@id":"https:\/\/world.dan.org\/es\/#website"},"primaryImageOfPage":{"@id":"https:\/\/world.dan.org\/about-dan\/news-media\/#primaryimage"},"image":{"@id":"https:\/\/world.dan.org\/about-dan\/news-media\/#primaryimage"},"thumbnailUrl":"https:\/\/world.dan.org\/wp-content\/uploads\/2020\/09\/news-media-1065782390-DAN-1410x600-1.jpg","datePublished":"2020-03-27T22:07:53+00:00","dateModified":"2022-06-28T21:27:46+00:00","description":"Restez au courant des derni\u00e8res recherches, annonces, campagnes de s\u00e9curit\u00e9 publique et autres nouvelles du DAN.","breadcrumb":{"@id":"https:\/\/world.dan.org\/about-dan\/news-media\/#breadcrumb"},"inLanguage":"fr-CA","potentialAction":[{"@type":"ReadAction","target":["https:\/\/world.dan.org\/about-dan\/news-media\/"]}]},{"@type":"ImageObject","inLanguage":"fr-CA","@id":"https:\/\/world.dan.org\/about-dan\/news-media\/#primaryimage","url":"https:\/\/world.dan.org\/wp-content\/uploads\/2020\/09\/news-media-1065782390-DAN-1410x600-1.jpg","contentUrl":"https:\/\/world.dan.org\/wp-content\/uploads\/2020\/09\/news-media-1065782390-DAN-1410x600-1.jpg","width":1410,"height":600,"caption":"Mobile news application in smartphone. Man reading online news on website with cellphone. Person browsing latest articles on the internet. Light from phone screen."},{"@type":"BreadcrumbList","@id":"https:\/\/world.dan.org\/about-dan\/news-media\/#breadcrumb","itemListElement":[{"@type":"ListItem","position":1,"name":"Home","item":"https:\/\/world.dan.org\/"},{"@type":"ListItem","position":2,"name":"About DAN","item":"https:\/\/world.dan.org\/about-dan\/"},{"@type":"ListItem","position":3,"name":"News &#038; Media"}]},{"@type":"WebSite","@id":"https:\/\/world.dan.org\/es\/#website","url":"https:\/\/world.dan.org\/es\/","name":"DAN World","description":"","publisher":{"@id":"https:\/\/world.dan.org\/es\/#organization"},"potentialAction":[{"@type":"SearchAction","target":{"@type":"EntryPoint","urlTemplate":"https:\/\/world.dan.org\/es\/?s={search_term_string}"},"query-input":{"@type":"PropertyValueSpecification","valueRequired":true,"valueName":"search_term_string"}}],"inLanguage":"fr-CA"},{"@type":"Organization","@id":"https:\/\/world.dan.org\/es\/#organization","name":"DAN World","url":"https:\/\/world.dan.org\/es\/","logo":{"@type":"ImageObject","inLanguage":"fr-CA","@id":"https:\/\/world.dan.org\/es\/#\/schema\/logo\/image\/","url":"https:\/\/world.dan.org\/wp-content\/uploads\/2022\/04\/DAN-World-logo-sm-52px.svg","contentUrl":"https:\/\/world.dan.org\/wp-content\/uploads\/2022\/04\/DAN-World-logo-sm-52px.svg","width":175,"height":52,"caption":"DAN World"},"image":{"@id":"https:\/\/world.dan.org\/es\/#\/schema\/logo\/image\/"}}]}},"_links":{"self":[{"href":"https:\/\/world.dan.org\/fr\/wp-json\/wp\/v2\/pages\/73","targetHints":{"allow":["GET"]}}],"collection":[{"href":"https:\/\/world.dan.org\/fr\/wp-json\/wp\/v2\/pages"}],"about":[{"href":"https:\/\/world.dan.org\/fr\/wp-json\/wp\/v2\/types\/page"}],"author":[{"embeddable":true,"href":"https:\/\/world.dan.org\/fr\/wp-json\/wp\/v2\/users\/1"}],"replies":[{"embeddable":true,"href":"https:\/\/world.dan.org\/fr\/wp-json\/wp\/v2\/comments?post=73"}],"version-history":[{"count":0,"href":"https:\/\/world.dan.org\/fr\/wp-json\/wp\/v2\/pages\/73\/revisions"}],"up":[{"embeddable":true,"href":"https:\/\/world.dan.org\/fr\/wp-json\/wp\/v2\/pages\/31"}],"wp:featuredmedia":[{"embeddable":true,"href":"https:\/\/world.dan.org\/fr\/wp-json\/wp\/v2\/media\/10380"}],"wp:attachment":[{"href":"https:\/\/world.dan.org\/fr\/wp-json\/wp\/v2\/media?parent=73"}],"curies":[{"name":"wp","href":"https:\/\/api.w.org\/{rel}","templated":true}]}}