{"id":9641,"date":"2020-08-28T10:48:56","date_gmt":"2020-08-28T14:48:56","guid":{"rendered":"https:\/\/wordpress.world.dan.org\/?page_id=9641"},"modified":"2023-10-04T10:54:02","modified_gmt":"2023-10-04T14:54:02","slug":"dan-student-resources","status":"publish","type":"page","link":"https:\/\/world.dan.org\/fr\/professional-programs\/dive-professionals\/dan-student-resources\/","title":{"rendered":"Ressources DAN pour les \u00e9tudiants et les plongeurs"},"content":{"rendered":"<p class=\"has-medium-font-size\"><em>Pour les membres professionnels et commerciaux de DAN World<\/em><\/p>\n\n\n\n<h2 class=\"wp-block-heading\" id=\"giant-stride\"><strong>Le pas de g\u00e9ant : Le nouveau guide du plongeur pour une plong\u00e9e en toute s\u00e9curit\u00e9<\/strong><\/h2>\n\n\n\n<p><strong>\u00c0 QUI S'ADRESSE-T-IL ?<\/strong> \u00c9tudiants et nouveaux plongeurs<\/p>\n\n\n\n<p><strong>QU'EST-CE QUE C'EST ?<\/strong>  Le guide est une publication de 52 pages qui fournit des informations pertinentes sur : <\/p>\n\n\n\n<ul class=\"wp-block-list\">\n<li>Comment choisir, louer, acheter, inspecter et entretenir le mat\u00e9riel de plong\u00e9e.<\/li>\n\n\n\n<li>Les \u00e9l\u00e9ments essentiels de la planification d'une plong\u00e9e.<\/li>\n\n\n\n<li>L'\u00e9tiquette de la plong\u00e9e avant, pendant et apr\u00e8s la plong\u00e9e.<\/li>\n\n\n\n<li>Les faits sur la sant\u00e9 et la forme physique des plongeurs.<\/li>\n\n\n\n<li>Ce qu'il faut savoir avant de voyager.<\/li>\n\n\n\n<li>Les avantages de l'adh\u00e9sion au DAN.<\/li>\n<\/ul>\n\n\n\n<p><strong>COMMENT PARTAGER<\/strong>. Envoyer le <strong><a href=\"https:\/\/world.dan.org\/wp-content\/uploads\/2023\/10\/2023-DAN-World-Giant-Stride-book.pdf\" target=\"_blank\" rel=\"noreferrer noopener\">Lien de t\u00e9l\u00e9chargement PDF<\/a><\/strong>Les cours de formation professionnelle peuvent \u00eatre ajout\u00e9s comme pr\u00e9requis \u00e0 un cours de niveau d\u00e9butant ou des copies peuvent \u00eatre fournies en classe.<\/p>\n\n\n\n<hr class=\"wp-block-separator has-css-opacity\"\/>\n\n\n\n<div class=\"wp-block-cover is-light\"><span aria-hidden=\"true\" class=\"wp-block-cover__background has-dan-white-background-color has-background-dim-70 has-background-dim\"><\/span><img loading=\"lazy\" decoding=\"async\" width=\"1200\" height=\"800\" class=\"wp-block-cover__image-background wp-image-11991\" alt=\"\" src=\"https:\/\/world.dan.org\/wp-content\/uploads\/2020\/09\/3Q3A8569-DAN-Resized.jpg\" style=\"object-position:0% 54%\" data-object-fit=\"cover\" data-object-position=\"0% 54%\" srcset=\"https:\/\/world.dan.org\/wp-content\/uploads\/2020\/09\/3Q3A8569-DAN-Resized.jpg 1200w, https:\/\/world.dan.org\/wp-content\/uploads\/2020\/09\/3Q3A8569-DAN-Resized-360x240.jpg 360w, https:\/\/world.dan.org\/wp-content\/uploads\/2020\/09\/3Q3A8569-DAN-Resized-1024x683.jpg 1024w, https:\/\/world.dan.org\/wp-content\/uploads\/2020\/09\/3Q3A8569-DAN-Resized-768x512.jpg 768w, https:\/\/world.dan.org\/wp-content\/uploads\/2020\/09\/3Q3A8569-DAN-Resized-18x12.jpg 18w\" sizes=\"auto, (max-width: 1200px) 100vw, 1200px\" \/><div class=\"wp-block-cover__inner-container is-layout-flow wp-block-cover-is-layout-flow\">\n<h2 class=\"wp-block-heading\"><strong><span style=\"color:#004663\" class=\"color\">Cours de plong\u00e9e pr\u00e9par\u00e9e<\/span><\/strong><\/h2>\n\n\n\n<p><span style=\"color:#111111\" class=\"color\"><strong>\u00c0 QUI S'ADRESSE-T-IL ?<\/strong> \u00c9tudiants, nouveaux plongeurs et personnes ayant besoin d'une remise \u00e0 niveau<\/span><\/p>\n\n\n\n<p><span style=\"color:#111111\" class=\"color\"><strong>QU'EST-CE QUE C'EST ?<\/strong> Un cours en ligne propos\u00e9 par DAN E-Learning qui apprend aux plongeurs \u00e0 identifier et \u00e0 \u00e9viter les cinq d\u00e9clencheurs les plus courants d'accidents de plong\u00e9e. Chaque module vid\u00e9o fournit des informations suppl\u00e9mentaires sur la science qui sous-tend les comp\u00e9tences fondamentales de la plong\u00e9e et met en \u00e9vidence les meilleures pratiques. Ce cours compl\u00e8te tous les programmes de certification de niveau d\u00e9butant.<\/span><\/p>\n\n\n\n<ul class=\"wp-block-list\">\n<li><span style=\"color:#111111\" class=\"color\"><em>Respectez vos limites<\/em> | L'objectif de ce cours est d'aider les plongeurs \u00e0 se familiariser avec le monde de la plong\u00e9e et de leur apprendre \u00e0 reconna\u00eetre leurs limites personnelles.<\/span><\/li>\n\n\n\n<li><span style=\"color:#111111\" class=\"color\"><em>Soyez attentif \u00e0 votre air<\/em> | Explique la physique et les aspects pratiques de la gestion de l'air, ainsi que la mani\u00e8re de calculer et d'optimiser la consommation d'air.<\/span><\/li>\n\n\n\n<li><span style=\"color:#111111\" class=\"color\"><em>\u00c9coutez vos oreilles<\/em> | Illustration des effets de la pression sur les oreilles, des cons\u00e9quences d'une \u00e9galisation insuffisante et de l'importance d'une \u00e9galisation correcte.<\/span><\/li>\n\n\n\n<li><span style=\"color:#111111\" class=\"color\"><em>Conserver une bonne flottabilit\u00e9 <\/em>| Examine les facteurs qui influencent la flottabilit\u00e9 et la fa\u00e7on d'\u00e9tablir un poids optimal.<\/span><\/li>\n\n\n\n<li><span style=\"color:#111111\" class=\"color\"><em>Ma\u00eetriser ses ascensions<\/em> | Les principes physiques qui influencent la s\u00e9curit\u00e9 des remont\u00e9es, les diff\u00e9rents types d'environnements de plong\u00e9e et la mani\u00e8re de remonter correctement dans chacun d'entre eux.<\/span><\/li>\n\n\n\n<li><span style=\"color:#111111\" class=\"color\"><em>Assumer la responsabilit\u00e9<\/em> | Explique l'importance d'assumer la responsabilit\u00e9 de la planification et de la pr\u00e9paration de la plong\u00e9e - les points auxquels il faut pr\u00eater attention et les questions \u00e0 poser.<\/span><\/li>\n<\/ul>\n\n\n\n<p><span style=\"color:#111111\" class=\"color\"><strong>COMMENT PARTAGER<\/strong>. Inviter les \u00e9l\u00e8ves \u00e0 travers <strong><a href=\"https:\/\/dan.diverelearning.com\/\" target=\"_blank\" rel=\"noreferrer noopener\">La plateforme d'apprentissage en ligne de DAN<\/a><\/strong> et de suivre leurs progr\u00e8s, envoyez un courriel au <strong><a href=\"https:\/\/world.dan.org\/wp-content\/uploads\/2020\/08\/Prepared-Diver-Trifold-18.pdf\" target=\"_blank\" rel=\"noreferrer noopener\">lien de la brochure<\/a><\/strong> pour qu'ils les compl\u00e8tent de mani\u00e8re autonome ou qu'ils les partagent en classe.<\/span><\/p>\n<\/div><\/div>\n\n\n\n<hr class=\"wp-block-separator has-css-opacity\"\/>\n\n\n\n<h2 class=\"wp-block-heading\">Les guides intelligents de DAN<\/h2>\n\n\n\n<p><strong>\u00c0 QUI S'ADRESSENT-ILS ? <\/strong>\u00c9tudiants, nouveaux plongeurs et voyageurs plongeurs<\/p>\n\n\n\n<p><strong>QU'EST-CE QUE C'EST ?<\/strong> Court et digeste <em>livrets<\/em> sur les sujets les plus importants pour la s\u00e9curit\u00e9 des plongeurs. La s\u00e9rie comprend quatre guides. Chaque guide se concentre sur un sujet pour faciliter la prise de conscience et fournir des techniques pour am\u00e9liorer la flottabilit\u00e9, la consommation de gaz et l'\u00e9galisation. T\u00e9l\u00e9chargez ces guides dans leur int\u00e9gralit\u00e9 pour les lire facilement et vous y r\u00e9f\u00e9rer ult\u00e9rieurement, ou lisez chaque article individuellement dans votre navigateur.<\/p>\n\n\n\n<p><strong>COMMENT PARTAGER.<\/strong> Envoyer le<strong><a href=\"https:\/\/world.dan.org\/fr\/health-medicine\/health-resources\/smart-guides\/\" target=\"_blank\" rel=\"noreferrer noopener\"> lien vers les guides intelligents<\/a><\/strong>Vous pouvez \u00e9galement t\u00e9l\u00e9charger les guides individuels ou inclure le lien sur votre site web :<\/p>\n\n\n\n<div class=\"wp-block-columns is-layout-flex wp-container-core-columns-is-layout-9d6595d7 wp-block-columns-is-layout-flex\">\n<div class=\"wp-block-column is-layout-flow wp-block-column-is-layout-flow\">\n<div class=\"wp-block-columns is-layout-flex wp-container-core-columns-is-layout-9d6595d7 wp-block-columns-is-layout-flex\">\n<div class=\"wp-block-column is-layout-flow wp-block-column-is-layout-flow\">\n<h4 class=\"wp-block-heading\">Vaincre la Pression : \u00c9quilibrez vos Oreilles Comme un Pro<\/h4>\n\n\n\n<p style=\"font-size:15px\">L'objectif de ce guide intelligent est d'expliquer comment les oreilles r\u00e9agissent \u00e0 la pression et quelles sont les meilleures fa\u00e7ons de les prot\u00e9ger pendant la plong\u00e9e.<\/p>\n\n\n\n<p><a href=\"https:\/\/world.dan.org\/fr\/health-medicine\/health-resource\/smart-guides\/beat-the-squeeze-equalize-like-a-pro\/\" target=\"_blank\" rel=\"noreferrer noopener\"><strong>Lien web<\/strong><\/a><br><a href=\"https:\/\/world.dan.org\/wp-content\/uploads\/2020\/06\/SmartGuide_Ears_2017_LoRes.pdf\"><strong>T\u00e9l\u00e9charger le PDF<\/strong><\/a><\/p>\n<\/div>\n\n\n\n<div class=\"wp-block-column is-layout-flow wp-block-column-is-layout-flow\">\n<h4 class=\"wp-block-heading\">7 erreurs commises par les plongeurs et comment les \u00e9viter<\/h4>\n\n\n\n<p style=\"font-size:15px\">Ce guide pr\u00e9sente certaines des erreurs les plus courantes commises par les plongeurs, qui vont de l'\u00e9tat de sant\u00e9 g\u00e9n\u00e9ral \u00e0 l'entretien du mat\u00e9riel en passant par la planification des plong\u00e9es. <\/p>\n\n\n\n<p><a href=\"https:\/\/world.dan.org\/fr\/health-medicine\/health-resource\/smart-guides\/7-mistakes-divers-make-and-how-to-avoid-them\/\" target=\"_blank\" rel=\"noreferrer noopener\"><strong>Lien web<\/strong><\/a><br><strong><a href=\"https:\/\/world.dan.org\/wp-content\/uploads\/2020\/07\/DAN_SmartGuide_Safe_Diving_2017_LoRes.pdf\" target=\"_blank\" rel=\"noreferrer noopener\">T\u00e9l\u00e9charger le PDF<\/a><\/strong><\/p>\n<\/div>\n<\/div>\n\n\n\n<p><\/p>\n<\/div>\n\n\n\n<div class=\"wp-block-column is-layout-flow wp-block-column-is-layout-flow\">\n<div class=\"wp-block-columns is-layout-flex wp-container-core-columns-is-layout-9d6595d7 wp-block-columns-is-layout-flex\">\n<div class=\"wp-block-column is-layout-flow wp-block-column-is-layout-flow\">\n<h4 class=\"wp-block-heading\">13 fa\u00e7ons de manquer d'air et comment ne pas le faire<\/h4>\n\n\n\n<p style=\"font-size:15px\">La panne d'air est l'une des principales causes d'accidents mortels en plong\u00e9e. Ce guide pr\u00e9sente les 13 erreurs les plus courantes et les moyens de les \u00e9viter.<\/p>\n\n\n\n<p><strong><a href=\"https:\/\/world.dan.org\/fr\/health-medicine\/health-resource\/smart-guides\/13-ways-to-run-out-of-air-how-not-to\/\" target=\"_blank\" rel=\"noreferrer noopener\">Lien web<\/a><\/strong><br><strong><a href=\"https:\/\/world.dan.org\/wp-content\/uploads\/2020\/05\/SmartGuide_Air_2017_LoRes.pdf\">T\u00e9l\u00e9charger le PDF<\/a><\/strong><\/p>\n<\/div>\n\n\n\n<div class=\"wp-block-column is-layout-flow wp-block-column-is-layout-flow\">\n<h4 class=\"wp-block-heading\">S'informer Avant de Partir : Comment Planifier Votre Voyage de Plong\u00e9e<\/h4>\n\n\n\n<p style=\"font-size:15px\">Ce guide intelligent met l'accent sur l'importance de la sant\u00e9 et de la s\u00e9curit\u00e9 en voyage et inclut la planification des voyages locaux et internationaux.<\/p>\n\n\n\n<p><strong><a href=\"https:\/\/world.dan.org\/fr\/health-medicine\/health-resource\/smart-guides\/know-before-you-go-how-to-plan-your-dive-trip\/\" target=\"_blank\" rel=\"noreferrer noopener\">Lien web<\/a><\/strong><br><strong><a href=\"https:\/\/world.dan.org\/wp-content\/uploads\/2020\/07\/DAN_SmartGuide_Travel_2017_LoRes.pdf\">T\u00e9l\u00e9charger le PDF<\/a><\/strong><\/p>\n<\/div>\n<\/div>\n\n\n\n<p><\/p>\n<\/div>\n<\/div>\n\n\n\n<hr class=\"wp-block-separator has-css-opacity\"\/>\n\n\n\n<div class=\"wp-block-cover\" style=\"min-height:432px;aspect-ratio:unset;\"><span aria-hidden=\"true\" class=\"wp-block-cover__background has-dan-white-background-color has-background-dim\"><\/span><img loading=\"lazy\" decoding=\"async\" width=\"1200\" height=\"800\" class=\"wp-block-cover__image-background wp-image-12033\" alt=\"\" src=\"https:\/\/world.dan.org\/wp-content\/uploads\/2020\/09\/3Q3A7794-Resized-1.jpg\" style=\"object-position:35% 0%\" data-object-fit=\"cover\" data-object-position=\"35% 0%\" srcset=\"https:\/\/world.dan.org\/wp-content\/uploads\/2020\/09\/3Q3A7794-Resized-1.jpg 1200w, https:\/\/world.dan.org\/wp-content\/uploads\/2020\/09\/3Q3A7794-Resized-1-360x240.jpg 360w, https:\/\/world.dan.org\/wp-content\/uploads\/2020\/09\/3Q3A7794-Resized-1-1024x683.jpg 1024w, https:\/\/world.dan.org\/wp-content\/uploads\/2020\/09\/3Q3A7794-Resized-1-768x512.jpg 768w, https:\/\/world.dan.org\/wp-content\/uploads\/2020\/09\/3Q3A7794-Resized-1-18x12.jpg 18w\" sizes=\"auto, (max-width: 1200px) 100vw, 1200px\" \/><div class=\"wp-block-cover__inner-container is-layout-flow wp-block-cover-is-layout-flow\">\n<h2 class=\"wp-block-heading\"><strong><span style=\"color:#004663\" class=\"color\">R\u00e9sum\u00e9s de cas d'incidents<\/span><\/strong><\/h2>\n\n\n\n<p><span style=\"color:#111111\" class=\"color\"><strong>\u00c0 QUI S'ADRESSENT-ILS ? <\/strong>Tous les plongeurs : Tous les niveaux<\/span><\/p>\n\n\n\n<p><span style=\"color:#111111\" class=\"color\"><strong>QU'EST-CE QUE C'EST ?<\/strong> Comptes rendus individuels d'incidents et d'urgences r\u00e9els li\u00e9s \u00e0 la plong\u00e9e, g\u00e9n\u00e9r\u00e9s \u00e0 partir de la base de donn\u00e9es des incidents de plong\u00e9e de DAN. Les incidents rapport\u00e9s incluent les quasi-accidents, les blessures et les d\u00e9c\u00e8s en plong\u00e9e en circuit ouvert, en apn\u00e9e et en recycleur. <\/span><\/p>\n\n\n\n<p><span style=\"color:#111111\" class=\"color\">Chaque rapport est examin\u00e9 par les membres du d\u00e9partement de recherche du DAN et les r\u00e9sultats de la collecte et de l'analyse des donn\u00e9es sont anonymis\u00e9s et souvent rendus publics au profit de la communaut\u00e9 des plongeurs sous la forme de r\u00e9sum\u00e9s de cas d'incidents.&nbsp;<\/span><\/p>\n\n\n\n<p><span style=\"color:#111111\" class=\"color\"><strong>COMMENT PARTAGER.<\/strong> Publier sur les r\u00e9seaux sociaux, <a href=\"https:\/\/world.dan.org\/fr\/safety-prevention\/diver-safety\/diving-incident-summaries\/\" target=\"_blank\" rel=\"noreferrer noopener\"><strong>fournir des liens<\/strong><\/a> sur votre site web ou les utiliser comme r\u00e9f\u00e9rences de formation.  <\/span><\/p>\n\n\n\n<p style=\"font-size:15px\"><em>Si vous avez failli \u00eatre bless\u00e9 ou avez \u00e9t\u00e9 t\u00e9moin d'un accident lors d'une plong\u00e9e, veuillez contacter <a href=\"https:\/\/apps.world.dan.org\/incident-report\/\"><span style=\"color:#ffffff\" class=\"color\"><strong>partagez votre exp\u00e9rience<\/strong><\/span><\/a> avec nous et signaler l'incident.<\/em>&nbsp;<\/p>\n<\/div><\/div>\n\n\n\n<hr class=\"wp-block-separator has-css-opacity\"\/>\n\n\n\n<h2 class=\"wp-block-heading\"><strong>Adh\u00e9sion au DAN et assurance accident de plong\u00e9e<\/strong><\/h2>\n\n\n\n<p><\/p>","protected":false},"excerpt":{"rendered":"<p>For DAN World Professional and Business Members Giant Stride: The NEW Diver&#8217;s Guide To Safe Diving WHO IS IT FOR? Students and new divers WHAT IS IT? The guide is [&hellip;]<\/p>\n","protected":false},"author":1,"featured_media":0,"parent":67,"menu_order":63,"comment_status":"closed","ping_status":"closed","template":"","meta":{"_acf_changed":false,"_ef_editorial_meta_date_first-draft-date":"","_ef_editorial_meta_paragraph_assignment":"","_ef_editorial_meta_checkbox_needs-photo":"","_ef_editorial_meta_number_word-count":"","footnotes":""},"class_list":["post-9641","page","type-page","status-publish","hentry"],"acf":[],"yoast_head":"<!-- This site is optimized with the Yoast SEO Premium plugin v27.0 (Yoast SEO v27.3) - https:\/\/yoast.com\/product\/yoast-seo-premium-wordpress\/ -->\n<title>DAN Resources for Students and Divers - DAN World<\/title>\n<meta name=\"robots\" content=\"index, follow, max-snippet:-1, max-image-preview:large, max-video-preview:-1\" \/>\n<link rel=\"canonical\" href=\"https:\/\/world.dan.org\/fr\/professional-programs\/dive-professionals\/dan-student-resources\/\" \/>\n<meta property=\"og:locale\" content=\"fr_CA\" \/>\n<meta property=\"og:type\" content=\"article\" \/>\n<meta property=\"og:title\" content=\"DAN Resources for Students and Divers\" \/>\n<meta property=\"og:description\" content=\"For DAN World Professional and Business Members Giant Stride: The NEW Diver&#8217;s Guide To Safe Diving WHO IS IT FOR? Students and new divers WHAT IS IT? The guide is [&hellip;]\" \/>\n<meta property=\"og:url\" content=\"https:\/\/world.dan.org\/fr\/professional-programs\/dive-professionals\/dan-student-resources\/\" \/>\n<meta property=\"og:site_name\" content=\"DAN World\" \/>\n<meta property=\"article:modified_time\" content=\"2023-10-04T14:54:02+00:00\" \/>\n<meta property=\"og:image\" content=\"https:\/\/world.dan.org\/wp-content\/uploads\/2020\/09\/3Q3A8569-DAN-Resized.jpg\" \/>\n<meta name=\"twitter:card\" content=\"summary_large_image\" \/>\n<meta name=\"twitter:label1\" content=\"Est. reading time\" \/>\n\t<meta name=\"twitter:data1\" content=\"4 minutes\" \/>\n<script type=\"application\/ld+json\" class=\"yoast-schema-graph\">{\"@context\":\"https:\\\/\\\/schema.org\",\"@graph\":[{\"@type\":\"WebPage\",\"@id\":\"https:\\\/\\\/world.dan.org\\\/professional-programs\\\/dive-professionals\\\/dan-student-resources\\\/\",\"url\":\"https:\\\/\\\/world.dan.org\\\/professional-programs\\\/dive-professionals\\\/dan-student-resources\\\/\",\"name\":\"DAN Resources for Students and Divers - DAN World\",\"isPartOf\":{\"@id\":\"https:\\\/\\\/world.dan.org\\\/es\\\/#website\"},\"primaryImageOfPage\":{\"@id\":\"https:\\\/\\\/world.dan.org\\\/professional-programs\\\/dive-professionals\\\/dan-student-resources\\\/#primaryimage\"},\"image\":{\"@id\":\"https:\\\/\\\/world.dan.org\\\/professional-programs\\\/dive-professionals\\\/dan-student-resources\\\/#primaryimage\"},\"thumbnailUrl\":\"https:\\\/\\\/world.dan.org\\\/wp-content\\\/uploads\\\/2020\\\/09\\\/3Q3A8569-DAN-Resized.jpg\",\"datePublished\":\"2020-08-28T14:48:56+00:00\",\"dateModified\":\"2023-10-04T14:54:02+00:00\",\"breadcrumb\":{\"@id\":\"https:\\\/\\\/world.dan.org\\\/professional-programs\\\/dive-professionals\\\/dan-student-resources\\\/#breadcrumb\"},\"inLanguage\":\"fr-CA\",\"potentialAction\":[{\"@type\":\"ReadAction\",\"target\":[\"https:\\\/\\\/world.dan.org\\\/professional-programs\\\/dive-professionals\\\/dan-student-resources\\\/\"]}]},{\"@type\":\"ImageObject\",\"inLanguage\":\"fr-CA\",\"@id\":\"https:\\\/\\\/world.dan.org\\\/professional-programs\\\/dive-professionals\\\/dan-student-resources\\\/#primaryimage\",\"url\":\"https:\\\/\\\/world.dan.org\\\/wp-content\\\/uploads\\\/2020\\\/09\\\/3Q3A8569-DAN-Resized.jpg\",\"contentUrl\":\"https:\\\/\\\/world.dan.org\\\/wp-content\\\/uploads\\\/2020\\\/09\\\/3Q3A8569-DAN-Resized.jpg\"},{\"@type\":\"BreadcrumbList\",\"@id\":\"https:\\\/\\\/world.dan.org\\\/professional-programs\\\/dive-professionals\\\/dan-student-resources\\\/#breadcrumb\",\"itemListElement\":[{\"@type\":\"ListItem\",\"position\":1,\"name\":\"Home\",\"item\":\"https:\\\/\\\/world.dan.org\\\/\"},{\"@type\":\"ListItem\",\"position\":2,\"name\":\"Professional Programs\",\"item\":\"https:\\\/\\\/world.dan.org\\\/professional-programs\\\/\"},{\"@type\":\"ListItem\",\"position\":3,\"name\":\"Dive Professionals\",\"item\":\"https:\\\/\\\/world.dan.org\\\/professional-programs\\\/dive-professionals\\\/\"},{\"@type\":\"ListItem\",\"position\":4,\"name\":\"DAN Resources for Students and Divers\"}]},{\"@type\":\"WebSite\",\"@id\":\"https:\\\/\\\/world.dan.org\\\/es\\\/#website\",\"url\":\"https:\\\/\\\/world.dan.org\\\/es\\\/\",\"name\":\"DAN World\",\"description\":\"\",\"publisher\":{\"@id\":\"https:\\\/\\\/world.dan.org\\\/es\\\/#organization\"},\"potentialAction\":[{\"@type\":\"SearchAction\",\"target\":{\"@type\":\"EntryPoint\",\"urlTemplate\":\"https:\\\/\\\/world.dan.org\\\/es\\\/?s={search_term_string}\"},\"query-input\":{\"@type\":\"PropertyValueSpecification\",\"valueRequired\":true,\"valueName\":\"search_term_string\"}}],\"inLanguage\":\"fr-CA\"},{\"@type\":\"Organization\",\"@id\":\"https:\\\/\\\/world.dan.org\\\/es\\\/#organization\",\"name\":\"DAN World\",\"url\":\"https:\\\/\\\/world.dan.org\\\/es\\\/\",\"logo\":{\"@type\":\"ImageObject\",\"inLanguage\":\"fr-CA\",\"@id\":\"https:\\\/\\\/world.dan.org\\\/es\\\/#\\\/schema\\\/logo\\\/image\\\/\",\"url\":\"https:\\\/\\\/world.dan.org\\\/wp-content\\\/uploads\\\/2022\\\/04\\\/DAN-World-logo-sm-52px.svg\",\"contentUrl\":\"https:\\\/\\\/world.dan.org\\\/wp-content\\\/uploads\\\/2022\\\/04\\\/DAN-World-logo-sm-52px.svg\",\"width\":175,\"height\":52,\"caption\":\"DAN World\"},\"image\":{\"@id\":\"https:\\\/\\\/world.dan.org\\\/es\\\/#\\\/schema\\\/logo\\\/image\\\/\"}}]}<\/script>\n<!-- \/ Yoast SEO Premium plugin. -->","yoast_head_json":{"title":"Ressources DAN pour les \u00e9tudiants et les plongeurs - DAN World","robots":{"index":"index","follow":"follow","max-snippet":"max-snippet:-1","max-image-preview":"max-image-preview:large","max-video-preview":"max-video-preview:-1"},"canonical":"https:\/\/world.dan.org\/fr\/professional-programs\/dive-professionals\/dan-student-resources\/","og_locale":"fr_CA","og_type":"article","og_title":"DAN Resources for Students and Divers","og_description":"For DAN World Professional and Business Members Giant Stride: The NEW Diver&#8217;s Guide To Safe Diving WHO IS IT FOR? Students and new divers WHAT IS IT? The guide is [&hellip;]","og_url":"https:\/\/world.dan.org\/fr\/professional-programs\/dive-professionals\/dan-student-resources\/","og_site_name":"DAN World","article_modified_time":"2023-10-04T14:54:02+00:00","og_image":[{"url":"https:\/\/world.dan.org\/wp-content\/uploads\/2020\/09\/3Q3A8569-DAN-Resized.jpg","type":"","width":"","height":""}],"twitter_card":"summary_large_image","twitter_misc":{"Est. reading time":"4 minutes"},"schema":{"@context":"https:\/\/schema.org","@graph":[{"@type":"WebPage","@id":"https:\/\/world.dan.org\/professional-programs\/dive-professionals\/dan-student-resources\/","url":"https:\/\/world.dan.org\/professional-programs\/dive-professionals\/dan-student-resources\/","name":"Ressources DAN pour les \u00e9tudiants et les plongeurs - DAN World","isPartOf":{"@id":"https:\/\/world.dan.org\/es\/#website"},"primaryImageOfPage":{"@id":"https:\/\/world.dan.org\/professional-programs\/dive-professionals\/dan-student-resources\/#primaryimage"},"image":{"@id":"https:\/\/world.dan.org\/professional-programs\/dive-professionals\/dan-student-resources\/#primaryimage"},"thumbnailUrl":"https:\/\/world.dan.org\/wp-content\/uploads\/2020\/09\/3Q3A8569-DAN-Resized.jpg","datePublished":"2020-08-28T14:48:56+00:00","dateModified":"2023-10-04T14:54:02+00:00","breadcrumb":{"@id":"https:\/\/world.dan.org\/professional-programs\/dive-professionals\/dan-student-resources\/#breadcrumb"},"inLanguage":"fr-CA","potentialAction":[{"@type":"ReadAction","target":["https:\/\/world.dan.org\/professional-programs\/dive-professionals\/dan-student-resources\/"]}]},{"@type":"ImageObject","inLanguage":"fr-CA","@id":"https:\/\/world.dan.org\/professional-programs\/dive-professionals\/dan-student-resources\/#primaryimage","url":"https:\/\/world.dan.org\/wp-content\/uploads\/2020\/09\/3Q3A8569-DAN-Resized.jpg","contentUrl":"https:\/\/world.dan.org\/wp-content\/uploads\/2020\/09\/3Q3A8569-DAN-Resized.jpg"},{"@type":"BreadcrumbList","@id":"https:\/\/world.dan.org\/professional-programs\/dive-professionals\/dan-student-resources\/#breadcrumb","itemListElement":[{"@type":"ListItem","position":1,"name":"Home","item":"https:\/\/world.dan.org\/"},{"@type":"ListItem","position":2,"name":"Professional Programs","item":"https:\/\/world.dan.org\/professional-programs\/"},{"@type":"ListItem","position":3,"name":"Dive Professionals","item":"https:\/\/world.dan.org\/professional-programs\/dive-professionals\/"},{"@type":"ListItem","position":4,"name":"DAN Resources for Students and Divers"}]},{"@type":"WebSite","@id":"https:\/\/world.dan.org\/es\/#website","url":"https:\/\/world.dan.org\/es\/","name":"DAN World","description":"","publisher":{"@id":"https:\/\/world.dan.org\/es\/#organization"},"potentialAction":[{"@type":"SearchAction","target":{"@type":"EntryPoint","urlTemplate":"https:\/\/world.dan.org\/es\/?s={search_term_string}"},"query-input":{"@type":"PropertyValueSpecification","valueRequired":true,"valueName":"search_term_string"}}],"inLanguage":"fr-CA"},{"@type":"Organization","@id":"https:\/\/world.dan.org\/es\/#organization","name":"DAN World","url":"https:\/\/world.dan.org\/es\/","logo":{"@type":"ImageObject","inLanguage":"fr-CA","@id":"https:\/\/world.dan.org\/es\/#\/schema\/logo\/image\/","url":"https:\/\/world.dan.org\/wp-content\/uploads\/2022\/04\/DAN-World-logo-sm-52px.svg","contentUrl":"https:\/\/world.dan.org\/wp-content\/uploads\/2022\/04\/DAN-World-logo-sm-52px.svg","width":175,"height":52,"caption":"DAN World"},"image":{"@id":"https:\/\/world.dan.org\/es\/#\/schema\/logo\/image\/"}}]}},"_links":{"self":[{"href":"https:\/\/world.dan.org\/fr\/wp-json\/wp\/v2\/pages\/9641","targetHints":{"allow":["GET"]}}],"collection":[{"href":"https:\/\/world.dan.org\/fr\/wp-json\/wp\/v2\/pages"}],"about":[{"href":"https:\/\/world.dan.org\/fr\/wp-json\/wp\/v2\/types\/page"}],"author":[{"embeddable":true,"href":"https:\/\/world.dan.org\/fr\/wp-json\/wp\/v2\/users\/1"}],"replies":[{"embeddable":true,"href":"https:\/\/world.dan.org\/fr\/wp-json\/wp\/v2\/comments?post=9641"}],"version-history":[{"count":0,"href":"https:\/\/world.dan.org\/fr\/wp-json\/wp\/v2\/pages\/9641\/revisions"}],"up":[{"embeddable":true,"href":"https:\/\/world.dan.org\/fr\/wp-json\/wp\/v2\/pages\/67"}],"wp:attachment":[{"href":"https:\/\/world.dan.org\/fr\/wp-json\/wp\/v2\/media?parent=9641"}],"curies":[{"name":"wp","href":"https:\/\/api.w.org\/{rel}","templated":true}]}}